{"id":134,"date":"2021-07-27T19:57:55","date_gmt":"2021-07-27T22:57:55","guid":{"rendered":"https:\/\/sites.ufca.edu.br\/agenciacariri\/?page_id=134"},"modified":"2026-03-19T13:32:41","modified_gmt":"2026-03-19T16:32:41","slug":"ii-semana","status":"publish","type":"page","link":"https:\/\/sites.ufca.edu.br\/agenciacariri\/ii-semana\/","title":{"rendered":"IV Semana &#8211; Jornalismo de dados: comunica\u00e7\u00e3o sem fatos?"},"content":{"rendered":"\n<figure class=\"wp-block-image is-style-default\"><img src=\"https:\/\/lh3.googleusercontent.com\/avBUTTsTUsk7dzuLrprRkMBeZDTKtWotheMtckPSggjFS6BUF4x-KM7UiqzlZUiRIlAPhZsfSGP8uTMielRepjsP8vhfqWeW9_hYHMeUV_t3rEWVDDyqPgvLBB6f4Ait93CDo5u7=s0\" alt=\"O atributo alt desta imagem est\u00e1 vazio. O nome do arquivo \u00e9 Even3.5361c7f03d514971b4d3-1024x422.png\" \/><\/figure>\n\n\n\n<p>Vivemos em tempos tenebrosos onde o discurso pol\u00edtico deu lugar (ou mesmo, foi substitu\u00eddo) pelo discurso de vertente messi\u00e2nica atrav\u00e9s da internet. Essa mudan\u00e7a tem afetado a rela\u00e7\u00e3o entre Jornalismo e Comunica\u00e7\u00e3o, considerando que a maioria da popula\u00e7\u00e3o se informa majoritariamente pelas redes sociais. Nesse fluxo de dados, do que podemos falar sobre os fatos?&nbsp;<\/p>\n\n\n\n<p>A indistin\u00e7\u00e3o entre online e offline, vem produzindo novos h\u00e1bitos, como o de consagrar uma comunica\u00e7\u00e3o sem fatos (fake news, p\u00f3s-verdade), que desconsidera, em boa parte, os fundamentos do fazer-pensar do jornalismo.&nbsp;<\/p>\n\n\n\n<p>Nesse sentido, a IV Semana de Jornalismo UFCA abordou este debate como uma proposi\u00e7\u00e3o-pergunta: \u2018Jornalismo de Dados: Comunica\u00e7\u00e3o sem Fatos?\u2019, com programa\u00e7\u00e3o realizada entre os dias 27 e 31 de maio de 2019. Assim como em todas as outras edi\u00e7\u00f5es, a inscri\u00e7\u00e3o foi gratuita. O evento contou com rodas de conversas, oficinas, mostra audiovisual, debates sobre TCCs, Cine clube UFCA, palestras, lan\u00e7amento das produ\u00e7\u00f5es impressas do curso de Jornalismo da UFCA e sarau liter\u00e1rio.<\/p>\n\n\n\n<p><img loading=\"lazy\" alt=\"O atributo alt desta imagem est\u00e1 vazio. O nome do arquivo \u00e9 WhatsApp-Image-2021-08-05-at-19.18.05.jpeg\" src=\"https:\/\/lh3.googleusercontent.com\/guPBjhwz703m4Xl3DhTcwEDkii-8A_s-E6ATweitC_fA56J4Q954iwDH77QC7V4VJwvPg0lMP0Ni4lu69gn_LcmjSkDim0oJQ5T3RAWwDAoH0EAEfT20EN_uIZ6giScAux8zbvuX=s0\" width=\"605\" height=\"404\">Foto: Divulga\u00e7\u00e3o<\/p>\n\n\n\n<p>Programa\u00e7\u00e3o<\/p>\n\n\n\n<p>27\/05<\/p>\n\n\n\n<p>Abertura- &#8216;Jornalismo de Dados: Comunica\u00e7\u00e3o Sem Fatos?&#8217;<\/p>\n\n\n\n<p>Palestrantes: Marcelo Tr\u00e4sel (Professor de ciberjornalismo na gradua\u00e7\u00e3o em Jornalismo da Fabico e na linha de pesquisa Jornalismo e Processos Editoriais do Programa de P\u00f3s-Gradua\u00e7\u00e3o em Comunica\u00e7\u00e3o da UFRGS) e da Thays Lavor (Jornalista formada pela Universidade de Fortaleza (Unifor), \u00e9 mestranda em comunica\u00e7\u00e3o na Universidade Federal do Cear\u00e1 (UFC), trabalha com jornalismo investigativo e de dados). Al\u00e9m do Mediador, o Professor Ivan Satuf do Curso de Jornalismo da UFCA.<\/p>\n\n\n\n<p>28\/05<\/p>\n\n\n\n<p>Minicurso- Relatos de Experi\u00eancia de Pesquisa: estranhando as metodologias.<\/p>\n\n\n\n<p>Ministrantes: Alexandre Nunes (Possui doutorado em Cultura e Sociedade (UFBA, 2019) e mestrado em Pol\u00edticas P\u00fablicas (UECE, 2008) na \u00e1rea de Comunica\u00e7\u00e3o e Cultura. Atualmente \u00e9 docente do setor de estudos de comunica\u00e7\u00e3o e cultura no curso de Jornalismo da UFCA) e Thiago Coutinho (\u00c9 doutor em Mem\u00f3ria Social pela Universidade Federal do Estado do Rio de Janeiro (Unirio). Mestre em Sociologia pela Universidade Federal do Cear\u00e1 (UFC). Possui gradua\u00e7\u00e3o em Comunica\u00e7\u00e3o Social pela Universidade de Fortaleza (Unifor). \u00c9 professor assistente do setor de estudo Teorias da Comunica\u00e7\u00e3o do Curso de Jornalismo da UFCA)<\/p>\n\n\n\n<p>Oficinas- Colagem como perspectiva de comunica\u00e7\u00e3o visual; Fotografia de bolso e Fotojornalismo; Stop Motion (anima\u00e7\u00e3o); Tratamento e Visualiza\u00e7\u00e3o de Dados e Flourish<\/p>\n\n\n\n<p>Cineclube UFCA- Sess\u00e3o Especial O Quinto Poder<\/p>\n\n\n\n<p>29\/05<\/p>\n\n\n\n<p>Roda de Conversa- Qualidade da Forma\u00e7\u00e3o do Comunicador &#8211; Palestrante: Thiago Coutinho<\/p>\n\n\n\n<p>Mostra Audiovisual e Debate sobre os TCCs do curso de Jornalismo da UFCA- Palestrante: Joubert Arrais (Professor Adjunto da Universidade Federal do Cariri &#8211; UFCA (Campus Juazeiro do Norte), pelo Instituto Interdisciplinar de Sociedade, Cultura e Arte &#8211; IISCA, vinculado ao curso de bacharelado em Jornalismo, setor de estudos Estudos Comunicacionais em Cultura e Arte).<\/p>\n\n\n\n<p>30\/05<\/p>\n\n\n\n<p>Roda de Conversa &#8211; Apresenta\u00e7\u00e3o dos Grupos de Pesquisa, Extens\u00e3o e Cultura do curso de Jornalismo- Palestrante: M\u00e1rcia Ximeneses (Mestre em Comunica\u00e7\u00e3o na linha de M\u00eddia e Pr\u00e1ticas Socioculturais pela Universidade Federal do Cear\u00e1 &#8211; UFC (2014), especialista em Audiovisual em Meios Eletr\u00f4nicos &#8211; UFC (2009) e graduada em Comunica\u00e7\u00e3o Social &#8211; Jornalismo &#8211; UFC (2005).<\/p>\n\n\n\n<p>Palestra &#8211; A reportagem salva: o manejo de dados como fundamento do jornalismo- Palestrantes: Joubert Arrais e Fl\u00e1via Marreiro (Editora do jornal EL PA\u00cdS no Brasil. Na publica\u00e7\u00e3o h\u00e1 4 anos, aprendeu amar a edi\u00e7\u00e3o tanto quanto amava ir para rua e viajar pela Am\u00e9rica Latina).<\/p>\n\n\n\n<p>31\/05<\/p>\n\n\n\n<p>Roda de conversa &#8211; Conversa de Assessoria &#8211; Reportagem e especializa\u00e7\u00e3o: diferenciais em Assessoria de Comunica\u00e7\u00e3o- Palestrantes: Marcelo Oliveira (Assessor de Comunica\u00e7\u00e3o do Minist\u00e9rio P\u00fablico Federal em S\u00e3o Paulo) e M\u00e1rcia Ximenes.<\/p>\n\n\n\n<p>Roda de conversa &#8211; Conversa de Reda\u00e7\u00e3o &#8211; A reportagem, a edi\u00e7\u00e3o e o bom jornalismo- Palestrante: Fl\u00e1via Marreiro.<\/p>\n\n\n\n<p>Lan\u00e7amento das produ\u00e7\u00f5es impressas do curso de Jornalismo<\/p>\n\n\n\n<p>Encerramento &#8211; Sarau liter\u00e1rio<\/p>\n\n\n\n<p><img loading=\"lazy\" alt=\"O atributo alt desta imagem est\u00e1 vazio. O nome do arquivo \u00e9 iv-semana.jpeg\" src=\"https:\/\/lh3.googleusercontent.com\/wnWH1fKbSp4eUHZTEAbyGRpFE7UlpLOlLAk1W2dkP-Mi_ANK1ZZ-xiD8C9HEpI8r35ekpjF9go14n7q-zNp_RwBsrEPiYoKo_I-tv40GQ4p8hDHjSx_jVLworTcJS9rFIzk45cZA=s0\" width=\"605\" height=\"389\">Foto: Divulga\u00e7\u00e3o.<\/p>\n","protected":false},"excerpt":{"rendered":"<p>Vivemos em tempos tenebrosos onde o discurso pol\u00edtico deu lugar (ou mesmo, foi substitu\u00eddo) pelo discurso de vertente messi\u00e2nica atrav\u00e9s da internet. Essa mudan\u00e7a tem afetado a rela\u00e7\u00e3o entre Jornalismo e Comunica\u00e7\u00e3o, considerando que a maioria da popula\u00e7\u00e3o se informa&#8230; <a class=\"more-link\" href=\"https:\/\/sites.ufca.edu.br\/agenciacariri\/ii-semana\/\">Continue Reading &rarr;<\/a><\/p>\n","protected":false},"author":209,"featured_media":0,"parent":0,"menu_order":0,"comment_status":"closed","ping_status":"closed","template":"","meta":[],"_links":{"self":[{"href":"https:\/\/sites.ufca.edu.br\/agenciacariri\/wp-json\/wp\/v2\/pages\/134"}],"collection":[{"href":"https:\/\/sites.ufca.edu.br\/agenciacariri\/wp-json\/wp\/v2\/pages"}],"about":[{"href":"https:\/\/sites.ufca.edu.br\/agenciacariri\/wp-json\/wp\/v2\/types\/page"}],"author":[{"embeddable":true,"href":"https:\/\/sites.ufca.edu.br\/agenciacariri\/wp-json\/wp\/v2\/users\/209"}],"replies":[{"embeddable":true,"href":"https:\/\/sites.ufca.edu.br\/agenciacariri\/wp-json\/wp\/v2\/comments?post=134"}],"version-history":[{"count":5,"href":"https:\/\/sites.ufca.edu.br\/agenciacariri\/wp-json\/wp\/v2\/pages\/134\/revisions"}],"predecessor-version":[{"id":1630,"href":"https:\/\/sites.ufca.edu.br\/agenciacariri\/wp-json\/wp\/v2\/pages\/134\/revisions\/1630"}],"wp:attachment":[{"href":"https:\/\/sites.ufca.edu.br\/agenciacariri\/wp-json\/wp\/v2\/media?parent=134"}],"curies":[{"name":"wp","href":"https:\/\/api.w.org\/{rel}","templated":true}]}}