{"id":135,"date":"2021-07-27T19:57:55","date_gmt":"2021-07-27T22:57:55","guid":{"rendered":"https:\/\/sites.ufca.edu.br\/agenciacariri\/?page_id=135"},"modified":"2026-03-19T13:32:05","modified_gmt":"2026-03-19T16:32:05","slug":"iii-semana","status":"publish","type":"page","link":"https:\/\/sites.ufca.edu.br\/agenciacariri\/iii-semana\/","title":{"rendered":"III Semana &#8211; O Mundo do Trabalho e o Jornalismo Digital"},"content":{"rendered":"\n<figure class=\"wp-block-image size-large is-style-default\"><img loading=\"lazy\" width=\"640\" height=\"640\" src=\"https:\/\/sites.ufca.edu.br\/agenciacariri\/wp-content\/uploads\/sites\/170\/2021\/08\/3semanadejornalismo.jpg\" alt=\"\" class=\"wp-image-234\" srcset=\"https:\/\/sites.ufca.edu.br\/agenciacariri\/wp-content\/uploads\/sites\/170\/2021\/08\/3semanadejornalismo.jpg 640w, https:\/\/sites.ufca.edu.br\/agenciacariri\/wp-content\/uploads\/sites\/170\/2021\/08\/3semanadejornalismo-300x300.jpg 300w, https:\/\/sites.ufca.edu.br\/agenciacariri\/wp-content\/uploads\/sites\/170\/2021\/08\/3semanadejornalismo-150x150.jpg 150w, https:\/\/sites.ufca.edu.br\/agenciacariri\/wp-content\/uploads\/sites\/170\/2021\/08\/3semanadejornalismo-600x600.jpg 600w\" sizes=\"(max-width: 640px) 100vw, 640px\" \/><figcaption>Arte<\/figcaption><\/figure>\n\n\n\n<p>Nos dias 16 a 18 de outubro do ano de 2018, ocorreu a terceira edi\u00e7\u00e3o da Semana de Jornalismo do Cariri. O evento foi promovido pelos pr\u00f3prios estudantes e professores do curso, com atividades realizadas no campus de Juazeiro do Norte. A Semana de Jornalismo teve como principais discuss\u00f5es o mundo do trabalho e o jornalismo digital.<\/p>\n\n\n\n<p>Desde a primeira edi\u00e7\u00e3o, a Semana de Jornalismo do Cariri tamb\u00e9m tem servido como espa\u00e7o de divulga\u00e7\u00e3o da produ\u00e7\u00e3o do curso de Jornalismo. No evento de 2018 foi lan\u00e7ada a primeira edi\u00e7\u00e3o da Revista B\u00e1rbaras, \u201cuma revista feita por mulheres para mulheres\u201d. O evento tamb\u00e9m foi marcado por a\u00e7\u00f5es interdisciplinares como uma edi\u00e7\u00e3o especial do Cine Club voltado para Semana de Jornalismo.<\/p>\n\n\n\n<p>Outra novidade da III Semana de Jornalismo foi a realiza\u00e7\u00e3o de uma palestra em formato de videoconfer\u00eancia, com a professora Naiana Rodrigues (UFC\/USP), que falou sobre o mundo de trabalho dos jornalistas.<\/p>\n\n\n\n<p>:<\/p>\n\n\n\n<p><strong>Ter\u00e7a-feira (16\/10)<\/strong><\/p>\n\n\n\n<p><strong>Hor\u00e1rio:<\/strong> 19h<\/p>\n\n\n\n<p><strong>Local:<\/strong> Audit\u00f3rio Maria Beata de Ara\u00fajo<\/p>\n\n\n\n<p><strong>Abertura:<\/strong> Prof. Di\u00f3genes Luna, coordenador do curso de Jornalismo (UFCA),<\/p>\n\n\n\n<p>e o prof. Joubert Arrais (UFCA)<\/p>\n\n\n\n<p><strong>Palestras:<\/strong> \u201cA forma\u00e7\u00e3o do jornalista e os novos cen\u00e1rios profissionais\u201d<\/p>\n\n\n\n<p>1. O design de not\u00edcias na forma\u00e7\u00e3o dos jornalistas no Cear\u00e1, com a Profa. Juliana Lotif (UFCA) e a Profa. Elane Abreu (UFCA)<\/p>\n\n\n\n<p>2. Novos cen\u00e1rios profissionais: trajet\u00f3rias de jornalistas do Nordeste frente \u00e0s transforma\u00e7\u00f5es no Jornalismo, com o Prof. Edgard Patr\u00edcio (Pr\u00e1xisJor\/UFC)<\/p>\n\n\n\n<p><strong>Media\u00e7\u00e3o:<\/strong> Di\u00f3genes Luna (UFCA)<\/p>\n\n\n\n<p><strong>Quarta-feira (17\/10)<\/strong><\/p>\n\n\n\n<p><strong>Tarde<\/strong><\/p>\n\n\n\n<p><strong>Hor\u00e1rio:<\/strong> 14h \u00e0s 17h<\/p>\n\n\n\n<p><strong>Local:<\/strong> sala 112, laborat\u00f3rio de r\u00e1dio<\/p>\n\n\n\n<p><strong>A\u00e7\u00e3o interdisciplinar \u201cJornalismo &amp; Cinema\u201d<\/strong> \u2013 Cine Club Especial Semana de Jornalismo<\/p>\n\n\n\n<p><strong>Filme<\/strong>: O Mercado de Not\u00edcias (2014)<\/p>\n\n\n\n<p><strong>Debatedores:<\/strong> Prof. Edgard Patr\u00edcio (Pr\u00e1xisJor\/UFC) e Prof. Ricardo Salmito (UFCA)<\/p>\n\n\n\n<p><strong>Noite<\/strong><\/p>\n\n\n\n<p><strong>Hor\u00e1rio:<\/strong> 19h<\/p>\n\n\n\n<p><strong>Local:<\/strong> Audit\u00f3rio Beata Maria de Ara\u00fajo<\/p>\n\n\n\n<p><strong>Abertura:<\/strong> Profa. Monike Feitosa (UFCA)<\/p>\n\n\n\n<p><strong>Palestra:<\/strong> \u201cOs jornalistas nas media\u00e7\u00f5es digitais do jornalismo contempor\u00e2neo\u201d&nbsp;<\/p>\n\n\n\n<p>1. Fluidez na fronteira entre jornalistas e p\u00fablico: o papel limiar do social media em reda\u00e7\u00f5es online, com Prof. Di\u00f3genes Luna (UFCA)<\/p>\n\n\n\n<p>2. @Fortaleza: fotografia enquanto performance para po\u00e9ticas de cidade no Instagram, com a jornalista Isabel Andrade, mestre em Comunica\u00e7\u00e3o\/UFC e Diretora de Conte\u00fado e M\u00eddias do Instituto Drag\u00e3o do Mar.<\/p>\n\n\n\n<p><strong>Media\u00e7\u00e3o: <\/strong>Profa. Juliana Lotif (UFCA), vice-coordenadora do curso de Jornalismo&nbsp;<\/p>\n\n\n\n<p><strong>Quinta-feira, (18\/10)<\/strong><\/p>\n\n\n\n<p><strong>Tarde<\/strong><\/p>\n\n\n\n<p><strong>Hor\u00e1rio:<\/strong> 14h \u00e0s 17h<\/p>\n\n\n\n<p><strong>Local:<\/strong> sala 112, laborat\u00f3rio de r\u00e1dio<\/p>\n\n\n\n<p><strong>A\u00e7\u00e3o interdisciplinar \u201cJornalismo &amp; Cinema\u201d<\/strong> \u2013 Cine Club Especial Semana de Jornalismo<\/p>\n\n\n\n<p><strong>Filme: <\/strong>The Post &#8211; A Guerra Secreta (2017)<\/p>\n\n\n\n<p><strong>Debatedores:<\/strong> Prof. Afonso Barbosa (UFCA) e Prof. Ricardo Salmito (UFCA)<\/p>\n\n\n\n<p><strong>Noite<\/strong><\/p>\n\n\n\n<p><strong>Hor\u00e1rio:<\/strong> 19h<\/p>\n\n\n\n<p><strong>Local:<\/strong> Audit\u00f3rio Beata Maria de Ara\u00fajo<\/p>\n\n\n\n<p><strong>Abertura:<\/strong> Profa. Di\u00f3genes Luna (UFCA), coordenador do curso de Jornalismo<\/p>\n\n\n\n<p><strong>Lan\u00e7amento:<\/strong> Revista do Drag\u00e3o (2018) \u2013 segunda edi\u00e7\u00e3o, especial Cariri com Isabel Andrade (editora).<\/p>\n\n\n\n<p><strong>Palestra em videoconfer\u00eancia:<\/strong> \u201cJornalismo, jornalistas e o mercado de trabalho\u201d<\/p>\n\n\n\n<p><strong>O mundo de trabalho&nbsp; dos jornalistas: <\/strong>entre a di\u00e1spora, a resili\u00eancia e a reinven\u00e7\u00e3o, com a profa. Naiana Rodrigues (Pr\u00e1xisJor\/UFC &amp; ECA\/USP).<\/p>\n\n\n\n<p><strong>Hor\u00e1rio:<\/strong> 20:30h \u00e0s 22h<\/p>\n\n\n\n<p><strong>Encerramento.<\/strong><\/p>\n\n\n\n<p>Um momento de conex\u00e3o e muita conversa. Para conferir alguns registros, voc\u00ea pode acessar o instagram feito para divulga\u00e7\u00e3o desta semana, <a href=\"https:\/\/www.instagram.com\/sjornalismoufca\/\">clique aqui.<\/a><\/p>\n","protected":false},"excerpt":{"rendered":"<p>Nos dias 16 a 18 de outubro do ano de 2018, ocorreu a terceira edi\u00e7\u00e3o da Semana de Jornalismo do Cariri. O evento foi promovido pelos pr\u00f3prios estudantes e professores do curso, com atividades realizadas no campus de Juazeiro do&#8230; <a class=\"more-link\" href=\"https:\/\/sites.ufca.edu.br\/agenciacariri\/iii-semana\/\">Continue Reading &rarr;<\/a><\/p>\n","protected":false},"author":209,"featured_media":0,"parent":0,"menu_order":0,"comment_status":"closed","ping_status":"closed","template":"","meta":[],"_links":{"self":[{"href":"https:\/\/sites.ufca.edu.br\/agenciacariri\/wp-json\/wp\/v2\/pages\/135"}],"collection":[{"href":"https:\/\/sites.ufca.edu.br\/agenciacariri\/wp-json\/wp\/v2\/pages"}],"about":[{"href":"https:\/\/sites.ufca.edu.br\/agenciacariri\/wp-json\/wp\/v2\/types\/page"}],"author":[{"embeddable":true,"href":"https:\/\/sites.ufca.edu.br\/agenciacariri\/wp-json\/wp\/v2\/users\/209"}],"replies":[{"embeddable":true,"href":"https:\/\/sites.ufca.edu.br\/agenciacariri\/wp-json\/wp\/v2\/comments?post=135"}],"version-history":[{"count":3,"href":"https:\/\/sites.ufca.edu.br\/agenciacariri\/wp-json\/wp\/v2\/pages\/135\/revisions"}],"predecessor-version":[{"id":1629,"href":"https:\/\/sites.ufca.edu.br\/agenciacariri\/wp-json\/wp\/v2\/pages\/135\/revisions\/1629"}],"wp:attachment":[{"href":"https:\/\/sites.ufca.edu.br\/agenciacariri\/wp-json\/wp\/v2\/media?parent=135"}],"curies":[{"name":"wp","href":"https:\/\/api.w.org\/{rel}","templated":true}]}}