{"id":136,"date":"2021-07-27T19:57:55","date_gmt":"2021-07-27T22:57:55","guid":{"rendered":"https:\/\/sites.ufca.edu.br\/agenciacariri\/?page_id=136"},"modified":"2026-03-19T13:31:54","modified_gmt":"2026-03-19T16:31:54","slug":"iv-semana-jornalismo-de-dados-comunicacao-sem-fatos","status":"publish","type":"page","link":"https:\/\/sites.ufca.edu.br\/agenciacariri\/iv-semana-jornalismo-de-dados-comunicacao-sem-fatos\/","title":{"rendered":"II Semana &#8211; Converg\u00eancia nas M\u00eddias Sociais"},"content":{"rendered":"\n<p><img loading=\"lazy\" alt=\"O atributo alt desta imagem est\u00e1 vazio. O nome do arquivo \u00e9 18922762_1821070751242060_8953050752334320754_o-1024x379.png\" src=\"https:\/\/lh6.googleusercontent.com\/tfAqobQsmLFhbb1n6GjNDdI2H2lVsqHhP06CEsVI99ltJdwRYfRq5hVz35Mkc-nEbp5P8RWxAfgtcFXFiiQ5zq6bpqsLqAToQ_94GGp6nyZmsj9CZGiyd-5GoO8B-Vu8sAszaCU-=s0\" width=\"605\" height=\"224\">Imagem: Arte da Semana de Jornalismo<\/p>\n\n\n\n<p>A II Semana de Jornalismo do Cariri ocorreu dos dias 19 a 23 de junho de 2017, trazendo como tem\u00e1tica a &#8220;Converg\u00eancia nas M\u00eddias Sociais&#8221;. A abertura contou com a presen\u00e7a do ent\u00e3o presidente da Associa\u00e7\u00e3o Nacional dos Programas de P\u00f3s-Gradua\u00e7\u00e3o em Comunica\u00e7\u00e3o (COMP\u00d3S), Edson Belmonte, que ministrou uma palestra intitulada &#8220;Comunica\u00e7\u00e3o Contempor\u00e2nea e os dilemas entre mem\u00f3ria e verdade&#8221;. O&nbsp; evento contou com palestras, mesas redondas e oficinas que aconteceram no Campus Juazeiro do Norte.&nbsp;<\/p>\n\n\n\n<p>O professor do Curso de Jornalismo, Ivan Satuf, que participou da mesa redonda &#8220;Modos de Converg\u00eancia nas M\u00eddias Digitais&#8221;, relembra como foi o evento: &#8220;Conversamos muito sobre os rumos do jornalismo, das muitas transforma\u00e7\u00f5es da profiss\u00e3o. (&#8230;). Discutimos as quest\u00f5es \u00e9ticas e o tipo de cobertura das m\u00eddias alternativas, principalmente do modo de opera\u00e7\u00e3o do M\u00ecdia Ninja&#8221;. A mesa tamb\u00e9m contou a presen\u00e7a de Juscelino Filho, jornalista esportivo do Globoesporte.com e G1, Clayton Nobre, jornalista do M\u00eddia Ninja e Nat\u00e9rcia Melo, jornalista do jornal O Povo e profissional do marketing. Ivan ainda comentou sobre a presen\u00e7a de Nat\u00e9rcia Melo: &#8220;Na \u00e9poca, a editora de m\u00eddias sociais do jornal O Povo era uma profissional com forma\u00e7\u00e3o em marketing, n\u00e3o em jornalismo, e isso chamou bastante aten\u00e7\u00e3o&#8221;. Debates sobre a rela\u00e7\u00e3o entre Jornalismo e Redes Sociais, al\u00e9m da aproxima\u00e7\u00e3o entre Jornalismo e Marketing tamb\u00e9m foram pauta da mesa.&nbsp;<\/p>\n\n\n\n<p>A segunda edi\u00e7\u00e3o contribuiu para inserir a Semana de Jornalismo no calend\u00e1rio anual de eventos acad\u00eamicos realizados pela UFCA. A Semana, al\u00e9m de promover o contato com conte\u00fados de v\u00e1rias \u00e1reas da comunica\u00e7\u00e3o, tamb\u00e9m possui grande import\u00e2ncia para a integra\u00e7\u00e3o e intera\u00e7\u00e3o entre os estudantes do curso, como destaca o estudante de jornalismo Wesley Guilherme, que participou da edi\u00e7\u00e3o: &#8220;Foi uma experi\u00eancia muito boa, especialmente porque eu estava come\u00e7ando no curso. Foi \u00f3timo para eu me enturmar com o pessoal, interagir com outros semestres&#8221;.<\/p>\n\n\n\n<p><img loading=\"lazy\" alt=\"O atributo alt desta imagem est\u00e1 vazio. O nome do arquivo \u00e9 19390885_1846803958668739_1227555198688835330_o-1024x683.jpg\" src=\"https:\/\/lh5.googleusercontent.com\/dECvfEPTbLLpjdW1iazLRFl8CA-DDtlkoZr4P7UM2ZzxdggOK_orZORMip6tfTcB20CnwPbch8vlNV113O453DFiGG2kRLssS8giPpup-OGgyXVxk8fF7N4z2bV_MRoIBt-9nZLf=s0\" width=\"605\" height=\"404\">Imagem: Divulga\u00e7\u00e3o<\/p>\n\n\n\n<p>Programa\u00e7\u00e3o:<\/p>\n\n\n\n<p>Dia 23\/06\/2017<\/p>\n\n\n\n<p>-14h: Oficinas<\/p>\n\n\n\n<p>Laborat\u00f3rio de Roteiro Cinematogr\u00e1fico &#8211; B\u00e1rbara Castro<\/p>\n\n\n\n<p>\u00c1udiodescri\u00e7\u00e3o e legendamento para produtos audiovisuais &#8211; Prof Paulo Cajazeiras<\/p>\n\n\n\n<p>M\u00eddias Digitais &#8211; Nat\u00e9rcia Melo<\/p>\n\n\n\n<p>-19h: Mesa Redonda<\/p>\n\n\n\n<p>Modos de Converg\u00eancia das M\u00eddias Digitais<\/p>\n\n\n\n<p>Dia 21\/06\/2017<\/p>\n\n\n\n<p>-14h: Oficinas<\/p>\n\n\n\n<p>Oficina de Texto &#8211; Prof. Anderson Sandes<\/p>\n\n\n\n<p>Oficina de Edi\u00e7\u00e3o de V\u00eddeo &#8211; Lamontier \u00c2ngelo<\/p>\n\n\n\n<p>O Est\u00eancil como elemento inventor da fotografia &#8211; Constance Pinheiro e Emanoella Callou<\/p>\n\n\n\n<p>-15h: Roda de Conversa<\/p>\n\n\n\n<p>-19h: Palestra<\/p>\n\n\n\n<p>A Alegoria do Fot\u00f3grafo em Walter Benjamin &#8211; Maur\u00edcio Lissovsky&nbsp;<\/p>\n\n\n\n<p>Dia 22\/06\/2017<\/p>\n\n\n\n<p>-14h: Oficinas<\/p>\n\n\n\n<p>Edi\u00e7\u00e3o de \u00c1udio para conte\u00fado radiof\u00f4nico &#8211; Paulo Victor<\/p>\n\n\n\n<p>Marketing Digital com foco em Gest\u00e3o de M\u00eddias Digitais &#8211; Alison Marques<\/p>\n\n\n\n<p>-17h: Show com a Banda GOODVIBES<\/p>\n\n\n\n<p>-18h: Mesa Redonda<\/p>\n\n\n\n<p>Assessoria e Comunica\u00e7\u00e3o em M\u00eddias Digitais<\/p>\n\n\n\n<p>-20h: Mesa Redonda<\/p>\n\n\n\n<p>Comunica\u00e7\u00e3o Acess\u00edvel nas M\u00eddias Digitais<\/p>\n\n\n\n<p>Dia 23\/06\/2017<\/p>\n\n\n\n<p>-14h: Oficinas<\/p>\n\n\n\n<p>Produ\u00e7\u00e3o de Fanzine &#8211; I\u00fario Ferreira, Beatriz Gon\u00e7alves, Laiany Braga e Daniele Ribeiro<\/p>\n\n\n\n<p>Comunica\u00e7\u00e3o e Marketing para Facebook e Instagram &#8211; Jainara Sabino e Robson Roque<\/p>\n\n\n\n<p>-14h: Roda de Conversa<\/p>\n\n\n\n<p>Comunica\u00e7\u00e3o Comunit\u00e1ria: Experi\u00eancia de Assentamento 10 de Abril<\/p>\n\n\n\n<p>-16h: Encerramento<\/p>\n\n\n\n<p>Sarau na Moringa<\/p>\n\n\n\n<p><img loading=\"lazy\" src=\"https:\/\/lh4.googleusercontent.com\/A1B9ZusVEOKYGu7QYEIjPUMHsVqLlz3pxSLwOYiTtx-6tFuKcWGmYMLsZ2Kuyq31kcuSPxTkciaR1xXUQYwZYTX70NLVYfExsJb7A_2U5mGiikmGc2b5Bfp8aM7Za1W8dW2NEjmW=s0\" width=\"605\" height=\"453\">Foto: Divulga\u00e7\u00e3o.<\/p>\n","protected":false},"excerpt":{"rendered":"<p>Imagem: Arte da Semana de Jornalismo A II Semana de Jornalismo do Cariri ocorreu dos dias 19 a 23 de junho de 2017, trazendo como tem\u00e1tica a &#8220;Converg\u00eancia nas M\u00eddias Sociais&#8221;. A abertura contou com a presen\u00e7a do ent\u00e3o presidente&#8230; <a class=\"more-link\" href=\"https:\/\/sites.ufca.edu.br\/agenciacariri\/iv-semana-jornalismo-de-dados-comunicacao-sem-fatos\/\">Continue Reading &rarr;<\/a><\/p>\n","protected":false},"author":209,"featured_media":0,"parent":0,"menu_order":0,"comment_status":"closed","ping_status":"closed","template":"","meta":[],"_links":{"self":[{"href":"https:\/\/sites.ufca.edu.br\/agenciacariri\/wp-json\/wp\/v2\/pages\/136"}],"collection":[{"href":"https:\/\/sites.ufca.edu.br\/agenciacariri\/wp-json\/wp\/v2\/pages"}],"about":[{"href":"https:\/\/sites.ufca.edu.br\/agenciacariri\/wp-json\/wp\/v2\/types\/page"}],"author":[{"embeddable":true,"href":"https:\/\/sites.ufca.edu.br\/agenciacariri\/wp-json\/wp\/v2\/users\/209"}],"replies":[{"embeddable":true,"href":"https:\/\/sites.ufca.edu.br\/agenciacariri\/wp-json\/wp\/v2\/comments?post=136"}],"version-history":[{"count":9,"href":"https:\/\/sites.ufca.edu.br\/agenciacariri\/wp-json\/wp\/v2\/pages\/136\/revisions"}],"predecessor-version":[{"id":1628,"href":"https:\/\/sites.ufca.edu.br\/agenciacariri\/wp-json\/wp\/v2\/pages\/136\/revisions\/1628"}],"wp:attachment":[{"href":"https:\/\/sites.ufca.edu.br\/agenciacariri\/wp-json\/wp\/v2\/media?parent=136"}],"curies":[{"name":"wp","href":"https:\/\/api.w.org\/{rel}","templated":true}]}}