{"id":137,"date":"2021-07-27T19:57:55","date_gmt":"2021-07-27T22:57:55","guid":{"rendered":"https:\/\/sites.ufca.edu.br\/agenciacariri\/?page_id=137"},"modified":"2026-03-19T13:31:41","modified_gmt":"2026-03-19T16:31:41","slug":"v-semana","status":"publish","type":"page","link":"https:\/\/sites.ufca.edu.br\/agenciacariri\/v-semana\/","title":{"rendered":"I Semana &#8211; O fazer jornal\u00edstico: novos horizontes da comunica\u00e7\u00e3o"},"content":{"rendered":"\n<figure class=\"wp-block-image size-large is-style-default\"><img loading=\"lazy\" width=\"1024\" height=\"385\" src=\"http:\/\/sites.ufca.edu.br\/agenciacariri\/wp-content\/uploads\/sites\/170\/2021\/08\/12377862_639291486211751_538372563745326685_o-1024x385.png\" alt=\"\" class=\"wp-image-224\" srcset=\"https:\/\/sites.ufca.edu.br\/agenciacariri\/wp-content\/uploads\/sites\/170\/2021\/08\/12377862_639291486211751_538372563745326685_o-1024x385.png 1024w, https:\/\/sites.ufca.edu.br\/agenciacariri\/wp-content\/uploads\/sites\/170\/2021\/08\/12377862_639291486211751_538372563745326685_o-300x113.png 300w, https:\/\/sites.ufca.edu.br\/agenciacariri\/wp-content\/uploads\/sites\/170\/2021\/08\/12377862_639291486211751_538372563745326685_o-768x289.png 768w, https:\/\/sites.ufca.edu.br\/agenciacariri\/wp-content\/uploads\/sites\/170\/2021\/08\/12377862_639291486211751_538372563745326685_o-945x356.png 945w, https:\/\/sites.ufca.edu.br\/agenciacariri\/wp-content\/uploads\/sites\/170\/2021\/08\/12377862_639291486211751_538372563745326685_o-600x226.png 600w, https:\/\/sites.ufca.edu.br\/agenciacariri\/wp-content\/uploads\/sites\/170\/2021\/08\/12377862_639291486211751_538372563745326685_o.png 1164w\" sizes=\"(max-width: 1024px) 100vw, 1024px\" \/><figcaption><em>Cr\u00e9dito: Divulga\u00e7\u00e3o<\/em><\/figcaption><\/figure>\n\n\n\n<p>A primeira edi\u00e7\u00e3o da Semana de Jornalismo do Cariri, organizada pelo curso de Jornalismo da Universidade Federal do Cariri (UFCA), ocorreu entre os dias 11 e 15 de janeiro de 2016. O evento teve como tema \u201cO fazer Jornal\u00edstico &#8211; Novos Horizontes da Comunica\u00e7\u00e3o\u201d, reunindo profissionais da imprensa tanto da regi\u00e3o do Cariri quanto de outros munic\u00edpios do Cear\u00e1. A palestra de abertura do evento ficou a cargo do jornalista Francisco Jos\u00e9, da Rede Globo, que falou sobre sua experi\u00eancia com a produ\u00e7\u00e3o de reportagens especiais para o Globo Rep\u00f3rter. As mesas e palestras do evento foram realizadas no audit\u00f3rio do Instituto Federal de Educa\u00e7\u00e3o, Ci\u00eancia e Tecnologia &#8211; IFCE, campus Juazeiro do Norte.<\/p>\n\n\n\n<p>O evento, que foi aberto para a toda a comunidade caririense, reuniu simultaneamente sete oficinas englobando \u00e1reas da pr\u00e1tica jornal\u00edstica: diagrama\u00e7\u00e3o, produ\u00e7\u00e3o audiovisual, cria\u00e7\u00e3o de blogs, assessoria de comunica\u00e7\u00e3o, \u00e9tica da comunica\u00e7\u00e3o, orat\u00f3ria e oficina de texto. Com o objetivo de aproximar o curso da popula\u00e7\u00e3o, a \u00fanica exig\u00eancia feita para a inscri\u00e7\u00e3o foi a doa\u00e7\u00e3o de um alimento n\u00e3o perec\u00edvel, destinado ao Abrigo Nossa Senhora das Dores, que acolhe idosos em Juazeiro do Norte.&nbsp;<\/p>\n\n\n\n<h5><strong>A Semana de Jornalismo do Cariri contou com o apoio da Pr\u00f3-Reitoria de Extens\u00e3o da UFCA, SENAC, Gr\u00e1fica Sobreira, Cariri Revista, Cariri Garden Shopping, Col\u00e9gio Para\u00edso, Indai\u00e1 e Imobili\u00e1ria Fernandes.\u00a0<\/strong><\/h5>\n\n\n\n<figure class=\"wp-block-image size-large is-style-default\"><img loading=\"lazy\" width=\"1024\" height=\"678\" src=\"http:\/\/sites.ufca.edu.br\/agenciacariri\/wp-content\/uploads\/sites\/170\/2021\/08\/12489210_641445689329664_5603681743570517761_o-1024x678.jpg\" alt=\"\" class=\"wp-image-225\" srcset=\"https:\/\/sites.ufca.edu.br\/agenciacariri\/wp-content\/uploads\/sites\/170\/2021\/08\/12489210_641445689329664_5603681743570517761_o-1024x678.jpg 1024w, https:\/\/sites.ufca.edu.br\/agenciacariri\/wp-content\/uploads\/sites\/170\/2021\/08\/12489210_641445689329664_5603681743570517761_o-300x199.jpg 300w, https:\/\/sites.ufca.edu.br\/agenciacariri\/wp-content\/uploads\/sites\/170\/2021\/08\/12489210_641445689329664_5603681743570517761_o-768x509.jpg 768w, https:\/\/sites.ufca.edu.br\/agenciacariri\/wp-content\/uploads\/sites\/170\/2021\/08\/12489210_641445689329664_5603681743570517761_o-1536x1017.jpg 1536w, https:\/\/sites.ufca.edu.br\/agenciacariri\/wp-content\/uploads\/sites\/170\/2021\/08\/12489210_641445689329664_5603681743570517761_o-945x626.jpg 945w, https:\/\/sites.ufca.edu.br\/agenciacariri\/wp-content\/uploads\/sites\/170\/2021\/08\/12489210_641445689329664_5603681743570517761_o-600x397.jpg 600w, https:\/\/sites.ufca.edu.br\/agenciacariri\/wp-content\/uploads\/sites\/170\/2021\/08\/12489210_641445689329664_5603681743570517761_o.jpg 2048w\" sizes=\"(max-width: 1024px) 100vw, 1024px\" \/><figcaption>Foto: Divulga\u00e7\u00e3o.<\/figcaption><\/figure>\n\n\n\n<p><\/p>\n\n\n\n<h5><strong>Confira a programa\u00e7\u00e3o:<\/strong><\/h5>\n\n\n\n<p><strong>Segunda-feira, dia 11 de janeiro<\/strong><\/p>\n\n\n\n<p><strong><em>19h \u2013 Palestra <\/em><\/strong>Grandes reportagens e transforma\u00e7\u00f5es do Jornalismo (Palestrante:<\/p>\n\n\n\n<p>Francisco Jos\u00e9)<\/p>\n\n\n\n<p><strong>Ter\u00e7a-feira, dia 12 de janeiro<\/strong><\/p>\n\n\n\n<p><strong><em>Mesa \u2013 M\u00eddias e Direitos Humanos: o exercer dos direitos humanos nas not\u00edcias<\/em><\/strong><\/p>\n\n\n\n<p>Debatedores: Professor Jo\u00e3o Adolfo Bandeira (UFCA), Jornalista \u00c2ngela Marinho (Comiss\u00e3o Nacional de \u00c9tica da FENAJ) e C\u00e9lia Rodrigues \u2013 Rede M\u00eddia e Mulher<\/p>\n\n\n\n<p><strong><em>Mesa \u2013 Radiojornalismo: o que foi perdido e o que se tem de novo<\/em><\/strong><\/p>\n\n\n\n<p>Debatedores: Jornalista Ant\u00f4nio Vicelmo (R\u00e1dio Educadora), Jornalista Jo\u00e3o Hil\u00e1rio (R\u00e1dio FM Padre C\u00edcero), e Jornalista Tadeu Gomes (Jangadeiro FM)<\/p>\n\n\n\n<p><strong>Quarta-feira, dia 13 de janeiro<\/strong><\/p>\n\n\n\n<p><strong><em>Mesa \u2013 Jornalismo na internet: produ\u00e7\u00e3o de conte\u00fado<\/em><\/strong><\/p>\n\n\n\n<p>Debatedores: Blog O Berro \u2013 Hudson Jorge, Jornalista Milene Madeiro (UFCA), Normando S\u00f3racles (Site Mis\u00e9ria) e Alana Maria Soares (Cariri Revista)<\/p>\n\n\n\n<p><strong>Quinta-feira, dia 14 de janeiro<\/strong><\/p>\n\n\n\n<p><strong><em>Mesa \u2013 Pr\u00e1ticas jornal\u00edsticas: reflex\u00f5es sobre o mercado do Cariri<\/em><\/strong><\/p>\n\n\n\n<p>Debatedores: Jornalista Monike Feitosa (TV Verdes Mares Cariri), Jornalista Paulo Henrique Rodrigues (TV Verdes Mares Cariri), Jornalista Elizangela Santos (Di\u00e1rio do Nordeste ), Renato Oliveira (Cariri Revista) e Franz\u00e9 Sousa (TV Verdes Mares Cariri)<\/p>\n\n\n\n<figure class=\"wp-block-image size-large is-style-default\"><img loading=\"lazy\" width=\"1024\" height=\"768\" src=\"http:\/\/sites.ufca.edu.br\/agenciacariri\/wp-content\/uploads\/sites\/170\/2021\/08\/12493404_640488789425354_3962599119123201265_o-1024x768.jpg\" alt=\"\" class=\"wp-image-226\" srcset=\"https:\/\/sites.ufca.edu.br\/agenciacariri\/wp-content\/uploads\/sites\/170\/2021\/08\/12493404_640488789425354_3962599119123201265_o-1024x768.jpg 1024w, https:\/\/sites.ufca.edu.br\/agenciacariri\/wp-content\/uploads\/sites\/170\/2021\/08\/12493404_640488789425354_3962599119123201265_o-300x225.jpg 300w, https:\/\/sites.ufca.edu.br\/agenciacariri\/wp-content\/uploads\/sites\/170\/2021\/08\/12493404_640488789425354_3962599119123201265_o-768x576.jpg 768w, https:\/\/sites.ufca.edu.br\/agenciacariri\/wp-content\/uploads\/sites\/170\/2021\/08\/12493404_640488789425354_3962599119123201265_o-945x709.jpg 945w, https:\/\/sites.ufca.edu.br\/agenciacariri\/wp-content\/uploads\/sites\/170\/2021\/08\/12493404_640488789425354_3962599119123201265_o-600x450.jpg 600w, https:\/\/sites.ufca.edu.br\/agenciacariri\/wp-content\/uploads\/sites\/170\/2021\/08\/12493404_640488789425354_3962599119123201265_o.jpg 1224w\" sizes=\"(max-width: 1024px) 100vw, 1024px\" \/><figcaption>Cr\u00e9dito: Divulga\u00e7\u00e3o.<\/figcaption><\/figure>\n","protected":false},"excerpt":{"rendered":"<p>A primeira edi\u00e7\u00e3o da Semana de Jornalismo do Cariri, organizada pelo curso de Jornalismo da Universidade Federal do Cariri (UFCA), ocorreu entre os dias 11 e 15 de janeiro de 2016. O evento teve como tema \u201cO fazer Jornal\u00edstico &#8211;&#8230; <a class=\"more-link\" href=\"https:\/\/sites.ufca.edu.br\/agenciacariri\/v-semana\/\">Continue Reading &rarr;<\/a><\/p>\n","protected":false},"author":209,"featured_media":0,"parent":0,"menu_order":0,"comment_status":"closed","ping_status":"closed","template":"","meta":[],"_links":{"self":[{"href":"https:\/\/sites.ufca.edu.br\/agenciacariri\/wp-json\/wp\/v2\/pages\/137"}],"collection":[{"href":"https:\/\/sites.ufca.edu.br\/agenciacariri\/wp-json\/wp\/v2\/pages"}],"about":[{"href":"https:\/\/sites.ufca.edu.br\/agenciacariri\/wp-json\/wp\/v2\/types\/page"}],"author":[{"embeddable":true,"href":"https:\/\/sites.ufca.edu.br\/agenciacariri\/wp-json\/wp\/v2\/users\/209"}],"replies":[{"embeddable":true,"href":"https:\/\/sites.ufca.edu.br\/agenciacariri\/wp-json\/wp\/v2\/comments?post=137"}],"version-history":[{"count":5,"href":"https:\/\/sites.ufca.edu.br\/agenciacariri\/wp-json\/wp\/v2\/pages\/137\/revisions"}],"predecessor-version":[{"id":1627,"href":"https:\/\/sites.ufca.edu.br\/agenciacariri\/wp-json\/wp\/v2\/pages\/137\/revisions\/1627"}],"wp:attachment":[{"href":"https:\/\/sites.ufca.edu.br\/agenciacariri\/wp-json\/wp\/v2\/media?parent=137"}],"curies":[{"name":"wp","href":"https:\/\/api.w.org\/{rel}","templated":true}]}}