{"id":16,"date":"2021-07-27T14:08:37","date_gmt":"2021-07-27T17:08:37","guid":{"rendered":"https:\/\/sites.ufca.edu.br\/agenciacariri\/?page_id=16"},"modified":"2021-08-05T19:55:00","modified_gmt":"2021-08-05T22:55:00","slug":"quem-somos","status":"publish","type":"page","link":"https:\/\/sites.ufca.edu.br\/agenciacariri\/quem-somos\/","title":{"rendered":"Quem somos?"},"content":{"rendered":"\n<p>Somos a primeira Ag\u00eancia de Not\u00edcias do Estado do Cear\u00e1 especializada na cobertura e divulga\u00e7\u00e3o de fatos ligados \u00e0 \u00e1rea do Jornalismo. Criada durante a pandemia, a Ag\u00eancia Cariri \u00e9 resultado de disciplina laboratorial do curso de Jornalismo da Universidade Federal do Cariri (UFCA). Nosso objetivo \u00e9 oferecer a estudantes, professores, jornalistas profissionais e o p\u00fablico em geral informa\u00e7\u00f5es frequentes e atualizadas sobre cursos, concursos, pr\u00eamios, legisla\u00e7\u00e3o, eventos e outras quest\u00f5es ligadas ao campo jornal\u00edstico. Mas nossas pautas n\u00e3o se restringem ao universo profissional e acad\u00eamico dos jornalistas. Nossa linha editorial abrange a cobertura de qualquer fato de interesse p\u00fablico relacionado aos munic\u00edpios da regi\u00e3o do Cariri. Queremos ser uma fonte de informa\u00e7\u00e3o tanto para a imprensa quanto para a popula\u00e7\u00e3o de modo geral. Tudo que diz respeito ao Cariri nos interessa!<\/p>\n\n\n\n<p>Inicialmente, nossa equipe, formada por estudantes do Laborat\u00f3rio de Assessoria de Imprensa, sob a supervis\u00e3o do professor do curso de Jornalismo da UFCA, Edwin Carvalho, trabalha em formato remoto, respeitando as medidas sanit\u00e1rias de prote\u00e7\u00e3o contra o coronav\u00edrus. As coberturas presenciais da Ag\u00eancia Cariri ser\u00e3o realizadas \u00e0 medida que as aulas retornarem no ambiente da universidade. Para receber o nosso boletim por e-mail, sugerir pautas ou se inscrever para fazer parte da nossa equipe basta entrar em contato conosco: <a href=\"mailto:agenciacariri.iisca@ufca.edu.br\">agenciacariri.iisca@ufca.edu.br<\/a>.<\/p>\n\n\n\n<p>Uma ag\u00eancia de not\u00edcias \u00e9 uma empresa jornal\u00edstica respons\u00e1vel por captar not\u00edcias e dados, e distribu\u00ed-los para os ve\u00edculos de comunica\u00e7\u00e3o. Os ve\u00edculos, por sua vez, levam a not\u00edcia para o p\u00fablico, atrav\u00e9s de jornais impressos ou televisivos, revistas, plataformas digitais ou emissoras de r\u00e1dio. Os dados coletados e os boletins de not\u00edcias produzidos semanalmente pela Ag\u00eancia Cariri podem ser acessados gratuitamente por ve\u00edculos de comunica\u00e7\u00e3o e para todos os interessados. Os conte\u00fados dos boletins informativos est\u00e3o dispon\u00edveis aqui no site e no perfil da ag\u00eancia nas redes sociais Facebook, Instagram e Twitter.<\/p>\n","protected":false},"excerpt":{"rendered":"<p>Somos a primeira Ag\u00eancia de Not\u00edcias do Estado do Cear\u00e1 especializada na cobertura e divulga\u00e7\u00e3o de fatos ligados \u00e0 \u00e1rea do Jornalismo. Criada durante a pandemia, a Ag\u00eancia Cariri \u00e9 resultado de disciplina laboratorial do curso de Jornalismo da Universidade&#8230; <a class=\"more-link\" href=\"https:\/\/sites.ufca.edu.br\/agenciacariri\/quem-somos\/\">Continue Reading &rarr;<\/a><\/p>\n","protected":false},"author":209,"featured_media":0,"parent":0,"menu_order":0,"comment_status":"closed","ping_status":"closed","template":"","meta":[],"_links":{"self":[{"href":"https:\/\/sites.ufca.edu.br\/agenciacariri\/wp-json\/wp\/v2\/pages\/16"}],"collection":[{"href":"https:\/\/sites.ufca.edu.br\/agenciacariri\/wp-json\/wp\/v2\/pages"}],"about":[{"href":"https:\/\/sites.ufca.edu.br\/agenciacariri\/wp-json\/wp\/v2\/types\/page"}],"author":[{"embeddable":true,"href":"https:\/\/sites.ufca.edu.br\/agenciacariri\/wp-json\/wp\/v2\/users\/209"}],"replies":[{"embeddable":true,"href":"https:\/\/sites.ufca.edu.br\/agenciacariri\/wp-json\/wp\/v2\/comments?post=16"}],"version-history":[{"count":2,"href":"https:\/\/sites.ufca.edu.br\/agenciacariri\/wp-json\/wp\/v2\/pages\/16\/revisions"}],"predecessor-version":[{"id":209,"href":"https:\/\/sites.ufca.edu.br\/agenciacariri\/wp-json\/wp\/v2\/pages\/16\/revisions\/209"}],"wp:attachment":[{"href":"https:\/\/sites.ufca.edu.br\/agenciacariri\/wp-json\/wp\/v2\/media?parent=16"}],"curies":[{"name":"wp","href":"https:\/\/api.w.org\/{rel}","templated":true}]}}