{"id":1638,"date":"2026-03-19T15:30:47","date_gmt":"2026-03-19T18:30:47","guid":{"rendered":"https:\/\/sites.ufca.edu.br\/agenciacariri\/?page_id=1638"},"modified":"2026-03-19T15:46:02","modified_gmt":"2026-03-19T18:46:02","slug":"viii-semana-de-pauta-em-pauta-a-reinvencao-critica-do-jornalismo","status":"publish","type":"page","link":"https:\/\/sites.ufca.edu.br\/agenciacariri\/viii-semana-de-pauta-em-pauta-a-reinvencao-critica-do-jornalismo\/","title":{"rendered":"VIII Semana &#8211; De pauta em pauta: a reinven\u00e7\u00e3o cr\u00edtica do Jornalismo\u00a0"},"content":{"rendered":"\n<p>Entre os dias 21 a 25 de outubro de 2024, aconteceu a VIII Semana de Jornalismo do Cariri, que trouxe o tema \u201cDe pauta em pauta: a reinven\u00e7\u00e3o cr\u00edtica do Jornalismo\u201d. O evento, realizado no campus Juazeiro do Norte da Universidade Federal do Cariri (UFCA) e totalmente organizado pelos estudantes e professores do curso de Jornalismo da UFCA, teve como convidados especiais para abrir a programa\u00e7\u00e3o, os jornalistas Nayara Felizardo e S\u00e9rgio Buarque, cofundadores de portais de not\u00edcia independentes, a Rede Cajueira e a Marco Zero Conte\u00fado, respectivamente.&nbsp;<\/p>\n\n\n\n<figure class=\"wp-block-image size-large\"><img loading=\"lazy\" width=\"1024\" height=\"683\" src=\"https:\/\/sites.ufca.edu.br\/agenciacariri\/wp-content\/uploads\/sites\/170\/2026\/03\/IMG_9987-1536x1024-1-1024x683.jpg\" alt=\"\" class=\"wp-image-1601\" srcset=\"https:\/\/sites.ufca.edu.br\/agenciacariri\/wp-content\/uploads\/sites\/170\/2026\/03\/IMG_9987-1536x1024-1-1024x683.jpg 1024w, https:\/\/sites.ufca.edu.br\/agenciacariri\/wp-content\/uploads\/sites\/170\/2026\/03\/IMG_9987-1536x1024-1-300x200.jpg 300w, https:\/\/sites.ufca.edu.br\/agenciacariri\/wp-content\/uploads\/sites\/170\/2026\/03\/IMG_9987-1536x1024-1-768x512.jpg 768w, https:\/\/sites.ufca.edu.br\/agenciacariri\/wp-content\/uploads\/sites\/170\/2026\/03\/IMG_9987-1536x1024-1-600x400.jpg 600w, https:\/\/sites.ufca.edu.br\/agenciacariri\/wp-content\/uploads\/sites\/170\/2026\/03\/IMG_9987-1536x1024-1-945x630.jpg 945w, https:\/\/sites.ufca.edu.br\/agenciacariri\/wp-content\/uploads\/sites\/170\/2026\/03\/IMG_9987-1536x1024-1.jpg 1536w\" sizes=\"(max-width: 1024px) 100vw, 1024px\" \/><figcaption>Foto: Emilly Alencar<\/figcaption><\/figure>\n\n\n\n<p>Com mais de vinte atividades presenciais, incluindo palestras, rodas de conversa, minicursos e oficinas, a programa\u00e7\u00e3o da oitava edi\u00e7\u00e3o da Semana de Jornalismo foi bastante ampla e diversificada. Os dois primeiros dias de evento foram movimentados pelas palestras com os convidados Nayara Felizardo e S\u00e9rgio Buarque, que abordaram o tema \u201cJornalismo, um servi\u00e7o p\u00fablico\u201d, e tamb\u00e9m as jornalistas Maristela Crispim, professora de jornalismo na UNIFOR e editora-chefe da Eco Nordeste, e Raquel Kariri, jornalista e ativista com vinte anos de atua\u00e7\u00e3o no bioma Caatinga, que discutiram quest\u00f5es relacionadas \u00e0 emerg\u00eancia do jornalismo ambiental.&nbsp;<\/p>\n\n\n\n<figure class=\"wp-block-image size-large\"><img loading=\"lazy\" width=\"1024\" height=\"683\" src=\"https:\/\/sites.ufca.edu.br\/agenciacariri\/wp-content\/uploads\/sites\/170\/2026\/03\/IMG_2806-1536x1024-1-1024x683.jpg\" alt=\"\" class=\"wp-image-1602\" srcset=\"https:\/\/sites.ufca.edu.br\/agenciacariri\/wp-content\/uploads\/sites\/170\/2026\/03\/IMG_2806-1536x1024-1-1024x683.jpg 1024w, https:\/\/sites.ufca.edu.br\/agenciacariri\/wp-content\/uploads\/sites\/170\/2026\/03\/IMG_2806-1536x1024-1-300x200.jpg 300w, https:\/\/sites.ufca.edu.br\/agenciacariri\/wp-content\/uploads\/sites\/170\/2026\/03\/IMG_2806-1536x1024-1-768x512.jpg 768w, https:\/\/sites.ufca.edu.br\/agenciacariri\/wp-content\/uploads\/sites\/170\/2026\/03\/IMG_2806-1536x1024-1-600x400.jpg 600w, https:\/\/sites.ufca.edu.br\/agenciacariri\/wp-content\/uploads\/sites\/170\/2026\/03\/IMG_2806-1536x1024-1-945x630.jpg 945w, https:\/\/sites.ufca.edu.br\/agenciacariri\/wp-content\/uploads\/sites\/170\/2026\/03\/IMG_2806-1536x1024-1.jpg 1536w\" sizes=\"(max-width: 1024px) 100vw, 1024px\" \/><figcaption>Foto: Kalil Ara\u00fajo<\/figcaption><\/figure>\n\n\n\n<p>Os minicursos, oficinas e rodas de conversa ofertados abordaram temas como jornalismo ambiental, cobertura do bioma Caatinga, comunica\u00e7\u00e3o e moda no Cariri, produ\u00e7\u00e3o cultural, jornalismo esportivo, al\u00e9m de temas contempor\u00e2neos como constru\u00e7\u00e3o de portf\u00f3lio jornal\u00edstico, cobertura do judici\u00e1rio, produ\u00e7\u00e3o de roteiro de podcast, viol\u00eancia de g\u00eanero e narrativas visuais e sonoras.&nbsp;<\/p>\n\n\n\n<p>Confira a programa\u00e7\u00e3o completa <a href=\"https:\/\/jornalismo.ufca.edu.br\/2024\/10\/02\/confira-a-programacao-da-viii-semana-de-jornalismo-do-cariri\/\">aqui<\/a>. <\/p>\n\n\n\n<p>Durante a realiza\u00e7\u00e3o da VIII Semana de Jornalismo do Cariri tamb\u00e9m aconteceu a inaugura\u00e7\u00e3o do laborat\u00f3rio mais recente do curso, o Laborat\u00f3rio de Experimenta\u00e7\u00e3o Gr\u00e1fica em Jornalismo, mais comumente chamado de LEG. Coordenado pelas professoras Juliana Lotif e Elane Abreu, o local \u00e9 destinado a estudos e pr\u00e1ticas de conte\u00fados de Design aplicados ao campo do Jornalismo, servindo como um espa\u00e7o de est\u00edmulo ao pensamento visual, incentivando a experimenta\u00e7\u00e3o e a cria\u00e7\u00e3o dos estudantes.&nbsp;<\/p>\n\n\n\n<figure class=\"wp-block-image size-large\"><img loading=\"lazy\" width=\"1024\" height=\"576\" src=\"https:\/\/sites.ufca.edu.br\/agenciacariri\/wp-content\/uploads\/sites\/170\/2026\/03\/Foto-2-1536x864-1-1024x576.jpg\" alt=\"\" class=\"wp-image-1603\" srcset=\"https:\/\/sites.ufca.edu.br\/agenciacariri\/wp-content\/uploads\/sites\/170\/2026\/03\/Foto-2-1536x864-1-1024x576.jpg 1024w, https:\/\/sites.ufca.edu.br\/agenciacariri\/wp-content\/uploads\/sites\/170\/2026\/03\/Foto-2-1536x864-1-300x169.jpg 300w, https:\/\/sites.ufca.edu.br\/agenciacariri\/wp-content\/uploads\/sites\/170\/2026\/03\/Foto-2-1536x864-1-768x432.jpg 768w, https:\/\/sites.ufca.edu.br\/agenciacariri\/wp-content\/uploads\/sites\/170\/2026\/03\/Foto-2-1536x864-1-600x338.jpg 600w, https:\/\/sites.ufca.edu.br\/agenciacariri\/wp-content\/uploads\/sites\/170\/2026\/03\/Foto-2-1536x864-1-945x532.jpg 945w, https:\/\/sites.ufca.edu.br\/agenciacariri\/wp-content\/uploads\/sites\/170\/2026\/03\/Foto-2-1536x864-1.jpg 1536w\" sizes=\"(max-width: 1024px) 100vw, 1024px\" \/><figcaption>Foto: Jualiana Lotif<\/figcaption><\/figure>\n\n\n\n<p>A pen\u00faltima noite de evento foi dedicada \u00e0 mem\u00f3ria do curso de Jornalismo da UFCA, com a participa\u00e7\u00e3o especial de ex-alunos que partilharam viv\u00eancias. O momento buscou prestigiar o legado do curso, apresentando as produ\u00e7\u00f5es realizadas durante a gradua\u00e7\u00e3o, como livro-reportagem, exposi\u00e7\u00e3o fotogr\u00e1fica, grande reportagem e document\u00e1rios. Na mesma noite tamb\u00e9m houve o lan\u00e7amento da revista &#8220;Liberdade, Li verdade&#8221;, produzida pela turma de Oficina de texto de 2023.1 e orientada pela professora Rosane Nunes.<\/p>\n\n\n\n<p class=\"has-text-align-right\"><em>B\u00e1rbara \u00cdvina \/ Ag\u00eancia Cariri&nbsp;<\/em><\/p>\n","protected":false},"excerpt":{"rendered":"<p>Entre os dias 21 a 25 de outubro de 2024, aconteceu a VIII Semana de Jornalismo do Cariri, que trouxe o tema \u201cDe pauta em pauta: a reinven\u00e7\u00e3o cr\u00edtica do Jornalismo\u201d. O evento, realizado no campus Juazeiro do Norte da&#8230; <a class=\"more-link\" href=\"https:\/\/sites.ufca.edu.br\/agenciacariri\/viii-semana-de-pauta-em-pauta-a-reinvencao-critica-do-jornalismo\/\">Continue Reading &rarr;<\/a><\/p>\n","protected":false},"author":209,"featured_media":1639,"parent":0,"menu_order":0,"comment_status":"closed","ping_status":"closed","template":"","meta":[],"_links":{"self":[{"href":"https:\/\/sites.ufca.edu.br\/agenciacariri\/wp-json\/wp\/v2\/pages\/1638"}],"collection":[{"href":"https:\/\/sites.ufca.edu.br\/agenciacariri\/wp-json\/wp\/v2\/pages"}],"about":[{"href":"https:\/\/sites.ufca.edu.br\/agenciacariri\/wp-json\/wp\/v2\/types\/page"}],"author":[{"embeddable":true,"href":"https:\/\/sites.ufca.edu.br\/agenciacariri\/wp-json\/wp\/v2\/users\/209"}],"replies":[{"embeddable":true,"href":"https:\/\/sites.ufca.edu.br\/agenciacariri\/wp-json\/wp\/v2\/comments?post=1638"}],"version-history":[{"count":3,"href":"https:\/\/sites.ufca.edu.br\/agenciacariri\/wp-json\/wp\/v2\/pages\/1638\/revisions"}],"predecessor-version":[{"id":1650,"href":"https:\/\/sites.ufca.edu.br\/agenciacariri\/wp-json\/wp\/v2\/pages\/1638\/revisions\/1650"}],"wp:featuredmedia":[{"embeddable":true,"href":"https:\/\/sites.ufca.edu.br\/agenciacariri\/wp-json\/wp\/v2\/media\/1639"}],"wp:attachment":[{"href":"https:\/\/sites.ufca.edu.br\/agenciacariri\/wp-json\/wp\/v2\/media?parent=1638"}],"curies":[{"name":"wp","href":"https:\/\/api.w.org\/{rel}","templated":true}]}}