{"id":1641,"date":"2026-03-19T15:35:44","date_gmt":"2026-03-19T18:35:44","guid":{"rendered":"https:\/\/sites.ufca.edu.br\/agenciacariri\/?page_id=1641"},"modified":"2026-03-19T15:47:00","modified_gmt":"2026-03-19T18:47:00","slug":"ix-semana-lugares-do-jornalismo-o-jeito-caririense-de-comunicar","status":"publish","type":"page","link":"https:\/\/sites.ufca.edu.br\/agenciacariri\/ix-semana-lugares-do-jornalismo-o-jeito-caririense-de-comunicar\/","title":{"rendered":"IX Semana &#8211; Lugares do Jornalismo: o jeito caririense de comunicar"},"content":{"rendered":"\n<p>Uma palestra gratuita com o jornalista e escritor cratense, Xico S\u00e1, abriu a IX Semana de Jornalismo do Cariri. Com o tema \u201cLugares do Jornalismo: o jeito caririense de comunicar\u201d, o evento, gratuito e aberto ao p\u00fablico, aconteceu na Universidade Federal do Cariri (UFCA), entre os dias 8 a 12 de setembro de 2026, ano de grande comemora\u00e7\u00e3o para o curso de Jornalismo da UFCA que completou 15 anos de exist\u00eancia.&nbsp;<\/p>\n\n\n\n<figure class=\"wp-block-image size-large\"><img loading=\"lazy\" width=\"1024\" height=\"683\" src=\"https:\/\/sites.ufca.edu.br\/agenciacariri\/wp-content\/uploads\/sites\/170\/2026\/03\/1757420123602-1536x1437-1-1024x683.jpg\" alt=\"\" class=\"wp-image-1610\" srcset=\"https:\/\/sites.ufca.edu.br\/agenciacariri\/wp-content\/uploads\/sites\/170\/2026\/03\/1757420123602-1536x1437-1-1024x683.jpg 1024w, https:\/\/sites.ufca.edu.br\/agenciacariri\/wp-content\/uploads\/sites\/170\/2026\/03\/1757420123602-1536x1437-1-300x200.jpg 300w, https:\/\/sites.ufca.edu.br\/agenciacariri\/wp-content\/uploads\/sites\/170\/2026\/03\/1757420123602-1536x1437-1-768x512.jpg 768w, https:\/\/sites.ufca.edu.br\/agenciacariri\/wp-content\/uploads\/sites\/170\/2026\/03\/1757420123602-1536x1437-1-600x400.jpg 600w, https:\/\/sites.ufca.edu.br\/agenciacariri\/wp-content\/uploads\/sites\/170\/2026\/03\/1757420123602-1536x1437-1-945x630.jpg 945w, https:\/\/sites.ufca.edu.br\/agenciacariri\/wp-content\/uploads\/sites\/170\/2026\/03\/1757420123602-1536x1437-1.jpg 1536w\" sizes=\"(max-width: 1024px) 100vw, 1024px\" \/><\/figure>\n\n\n\n<p>Ganhador de importantes pr\u00eamios do jornalismo, como Esso, Folha, Abril e Comunique- se, al\u00e9m de ter atuado em importantes ve\u00edculos da imprensa nacional, como Folha de S. Paulo, GNT, TV Cultura e Globo, Xico S\u00e1, d\u00e1 nome ao Centro Acad\u00eamico do curso de Jornalismo. Na noite de abertura da nona Semana de Jornalismo, o jornalista discutiu o tema central do evento, ressaltando a forma \u00fanica de comunicar do caririense, a riqueza cultural do Cariri e trazendo reflex\u00f5es sobre os desafios da profiss\u00e3o, destacando o combate \u00e0s fake news e tecendo cr\u00edticas ao cen\u00e1rio pol\u00edtico atual do pa\u00eds.&nbsp;<\/p>\n\n\n\n<p>Ao todo, foram oferecidas 25 atividades formativas, divididas entre 17 minicursos, seis oficinas e duas rodas de conversa, al\u00e9m de duas mesas redondas e uma palestra com convidados especiais, reunindo estudantes, professores, profissionais da comunica\u00e7\u00e3o da regi\u00e3o e a comunidade em geral para discutir tem\u00e1ticas do campo da Comunica\u00e7\u00e3o.&nbsp;<\/p>\n\n\n\n<figure class=\"wp-block-image size-large\"><img loading=\"lazy\" width=\"1024\" height=\"683\" src=\"https:\/\/sites.ufca.edu.br\/agenciacariri\/wp-content\/uploads\/sites\/170\/2026\/03\/8-1-1536x1152-1-1024x683.png\" alt=\"\" class=\"wp-image-1611\" srcset=\"https:\/\/sites.ufca.edu.br\/agenciacariri\/wp-content\/uploads\/sites\/170\/2026\/03\/8-1-1536x1152-1-1024x683.png 1024w, https:\/\/sites.ufca.edu.br\/agenciacariri\/wp-content\/uploads\/sites\/170\/2026\/03\/8-1-1536x1152-1-300x200.png 300w, https:\/\/sites.ufca.edu.br\/agenciacariri\/wp-content\/uploads\/sites\/170\/2026\/03\/8-1-1536x1152-1-768x512.png 768w, https:\/\/sites.ufca.edu.br\/agenciacariri\/wp-content\/uploads\/sites\/170\/2026\/03\/8-1-1536x1152-1-600x400.png 600w, https:\/\/sites.ufca.edu.br\/agenciacariri\/wp-content\/uploads\/sites\/170\/2026\/03\/8-1-1536x1152-1-945x630.png 945w, https:\/\/sites.ufca.edu.br\/agenciacariri\/wp-content\/uploads\/sites\/170\/2026\/03\/8-1-1536x1152-1.png 1536w\" sizes=\"(max-width: 1024px) 100vw, 1024px\" \/><\/figure>\n\n\n\n<p>Ministrados por estudantes, docentes e egressos do curso, os minicursos e oficinas abordaram temas como escrita e an\u00e1lise not\u00edcias, como pautar subjetividades, jornalismo de dados, como realizar uma entrevista, edi\u00e7\u00e3o de v\u00eddeo, educa\u00e7\u00e3o midi\u00e1tica, produ\u00e7\u00e3o de podcast, jornalismo em quadrinhos, entre diversos outros. Al\u00e9m disso, foi realizada, ainda, uma atividade in\u00e9dita, na qual estudantes tiveram a oportunidade de conhecer o Centro Cultural do Cariri em uma visita guiada.<\/p>\n\n\n\n<p><a href=\"https:\/\/www.instagram.com\/p\/DN1aK5rwjN5\/?utm_source=ig_web_copy_link&amp;igsh=MzRlODBiNWFlZA==\">Clique aqui<\/a> para conferir a programa\u00e7\u00e3o completa.<\/p>\n\n\n\n<p>Al\u00e9m de Xico S\u00e1, figura de renome nacional, a 9\u00aa edi\u00e7\u00e3o da Semana de Jornalismo&nbsp; tamb\u00e9m contou com a presen\u00e7a de grandes nomes do jornalismo regional, como Alinne Alc\u00e2ntara, coordenadora de Comunica\u00e7\u00e3o Institucional da Unile\u00e3o e da UniVS, Jaqueline Freitas, diretora de Jornalismo do Jornal do Cariri, e Luciano Ces\u00e1rio, coordenador de Jornalismo e \u00e2ncora da r\u00e1dio O Povo CBN Cariri, que participaram de um debate acerca do mercado de comunica\u00e7\u00e3o na regi\u00e3o.&nbsp;<\/p>\n\n\n\n<figure class=\"wp-block-image size-large\"><img loading=\"lazy\" width=\"1024\" height=\"683\" src=\"https:\/\/sites.ufca.edu.br\/agenciacariri\/wp-content\/uploads\/sites\/170\/2026\/03\/1757420398425-1536x1024-1-1024x683.jpg\" alt=\"\" class=\"wp-image-1612\" srcset=\"https:\/\/sites.ufca.edu.br\/agenciacariri\/wp-content\/uploads\/sites\/170\/2026\/03\/1757420398425-1536x1024-1-1024x683.jpg 1024w, https:\/\/sites.ufca.edu.br\/agenciacariri\/wp-content\/uploads\/sites\/170\/2026\/03\/1757420398425-1536x1024-1-300x200.jpg 300w, https:\/\/sites.ufca.edu.br\/agenciacariri\/wp-content\/uploads\/sites\/170\/2026\/03\/1757420398425-1536x1024-1-768x512.jpg 768w, https:\/\/sites.ufca.edu.br\/agenciacariri\/wp-content\/uploads\/sites\/170\/2026\/03\/1757420398425-1536x1024-1-600x400.jpg 600w, https:\/\/sites.ufca.edu.br\/agenciacariri\/wp-content\/uploads\/sites\/170\/2026\/03\/1757420398425-1536x1024-1-945x630.jpg 945w, https:\/\/sites.ufca.edu.br\/agenciacariri\/wp-content\/uploads\/sites\/170\/2026\/03\/1757420398425-1536x1024-1.jpg 1536w\" sizes=\"(max-width: 1024px) 100vw, 1024px\" \/><\/figure>\n\n\n\n<p>Como nos outros anos, aconteceu a tradicional \u201cNoite dos Egressos\u201d, que fechou a programa\u00e7\u00e3o de mesas redondas da Semana. O momento teve como tema \u201c15 anos de Jornalismo na UFCA: caminhos que vieram depois\u201d, em que cinco ex-alunos do curso, atuantes no mercado de comunica\u00e7\u00e3o local, contaram suas experi\u00eancias acad\u00eamicas e trajet\u00f3rias profissionais. A noite tamb\u00e9m foi marcada por homenagens em celebra\u00e7\u00e3o aos 15 anos do curso.&nbsp;<\/p>\n\n\n\n<figure class=\"wp-block-image size-large\"><img loading=\"lazy\" width=\"1024\" height=\"683\" src=\"https:\/\/sites.ufca.edu.br\/agenciacariri\/wp-content\/uploads\/sites\/170\/2026\/03\/IMG_7371_edited-1-1-1536x1024-1-1024x683.jpg\" alt=\"\" class=\"wp-image-1613\" srcset=\"https:\/\/sites.ufca.edu.br\/agenciacariri\/wp-content\/uploads\/sites\/170\/2026\/03\/IMG_7371_edited-1-1-1536x1024-1-1024x683.jpg 1024w, https:\/\/sites.ufca.edu.br\/agenciacariri\/wp-content\/uploads\/sites\/170\/2026\/03\/IMG_7371_edited-1-1-1536x1024-1-300x200.jpg 300w, https:\/\/sites.ufca.edu.br\/agenciacariri\/wp-content\/uploads\/sites\/170\/2026\/03\/IMG_7371_edited-1-1-1536x1024-1-768x512.jpg 768w, https:\/\/sites.ufca.edu.br\/agenciacariri\/wp-content\/uploads\/sites\/170\/2026\/03\/IMG_7371_edited-1-1-1536x1024-1-600x400.jpg 600w, https:\/\/sites.ufca.edu.br\/agenciacariri\/wp-content\/uploads\/sites\/170\/2026\/03\/IMG_7371_edited-1-1-1536x1024-1-945x630.jpg 945w, https:\/\/sites.ufca.edu.br\/agenciacariri\/wp-content\/uploads\/sites\/170\/2026\/03\/IMG_7371_edited-1-1-1536x1024-1.jpg 1536w\" sizes=\"(max-width: 1024px) 100vw, 1024px\" \/><\/figure>\n\n\n\n<p>Fotos: galeria de fotos do curso de Jornalismo da UFCA<\/p>\n\n\n\n<p class=\"has-text-align-right\"><em>B\u00e1rbara \u00cdvina \/ Ag\u00eancia Cariri<\/em><\/p>\n","protected":false},"excerpt":{"rendered":"<p>Uma palestra gratuita com o jornalista e escritor cratense, Xico S\u00e1, abriu a IX Semana de Jornalismo do Cariri. Com o tema \u201cLugares do Jornalismo: o jeito caririense de comunicar\u201d, o evento, gratuito e aberto ao p\u00fablico, aconteceu na Universidade&#8230; <a class=\"more-link\" href=\"https:\/\/sites.ufca.edu.br\/agenciacariri\/ix-semana-lugares-do-jornalismo-o-jeito-caririense-de-comunicar\/\">Continue Reading &rarr;<\/a><\/p>\n","protected":false},"author":209,"featured_media":1642,"parent":0,"menu_order":0,"comment_status":"closed","ping_status":"closed","template":"","meta":[],"_links":{"self":[{"href":"https:\/\/sites.ufca.edu.br\/agenciacariri\/wp-json\/wp\/v2\/pages\/1641"}],"collection":[{"href":"https:\/\/sites.ufca.edu.br\/agenciacariri\/wp-json\/wp\/v2\/pages"}],"about":[{"href":"https:\/\/sites.ufca.edu.br\/agenciacariri\/wp-json\/wp\/v2\/types\/page"}],"author":[{"embeddable":true,"href":"https:\/\/sites.ufca.edu.br\/agenciacariri\/wp-json\/wp\/v2\/users\/209"}],"replies":[{"embeddable":true,"href":"https:\/\/sites.ufca.edu.br\/agenciacariri\/wp-json\/wp\/v2\/comments?post=1641"}],"version-history":[{"count":3,"href":"https:\/\/sites.ufca.edu.br\/agenciacariri\/wp-json\/wp\/v2\/pages\/1641\/revisions"}],"predecessor-version":[{"id":1651,"href":"https:\/\/sites.ufca.edu.br\/agenciacariri\/wp-json\/wp\/v2\/pages\/1641\/revisions\/1651"}],"wp:featuredmedia":[{"embeddable":true,"href":"https:\/\/sites.ufca.edu.br\/agenciacariri\/wp-json\/wp\/v2\/media\/1642"}],"wp:attachment":[{"href":"https:\/\/sites.ufca.edu.br\/agenciacariri\/wp-json\/wp\/v2\/media?parent=1641"}],"curies":[{"name":"wp","href":"https:\/\/api.w.org\/{rel}","templated":true}]}}