{"id":205,"date":"2021-07-30T21:00:04","date_gmt":"2021-07-31T00:00:04","guid":{"rendered":"https:\/\/sites.ufca.edu.br\/agenciacariri\/?page_id=205"},"modified":"2026-03-19T13:33:12","modified_gmt":"2026-03-19T16:33:12","slug":"i-semana","status":"publish","type":"page","link":"https:\/\/sites.ufca.edu.br\/agenciacariri\/i-semana\/","title":{"rendered":"V Semana &#8211; Jornalismo em confronto: atua\u00e7\u00e3o profissional na pandemia de Covid-19 no Brasil"},"content":{"rendered":"\n<p>A V Semana de Jornalismo do Cariri abriu inscri\u00e7\u00f5es no dia 21 de setembro e encerrou no dia 26. Gratuito e aberto ao p\u00fablico, o evento organizado pelo curso de Jornalismo da Universidade Federal do Cariri (UFCA), aconteceu de modo online entre os dias 27 de setembro e 1\u00b0 de outubro, com transmiss\u00e3o ao vivo pelo Youtube. Com o tema \u201cJornalismo em confronto: atua\u00e7\u00e3o profissional na pandemia de Covid-19 no Brasil\u201d, a semana contou com cinco oficinas, mesas redondas e palestras. Entre os nomes confirmados para o evento estiveram a presidente da Federa\u00e7\u00e3o Nacional dos Jornalistas (Fenaj), Maria Jos\u00e9 Braga, os jornalistas Maycom Mota e Guilherme Belarmino, do Profiss\u00e3o Rep\u00f3rter (Rede Globo), e Ivana Negr\u00e3o (ESPN).\u00a0 As inscri\u00e7\u00f5es foram feitas atrav\u00e9s do<a href=\"https:\/\/www.even3.com.br\/vsemanadejornalismodocaririufca\/\"> link<\/a>.<\/p>\n\n\n\n<p>Para se inscrever na Semana de Jornalismo n\u00e3o era necess\u00e1rio ser aluno da UFCA. O evento \u00e9 aberto para estudantes, jornalistas profissionais, pesquisadores e interessados na \u00e1rea, de qualquer lugar do Brasil. Na abertura da Semana, dia 27, a equipe do Profiss\u00e3o Rep\u00f3rter falou sobre os desafios de produzir um programa semanal de reportagens durante a pandemia.\u00a0 Em cada dia do evento foi abordada uma tem\u00e1tica espec\u00edfica: \u201cJornalismo em confronto: Fake News, censura e desinforma\u00e7\u00e3o\u201d, \u201cJornalismo brasileiro: o que\u00a0 mudou com a pandemia\u201d, \u201cImpactos da Covid-19 no jornalismo cearense\u201d, \u201cMidiativismo em tempos de pandemia\u2019 e \u201cA pandemia e a sa\u00fade mental dos jornalistas\u201d.\u00a0<\/p>\n\n\n\n<p>A V Semana de Jornalismo do Cariri contou, nas mesas e palestras, com a presen\u00e7a de jornalistas de ve\u00edculos como Rede Globo, UOL, ESPN, The Intercept, M\u00eddia Ninja, R\u00e1dio O Povo CBN, Jornal do Cariri e Brasil de Fato, al\u00e9m de pesquisadores como a professora da Universidade Federal do Cear\u00e1 (UFC) Naiana Rodrigues, pesquisadora do Centro de Pesquisa em Comunica\u00e7\u00e3o e Trabalho (CPCT-ECA-USP).\u00a0<\/p>\n\n\n\n<p>O evento emitiu certificado de participa\u00e7\u00e3o com carga hor\u00e1ria 15h para os participantes. O acompanhamento das atividades e programa\u00e7\u00e3o foram divulgados no<a rel=\"noreferrer noopener\" href=\"https:\/\/sites.ufca.edu.br\/agenciacariri\/inicio\/\" target=\"_blank\"> site<\/a> e na p\u00e1gina do<a rel=\"noreferrer noopener\" href=\"https:\/\/www.instagram.com\/agencia.cariri\/\" target=\"_blank\"> Instagram<\/a> da Ag\u00eancia Cariri de Not\u00edcias. Acesse a programa\u00e7\u00e3o completa <a rel=\"noreferrer noopener\" href=\"https:\/\/sites.ufca.edu.br\/agenciacariri\/524-2\/\" target=\"_blank\">aqui<\/a><\/p>\n","protected":false},"excerpt":{"rendered":"<p>A V Semana de Jornalismo do Cariri abriu inscri\u00e7\u00f5es no dia 21 de setembro e encerrou no dia 26. Gratuito e aberto ao p\u00fablico, o evento organizado pelo curso de Jornalismo da Universidade Federal do Cariri (UFCA), aconteceu de modo&#8230; <a class=\"more-link\" href=\"https:\/\/sites.ufca.edu.br\/agenciacariri\/i-semana\/\">Continue Reading &rarr;<\/a><\/p>\n","protected":false},"author":209,"featured_media":0,"parent":0,"menu_order":0,"comment_status":"closed","ping_status":"closed","template":"","meta":[],"_links":{"self":[{"href":"https:\/\/sites.ufca.edu.br\/agenciacariri\/wp-json\/wp\/v2\/pages\/205"}],"collection":[{"href":"https:\/\/sites.ufca.edu.br\/agenciacariri\/wp-json\/wp\/v2\/pages"}],"about":[{"href":"https:\/\/sites.ufca.edu.br\/agenciacariri\/wp-json\/wp\/v2\/types\/page"}],"author":[{"embeddable":true,"href":"https:\/\/sites.ufca.edu.br\/agenciacariri\/wp-json\/wp\/v2\/users\/209"}],"replies":[{"embeddable":true,"href":"https:\/\/sites.ufca.edu.br\/agenciacariri\/wp-json\/wp\/v2\/comments?post=205"}],"version-history":[{"count":9,"href":"https:\/\/sites.ufca.edu.br\/agenciacariri\/wp-json\/wp\/v2\/pages\/205\/revisions"}],"predecessor-version":[{"id":1632,"href":"https:\/\/sites.ufca.edu.br\/agenciacariri\/wp-json\/wp\/v2\/pages\/205\/revisions\/1632"}],"wp:attachment":[{"href":"https:\/\/sites.ufca.edu.br\/agenciacariri\/wp-json\/wp\/v2\/media?parent=205"}],"curies":[{"name":"wp","href":"https:\/\/api.w.org\/{rel}","templated":true}]}}