{"id":614,"date":"2022-10-07T11:08:03","date_gmt":"2022-10-07T14:08:03","guid":{"rendered":"https:\/\/sites.ufca.edu.br\/agenciacariri\/?page_id=614"},"modified":"2026-03-19T13:32:54","modified_gmt":"2026-03-19T16:32:54","slug":"vi-semana-de-jornalismo-midia-e-democracia","status":"publish","type":"page","link":"https:\/\/sites.ufca.edu.br\/agenciacariri\/semana-de-jornalismo-do-cariri\/vi-semana-de-jornalismo-midia-e-democracia\/","title":{"rendered":"VI Semana &#8211; M\u00eddia e Democracia"},"content":{"rendered":"\n<figure class=\"wp-block-image size-large\"><img loading=\"lazy\" width=\"945\" height=\"630\" src=\"https:\/\/sites.ufca.edu.br\/agenciacariri\/wp-content\/uploads\/sites\/170\/2023\/05\/VI-Semana-de-Jornalismo.jpeg\" alt=\"\" class=\"wp-image-811\" srcset=\"https:\/\/sites.ufca.edu.br\/agenciacariri\/wp-content\/uploads\/sites\/170\/2023\/05\/VI-Semana-de-Jornalismo.jpeg 945w, https:\/\/sites.ufca.edu.br\/agenciacariri\/wp-content\/uploads\/sites\/170\/2023\/05\/VI-Semana-de-Jornalismo-300x200.jpeg 300w, https:\/\/sites.ufca.edu.br\/agenciacariri\/wp-content\/uploads\/sites\/170\/2023\/05\/VI-Semana-de-Jornalismo-768x512.jpeg 768w, https:\/\/sites.ufca.edu.br\/agenciacariri\/wp-content\/uploads\/sites\/170\/2023\/05\/VI-Semana-de-Jornalismo-600x400.jpeg 600w\" sizes=\"(max-width: 945px) 100vw, 945px\" \/><\/figure>\n\n\n\n<p>Em 2022, ano de elei\u00e7\u00f5es presidenciais, o evento promovido pelo curso de Jornalismo da Universidade Federal do Cariri (UFCA) abordou  o tema \u201cM\u00eddia e Democracia\u201d, tendo como pano de fundo o cen\u00e1rio de polariza\u00e7\u00e3o pol\u00edtica e amea\u00e7as \u00e0s institui\u00e7\u00f5es democr\u00e1ticas que o Brasil vivenciava naquele per\u00edodo, marcado por diversos epis\u00f3dios de viol\u00eancia e intoler\u00e2ncia pol\u00edtica.<\/p>\n\n\n\n<p>A sexta edi\u00e7\u00e3o marca o retorno do evento ao modo presencial, ap\u00f3s dois anos de pandemia de covid-19. A programa\u00e7\u00e3o ocorreu no Campus Central da UFCA, em Juazeiro do Norte, entre dias 18 e 21 de outubro de 2022. Assim como nas outras edi\u00e7\u00f5es, a Semana de Jornalismo do Cariri contou com oficinas, mesas redondas, e programa\u00e7\u00e3o cultural. <\/p>\n\n\n\n<p>Maior evento do g\u00eanero realizado no interior do Cear\u00e1, a Semana de Jornalismo do Cariri contou com participa\u00e7\u00e3o de estudantes, jornalistas profissionais, pesquisadores e professores de Jornalismo de diferentes partes do pa\u00eds. Entre os convidados que marcaram presen\u00e7a na edi\u00e7\u00e3o estavam a presidente da Rede Nacional de Combate \u00e0 Desinforma\u00e7\u00e3o (RNCD), Ana Regina R\u00eago, autora do livro o livro \u201cA Constru\u00e7\u00e3o Intencional da Ignor\u00e2ncia: o mercado das informa\u00e7\u00f5es falsas\u201d, a jornalista e professora Fabiana Moraes, que lan\u00e7ou no evento seu livro \u201cA pauta \u00e9 uma Arma de Combate\u201d.<\/p>\n\n\n\n<p><a rel=\"noreferrer noopener\" href=\"https:\/\/sites.ufca.edu.br\/agenciacariri\/confira-a-programacao-da-vi-semana-de-jornalismo-do-cariri\/\" target=\"_blank\">Clique aqui<\/a>\u00a0e confira a programa\u00e7\u00e3o completa da VI Semana de Jornalismo do Cariri.<\/p>\n\n\n\n<p><strong>Ag\u00eancia Cariri&nbsp;<\/strong><\/p>\n\n\n\n<p>E-mail:&nbsp;<a href=\"mailto:agenciacariri.iisca@ufca.edu.br\">agenciacariri.iisca@ufca.edu.br<\/a><\/p>\n\n\n\n<p>Instagram:&nbsp;<a href=\"https:\/\/www.instagram.com\/agencia.cariri\/\" target=\"_blank\" rel=\"noreferrer noopener\">@agencia.cariri<\/a><\/p>\n\n\n\n<p class=\"has-text-align-right\"><em>Juliete Fechine \/ Ag\u00eancia Cariri<\/em><\/p>\n","protected":false},"excerpt":{"rendered":"<p>Em 2022, ano de elei\u00e7\u00f5es presidenciais, o evento promovido pelo curso de Jornalismo da Universidade Federal do Cariri (UFCA) abordou o tema \u201cM\u00eddia e Democracia\u201d, tendo como pano de fundo o cen\u00e1rio de polariza\u00e7\u00e3o pol\u00edtica e amea\u00e7as \u00e0s institui\u00e7\u00f5es democr\u00e1ticas&#8230; <a class=\"more-link\" href=\"https:\/\/sites.ufca.edu.br\/agenciacariri\/semana-de-jornalismo-do-cariri\/vi-semana-de-jornalismo-midia-e-democracia\/\">Continue Reading &rarr;<\/a><\/p>\n","protected":false},"author":209,"featured_media":645,"parent":18,"menu_order":5,"comment_status":"closed","ping_status":"closed","template":"","meta":[],"_links":{"self":[{"href":"https:\/\/sites.ufca.edu.br\/agenciacariri\/wp-json\/wp\/v2\/pages\/614"}],"collection":[{"href":"https:\/\/sites.ufca.edu.br\/agenciacariri\/wp-json\/wp\/v2\/pages"}],"about":[{"href":"https:\/\/sites.ufca.edu.br\/agenciacariri\/wp-json\/wp\/v2\/types\/page"}],"author":[{"embeddable":true,"href":"https:\/\/sites.ufca.edu.br\/agenciacariri\/wp-json\/wp\/v2\/users\/209"}],"replies":[{"embeddable":true,"href":"https:\/\/sites.ufca.edu.br\/agenciacariri\/wp-json\/wp\/v2\/comments?post=614"}],"version-history":[{"count":7,"href":"https:\/\/sites.ufca.edu.br\/agenciacariri\/wp-json\/wp\/v2\/pages\/614\/revisions"}],"predecessor-version":[{"id":1631,"href":"https:\/\/sites.ufca.edu.br\/agenciacariri\/wp-json\/wp\/v2\/pages\/614\/revisions\/1631"}],"up":[{"embeddable":true,"href":"https:\/\/sites.ufca.edu.br\/agenciacariri\/wp-json\/wp\/v2\/pages\/18"}],"wp:featuredmedia":[{"embeddable":true,"href":"https:\/\/sites.ufca.edu.br\/agenciacariri\/wp-json\/wp\/v2\/media\/645"}],"wp:attachment":[{"href":"https:\/\/sites.ufca.edu.br\/agenciacariri\/wp-json\/wp\/v2\/media?parent=614"}],"curies":[{"name":"wp","href":"https:\/\/api.w.org\/{rel}","templated":true}]}}