{"id":129,"date":"2021-10-01T16:04:27","date_gmt":"2021-10-01T19:04:27","guid":{"rendered":"https:\/\/sites.ufca.edu.br\/agrotempo\/?page_id=129"},"modified":"2026-01-28T14:59:35","modified_gmt":"2026-01-28T17:59:35","slug":"pagina-inicial","status":"publish","type":"page","link":"https:\/\/sites.ufca.edu.br\/agrotempo\/","title":{"rendered":"Bem vindo! \/ Welcome!"},"content":{"rendered":"\n<p>O Agrotempo \u00e9 fruto de um projeto de extens\u00e3o universit\u00e1ria da Universidade Federal do Cariri que visa realizar um trabalho de coleta, interpreta\u00e7\u00e3o e uso de dados meteorol\u00f3gicos como ferramenta no planejamento agr\u00edcola de produtores da regi\u00e3o do Cariri cearense. <a href=\"https:\/\/sites.ufca.edu.br\/agrotempo\/sobre\/\" data-type=\"URL\" data-id=\"https:\/\/sites.ufca.edu.br\/agrotempo\/sobre\/\">Saiba mais&#8230;<\/a><\/p>\n\n\n\n<hr class=\"wp-block-separator has-css-opacity\" \/>\n\n\n<form role=\"search\" method=\"get\" action=\"https:\/\/sites.ufca.edu.br\/agrotempo\/\" class=\"wp-block-search__button-outside wp-block-search__text-button wp-block-search\"><label for=\"wp-block-search__input-1\" class=\"wp-block-search__label\">Pesquisar no Agrotempo<\/label><div class=\"wp-block-search__inside-wrapper \" ><input type=\"search\" id=\"wp-block-search__input-1\" class=\"wp-block-search__input \" name=\"s\" value=\"\" placeholder=\"Digite sua busca...\"  required \/><button type=\"submit\" class=\"wp-block-search__button  \"  >Pesquisar<\/button><\/div><\/form>\n\n\n<p><strong>\u00daltimos dados meteorol\u00f3gicos<\/strong><\/p>\n\n\n\n<p>DADOS MENSAIS &#8211; Dezembro_<a href=\"https:\/\/sites.ufca.edu.br\/agrotempo\/wp-content\/uploads\/sites\/169\/2026\/01\/Dezembro_2025.xlsx\">2025<\/a><\/p>\n\n\n\n<figure class=\"wp-block-table is-style-stripes\"><table><tbody><tr><td><\/td><td><strong>MED<\/strong><\/td><td><strong>M\u00c1X<\/strong><\/td><td><strong>MIN<\/strong><\/td><td><strong>ACUM<\/strong><\/td><\/tr><tr><td>Patm (mbar)<\/td><td>961,84<\/td><td>    &#8212;<\/td><td>      &#8212;<\/td><td>            &#8212;<\/td><\/tr><tr><td>RS (Mj. m-\u00b2. dia-1)<\/td><td>19,02<\/td><td>    &#8212;<\/td><td>     &#8212;<\/td><td>            &#8212;<\/td><\/tr><tr><td>Temp (\u00ba C)<\/td><td><\/td><td><\/td><td><\/td><td>            &#8212;<\/td><\/tr><tr><td>UR (%)<\/td><td><\/td><td><\/td><td><\/td><td>            &#8212;<\/td><\/tr><tr><td>P (mm)<\/td><td>   &#8212;<\/td><td>    &#8212;<\/td><td>      &#8212;<\/td><td>     <\/td><\/tr><tr><td>V (m.s-\u00b9)<\/td><td><\/td><td>    &#8212;<\/td><td>      &#8212;<\/td><td>           &#8212;<\/td><\/tr><\/tbody><\/table><\/figure>\n\n\n\n<p class=\"has-text-align-left\">DADOS MENSAIS &#8211; <a href=\"https:\/\/sites.ufca.edu.br\/agrotempo\/wp-content\/uploads\/sites\/169\/2025\/02\/JANEIRO_2025.xlsx\">Janeiro_25<\/a><\/p>\n\n\n\n<figure class=\"wp-block-table is-style-stripes\"><table><tbody><tr><td><\/td><td><strong>MED<\/strong><\/td><td><strong>M\u00c1X<\/strong><\/td><td><strong>MIN<\/strong><\/td><td><strong>ACUM<\/strong><\/td><\/tr><tr><td>Patm (mbar)<\/td><td>962,42<\/td><td>      &#8212;<\/td><td>      &#8212;<\/td><td>           &#8212;<\/td><\/tr><tr><td>RS (W.m-\u00b2)<\/td><td>220,48<\/td><td>      &#8212;<\/td><td>      &#8212;<\/td><td>           &#8212;<\/td><\/tr><tr><td>Temp (\u00ba C)<\/td><td>26,20<\/td><td>37,07<\/td><td>20,63<\/td><td>           &#8212;<\/td><\/tr><tr><td>UR (%)<\/td><td>78,31<\/td><td>99,00<\/td><td>32,5<\/td><td>           &#8212;<\/td><\/tr><tr><td>P (mm)<\/td><td>       &#8212;<\/td><td>      &#8212;<\/td><td>      &#8212;<\/td><td>       253,8<\/td><\/tr><tr><td>V (m.s-\u00b9)<\/td><td> 0,60<\/td><td>      &#8212;<\/td><td>      &#8212;<\/td><td>           &#8212;<\/td><\/tr><\/tbody><\/table><\/figure>\n\n\n\n<p>Patm &#8211; Press\u00e3o atmosf\u00e9rica (mbar); RS &#8211; Radia\u00e7\u00e3o Solar (W.m-\u00b2); Temp &#8211; Temperatura do ar (\u00b0C); UR &#8211; Umidade relativa do ar (%); P &#8211; Precipita\u00e7\u00e3o (mm); ;  V &#8211; Velocidade do vento (m. s-\u00b9).<\/p>\n\n\n\n<p>Obs: Os valores da tabela correspondem a valores calculados com dados coletados a cada 5 min.<\/p>\n","protected":false},"excerpt":{"rendered":"<p>O Agrotempo \u00e9 fruto de um projeto de extens\u00e3o universit\u00e1ria da Universidade Federal do Cariri que visa realizar um trabalho de coleta, interpreta\u00e7\u00e3o e uso de dados meteorol\u00f3gicos como ferramenta no planejamento agr\u00edcola de produtores da regi\u00e3o do Cariri cearense&#8230;. <a class=\"more-link\" href=\"https:\/\/sites.ufca.edu.br\/agrotempo\/\">Continue Reading &rarr;<\/a><\/p>\n","protected":false},"author":206,"featured_media":0,"parent":0,"menu_order":0,"comment_status":"closed","ping_status":"closed","template":"","meta":[],"_links":{"self":[{"href":"https:\/\/sites.ufca.edu.br\/agrotempo\/wp-json\/wp\/v2\/pages\/129"}],"collection":[{"href":"https:\/\/sites.ufca.edu.br\/agrotempo\/wp-json\/wp\/v2\/pages"}],"about":[{"href":"https:\/\/sites.ufca.edu.br\/agrotempo\/wp-json\/wp\/v2\/types\/page"}],"author":[{"embeddable":true,"href":"https:\/\/sites.ufca.edu.br\/agrotempo\/wp-json\/wp\/v2\/users\/206"}],"replies":[{"embeddable":true,"href":"https:\/\/sites.ufca.edu.br\/agrotempo\/wp-json\/wp\/v2\/comments?post=129"}],"version-history":[{"count":137,"href":"https:\/\/sites.ufca.edu.br\/agrotempo\/wp-json\/wp\/v2\/pages\/129\/revisions"}],"predecessor-version":[{"id":1368,"href":"https:\/\/sites.ufca.edu.br\/agrotempo\/wp-json\/wp\/v2\/pages\/129\/revisions\/1368"}],"wp:attachment":[{"href":"https:\/\/sites.ufca.edu.br\/agrotempo\/wp-json\/wp\/v2\/media?parent=129"}],"curies":[{"name":"wp","href":"https:\/\/api.w.org\/{rel}","templated":true}]}}