{"id":14,"date":"2021-06-08T22:12:09","date_gmt":"2021-06-09T01:12:09","guid":{"rendered":"https:\/\/sites.ufca.edu.br\/agrotempo\/?page_id=14"},"modified":"2024-02-14T15:46:56","modified_gmt":"2024-02-14T18:46:56","slug":"sobre","status":"publish","type":"page","link":"https:\/\/sites.ufca.edu.br\/agrotempo\/sobre\/","title":{"rendered":"Sobre"},"content":{"rendered":"\n<p>O projeto de extens\u00e3o universit\u00e1ria &#8220;AGROTEMPO \u2013 Interpreta\u00e7\u00e3o e Difus\u00e3o da Agrometeorologia para Agricultores da Regi\u00e3o do Cariri&#8221;, \u00e9 constitu\u00eddo por uma a\u00e7\u00e3o de extens\u00e3o que se prop\u00f5e a realizar um trabalho de coleta, interpreta\u00e7\u00e3o e uso de dados meteorol\u00f3gicos, tais como temperatura e umidade do ar, precipita\u00e7\u00e3o pluvial, radia\u00e7\u00e3o solar e velocidade do vento, coletados e fornecidos pela Esta\u00e7\u00e3o Meteorol\u00f3gica do CCAB\/UFCA no munic\u00edpio do Crato, referente \u00e0s condi\u00e7\u00f5es de tempo da Regi\u00e3o do Cariri, para a gera\u00e7\u00e3o de produtos. <\/p>\n\n\n\n<p>Tal interpreta\u00e7\u00e3o \u00e9 voltada aos agricultores da Regi\u00e3o, sendo divulgada e publicada por meio desse website, atrav\u00e9s dos dados meteorol\u00f3gicos, boletins agroclim\u00e1ticos, entre outras ferramentas.<\/p>\n\n\n\n<p>&nbsp;<\/p>\n\n\n\n<figure class=\"wp-block-image size-large\"><img src=\"https:\/\/sites.ufca.edu.br\/agrotempo\/wp-content\/uploads\/sites\/169\/2024\/02\/Estacao.jpg\" alt=\"\" \/><figcaption>EMCCAB em pleno funcionamento<\/figcaption><\/figure>\n","protected":false},"excerpt":{"rendered":"<p>O projeto de extens\u00e3o universit\u00e1ria &#8220;AGROTEMPO \u2013 Interpreta\u00e7\u00e3o e Difus\u00e3o da Agrometeorologia para Agricultores da Regi\u00e3o do Cariri&#8221;, \u00e9 constitu\u00eddo por uma a\u00e7\u00e3o de extens\u00e3o que se prop\u00f5e a realizar um trabalho de coleta, interpreta\u00e7\u00e3o e uso de dados meteorol\u00f3gicos,&#8230; <a class=\"more-link\" href=\"https:\/\/sites.ufca.edu.br\/agrotempo\/sobre\/\">Continue Reading &rarr;<\/a><\/p>\n","protected":false},"author":206,"featured_media":0,"parent":0,"menu_order":0,"comment_status":"closed","ping_status":"closed","template":"","meta":[],"_links":{"self":[{"href":"https:\/\/sites.ufca.edu.br\/agrotempo\/wp-json\/wp\/v2\/pages\/14"}],"collection":[{"href":"https:\/\/sites.ufca.edu.br\/agrotempo\/wp-json\/wp\/v2\/pages"}],"about":[{"href":"https:\/\/sites.ufca.edu.br\/agrotempo\/wp-json\/wp\/v2\/types\/page"}],"author":[{"embeddable":true,"href":"https:\/\/sites.ufca.edu.br\/agrotempo\/wp-json\/wp\/v2\/users\/206"}],"replies":[{"embeddable":true,"href":"https:\/\/sites.ufca.edu.br\/agrotempo\/wp-json\/wp\/v2\/comments?post=14"}],"version-history":[{"count":5,"href":"https:\/\/sites.ufca.edu.br\/agrotempo\/wp-json\/wp\/v2\/pages\/14\/revisions"}],"predecessor-version":[{"id":1057,"href":"https:\/\/sites.ufca.edu.br\/agrotempo\/wp-json\/wp\/v2\/pages\/14\/revisions\/1057"}],"wp:attachment":[{"href":"https:\/\/sites.ufca.edu.br\/agrotempo\/wp-json\/wp\/v2\/media?parent=14"}],"curies":[{"name":"wp","href":"https:\/\/api.w.org\/{rel}","templated":true}]}}