{"id":306,"date":"2021-11-09T23:10:39","date_gmt":"2021-11-10T02:10:39","guid":{"rendered":"https:\/\/sites.ufca.edu.br\/agrotempo\/?page_id=306"},"modified":"2024-02-12T20:35:17","modified_gmt":"2024-02-12T23:35:17","slug":"dados-2021","status":"publish","type":"page","link":"https:\/\/sites.ufca.edu.br\/agrotempo\/dados-2021\/","title":{"rendered":"DADOS 2021"},"content":{"rendered":"\n<p>Ol\u00e1! Aqui voc\u00ea pode efetuar o download dos dados meteorol\u00f3gicos disponibilizados pela esta\u00e7\u00e3o CCAB\/UFCA correspondentes ao ano de 2021.<\/p>\n\n\n\n<hr class=\"wp-block-separator\" \/>\n\n\n\n<div class=\"wp-container-1 wp-block-buttons\">\n<div class=\"wp-block-button\"><a class=\"wp-block-button__link\" href=\"https:\/\/sites.ufca.edu.br\/agrotempo\/wp-content\/uploads\/sites\/169\/2024\/02\/JANEIRO_2021.xlsx\">JANEIRO<\/a><\/div>\n\n\n\n<div class=\"wp-block-button\"><a class=\"wp-block-button__link\" href=\"https:\/\/sites.ufca.edu.br\/agrotempo\/wp-content\/uploads\/sites\/169\/2024\/02\/FEVEREIRO_2021.xlsx\">FEVEREIRO<\/a><\/div>\n\n\n\n<div class=\"wp-block-button\"><a class=\"wp-block-button__link\" href=\"https:\/\/sites.ufca.edu.br\/agrotempo\/wp-content\/uploads\/sites\/169\/2024\/02\/MARCO_2021.xlsx\">MAR\u00c7O<\/a><\/div>\n\n\n\n<div class=\"wp-block-button\"><a class=\"wp-block-button__link\" href=\"https:\/\/sites.ufca.edu.br\/agrotempo\/wp-content\/uploads\/sites\/169\/2024\/02\/ABRIL_2021.xlsx\">ABRIL<\/a><\/div>\n\n\n\n<div class=\"wp-block-button\"><a class=\"wp-block-button__link\" href=\"https:\/\/sites.ufca.edu.br\/agrotempo\/wp-content\/uploads\/sites\/169\/2024\/02\/MAIO_2021.xlsx\">MAIO<\/a><\/div>\n\n\n\n<div class=\"wp-block-button\"><a class=\"wp-block-button__link\" href=\"https:\/\/sites.ufca.edu.br\/agrotempo\/wp-content\/uploads\/sites\/169\/2024\/02\/JUNHO_2021.xlsx\">JUNHO<\/a><\/div>\n\n\n\n<div class=\"wp-block-button\"><a class=\"wp-block-button__link\" href=\"https:\/\/sites.ufca.edu.br\/agrotempo\/wp-content\/uploads\/sites\/169\/2024\/02\/JULHO_2021.xlsx\">JULHO<\/a><\/div>\n\n\n\n<div class=\"wp-block-button\"><a class=\"wp-block-button__link\" href=\"https:\/\/sites.ufca.edu.br\/agrotempo\/wp-content\/uploads\/sites\/169\/2024\/02\/AGOSTO_2021.xlsx\">AGOSTO<\/a><\/div>\n\n\n\n<div class=\"wp-block-button\"><a class=\"wp-block-button__link\" href=\"https:\/\/sites.ufca.edu.br\/agrotempo\/wp-content\/uploads\/sites\/169\/2024\/02\/SETEMBRO_2021.xlsx\">SETEMBRO<\/a><\/div>\n\n\n\n<div class=\"wp-block-button\"><a class=\"wp-block-button__link\" href=\"https:\/\/sites.ufca.edu.br\/agrotempo\/wp-content\/uploads\/sites\/169\/2024\/02\/OUTUBRO_2021.xlsx\">OUTUBRO<\/a><\/div>\n\n\n\n<div class=\"wp-block-button\"><a class=\"wp-block-button__link\" href=\"https:\/\/sites.ufca.edu.br\/agrotempo\/wp-content\/uploads\/sites\/169\/2024\/02\/NOVEMBRO_2021.xlsx\">NOVEMBRO<\/a><\/div>\n\n\n\n<div class=\"wp-block-button\"><a class=\"wp-block-button__link\" href=\"https:\/\/sites.ufca.edu.br\/agrotempo\/wp-content\/uploads\/sites\/169\/2024\/02\/DEZEMBRO_2021.xlsx\">DEZEMBRO<\/a><\/div>\n<\/div>\n\n\n\n<p><\/p>\n","protected":false},"excerpt":{"rendered":"<p>Ol\u00e1! Aqui voc\u00ea pode efetuar o download dos dados meteorol\u00f3gicos disponibilizados pela esta\u00e7\u00e3o CCAB\/UFCA correspondentes ao ano de 2021.<\/p>\n","protected":false},"author":206,"featured_media":0,"parent":0,"menu_order":0,"comment_status":"closed","ping_status":"closed","template":"","meta":[],"_links":{"self":[{"href":"https:\/\/sites.ufca.edu.br\/agrotempo\/wp-json\/wp\/v2\/pages\/306"}],"collection":[{"href":"https:\/\/sites.ufca.edu.br\/agrotempo\/wp-json\/wp\/v2\/pages"}],"about":[{"href":"https:\/\/sites.ufca.edu.br\/agrotempo\/wp-json\/wp\/v2\/types\/page"}],"author":[{"embeddable":true,"href":"https:\/\/sites.ufca.edu.br\/agrotempo\/wp-json\/wp\/v2\/users\/206"}],"replies":[{"embeddable":true,"href":"https:\/\/sites.ufca.edu.br\/agrotempo\/wp-json\/wp\/v2\/comments?post=306"}],"version-history":[{"count":23,"href":"https:\/\/sites.ufca.edu.br\/agrotempo\/wp-json\/wp\/v2\/pages\/306\/revisions"}],"predecessor-version":[{"id":1039,"href":"https:\/\/sites.ufca.edu.br\/agrotempo\/wp-json\/wp\/v2\/pages\/306\/revisions\/1039"}],"wp:attachment":[{"href":"https:\/\/sites.ufca.edu.br\/agrotempo\/wp-json\/wp\/v2\/media?parent=306"}],"curies":[{"name":"wp","href":"https:\/\/api.w.org\/{rel}","templated":true}]}}