{"id":407,"date":"2022-01-04T22:32:57","date_gmt":"2022-01-05T01:32:57","guid":{"rendered":"https:\/\/sites.ufca.edu.br\/agrotempo\/?page_id=407"},"modified":"2023-03-09T22:06:24","modified_gmt":"2023-03-10T01:06:24","slug":"equipe-lemge","status":"publish","type":"page","link":"https:\/\/sites.ufca.edu.br\/agrotempo\/equipe-lemge\/","title":{"rendered":"Equipe Agrotempo"},"content":{"rendered":"\n<p><\/p>\n\n\n\n<div class=\"wp-block-media-text alignwide is-stacked-on-mobile\" style=\"grid-template-columns:26% auto\"><figure class=\"wp-block-media-text__media\"><img loading=\"lazy\" width=\"736\" height=\"688\" src=\"https:\/\/sites.ufca.edu.br\/agrotempo\/wp-content\/uploads\/sites\/169\/2022\/01\/prof.-ana-celia.jpg\" alt=\"\" class=\"wp-image-408\" srcset=\"https:\/\/sites.ufca.edu.br\/agrotempo\/wp-content\/uploads\/sites\/169\/2022\/01\/prof.-ana-celia.jpg 736w, https:\/\/sites.ufca.edu.br\/agrotempo\/wp-content\/uploads\/sites\/169\/2022\/01\/prof.-ana-celia-300x280.jpg 300w, https:\/\/sites.ufca.edu.br\/agrotempo\/wp-content\/uploads\/sites\/169\/2022\/01\/prof.-ana-celia-600x561.jpg 600w\" sizes=\"(max-width: 736px) 100vw, 736px\" \/><\/figure><div class=\"wp-block-media-text__content\">\n<p class=\"has-large-font-size\"><strong>Profa. Ana C\u00e9lia Maia Meireles<\/strong><\/p>\n\n\n\n<p>Coordenadora do Projeto Agrotempo<\/p>\n<\/div><\/div>\n\n\n\n<hr class=\"wp-block-separator\" \/>\n\n\n\n<div class=\"wp-block-media-text alignwide is-stacked-on-mobile\" style=\"grid-template-columns:26% auto\"><figure class=\"wp-block-media-text__media\"><img loading=\"lazy\" width=\"960\" height=\"960\" src=\"https:\/\/sites.ufca.edu.br\/agrotempo\/wp-content\/uploads\/sites\/169\/2022\/01\/Apresentacao-sem-titulo-30-1.jpg\" alt=\"\" class=\"wp-image-414\" srcset=\"https:\/\/sites.ufca.edu.br\/agrotempo\/wp-content\/uploads\/sites\/169\/2022\/01\/Apresentacao-sem-titulo-30-1.jpg 960w, https:\/\/sites.ufca.edu.br\/agrotempo\/wp-content\/uploads\/sites\/169\/2022\/01\/Apresentacao-sem-titulo-30-1-300x300.jpg 300w, https:\/\/sites.ufca.edu.br\/agrotempo\/wp-content\/uploads\/sites\/169\/2022\/01\/Apresentacao-sem-titulo-30-1-150x150.jpg 150w, https:\/\/sites.ufca.edu.br\/agrotempo\/wp-content\/uploads\/sites\/169\/2022\/01\/Apresentacao-sem-titulo-30-1-768x768.jpg 768w, https:\/\/sites.ufca.edu.br\/agrotempo\/wp-content\/uploads\/sites\/169\/2022\/01\/Apresentacao-sem-titulo-30-1-600x600.jpg 600w, https:\/\/sites.ufca.edu.br\/agrotempo\/wp-content\/uploads\/sites\/169\/2022\/01\/Apresentacao-sem-titulo-30-1-945x945.jpg 945w\" sizes=\"(max-width: 960px) 100vw, 960px\" \/><\/figure><div class=\"wp-block-media-text__content\">\n<p class=\"has-large-font-size\"><strong>Prof. Carlos Wagner Oliveira&nbsp;<\/strong><\/p>\n\n\n\n<p>Coordenador do Laborat\u00f3rio de Hidr\u00e1ulica e Hidrologia<\/p>\n<\/div><\/div>\n\n\n\n<hr class=\"wp-block-separator\" \/>\n\n\n\n<div class=\"wp-block-media-text alignwide is-stacked-on-mobile\" style=\"grid-template-columns:26% auto\"><figure class=\"wp-block-media-text__media\"><img loading=\"lazy\" width=\"960\" height=\"960\" src=\"https:\/\/sites.ufca.edu.br\/agrotempo\/wp-content\/uploads\/sites\/169\/2022\/01\/Apresentacao-sem-titulo-29.jpg\" alt=\"\" class=\"wp-image-411\" srcset=\"https:\/\/sites.ufca.edu.br\/agrotempo\/wp-content\/uploads\/sites\/169\/2022\/01\/Apresentacao-sem-titulo-29.jpg 960w, https:\/\/sites.ufca.edu.br\/agrotempo\/wp-content\/uploads\/sites\/169\/2022\/01\/Apresentacao-sem-titulo-29-300x300.jpg 300w, https:\/\/sites.ufca.edu.br\/agrotempo\/wp-content\/uploads\/sites\/169\/2022\/01\/Apresentacao-sem-titulo-29-150x150.jpg 150w, https:\/\/sites.ufca.edu.br\/agrotempo\/wp-content\/uploads\/sites\/169\/2022\/01\/Apresentacao-sem-titulo-29-768x768.jpg 768w, https:\/\/sites.ufca.edu.br\/agrotempo\/wp-content\/uploads\/sites\/169\/2022\/01\/Apresentacao-sem-titulo-29-600x600.jpg 600w, https:\/\/sites.ufca.edu.br\/agrotempo\/wp-content\/uploads\/sites\/169\/2022\/01\/Apresentacao-sem-titulo-29-945x945.jpg 945w\" sizes=\"(max-width: 960px) 100vw, 960px\" \/><\/figure><div class=\"wp-block-media-text__content\">\n<p class=\"has-large-font-size\"><strong>Gabriela Gon\u00e7alves Costa<\/strong><\/p>\n\n\n\n<p>Mestranda em Desenvolvimento Regional Sustent\u00e1vel &#8211; UFCA; Engenheira Agr\u00f4noma.<\/p>\n<\/div><\/div>\n\n\n\n<hr class=\"wp-block-separator\" \/>\n\n\n\n<div class=\"wp-block-media-text alignwide is-stacked-on-mobile\" style=\"grid-template-columns:26% auto\"><figure class=\"wp-block-media-text__media\"><img loading=\"lazy\" width=\"640\" height=\"640\" src=\"https:\/\/sites.ufca.edu.br\/agrotempo\/wp-content\/uploads\/sites\/169\/2022\/01\/leoncio.jpg\" alt=\"\" class=\"wp-image-410\" srcset=\"https:\/\/sites.ufca.edu.br\/agrotempo\/wp-content\/uploads\/sites\/169\/2022\/01\/leoncio.jpg 640w, https:\/\/sites.ufca.edu.br\/agrotempo\/wp-content\/uploads\/sites\/169\/2022\/01\/leoncio-300x300.jpg 300w, https:\/\/sites.ufca.edu.br\/agrotempo\/wp-content\/uploads\/sites\/169\/2022\/01\/leoncio-150x150.jpg 150w, https:\/\/sites.ufca.edu.br\/agrotempo\/wp-content\/uploads\/sites\/169\/2022\/01\/leoncio-600x600.jpg 600w\" sizes=\"(max-width: 640px) 100vw, 640px\" \/><\/figure><div class=\"wp-block-media-text__content\">\n<p class=\"has-large-font-size\"><strong>Le\u00f4ncio Gon\u00e7alves Rodrigues<\/strong><\/p>\n\n\n\n<p>Mestre em Desenvolvimento Regional Sustent\u00e1vel &#8211; UFCA; Tecn\u00f3logo em An\u00e1lise e Desenvolvimentos de Sistemas<\/p>\n<\/div><\/div>\n","protected":false},"excerpt":{"rendered":"<p>Profa. Ana C\u00e9lia Maia Meireles Coordenadora do Projeto Agrotempo Prof. Carlos Wagner Oliveira&nbsp; Coordenador do Laborat\u00f3rio de Hidr\u00e1ulica e Hidrologia Gabriela Gon\u00e7alves Costa Mestranda em Desenvolvimento Regional Sustent\u00e1vel &#8211; UFCA; Engenheira Agr\u00f4noma. Le\u00f4ncio Gon\u00e7alves Rodrigues Mestre em Desenvolvimento Regional Sustent\u00e1vel&#8230; <a class=\"more-link\" href=\"https:\/\/sites.ufca.edu.br\/agrotempo\/equipe-lemge\/\">Continue Reading &rarr;<\/a><\/p>\n","protected":false},"author":206,"featured_media":0,"parent":0,"menu_order":0,"comment_status":"closed","ping_status":"closed","template":"","meta":[],"_links":{"self":[{"href":"https:\/\/sites.ufca.edu.br\/agrotempo\/wp-json\/wp\/v2\/pages\/407"}],"collection":[{"href":"https:\/\/sites.ufca.edu.br\/agrotempo\/wp-json\/wp\/v2\/pages"}],"about":[{"href":"https:\/\/sites.ufca.edu.br\/agrotempo\/wp-json\/wp\/v2\/types\/page"}],"author":[{"embeddable":true,"href":"https:\/\/sites.ufca.edu.br\/agrotempo\/wp-json\/wp\/v2\/users\/206"}],"replies":[{"embeddable":true,"href":"https:\/\/sites.ufca.edu.br\/agrotempo\/wp-json\/wp\/v2\/comments?post=407"}],"version-history":[{"count":5,"href":"https:\/\/sites.ufca.edu.br\/agrotempo\/wp-json\/wp\/v2\/pages\/407\/revisions"}],"predecessor-version":[{"id":879,"href":"https:\/\/sites.ufca.edu.br\/agrotempo\/wp-json\/wp\/v2\/pages\/407\/revisions\/879"}],"wp:attachment":[{"href":"https:\/\/sites.ufca.edu.br\/agrotempo\/wp-json\/wp\/v2\/media?parent=407"}],"curies":[{"name":"wp","href":"https:\/\/api.w.org\/{rel}","templated":true}]}}