{"id":44,"date":"2021-06-19T12:01:52","date_gmt":"2021-06-19T15:01:52","guid":{"rendered":"https:\/\/sites.ufca.edu.br\/agrotempo\/?page_id=44"},"modified":"2021-10-06T09:07:36","modified_gmt":"2021-10-06T12:07:36","slug":"links","status":"publish","type":"page","link":"https:\/\/sites.ufca.edu.br\/agrotempo\/links\/","title":{"rendered":"Links"},"content":{"rendered":"\n<p><a href=\"http:\/\/www.funceme.br\/\" data-type=\"URL\" data-id=\"http:\/\/www.funceme.br\/\">Funda\u00e7\u00e3o Cearense de Meteorologia (FUNCEME)<\/a><\/p>\n\n\n\n<p><a href=\"https:\/\/portal.inmet.gov.br\/\" data-type=\"URL\" data-id=\"https:\/\/portal.inmet.gov.br\/\">Instituto Nacional de Meteorologia (INMET)<\/a><\/p>\n\n\n\n<p><a href=\"https:\/\/www.gov.br\/ana\/pt-br\" data-type=\"URL\" data-id=\"https:\/\/www.gov.br\/ana\/pt-br\">Ag\u00eancia Nacional das `\u00c1guas e Saneamento B\u00e1sico (ANA)<\/a><\/p>\n","protected":false},"excerpt":{"rendered":"<p>Funda\u00e7\u00e3o Cearense de Meteorologia (FUNCEME) Instituto Nacional de Meteorologia (INMET) Ag\u00eancia Nacional das `\u00c1guas e Saneamento B\u00e1sico (ANA)<\/p>\n","protected":false},"author":206,"featured_media":0,"parent":0,"menu_order":0,"comment_status":"closed","ping_status":"closed","template":"","meta":[],"_links":{"self":[{"href":"https:\/\/sites.ufca.edu.br\/agrotempo\/wp-json\/wp\/v2\/pages\/44"}],"collection":[{"href":"https:\/\/sites.ufca.edu.br\/agrotempo\/wp-json\/wp\/v2\/pages"}],"about":[{"href":"https:\/\/sites.ufca.edu.br\/agrotempo\/wp-json\/wp\/v2\/types\/page"}],"author":[{"embeddable":true,"href":"https:\/\/sites.ufca.edu.br\/agrotempo\/wp-json\/wp\/v2\/users\/206"}],"replies":[{"embeddable":true,"href":"https:\/\/sites.ufca.edu.br\/agrotempo\/wp-json\/wp\/v2\/comments?post=44"}],"version-history":[{"count":3,"href":"https:\/\/sites.ufca.edu.br\/agrotempo\/wp-json\/wp\/v2\/pages\/44\/revisions"}],"predecessor-version":[{"id":181,"href":"https:\/\/sites.ufca.edu.br\/agrotempo\/wp-json\/wp\/v2\/pages\/44\/revisions\/181"}],"wp:attachment":[{"href":"https:\/\/sites.ufca.edu.br\/agrotempo\/wp-json\/wp\/v2\/media?parent=44"}],"curies":[{"name":"wp","href":"https:\/\/api.w.org\/{rel}","templated":true}]}}