{"id":16,"date":"2018-12-06T13:39:29","date_gmt":"2018-12-06T16:39:29","guid":{"rendered":"http:\/\/sites.ufca.edu.br\/computacao\/?page_id=16"},"modified":"2023-03-02T15:16:49","modified_gmt":"2023-03-02T18:16:49","slug":"administracao","status":"publish","type":"page","link":"https:\/\/sites.ufca.edu.br\/computacao\/administracao\/","title":{"rendered":"Administra\u00e7\u00e3o"},"content":{"rendered":"<p><strong>Coordena\u00e7\u00e3o de Ensino<\/strong><br \/>\nProf. Nelson Carvalho Sandes(Coordenador)<br \/>\nProfa. Paola Rodrigues Godoy Accioly (Vice-Coordenadora)<br \/>\n<!-- br--><br \/>\n<strong>Servidores T\u00e9cnico-Administrativos<\/strong><br \/>\nAntony Frank Alves Nunes (Servidor)<br \/>\n<!-- br--><br \/>\n<strong>Desenvolvimento do site<\/strong><br \/>\nAlmir Herisson\u00a0Costa dos Santos (discente)<br \/>\n<!-- br--><br \/>\n<strong>Colegiado do Curso<\/strong><br \/>\nProfa. Camila Helena Souza Oliveira<br \/>\nProf. Carlos Vin\u00edcius Gomes Costa Lima<br \/>\nProf. Nelson Carvalho Sandes (Presidente)<br \/>\nProfa. Paola Rodrigues Godoy Accioly<br \/>\nProf. Rafael Perazzo Barbosa Mota<br \/>\nProf. Roberto Hugo Wanderley Pinheiro<br \/>\nProf. Thiago Bessa Pontes<br \/>\nProf. Thiago Braga Marcilon<br \/>\nAluno Camila Vanessa de Matos<br \/>\nAluno Luiz Kaio Matins Silva<\/p>\n<p><strong>N\u00facleo Docente Estruturante &#8211; NDE<\/strong><\/p>\n<p>Prof. Nelson Carvalho Sandes (Presidente)<br \/>\nProfa. Paola Rodrigues Godoy Accioly (Vice-Presidente)<br \/>\nProfa. Luana Batista da Cruz<br \/>\nProf. Carlos Vin\u00edcius Gomes da Costa Lima<br \/>\nProf. Ramon Santos Nepomuceno<br \/>\nProf. Dorgival Pereira da Silva Netto<!-- br--><\/p>\n<p><strong>Coordenadores Anteriores<\/strong><\/p>\n<p>Prof. Roberto Hugo Wanderley Pinheiro (Coordenador de curso &#8211; 2021 a 2022)<br \/>\nProf. Thiago Braga Marcilon (Coordenador de curso &#8211; 2019 a 2020)<br \/>\nProf. Maxwell Guimar\u00e3es de Oliveira (Coordenador de implanta\u00e7\u00e3o &#8211; 2017 a 2018)<br \/>\nProf. Rafael Perazzo Barbosa Mota (Coordenador de implanta\u00e7\u00e3o &#8211; 2016 a 2017)<!-- br--><\/p>\n","protected":false},"excerpt":{"rendered":"<p>Coordena\u00e7\u00e3o de Ensino Prof. Nelson Carvalho Sandes(Coordenador) Profa. Paola Rodrigues Godoy Accioly (Vice-Coordenadora) Servidores T\u00e9cnico-Administrativos Antony Frank Alves Nunes (Servidor) Desenvolvimento do site Almir Herisson\u00a0Costa dos Santos (discente) Colegiado do Curso Profa. Camila Helena Souza Oliveira Prof. Carlos Vin\u00edcius Gomes Costa Lima Prof. Nelson Carvalho Sandes (Presidente) Profa. Paola Rodrigues Godoy Accioly Prof. Rafael Perazzo [&hellip;]<\/p>\n","protected":false},"author":141,"featured_media":0,"parent":0,"menu_order":0,"comment_status":"closed","ping_status":"closed","template":"","meta":[],"_links":{"self":[{"href":"https:\/\/sites.ufca.edu.br\/computacao\/wp-json\/wp\/v2\/pages\/16"}],"collection":[{"href":"https:\/\/sites.ufca.edu.br\/computacao\/wp-json\/wp\/v2\/pages"}],"about":[{"href":"https:\/\/sites.ufca.edu.br\/computacao\/wp-json\/wp\/v2\/types\/page"}],"author":[{"embeddable":true,"href":"https:\/\/sites.ufca.edu.br\/computacao\/wp-json\/wp\/v2\/users\/141"}],"replies":[{"embeddable":true,"href":"https:\/\/sites.ufca.edu.br\/computacao\/wp-json\/wp\/v2\/comments?post=16"}],"version-history":[{"count":44,"href":"https:\/\/sites.ufca.edu.br\/computacao\/wp-json\/wp\/v2\/pages\/16\/revisions"}],"predecessor-version":[{"id":585,"href":"https:\/\/sites.ufca.edu.br\/computacao\/wp-json\/wp\/v2\/pages\/16\/revisions\/585"}],"wp:attachment":[{"href":"https:\/\/sites.ufca.edu.br\/computacao\/wp-json\/wp\/v2\/media?parent=16"}],"curies":[{"name":"wp","href":"https:\/\/api.w.org\/{rel}","templated":true}]}}