{"id":18,"date":"2018-12-06T13:41:21","date_gmt":"2018-12-06T16:41:21","guid":{"rendered":"http:\/\/sites.ufca.edu.br\/computacao\/?page_id=18"},"modified":"2021-01-22T14:59:59","modified_gmt":"2021-01-22T17:59:59","slug":"contato","status":"publish","type":"page","link":"https:\/\/sites.ufca.edu.br\/computacao\/contato\/","title":{"rendered":"Contato"},"content":{"rendered":"<p><b>Universidade Federal do Cariri<\/b><\/p>\n<p><b>Centro de Ci\u00eancia e Tecnologia &#8211; CCT<\/b><\/p>\n<p><b>Coordena\u00e7\u00e3o do Curso de Ci\u00eancia da Computa\u00e7\u00e3o<\/b><\/p>\n<p><b>Endere\u00e7o:<\/b> Av. Tenente Raimundo Rocha, 1639, bloco K, sala K01-s, Bairro Cidade Universit\u00e1ria, Juazeiro do Norte, Cear\u00e1, Brasil, CEP 63048-080<\/p>\n<p><strong>Telefone:<\/strong> (88) 3221-9726<\/p>\n<p><strong>E-mail:<\/strong> computacao.cct em ufca.edu.br<\/p>\n","protected":false},"excerpt":{"rendered":"<p>Universidade Federal do Cariri Centro de Ci\u00eancia e Tecnologia &#8211; CCT Coordena\u00e7\u00e3o do Curso de Ci\u00eancia da Computa\u00e7\u00e3o Endere\u00e7o: Av. Tenente Raimundo Rocha, 1639, bloco K, sala K01-s, Bairro Cidade Universit\u00e1ria, Juazeiro do Norte, Cear\u00e1, Brasil, CEP 63048-080 Telefone: (88) 3221-9726 E-mail: computacao.cct em ufca.edu.br<\/p>\n","protected":false},"author":141,"featured_media":0,"parent":0,"menu_order":0,"comment_status":"closed","ping_status":"closed","template":"","meta":[],"_links":{"self":[{"href":"https:\/\/sites.ufca.edu.br\/computacao\/wp-json\/wp\/v2\/pages\/18"}],"collection":[{"href":"https:\/\/sites.ufca.edu.br\/computacao\/wp-json\/wp\/v2\/pages"}],"about":[{"href":"https:\/\/sites.ufca.edu.br\/computacao\/wp-json\/wp\/v2\/types\/page"}],"author":[{"embeddable":true,"href":"https:\/\/sites.ufca.edu.br\/computacao\/wp-json\/wp\/v2\/users\/141"}],"replies":[{"embeddable":true,"href":"https:\/\/sites.ufca.edu.br\/computacao\/wp-json\/wp\/v2\/comments?post=18"}],"version-history":[{"count":13,"href":"https:\/\/sites.ufca.edu.br\/computacao\/wp-json\/wp\/v2\/pages\/18\/revisions"}],"predecessor-version":[{"id":443,"href":"https:\/\/sites.ufca.edu.br\/computacao\/wp-json\/wp\/v2\/pages\/18\/revisions\/443"}],"wp:attachment":[{"href":"https:\/\/sites.ufca.edu.br\/computacao\/wp-json\/wp\/v2\/media?parent=18"}],"curies":[{"name":"wp","href":"https:\/\/api.w.org\/{rel}","templated":true}]}}