{"id":203,"date":"2019-02-05T14:08:33","date_gmt":"2019-02-05T17:08:33","guid":{"rendered":"http:\/\/sites.ufca.edu.br\/computacao\/?page_id=203"},"modified":"2022-08-26T11:32:24","modified_gmt":"2022-08-26T14:32:24","slug":"corpo-docente","status":"publish","type":"page","link":"https:\/\/sites.ufca.edu.br\/computacao\/corpo-docente\/","title":{"rendered":"Corpo Docente"},"content":{"rendered":"<p>A Unidade Curricular de Ci\u00eancia da Computa\u00e7\u00e3o da UFCA possui atualmente 12 profissionais docentes, todos com doutorado. Os professores exercem um conjunto amplo de atividades, como Ensino de Gradua\u00e7\u00e3o, lideran\u00e7a em Projetos de Pesquisa e Desenvolvimento, Extens\u00e3o Universit\u00e1ria e tamb\u00e9m em setores da Administra\u00e7\u00e3o da Universidade. Os professores est\u00e3o listados abaixo, com links para seus respectivos curr\u00edculos da Plataforma Lattes.<\/p>\n<table style=\"width: 603.35px\" border=\"1\">\n<tbody>\n<tr>\n<td style=\"width: 298px\"><strong>Nome Completo<\/strong><\/td>\n<td style=\"width: 103px\"><strong>Titula\u00e7\u00e3o<\/strong><\/td>\n<td style=\"width: 231.35px\"><strong>Atua\u00e7\u00e3o principal<\/strong><\/td>\n<td style=\"width: 103px\"><strong>\u00c1rea<\/strong><\/td>\n<\/tr>\n<tr>\n<td style=\"width: 298px\"><a href=\"http:\/\/lattes.cnpq.br\/0625932165959479\">Camila Helena Souza Oliveira<\/a><\/td>\n<td style=\"width: 103px\">Doutorado<\/td>\n<td style=\"width: 231.35px\">Gradua\u00e7\u00e3o<\/td>\n<td>Redes de Computadores<\/td>\n<\/tr>\n<tr>\n<td style=\"width: 298px\"><a href=\"http:\/\/lattes.cnpq.br\/9245122165772401\">Carlos Vin\u00edcius Gomes Costa Lima<\/a><\/td>\n<td style=\"width: 103px\">Doutorado<\/td>\n<td style=\"width: 231.35px\">Gradua\u00e7\u00e3o<\/td>\n<td>Teoria da Computa\u00e7\u00e3o<\/td>\n<\/tr>\n<tr>\n<td style=\"width: 298px\"><a href=\"http:\/\/lattes.cnpq.br\/4219105383149859\">Nelson Carvalho Sandes<\/a><\/td>\n<td style=\"width: 103px\">Doutorado<\/td>\n<td style=\"width: 231.35px\">Gradua\u00e7\u00e3o e Gest\u00e3o<\/td>\n<td>Ci\u00eancia dos dados<\/td>\n<\/tr>\n<tr>\n<td style=\"width: 298px\"><a href=\"http:\/\/lattes.cnpq.br\/6629813636801870\">Paola Rodrigues Godoy Accioly<\/a><\/td>\n<td style=\"width: 103px\">Doutorado<\/td>\n<td style=\"width: 231.35px\">Gradua\u00e7\u00e3o e Gest\u00e3o<\/td>\n<td>Eng. de Software<\/td>\n<\/tr>\n<tr>\n<td style=\"width: 298px\"><a href=\"http:\/\/lattes.cnpq.br\/3078288668202994\">Rafael Perazzo Barbosa Mota<\/a><\/td>\n<td style=\"width: 103px\">Doutorado<\/td>\n<td style=\"width: 231.35px\">Gradua\u00e7\u00e3o e Gest\u00e3o<\/td>\n<td>Redes de Computadores<\/td>\n<\/tr>\n<tr>\n<td style=\"width: 298px\"><a href=\"http:\/\/lattes.cnpq.br\/9378863653048055\">Roberto Hugo Wanderley Pinheiro<\/a><\/td>\n<td style=\"width: 103px\">Doutorado<\/td>\n<td style=\"width: 231.35px\">Gradua\u00e7\u00e3o e Gest\u00e3o<\/td>\n<td>Ci\u00eancia dos Dados<\/td>\n<\/tr>\n<tr>\n<td style=\"width: 298px\"><a href=\"http:\/\/lattes.cnpq.br\/8581482237505248\">Thiago Bessa Pontes<\/a><\/td>\n<td style=\"width: 103px\">Doutorado<\/td>\n<td style=\"width: 231.35px\">Gradua\u00e7\u00e3o<\/td>\n<td>Eng. de Software<\/td>\n<\/tr>\n<tr>\n<td style=\"width: 298px\"><a href=\"http:\/\/lattes.cnpq.br\/6634329670074863\">Thiago Braga Marcilon<\/a><\/td>\n<td style=\"width: 103px\">Doutorado<\/td>\n<td style=\"width: 231.35px\">Gradua\u00e7\u00e3o<\/td>\n<td>Teoria da Computa\u00e7\u00e3o<\/td>\n<\/tr>\n<tr>\n<td style=\"width: 298px\">Ramon Santos Nepomuceno<\/td>\n<td style=\"width: 103px\">Doutorado<\/td>\n<td style=\"width: 231.35px\">Gradua\u00e7\u00e3o<\/td>\n<td>Hardware<\/td>\n<\/tr>\n<tr>\n<td style=\"width: 298px\">Lu\u00eds Henrique Bustamante de Morais<\/td>\n<td style=\"width: 103px\">Doutorado<\/td>\n<td style=\"width: 231.35px\">Gradua\u00e7\u00e3o<\/td>\n<td>Teoria da Computa\u00e7\u00e3o<\/td>\n<\/tr>\n<tr>\n<td style=\"width: 298px\">Dorgival Pereira da Silva Neto<\/td>\n<td style=\"width: 103px\">Doutorado<\/td>\n<td style=\"width: 231.35px\">Gradua\u00e7\u00e3o<\/td>\n<td>Eng. de Software<\/td>\n<\/tr>\n<tr>\n<td style=\"width: 298px\">Luana Batista da Cruz<\/td>\n<td style=\"width: 103px\">Doutorado<\/td>\n<td style=\"width: 231.35px\">Gradua\u00e7\u00e3o<\/td>\n<td>Computa\u00e7\u00e3o Gr\u00e1fica<\/td>\n<\/tr>\n<\/tbody>\n<\/table>\n","protected":false},"excerpt":{"rendered":"<p>A Unidade Curricular de Ci\u00eancia da Computa\u00e7\u00e3o da UFCA possui atualmente 12 profissionais docentes, todos com doutorado. Os professores exercem um conjunto amplo de atividades, como Ensino de Gradua\u00e7\u00e3o, lideran\u00e7a em Projetos de Pesquisa e Desenvolvimento, Extens\u00e3o Universit\u00e1ria e tamb\u00e9m em setores da Administra\u00e7\u00e3o da Universidade. Os professores est\u00e3o listados abaixo, com links para seus [&hellip;]<\/p>\n","protected":false},"author":143,"featured_media":0,"parent":0,"menu_order":0,"comment_status":"closed","ping_status":"closed","template":"","meta":[],"_links":{"self":[{"href":"https:\/\/sites.ufca.edu.br\/computacao\/wp-json\/wp\/v2\/pages\/203"}],"collection":[{"href":"https:\/\/sites.ufca.edu.br\/computacao\/wp-json\/wp\/v2\/pages"}],"about":[{"href":"https:\/\/sites.ufca.edu.br\/computacao\/wp-json\/wp\/v2\/types\/page"}],"author":[{"embeddable":true,"href":"https:\/\/sites.ufca.edu.br\/computacao\/wp-json\/wp\/v2\/users\/143"}],"replies":[{"embeddable":true,"href":"https:\/\/sites.ufca.edu.br\/computacao\/wp-json\/wp\/v2\/comments?post=203"}],"version-history":[{"count":16,"href":"https:\/\/sites.ufca.edu.br\/computacao\/wp-json\/wp\/v2\/pages\/203\/revisions"}],"predecessor-version":[{"id":555,"href":"https:\/\/sites.ufca.edu.br\/computacao\/wp-json\/wp\/v2\/pages\/203\/revisions\/555"}],"wp:attachment":[{"href":"https:\/\/sites.ufca.edu.br\/computacao\/wp-json\/wp\/v2\/media?parent=203"}],"curies":[{"name":"wp","href":"https:\/\/api.w.org\/{rel}","templated":true}]}}