{"id":207,"date":"2019-02-05T14:15:06","date_gmt":"2019-02-05T17:15:06","guid":{"rendered":"http:\/\/sites.ufca.edu.br\/computacao\/?page_id=207"},"modified":"2020-01-16T01:35:46","modified_gmt":"2020-01-16T04:35:46","slug":"perfil-do-egresso","status":"publish","type":"page","link":"https:\/\/sites.ufca.edu.br\/computacao\/perfil-do-egresso\/","title":{"rendered":"Perfil do Egresso"},"content":{"rendered":"<p style=\"text-align: justify\">O perfil do egresso desejado do curso de Ci\u00eancia da Computa\u00e7\u00e3o da UFCA contempla aspectos t\u00e9cnicos, cient\u00edficos, \u00e9ticos, human\u00edsticos e sociais, conforme sugerido pela SBC. Al\u00e9m do h\u00e1bito de resolver problemas e de pensar algoritmicamente, caracter\u00edsticas inerentes a todo cientista da computa\u00e7\u00e3o, o curso formar\u00e1 alunos:<\/p>\n<ol style=\"padding-left: 0\">\n<li style=\"text-align: justify\">Com s\u00f3lida forma\u00e7\u00e3o em Matem\u00e1tica e em Fundamentos da Computa\u00e7\u00e3o necess\u00e1rios para desenvolver softwares e infraestrutura de software de sistemas de computa\u00e7\u00e3o.<\/li>\n<li style=\"text-align: justify\">Conscientes da import\u00e2ncia dos fundamentos te\u00f3ricos da \u00e1rea da Computa\u00e7\u00e3o e de seus impactos na pr\u00e1tica profissional.<\/li>\n<li style=\"text-align: justify\">Capazes de adquirir, compreender, manipular e produzir conhecimento t\u00e9cnico e cient\u00edfico inovadores na \u00e1rea da Computa\u00e7\u00e3o em seus diversos contextos.<\/li>\n<li style=\"text-align: justify\">Conscientes de que a \u00e1rea da Computa\u00e7\u00e3o \u00e9 um ramo que avan\u00e7a rapidamente, tanto em seus aspectos te\u00f3ricos quanto tecnol\u00f3gicos, e que isto requer a renova\u00e7\u00e3o cont\u00ednua de seus conhecimentos.<\/li>\n<li style=\"text-align: justify\">Experientes na pr\u00e1tica do desenvolvimento de softwares, experi\u00eancia adquirida pela participa\u00e7\u00e3o em projetos de pequeno\/m\u00e9dio porte realizados em disciplinas durante o curso, cujas solu\u00e7\u00f5es exijam conhecimentos que v\u00e3o al\u00e9m das ementas, e pela participa\u00e7\u00e3o em est\u00e1gios em empresas do setor.<\/li>\n<li style=\"text-align: justify\">Habituados com o trabalho em equipes inter e multidisciplinares constitu\u00eddas com o intuito de resolver problemas complexos provenientes de diferentes dom\u00ednios de aplica\u00e7\u00e3o.<\/li>\n<li style=\"text-align: justify\">Conscientes de que em qualquer setor de atua\u00e7\u00e3o \u00e9 fundamental inovar e empreender, o que requer uma vis\u00e3o global do setor para possibilitar a identifica\u00e7\u00e3o de novas perspectivas e oportunidades.<\/li>\n<li style=\"text-align: justify\">Sabedores de que a constru\u00e7\u00e3o de sistemas de computa\u00e7\u00e3o atinge direta ou indiretamente indiv\u00edduos e a sociedade, afetando quest\u00f5es sociais, legais, \u00e9ticas, culturais e ambientais em todo o mundo, necessitando que estes sejam cientes de suas responsabilidades como indiv\u00edduo isolado e como parte da comunidade quando do acontecimento de poss\u00edveis falhas.<\/li>\n<\/ol>\n","protected":false},"excerpt":{"rendered":"<p>O perfil do egresso desejado do curso de Ci\u00eancia da Computa\u00e7\u00e3o da UFCA contempla aspectos t\u00e9cnicos, cient\u00edficos, \u00e9ticos, human\u00edsticos e sociais, conforme sugerido pela SBC. Al\u00e9m do h\u00e1bito de resolver problemas e de pensar algoritmicamente, caracter\u00edsticas inerentes a todo cientista da computa\u00e7\u00e3o, o curso formar\u00e1 alunos: Com s\u00f3lida forma\u00e7\u00e3o em Matem\u00e1tica e em Fundamentos da [&hellip;]<\/p>\n","protected":false},"author":143,"featured_media":0,"parent":0,"menu_order":0,"comment_status":"closed","ping_status":"closed","template":"","meta":[],"_links":{"self":[{"href":"https:\/\/sites.ufca.edu.br\/computacao\/wp-json\/wp\/v2\/pages\/207"}],"collection":[{"href":"https:\/\/sites.ufca.edu.br\/computacao\/wp-json\/wp\/v2\/pages"}],"about":[{"href":"https:\/\/sites.ufca.edu.br\/computacao\/wp-json\/wp\/v2\/types\/page"}],"author":[{"embeddable":true,"href":"https:\/\/sites.ufca.edu.br\/computacao\/wp-json\/wp\/v2\/users\/143"}],"replies":[{"embeddable":true,"href":"https:\/\/sites.ufca.edu.br\/computacao\/wp-json\/wp\/v2\/comments?post=207"}],"version-history":[{"count":1,"href":"https:\/\/sites.ufca.edu.br\/computacao\/wp-json\/wp\/v2\/pages\/207\/revisions"}],"predecessor-version":[{"id":208,"href":"https:\/\/sites.ufca.edu.br\/computacao\/wp-json\/wp\/v2\/pages\/207\/revisions\/208"}],"wp:attachment":[{"href":"https:\/\/sites.ufca.edu.br\/computacao\/wp-json\/wp\/v2\/media?parent=207"}],"curies":[{"name":"wp","href":"https:\/\/api.w.org\/{rel}","templated":true}]}}