{"id":248,"date":"2019-03-08T08:12:28","date_gmt":"2019-03-08T11:12:28","guid":{"rendered":"http:\/\/sites.ufca.edu.br\/computacao\/?page_id=248"},"modified":"2023-03-17T13:54:58","modified_gmt":"2023-03-17T16:54:58","slug":"laboratorios","status":"publish","type":"page","link":"https:\/\/sites.ufca.edu.br\/computacao\/laboratorios\/","title":{"rendered":"Laborat\u00f3rios"},"content":{"rendered":"<p>Os cinco laborat\u00f3rios localizados no subsolo do Bloco K (campus Juazeiro do Norte) s\u00e3o de <strong><span style=\"text-decoration: underline\">uso priorit\u00e1rio<\/span><\/strong> para atividades relacionadas com os cursos de Ci\u00eancia da Computa\u00e7\u00e3o e Matem\u00e1tica Computacional, e possuem agenda gerida por docentes da unidade curricular de Computa\u00e7\u00e3o, para os per\u00edodos da manh\u00e3 e tarde.<\/p>\n<p>A agenda pode ser consultada em:<\/p>\n<p><a href=\"https:\/\/sci01-ter-jne.ufca.edu.br\/mrbs\/web\/index.php\" target=\"_blank\" rel=\"noopener noreferrer\">https:\/\/sci01-ter-jne.ufca.edu.br\/mrbs\/web\/index.php<\/a><\/p>\n<p>As reservas devem ser solicitadas atrav\u00e9s do e-mail computacao.cct@ufca.edu.br, informando o dia e hor\u00e1rio desejado. <strong>Consulte antes<\/strong> se o dia e hor\u00e1rio da solicita\u00e7\u00e3o est\u00e1 dispon\u00edvel no link acima.&nbsp;<\/p>\n<p>Solicita\u00e7\u00f5es de reservas para o <strong>hor\u00e1rio noturno<\/strong> devem ser solicitadas <strong>diretamente para a unidade acad\u00eamica de lota\u00e7\u00e3o do servidor<\/strong>.&nbsp;<\/p>\n<p><strong>Avisos importantes:<\/strong><\/p>\n<ul>\n<li>Os laborat\u00f3rios s\u00f3 poder\u00e3o&nbsp;ser usados por discentes mediante presen\u00e7a de,&nbsp;no m\u00ednimo, um bolsista\/monitor ou&nbsp;docente respons\u00e1vel;<\/li>\n<li>\u00c9 proibido o consumo de alimentos e\/ou bebidas no interior dos laborat\u00f3rios.<\/li>\n<li>A chave deve ser retirada e devolvida na portaria, no dia da utiliza\u00e7\u00e3o do espa\u00e7o.<\/li>\n<li><strong>N\u00e3o esque\u00e7a de devolver a chave IMEDIATAMENTE ap\u00f3s a utiliza\u00e7\u00e3o do espa\u00e7o<\/strong>, pois a n\u00e3o devolu\u00e7\u00e3o pode prejudicar outros servidores que necessitem utilizar o espa\u00e7o posteriormente.<\/li>\n<\/ul>\n\n\n<h1>Infraestrutura<\/h1>\n\n\n\n<h2>LRC &#8211; Laborat\u00f3rio de Redes e Comunica\u00e7\u00e3o &#8211; K01-s<\/h2>\n\n\n\n<p>Laborat\u00f3rio para pr\u00e1tica did\u00e1tica <strong>EXCLUSIVA<\/strong> de assuntos relacionados a redes de computadores, seguran\u00e7a computacional, hardware e programa\u00e7\u00e3o computacional. Este <strong>n\u00e3o \u00e9 um laborat\u00f3rio de inform\u00e1tica de uso geral<\/strong>.<\/p>\n\n\n\n<p>Possui 19 m\u00e1quinas, com <strong>GNU Debian Linux 11.5<\/strong>, dual core e quadcore, de 2Gb a 16Gb de RAM, autentica\u00e7\u00e3o via LDAP e sistema de arquivos NFS. Al\u00e9m disso o lab conta com equipamentos de rede como swithces HP, cabos de rede e um hack para os switches. <\/p>\n\n\n\n<p>Principais softwares: MPICH, slurm, gcc, python3, java openjdk 1.7, NodeJs 18, eclipse IDE, Visual Studio Code, InteliJ, WebStorm, Pycharm, Dataspell, entre outros.<\/p>\n\n\n\n<h2>CDAT &#8211; Cluster Did\u00e1tico Alan Turing &#8211; K01-s<\/h2>\n\n\n\n<p>O Cluster Alan Turing possui 8 n\u00f3s computacionais distribu\u00eddos f\u00edsicamente em 1 mesa, cada n\u00f3 com 1 processador dualcore e 2 Gigabytes de mem\u00f3ria principal, agregando um total de 16 n\u00facleos de processamento (cores) e aproximadamente 16 Gigabytes de mem\u00f3ria distribu\u00edda pela m\u00e1quina.&nbsp;<\/p>\n\n\n\n<p>O Cluster \u00e9 interligado atrav\u00e9s de um&nbsp;<em>switch<\/em>&nbsp;l\u00f3gico fast Ethernet 10\/100.<\/p>\n\n\n\n<p>N\u00e3o trata-se de um sistema de alto desempenho, e sim de um sistema para fins did\u00e1ticos.<\/p>\n\n\n\n<p>O cluster \u00e9 gerenciado pelo software livre Slurm e possui suporte \u00e0s linguagens C\/C++, Fortran e biblioteca MPI (MPICH). <\/p>\n\n\n\n<figure class=\"wp-block-image size-large is-resized\"><img loading=\"lazy\" src=\"https:\/\/sites.ufca.edu.br\/computacao\/wp-content\/uploads\/sites\/116\/2022\/11\/1669031516872-473x1024.jpg\" alt=\"\" class=\"wp-image-566\" width=\"254\" height=\"551\" srcset=\"https:\/\/sites.ufca.edu.br\/computacao\/wp-content\/uploads\/sites\/116\/2022\/11\/1669031516872-473x1024.jpg 473w, https:\/\/sites.ufca.edu.br\/computacao\/wp-content\/uploads\/sites\/116\/2022\/11\/1669031516872-138x300.jpg 138w, https:\/\/sites.ufca.edu.br\/computacao\/wp-content\/uploads\/sites\/116\/2022\/11\/1669031516872-768x1664.jpg 768w, https:\/\/sites.ufca.edu.br\/computacao\/wp-content\/uploads\/sites\/116\/2022\/11\/1669031516872-709x1536.jpg 709w, https:\/\/sites.ufca.edu.br\/computacao\/wp-content\/uploads\/sites\/116\/2022\/11\/1669031516872-945x2048.jpg 945w, https:\/\/sites.ufca.edu.br\/computacao\/wp-content\/uploads\/sites\/116\/2022\/11\/1669031516872-scaled.jpg 1181w\" sizes=\"(max-width: 254px) 100vw, 254px\" \/><figcaption>Figura 1. Cluster Alan Turing<\/figcaption><\/figure>\n\n\n\n<h3>Hardware<\/h3>\n\n\n\n<p>Os servidores que comp\u00f5em o cluster did\u00e1tico do CDAT, Figura 1, est\u00e3o organizados da seguinte forma:<\/p>\n\n\n\n<figure class=\"wp-block-table\"><table><tbody><tr><th>Quantidade<\/th><th>Descri\u00e7\u00e3o<\/th><th>Hardware<\/th><th>Hostnames<\/th><\/tr><tr><td>1<\/td><td>Servidor login (frontend)<br>Modelo: Lenovo<br>SO: Debian Linux 11.5<\/td><td>1 x Core I5<br>4GB DDR3 RAM<br>500GB<\/td><td>master<\/td><\/tr><tr><td>1<\/td><td>Servidor de I\/O (NFS) e LDAP<br>Modelo: Lenovo<br>SO: Debian Linux 11.5<\/td><td>1 x Core I5<br>4GB DDR3 RAM<br>500GB<\/td><td>ldap<\/td><\/tr><tr><td>8<\/td><td>Nodos computacionais<br>Modelo: Dell Optiplex 7060<br>SO: Debian Linux 11.5<\/td><td>1x Core Duo, 2gb RAM DDR2<\/td><td>node[1,\u2026,8]<\/td><\/tr><\/tbody><\/table><\/figure>\n\n\n\n<h2>LCAD -Laborat\u00f3rio de Computa\u00e7\u00e3o de Alto Desempenho &#8211; K05-s<\/h2>\n\n\n\n<h2>LPM &#8211; Laborat\u00f3rio de Programa\u00e7\u00e3o Mobile &#8211; K05-s<\/h2>\n\n\n\n<p>Laborat\u00f3rio para pr\u00e1tica did\u00e1tica de assuntos relacionados \u00e0 computa\u00e7\u00e3o paralela e distribu\u00edda, computa\u00e7\u00e3o gr\u00e1fica, programa\u00e7\u00e3o orientada a objetos e linguagens de programa\u00e7\u00e3o, e programa\u00e7\u00e3o mobilem, contando com configura\u00e7\u00e3o em cluster das m\u00e1quinas.<\/p>\n\n\n\n<p>Possui 24 m\u00e1quinas, com <strong>GNU Debian Linux 11.5<\/strong>, hexacore, com 8Gb de RAM, autentica\u00e7\u00e3o via LDAP e sistema de arquivos NFS.<\/p>\n\n\n\n<p>Principais softwares: MPICH, slurm, gcc, python3, java openjdk 1.7, NodeJs 18, eclipse IDE, Visual Studio Code, IntelliJ, Android Studio, Linguagem R, RStudio e alguns IDEs da Jetbrains como Webstorm e Dataspell.<\/p>\n\n\n\n<h3>Eclipse<\/h3>\n\n\n\n<p>Para utiliza\u00e7\u00e3o do software Eclipse, basta abrir um terminal e digitar o comando:<\/p>\n\n\n\n<p><em>\/opt\/eclipse\/.\/eclipse<\/em><\/p>\n\n\n\n<h3>IntelliJ<\/h3>\n\n\n\n<p>Para utiliza\u00e7\u00e3o do software Idea IntelliJ, basta abrir um terminal e digitar o comando:<\/p>\n\n\n\n<p><em>\/opt\/intellij\/bin\/.\/idea.sh<\/em><\/p>\n\n\n\n<h3>Android Studio<\/h3>\n\n\n\n<p><em>\/opt\/android-studio\/.\/studio.sh<\/em><\/p>\n\n\n\n<h2>LEC &#8211; Laborat\u00f3rio de Ensino de Computa\u00e7\u00e3o &#8211; K02-s,K04-s,K07-s<\/h2>\n\n\n\n<p>Laborat\u00f3rios multiusu\u00e1rios, para pr\u00e1ticas gerais de computa\u00e7\u00e3o, compartilhados entre todas as unidades acad\u00eamicas da UFCA. Est\u00e3o sob a ger\u00eancia da DTI. <\/p>\n\n\n\n<h1>Usu\u00e1rios<\/h1>\n\n\n\n<p>Todos os discentes do curso de Ci\u00eancia da Computa\u00e7\u00e3o que ingressaram at\u00e9 o per\u00edodo de 2021.2 j\u00e1 encontram-se devidamente cadastrados. <\/p>\n\n\n\n<p>Basta utilizar o mesmo nome de usu\u00e1rio do SIGAA, e a senha inicial est\u00e1 definida como o n\u00famero de matr\u00edcula. <\/p>\n\n\n\n<p>Ap\u00f3s o primeiro acesso o usu\u00e1rio deve abrir um terminal e digitar o comando:<\/p>\n\n\n\n<p><em>passwd<\/em><\/p>\n\n\n\n<p>Entrar com a senha atual (matr\u00edcula) e escolher uma nova senha (recomenda-se utilizar a mesma senha do SIGAA). <\/p>\n\n\n\n<p>Estas credenciais s\u00e3o v\u00e1lidas para qualquer m\u00e1quina dos LABS K01-s e K05-s. <\/p>\n","protected":false},"excerpt":{"rendered":"<p>Os cinco laborat\u00f3rios localizados no subsolo do Bloco K (campus Juazeiro do Norte) s\u00e3o de uso priorit\u00e1rio para atividades relacionadas com os cursos de Ci\u00eancia da Computa\u00e7\u00e3o e Matem\u00e1tica Computacional, e possuem agenda gerida por docentes da unidade curricular de Computa\u00e7\u00e3o, para os per\u00edodos da manh\u00e3 e tarde. A agenda pode ser consultada em: https:\/\/sci01-ter-jne.ufca.edu.br\/mrbs\/web\/index.php [&hellip;]<\/p>\n","protected":false},"author":141,"featured_media":0,"parent":0,"menu_order":0,"comment_status":"closed","ping_status":"closed","template":"","meta":[],"_links":{"self":[{"href":"https:\/\/sites.ufca.edu.br\/computacao\/wp-json\/wp\/v2\/pages\/248"}],"collection":[{"href":"https:\/\/sites.ufca.edu.br\/computacao\/wp-json\/wp\/v2\/pages"}],"about":[{"href":"https:\/\/sites.ufca.edu.br\/computacao\/wp-json\/wp\/v2\/types\/page"}],"author":[{"embeddable":true,"href":"https:\/\/sites.ufca.edu.br\/computacao\/wp-json\/wp\/v2\/users\/141"}],"replies":[{"embeddable":true,"href":"https:\/\/sites.ufca.edu.br\/computacao\/wp-json\/wp\/v2\/comments?post=248"}],"version-history":[{"count":29,"href":"https:\/\/sites.ufca.edu.br\/computacao\/wp-json\/wp\/v2\/pages\/248\/revisions"}],"predecessor-version":[{"id":593,"href":"https:\/\/sites.ufca.edu.br\/computacao\/wp-json\/wp\/v2\/pages\/248\/revisions\/593"}],"wp:attachment":[{"href":"https:\/\/sites.ufca.edu.br\/computacao\/wp-json\/wp\/v2\/media?parent=248"}],"curies":[{"name":"wp","href":"https:\/\/api.w.org\/{rel}","templated":true}]}}