{"id":707,"date":"2023-09-21T09:29:32","date_gmt":"2023-09-21T12:29:32","guid":{"rendered":"https:\/\/sites.ufca.edu.br\/computacao\/?page_id=707"},"modified":"2023-09-26T14:55:59","modified_gmt":"2023-09-26T17:55:59","slug":"solicitacoes-do-aluno","status":"publish","type":"page","link":"https:\/\/sites.ufca.edu.br\/computacao\/solicitacoes-do-aluno\/","title":{"rendered":"Solicita\u00e7\u00f5es do Aluno"},"content":{"rendered":"\n<h2>Solicita\u00e7\u00e3o de troca de PPC 2023.1 para graduandos do PPC 2019.1<\/h2>\n\n\n\n<p>Os veteranos que quiserem solicitar a troca para o novo PPC devem baixar este formul\u00e1rio e preenche-lo corretamente e enviar via e-mail para o e-mail da coordena\u00e7\u00e3o do curso <a href=\"mailto:computacao.cctufca.edu.br\" data-type=\"URL\" data-id=\"computacao.cctufca.edu.br\">computacao.cct@ufca.edu.br<\/a>. \u00c9 preciso baixar o arquivo preench\u00ea-lo e converter o arquivo em um documento do tipo PDF para isso voc\u00ea pode usar a ferramenta no link <a href=\"https:\/\/www.ilovepdf.com\/pt\">ilovepdf (clique para ver)<\/a><\/p>\n\n\n\n<div class=\"wp-block-file\"><a href=\"https:\/\/sites.ufca.edu.br\/computacao\/wp-content\/uploads\/sites\/116\/2023\/09\/REQUERIMENTO-GERAL-CC-1.docx\">REQUERIMENTO-GERAL-CC-1<\/a><a href=\"https:\/\/sites.ufca.edu.br\/computacao\/wp-content\/uploads\/sites\/116\/2023\/09\/REQUERIMENTO-GERAL-CC-1.docx\" class=\"wp-block-file__button\" download>Download<\/a><\/div>\n\n\n\n<h2>Trancamento total do curso<\/h2>\n\n\n\n<p>Segue abaixo o link para solicita\u00e7\u00e3o de trancamento total do curso para \u00e0queles que desejam trancar sua matricula, \u00e9 preench\u00ea-lo e enviar por e-mail para o e-mail da coordena\u00e7\u00e3o do curso <a href=\"mailto:computacao.cctufca.edu.br\">computacao.cct@ufca.edu.br<\/a>.<\/p>\n\n\n\n<div class=\"wp-block-file\"><a href=\"https:\/\/sites.ufca.edu.br\/computacao\/wp-content\/uploads\/sites\/116\/2023\/09\/solicitacao-de-trancamento-total.docx\">solicitacao-de-trancamento-total<\/a><a href=\"https:\/\/sites.ufca.edu.br\/computacao\/wp-content\/uploads\/sites\/116\/2023\/09\/solicitacao-de-trancamento-total.docx\" class=\"wp-block-file__button\" download>Download<\/a><\/div>\n","protected":false},"excerpt":{"rendered":"<p>Solicita\u00e7\u00e3o de troca de PPC 2023.1 para graduandos do PPC 2019.1 Os veteranos que quiserem solicitar a troca para o novo PPC devem baixar este formul\u00e1rio e preenche-lo corretamente e enviar via e-mail para o e-mail da coordena\u00e7\u00e3o do curso computacao.cct@ufca.edu.br. \u00c9 preciso baixar o arquivo preench\u00ea-lo e converter o arquivo em um documento do [&hellip;]<\/p>\n","protected":false},"author":145,"featured_media":0,"parent":0,"menu_order":0,"comment_status":"closed","ping_status":"closed","template":"","meta":[],"_links":{"self":[{"href":"https:\/\/sites.ufca.edu.br\/computacao\/wp-json\/wp\/v2\/pages\/707"}],"collection":[{"href":"https:\/\/sites.ufca.edu.br\/computacao\/wp-json\/wp\/v2\/pages"}],"about":[{"href":"https:\/\/sites.ufca.edu.br\/computacao\/wp-json\/wp\/v2\/types\/page"}],"author":[{"embeddable":true,"href":"https:\/\/sites.ufca.edu.br\/computacao\/wp-json\/wp\/v2\/users\/145"}],"replies":[{"embeddable":true,"href":"https:\/\/sites.ufca.edu.br\/computacao\/wp-json\/wp\/v2\/comments?post=707"}],"version-history":[{"count":2,"href":"https:\/\/sites.ufca.edu.br\/computacao\/wp-json\/wp\/v2\/pages\/707\/revisions"}],"predecessor-version":[{"id":718,"href":"https:\/\/sites.ufca.edu.br\/computacao\/wp-json\/wp\/v2\/pages\/707\/revisions\/718"}],"wp:attachment":[{"href":"https:\/\/sites.ufca.edu.br\/computacao\/wp-json\/wp\/v2\/media?parent=707"}],"curies":[{"name":"wp","href":"https:\/\/api.w.org\/{rel}","templated":true}]}}