{"id":724,"date":"2023-10-13T08:16:06","date_gmt":"2023-10-13T11:16:06","guid":{"rendered":"https:\/\/sites.ufca.edu.br\/computacao\/?page_id=724"},"modified":"2024-08-31T14:44:43","modified_gmt":"2024-08-31T17:44:43","slug":"residencia-tic-turma-02","status":"publish","type":"page","link":"https:\/\/sites.ufca.edu.br\/computacao\/residencia-tic-turma-02\/","title":{"rendered":"Resid\u00eancia TIC &#8211; Turma 02"},"content":{"rendered":"\n<p><a href=\"https:\/\/drive.google.com\/file\/d\/1g51CA9YzRN44KLxlTWvczZ8shZR-RoTO\/view?usp=sharing\" target=\"_blank\" rel=\"noreferrer noopener\">RESULTADO FINAL DA ETAPA DE IMERS\u00c3O (PDF)<\/a><\/p>\n\n\n\n<p><strong>PALESTRA DE ABERTURA E APRESENTA\u00c7\u00c3O DOS PITCHES DA TURMA 01<\/strong><\/p>\n\n\n\n<p>23\/02\/2024 &#8211; 9:00 as 12:00<\/p>\n\n\n\n<p>Local: Audit\u00f3rio Beata Maria<\/p>\n\n\n\n<p><strong>PROVA NIVELAMENTO<\/strong><\/p>\n\n\n\n<p>Dia 29\/01\/2024, segunda-feira, das 19:00 as 20:00<\/p>\n\n\n\n<p><a rel=\"noreferrer noopener\" href=\"https:\/\/drive.google.com\/file\/d\/1VNlxT6h_7spexvYDiv5yg_P2TU8anpor\/view?usp=drive_link\" target=\"_blank\">RESULTADO PRELIMINAR DA PROVA DE NIVELAMENTO<\/a> (31\/01\/2024 &#8211; 13:46)<\/p>\n\n\n\n<p><a rel=\"noreferrer noopener\" href=\"https:\/\/drive.google.com\/file\/d\/1VG6w0xkscmX7BMyb9xGA7a4MtZ1f3Ki6\/view?usp=drive_link\" target=\"_blank\">RESULTADO FINAL DA PROVA DE NIVELAMENTO<\/a> (retificado em 09\/02\/2024 &#8211; 11:02 &#8211; sem altera\u00e7\u00f5es nos classificados)<\/p>\n\n\n\n<p><strong>Documenta\u00e7\u00e3o (enviar e-mail, conforme instru\u00e7\u00f5es do item 7.2 do edital)<\/strong>: documentos de identifica\u00e7\u00e3o pessoal (rg\/cpf) e de resid\u00eancia, e os que comprovem a qualifica\u00e7\u00e3o para cotas (caso tenha sido classificado em vaga de cotista) como relacionado no edital.<\/p>\n\n\n\n<p>Local: <a href=\"https:\/\/lms.brisabr.com.br\">Plataforma EaD da Brisa<\/a>: Um novo curso ser\u00e1 criado especificamente para a prova. <strong>Corre\u00e7\u00e3o pode ser vista diretamente na plataforma EaD. <\/strong><\/p>\n\n\n\n<p><strong>Contato para suporte<\/strong><\/p>\n\n\n\n<p><strong>suporteufca@brisabr.com.br<\/strong>  (j\u00e1 est\u00e1 sendo monitorado, desde 24\/11\/2023, 11:00) (apenas o Prof. Rafael Perazzo recebe o e-mail)<\/p>\n\n\n\n<p><strong>dialogo.residenciatic2.cct@ufca.edu.br<\/strong> (todos recebem o e-mail)<\/p>\n\n\n\n<p class=\"has-luminous-vivid-amber-background-color has-background\"><strong>Sistema EaD para a fase de nivelamento<\/strong>: <a href=\"https:\/\/lms.brisabr.com.br\" target=\"_blank\" rel=\"noreferrer noopener\">LINK<\/a><\/p>\n\n\n\n<p><a href=\"https:\/\/drive.google.com\/file\/d\/1RkxaW9EnwqDQb4RjBqeFeBPKmym17Ksp\/view?usp=drive_link\" target=\"_blank\" rel=\"noreferrer noopener\">13\/10\/2023 &#8211; Edital &#8211; Processo seletivo para fase de nivelamento <em>(RETIFICADO EM 17\/11\/2023)<\/em><\/a><\/p>\n\n\n\n<p><a rel=\"noreferrer noopener\" href=\"https:\/\/forms.gle\/Bb2fGYyxngsb7MhL7\" target=\"_blank\">13\/10\/2023 &#8211; Edital &#8211; Formul\u00e1rio de Inscri\u00e7\u00e3o<\/a><\/p>\n\n\n\n<p><strong><a rel=\"noreferrer noopener\" href=\"https:\/\/drive.google.com\/file\/d\/19kAsw8GFyg4P1N69djWyAfX7ectlrt6Y\/view?usp=sharing\" target=\"_blank\">RESULTADO FINAL<\/a><\/strong> (selecionados para a fase de nivelamento &#8211; 20\/11\/2023, 08:47)<\/p>\n\n\n\n<p><a href=\"https:\/\/drive.google.com\/file\/d\/19cai4i6bdr9IygAuUOZVwsu7rb-i0Wvi\/view?usp=sharing\"><strong>RESULTADO FINAL &#8211; 2a Chamada<\/strong><\/a> &#8211; (28\/11\/2023, 13:49)<\/p>\n\n\n\n<p><strong>CONFIRMA\u00c7\u00c3O DE PARTICIPA\u00c7\u00c3O NA FASE DE NIVELAMENTO (2a chamada)<\/strong>: Cadastro na plataforma. Um e-mail ser\u00e1 enviado com os dados de acesso (login e senha) <strong>at\u00e9 o pr\u00f3ximo dia 01\/12\/2023 as 15:00<\/strong>. O login na plataforma \u00e9 a confirma\u00e7\u00e3o de participa\u00e7\u00e3o. <\/p>\n\n\n\n<p class=\"has-vivid-green-cyan-background-color has-background\"><strong>N\u00e3o esque\u00e7am de verificar a caixa SPAM do seu e-mail!!<\/strong><\/p>\n\n\n\n<h2>Equipe de Docentes<\/h2>\n\n\n\n<p class=\"has-vivid-red-color has-text-color has-small-font-size\"><strong><em>Responsabilidade: Acompanhar os participantes e ajudar em eventuais d\u00favidas sobre os conte\u00fados dos m\u00f3dulos. Encaminhar eventuais problemas para a Brisa. <\/em><\/strong><\/p>\n\n\n\n<ul><li>Prof. Thiago Marcilon, Bloco A, t\u00e9rreo, A04 <em>(thiago.marcilon@ufca.edu.br)<\/em> <\/li><li>Prof. Carlos Vin\u00edcius, Bloco A, t\u00e9rreo, A04 (vinicius.lima@ufca.edu.br)<\/li><li>Mayara Wanessa Alves dos Santos (mayarawasantos@gmail.com)<\/li><\/ul>\n\n\n\n<hr class=\"wp-block-separator\" \/>\n\n\n\n<h2>Equipe de monitores<\/h2>\n\n\n\n<p class=\"has-vivid-red-color has-text-color has-small-font-size\"><strong><em>Responsabilidade: Acompanhar os participantes e ajudar em eventuais d\u00favidas sobre a utiliza\u00e7\u00e3o da plataforma EaD. Notificar docentes sobre eventuais problemas na plataforma EaD. <\/em><\/strong><\/p>\n\n\n\n<ul><li>Daniel Nascimento (daniel.nascimento@aluno.ufca.edu.br)<\/li><li>\u00c9rick de Brito (erick.brito@aluno.ufca.edu.br)<\/li><li>Luma Araujo (luma.oliveira@aluno.ufca.edu.br)<\/li><li>Leandro Roberto (leandro.roberto@aluno.ufca.edu.br)<\/li><li>Clice Bezerra (clice.romao@aluno.ufca.edu.br)<\/li><li>Matheus Yago matheus.yago@aluno.ufca.edu.br()<\/li><\/ul>\n\n\n\n<hr class=\"wp-block-separator\" \/>\n\n\n\n<p><\/p>\n\n\n\n<h2>Estagi\u00e1rio<\/h2>\n\n\n\n<ul><li>Vitor Rafael da Silva (Vitor.rafael@aluno.ufca.edu.br)<\/li><\/ul>\n\n\n\n<p><\/p>\n","protected":false},"excerpt":{"rendered":"<p>RESULTADO FINAL DA ETAPA DE IMERS\u00c3O (PDF) PALESTRA DE ABERTURA E APRESENTA\u00c7\u00c3O DOS PITCHES DA TURMA 01 23\/02\/2024 &#8211; 9:00 as 12:00 Local: Audit\u00f3rio Beata Maria PROVA NIVELAMENTO Dia 29\/01\/2024, segunda-feira, das 19:00 as 20:00 RESULTADO PRELIMINAR DA PROVA DE NIVELAMENTO (31\/01\/2024 &#8211; 13:46) RESULTADO FINAL DA PROVA DE NIVELAMENTO (retificado em 09\/02\/2024 &#8211; 11:02 [&hellip;]<\/p>\n","protected":false},"author":144,"featured_media":0,"parent":0,"menu_order":0,"comment_status":"closed","ping_status":"closed","template":"","meta":[],"_links":{"self":[{"href":"https:\/\/sites.ufca.edu.br\/computacao\/wp-json\/wp\/v2\/pages\/724"}],"collection":[{"href":"https:\/\/sites.ufca.edu.br\/computacao\/wp-json\/wp\/v2\/pages"}],"about":[{"href":"https:\/\/sites.ufca.edu.br\/computacao\/wp-json\/wp\/v2\/types\/page"}],"author":[{"embeddable":true,"href":"https:\/\/sites.ufca.edu.br\/computacao\/wp-json\/wp\/v2\/users\/144"}],"replies":[{"embeddable":true,"href":"https:\/\/sites.ufca.edu.br\/computacao\/wp-json\/wp\/v2\/comments?post=724"}],"version-history":[{"count":54,"href":"https:\/\/sites.ufca.edu.br\/computacao\/wp-json\/wp\/v2\/pages\/724\/revisions"}],"predecessor-version":[{"id":792,"href":"https:\/\/sites.ufca.edu.br\/computacao\/wp-json\/wp\/v2\/pages\/724\/revisions\/792"}],"wp:attachment":[{"href":"https:\/\/sites.ufca.edu.br\/computacao\/wp-json\/wp\/v2\/media?parent=724"}],"curies":[{"name":"wp","href":"https:\/\/api.w.org\/{rel}","templated":true}]}}