{"id":199,"date":"2023-09-26T19:33:20","date_gmt":"2023-09-26T22:33:20","guid":{"rendered":"https:\/\/design.ufca.edu.br\/?page_id=199"},"modified":"2025-09-02T16:24:21","modified_gmt":"2025-09-02T19:24:21","slug":"area-do-discente","status":"publish","type":"page","link":"https:\/\/sites.ufca.edu.br\/design\/area-do-discente\/","title":{"rendered":"\u00c1rea do discente"},"content":{"rendered":"\n<section class=\"aluno\">\n\n  <!-- ====== Quadro de hor\u00e1rios ====== -->\n  <h2 class=\"aluno-title\">Quadro de hor\u00e1rios<\/h2>\n  <figure class=\"aluno-figure\">\n    <img src=\"https:\/\/sites.ufca.edu.br\/design\/wp-content\/uploads\/sites\/117\/2018\/12\/6.png\" alt=\"Quadro de hor\u00e1rios do curso\">\n  <\/figure>\n\n  <!-- ====== Mapas e Laborat\u00f3rios ====== -->\n  <h2 class=\"aluno-title\">Mapas e Laborat\u00f3rios<\/h2>\n  <figure class=\"aluno-figure mapa2\">\n    <img src=\"https:\/\/sites.ufca.edu.br\/design\/wp-content\/uploads\/sites\/117\/2023\/09\/Isaac_Imagem.png\" alt=\"Mapa do campus e laborat\u00f3rios\">\n  <\/figure>\n\n  <p class=\"aluno-note\">\n    Voc\u00ea pode encontrar mais mapas na DINFRA. Acesse o site da UFCA ou envie um e-mail para:\n    <a href=\"mailto:socorromeupaieterno@ufca.edu.br\">socorromeupaieterno@ufca.edu.br<\/a>\n  <\/p>\n\n  <!-- ====== Acorde\u00f5es: Laborat\u00f3rios ====== -->\n  <div class=\"aluno-accordion\">\n\n    <!-- Experimenta\u00e7\u00e3o Gr\u00e1fica -->\n    <details class=\"lab openable\">\n      <summary>Laborat\u00f3rio de Experimenta\u00e7\u00e3o Gr\u00e1fica<\/summary>\n      <div class=\"lab-body\">\n        <p>O laborat\u00f3rio de experimenta\u00e7\u00e3o gr\u00e1fica \u00e9 relativamente jovem e ainda n\u00e3o tem hist\u00f3ria para contar&#8230;<\/p>\n        <div class=\"lab-grid\">\n          <div class=\"lab-card\">\n            <h4>Localiza\u00e7\u00e3o:<\/h4><p>Bloco G \u2013 Sala n\u00b0 X<\/p>\n            <h4>Respons\u00e1vel:<\/h4><p>Prof. Isaac Brito<\/p>\n            <h4>T\u00e9cnico:<\/h4><p>N\u00e3o existente<\/p>\n          <\/div>\n          <div class=\"lab-card\">\n            <h4>Disciplinas:<\/h4><p>Elabora\u00e7\u00e3o de Artefatos Gr\u00e1ficos<\/p><p>Apoio a disciplinas pr\u00e1ticas<\/p>\n            <h4>Contato:<\/h4><p>isaac.brito@ufca.edu.br<\/p>\n          <\/div>\n        <\/div>\n        <div class=\"lab-cards-row\">\n          <div class=\"lab-mini\">\n            <h5>M\u00e1quinas e Materiais:<\/h5>\n            <ul><li>M\u00e1quina de Serigrafia<\/li><li>M\u00e1quina de Luz tal<\/li><\/ul>\n          <\/div>\n          <div class=\"lab-mini\">\n            <h5>Regras:<\/h5>\n            <ul><li>N\u00e3o bulir nas m\u00e1quinas sem saber o que est\u00e1 fazendo.<\/li><\/ul>\n          <\/div>\n        <\/div>\n      <\/div>\n    <\/details>\n\n    <!-- Modelagem -->\n    <details class=\"lab openable\">\n      <summary>Laborat\u00f3rio de Modelagem<\/summary>\n      <div class=\"lab-body\">\n        <p>O laborat\u00f3rio de modelagem \u00e9 uma sala grande acoplada em outra sala grande&#8230;<\/p>\n        <div class=\"lab-grid\">\n          <div class=\"lab-card\">\n            <h4>Localiza\u00e7\u00e3o:<\/h4><p>Bloco G \u2013 Sala n\u00b0 X<\/p>\n            <h4>Respons\u00e1vel:<\/h4><p>Prof. Cleon\u00edsia do Vale<\/p>\n            <h4>T\u00e9cnico:<\/h4><p>N\u00e3o existente<\/p>\n          <\/div>\n          <div class=\"lab-card\">\n            <h4>Disciplinas:<\/h4><p>Modelagem Plana<\/p><p>Modelagem Tridimensional<\/p><p>Apoio a disciplinas de moda<\/p>\n            <h4>Contato:<\/h4><p>cleo.dovale@ufca.edu.br<\/p>\n          <\/div>\n        <\/div>\n        <div class=\"lab-cards-row\">\n          <div class=\"lab-mini\">\n            <h5>M\u00e1quinas e Materiais:<\/h5>\n            <ul><li>Manequins<\/li><li>Pias<\/li><li>R\u00e9guas de Modelagem<\/li><\/ul>\n          <\/div>\n          <div class=\"lab-mini\">\n            <h5>Regras:<\/h5>\n            <ul><li>N\u00e3o pode furar o olho do coleguinha com alfinete.<\/li><\/ul>\n          <\/div>\n        <\/div>\n      <\/div>\n    <\/details>\n\n    <!-- Computa\u00e7\u00e3o -->\n    <details class=\"lab openable\">\n      <summary>Laborat\u00f3rio de Computa\u00e7\u00e3o<\/summary>\n      <div class=\"lab-body\">\n        <p>Lorem ipsum dolor sit amet, consectetur adipiscing elit. Proin vitae sapien eget mauris luctus feugiat&#8230;<\/p>\n        <div class=\"lab-grid\">\n          <div class=\"lab-card\"><h4>Localiza\u00e7\u00e3o:<\/h4><p>Lorem ipsum<\/p><\/div>\n          <div class=\"lab-card\"><h4>Respons\u00e1vel:<\/h4><p>Lorem ipsum<\/p><\/div>\n        <\/div>\n      <\/div>\n    <\/details>\n\n    <!-- Prototipagem -->\n    <details class=\"lab openable\">\n      <summary>Laborat\u00f3rio de Prototipagem<\/summary>\n      <div class=\"lab-body\">\n        <p>No laborat\u00f3rio de prototipagem s\u00e3o feitas atividades de prototipagem r\u00e1pida e suporte a pesquisas&#8230;<\/p>\n        <div class=\"lab-grid\">\n          <div class=\"lab-card\">\n            <h4>Localiza\u00e7\u00e3o:<\/h4><p>Bloco C \u2013 Sala n\u00ba 24<\/p>\n            <h4>Respons\u00e1vel:<\/h4><p>Prof. Deborah Macedo<\/p>\n            <h4>T\u00e9cnico:<\/h4><p>N\u00e3o existente<\/p>\n          <\/div>\n          <div class=\"lab-card\">\n            <h4>Disciplinas:<\/h4><p>Prototipagem Virtual<\/p><p>Apoio a disciplinas projetuais<\/p>\n            <h4>Contato:<\/h4><p>deborah.santos@ufca.edu.br<\/p>\n          <\/div>\n        <\/div>\n        <div class=\"lab-cards-row\">\n          <div class=\"lab-mini\"><h5>M\u00e1quinas e Materiais:<\/h5><ul><li>Impressoras 3D<\/li><li>Corte a laser<\/li><li>Ender5 Pro<\/li><\/ul><\/div>\n          <div class=\"lab-mini\"><h5>Regras:<\/h5><ul><li>Ainda n\u00e3o foram elaboradas regras.<\/li><\/ul><\/div>\n        <\/div>\n      <\/div>\n    <\/details>\n\n    <!-- Desenho T\u00e9cnico -->\n    <details class=\"lab openable\">\n      <summary>Laborat\u00f3rio de Desenho T\u00e9cnico<\/summary>\n      <div class=\"lab-body\">\n        <p>O laborat\u00f3rio de desenho t\u00e9cnico tem mesas quebradas, bancos altos e ar condicionado forte&#8230;<\/p>\n        <div class=\"lab-grid\">\n          <div class=\"lab-card\">\n            <h4>Localiza\u00e7\u00e3o:<\/h4><p>Bloco G \u2013 Sala n\u00b0 X<\/p>\n            <h4>Respons\u00e1vel:<\/h4><p>Prof. Algu\u00e9m do IISCA<\/p>\n            <h4>T\u00e9cnico:<\/h4><p>N\u00e3o existente<\/p>\n          <\/div>\n          <div class=\"lab-card\">\n            <h4>Disciplinas:<\/h4><p>Desenho T\u00e9cnico Aplicado ao Design<\/p>\n            <h4>Contato:<\/h4><p>carrasco.IISCA@ufca.edu.br<\/p>\n          <\/div>\n        <\/div>\n        <div class=\"lab-cards-row\">\n          <div class=\"lab-mini\"><h5>M\u00e1quinas e Materiais:<\/h5><ul><li>20 mesas de desenho<\/li><li>20 bancos<\/li><\/ul><\/div>\n          <div class=\"lab-mini\"><h5>Regras:<\/h5><ul><li>N\u00e3o chorar.<\/li><li>N\u00e3o furar o coleguinha com compasso.<\/li><\/ul><\/div>\n        <\/div>\n      <\/div>\n    <\/details>\n\n    <!-- Desenho -->\n    <details class=\"lab openable\">\n      <summary>Laborat\u00f3rio de Desenho<\/summary>\n      <div class=\"lab-body\">\n        <p>O laborat\u00f3rio de desenho \u00e9 o queridinho dos alunos, cheio de mesas brancas&#8230;<\/p>\n        <div class=\"lab-grid\">\n          <div class=\"lab-card\">\n            <h4>Localiza\u00e7\u00e3o:<\/h4><p>Bloco G \u2013 Sala n\u00b0 X<\/p>\n            <h4>Respons\u00e1vel:<\/h4><p>Prof. Agla\u00edze Damasceno<\/p>\n            <h4>T\u00e9cnico:<\/h4><p>N\u00e3o existente<\/p>\n          <\/div>\n          <div class=\"lab-card\">\n            <h4>Disciplinas:<\/h4><p>Desenho de Observa\u00e7\u00e3o<\/p><p>Metodologia de Projeto<\/p>\n            <h4>Contato:<\/h4><p>aglaize.damasceno@ufca.edu.br<\/p>\n          <\/div>\n        <\/div>\n        <div class=\"lab-cards-row\">\n          <div class=\"lab-mini\"><h5>M\u00e1quinas e Materiais:<\/h5><ul><li>23 mesas de desenho<\/li><\/ul><\/div>\n          <div class=\"lab-mini\"><h5>Regras:<\/h5><ul><li>N\u00e3o consumir alimentos no local.<\/li><\/ul><\/div>\n        <\/div>\n      <\/div>\n    <\/details>\n\n    <!-- Joias -->\n    <details class=\"lab openable\">\n      <summary>Laborat\u00f3rio de Joias<\/summary>\n      <div class=\"lab-body\">\n        <p>O laborat\u00f3rio de joias \u00e9 badalado, cheio de mesas e materiais caros&#8230;<\/p>\n        <div class=\"lab-grid\">\n          <div class=\"lab-card\">\n            <h4>Localiza\u00e7\u00e3o:<\/h4><p>Bloco F \u2013 Sala n\u00b0 X<\/p>\n            <h4>Respons\u00e1vel:<\/h4><p>Prof. Ana Videla<\/p>\n            <h4>T\u00e9cnico:<\/h4><p>C\u00edcero Mendon\u00e7a<\/p>\n          <\/div>\n          <div class=\"lab-card\">\n            <h4>Disciplinas:<\/h4><p>Laborat\u00f3rio de Joias<\/p>\n            <h4>Contato:<\/h4><p>ana.videla@ufca.edu.br<br>cicero.mendonca@ufca.edu.br<\/p>\n          <\/div>\n        <\/div>\n        <div class=\"lab-cards-row\">\n          <div class=\"lab-mini\"><h5>M\u00e1quinas e Materiais:<\/h5><ul><li>Laminador<\/li><li>Mesa de ourivesaria<\/li><li>Forjarel<\/li><\/ul><\/div>\n          <div class=\"lab-mini\"><h5>Regras:<\/h5><ul><li>Cabelos presos<\/li><li>Sapatos adequados<\/li><\/ul><\/div>\n        <\/div>\n      <\/div>\n    <\/details>\n\n    <!-- Cal\u00e7ados -->\n    <details class=\"lab openable\">\n      <summary>Laborat\u00f3rio de Cal\u00e7ados<\/summary>\n      <div class=\"lab-body\">\n        <p>O laborat\u00f3rio de cal\u00e7ados \u00e9 enorme, cheio de m\u00e1quinas que ningu\u00e9m sabe usar&#8230;<\/p>\n        <div class=\"lab-grid\">\n          <div class=\"lab-card\">\n            <h4>Localiza\u00e7\u00e3o:<\/h4><p>Bloco M \u2013 Sala n\u00b0 X<\/p>\n            <h4>Respons\u00e1vel:<\/h4><p>Prof. Juliana Loss<\/p>\n            <h4>T\u00e9cnico:<\/h4><p>Angela Batista<\/p>\n          <\/div>\n          <div class=\"lab-card\">\n            <h4>Disciplinas:<\/h4><p>Laborat\u00f3rio de Cal\u00e7ados<\/p><p>Apoio a disciplinas pr\u00e1ticas<\/p>\n            <h4>Contato:<\/h4><p>angela.batista@ufca.edu.br<\/p>\n          <\/div>\n        <\/div>\n        <div class=\"lab-cards-row\">\n          <div class=\"lab-mini\"><h5>M\u00e1quinas e Materiais:<\/h5><ul><li>20 M\u00e1quinas de costura de couro<\/li><li>Corte a laser<\/li><\/ul><\/div>\n          <div class=\"lab-mini\"><h5>Regras:<\/h5><ul><li>N\u00e3o colocar fogo nas coisas<\/li><li>N\u00e3o consumir alimentos<\/li><\/ul><\/div>\n        <\/div>\n      <\/div>\n    <\/details>\n\n    <!-- Costura -->\n    <details class=\"lab openable\">\n      <summary>Laborat\u00f3rio de Costura<\/summary>\n      <div class=\"lab-body\">\n        <p>O laborat\u00f3rio de costura \u00e9 uma sala grande com manequins, pias e coisas de moda&#8230;<\/p>\n        <div class=\"lab-grid\">\n          <div class=\"lab-card\">\n            <h4>Localiza\u00e7\u00e3o:<\/h4><p>Bloco G \u2013 Sala n\u00b0 X<\/p>\n            <h4>Respons\u00e1vel:<\/h4><p>Prof. Marcia Baptista<\/p>\n            <h4>T\u00e9cnico:<\/h4><p>N\u00e3o existente<\/p>\n          <\/div>\n          <div class=\"lab-card\">\n            <h4>Disciplinas:<\/h4><p>Laborat\u00f3rio de Costura<\/p><p>Apoio a disciplinas de moda<\/p>\n            <h4>Contato:<\/h4><p>marcia.baptista@ufca.edu.br<\/p>\n          <\/div>\n        <\/div>\n        <div class=\"lab-cards-row\">\n          <div class=\"lab-mini\"><h5>M\u00e1quinas e Materiais:<\/h5><ul><li>20 M\u00e1quinas de costura<\/li><li>Materiais de costura<\/li><\/ul><\/div>\n          <div class=\"lab-mini\"><h5>Regras:<\/h5><ul><li>N\u00e3o pode pegar nas m\u00e1quinas com a m\u00e3o suja<\/li><\/ul><\/div>\n        <\/div>\n      <\/div>\n    <\/details>\n  <\/div>\n\n  <!-- ====== FAQ ====== -->\n  <h3 class=\"aluno-subtitle\">Perguntas Frequentes \u2013 FAQ<\/h3>\n  <div class=\"aluno-accordion faq\">\n    <details class=\"faq-item openable\"><summary>Quanto tempo tenho at\u00e9 ser jubilado?<\/summary><div class=\"faq-body\">Lorem ipsum dolor sit amet&#8230;<\/div><\/details>\n    <details class=\"faq-item openable\"><summary>Mas e o TCC?<\/summary><div class=\"faq-body\">Lorem ipsum dolor sit amet&#8230;<\/div><\/details>\n    <details class=\"faq-item openable\"><summary>Alexandre Wollner ainda est\u00e1 vivo?<\/summary><div class=\"faq-body\">Seu fantasma encontra-se travando as portas girat\u00f3rias da sede do Ita\u00fa desde 2018.<\/div><\/details>\n  <\/div>\n<\/section>\n\n","protected":false},"excerpt":{"rendered":"<p>Quadro de hor\u00e1rios Mapas e Laborat\u00f3rios Voc\u00ea pode encontrar mais mapas na DINFRA. Acesse o site da UFCA ou envie um e-mail para: socorromeupaieterno@ufca.edu.br Laborat\u00f3rio de Experimenta\u00e7\u00e3o Gr\u00e1fica O laborat\u00f3rio de experimenta\u00e7\u00e3o gr\u00e1fica \u00e9 relativamente jovem e ainda n\u00e3o tem hist\u00f3ria para contar&#8230; Localiza\u00e7\u00e3o: Bloco G \u2013 Sala n\u00b0 X Respons\u00e1vel: Prof. Isaac Brito T\u00e9cnico: [&hellip;]<\/p>\n","protected":false},"author":20,"featured_media":0,"parent":0,"menu_order":0,"comment_status":"closed","ping_status":"closed","template":"","meta":[],"_links":{"self":[{"href":"https:\/\/sites.ufca.edu.br\/design\/wp-json\/wp\/v2\/pages\/199"}],"collection":[{"href":"https:\/\/sites.ufca.edu.br\/design\/wp-json\/wp\/v2\/pages"}],"about":[{"href":"https:\/\/sites.ufca.edu.br\/design\/wp-json\/wp\/v2\/types\/page"}],"author":[{"embeddable":true,"href":"https:\/\/sites.ufca.edu.br\/design\/wp-json\/wp\/v2\/users\/20"}],"replies":[{"embeddable":true,"href":"https:\/\/sites.ufca.edu.br\/design\/wp-json\/wp\/v2\/comments?post=199"}],"version-history":[{"count":7,"href":"https:\/\/sites.ufca.edu.br\/design\/wp-json\/wp\/v2\/pages\/199\/revisions"}],"predecessor-version":[{"id":482,"href":"https:\/\/sites.ufca.edu.br\/design\/wp-json\/wp\/v2\/pages\/199\/revisions\/482"}],"wp:attachment":[{"href":"https:\/\/sites.ufca.edu.br\/design\/wp-json\/wp\/v2\/media?parent=199"}],"curies":[{"name":"wp","href":"https:\/\/api.w.org\/{rel}","templated":true}]}}