{"id":331,"date":"2024-12-27T09:43:20","date_gmt":"2024-12-27T12:43:20","guid":{"rendered":"https:\/\/sites.ufca.edu.br\/levis\/?page_id=331"},"modified":"2025-06-25T10:14:50","modified_gmt":"2025-06-25T13:14:50","slug":"producoes","status":"publish","type":"page","link":"https:\/\/sites.ufca.edu.br\/levis\/?page_id=331","title":{"rendered":"Produ\u00e7\u00f5es"},"content":{"rendered":"\n<p>Proposta de Observat\u00f3rio Municipal de Criminalidade e Viol\u00eancia para o munic\u00edpio de Juazeiro do Norte, Cear\u00e1.<br>Ano: 2024<\/p>\n\n\n\n<p>Resumo: Este documento apresenta um plano detalhado para a cria\u00e7\u00e3o e implementa\u00e7\u00e3o do Observat\u00f3rio Municipal de Criminalidade e Viol\u00eancia de Juazeiro do Norte, incluindo a metodologia, objetivos, estrutura organizacional, recursos necess\u00e1rios, estrat\u00e9gias de comunica\u00e7\u00e3o. an\u00e1lise de parcerias e capta\u00e7\u00e3o de recursos. O objetivo principal \u00e9 orientar e aprimorar as pol\u00edticas p\u00fablicas de seguran\u00e7a no munic\u00edpio, promovendo a coleta, an\u00e1lise e divulga\u00e7\u00e3o de dados relevantes para a seguran\u00e7a p\u00fablica bem como elabora\u00e7\u00e3o de pol\u00edticas p\u00fablicas baseadas em evid\u00eancias para enfrentamento da viol\u00eancia e criminalidade no munic\u00edpio.<\/p>\n\n\n\n<p>Palavras-chave: Observat\u00f3rio Municipal, Criminalidade, Viol\u00eancia, Seguran\u00e7a P\u00fablica, Pol\u00edticas P\u00fablicas.<br>Classifica\u00e7\u00e3o Decimal de Dewey (CDD): 363.32 (Seguran\u00e7a P\u00fablica)<br>N\u00famero de P\u00e1ginas: 37 p\u00e1ginas.<br>Formato: Documento digital<br>Idioma: Portugu\u00eas<br>Institui\u00e7\u00e3o: UFCA\/CCSA\/LEVIS<\/p>\n\n\n\n<p>Rocha, Daniel de Souza., Borges, Justino ., Feitosa, Leticia &amp; Barbosa, Wendell de F. (2024). Proposta de Observat\u00f3rio Municipal de Criminalidade e Viol\u00eancia para o munic\u00edpio de Juazeiro do Norte, Cear\u00e1. Universidade Federal do Cariri (UFCA).<\/p>\n","protected":false},"excerpt":{"rendered":"<p>Proposta de Observat\u00f3rio Municipal de Criminalidade e Viol\u00eancia para o munic\u00edpio de Juazeiro do Norte, Cear\u00e1.Ano: 2024 Resumo: Este documento apresenta um plano detalhado para a cria\u00e7\u00e3o e implementa\u00e7\u00e3o do Observat\u00f3rio Municipal de Criminalidade e Viol\u00eancia de Juazeiro do Norte,&#8230; <a class=\"more-link\" href=\"https:\/\/sites.ufca.edu.br\/levis\/?page_id=331\">Continue Reading &rarr;<\/a><\/p>\n","protected":false},"author":226,"featured_media":0,"parent":0,"menu_order":0,"comment_status":"closed","ping_status":"closed","template":"","meta":[],"_links":{"self":[{"href":"https:\/\/sites.ufca.edu.br\/levis\/index.php?rest_route=\/wp\/v2\/pages\/331"}],"collection":[{"href":"https:\/\/sites.ufca.edu.br\/levis\/index.php?rest_route=\/wp\/v2\/pages"}],"about":[{"href":"https:\/\/sites.ufca.edu.br\/levis\/index.php?rest_route=\/wp\/v2\/types\/page"}],"author":[{"embeddable":true,"href":"https:\/\/sites.ufca.edu.br\/levis\/index.php?rest_route=\/wp\/v2\/users\/226"}],"replies":[{"embeddable":true,"href":"https:\/\/sites.ufca.edu.br\/levis\/index.php?rest_route=%2Fwp%2Fv2%2Fcomments&post=331"}],"version-history":[{"count":3,"href":"https:\/\/sites.ufca.edu.br\/levis\/index.php?rest_route=\/wp\/v2\/pages\/331\/revisions"}],"predecessor-version":[{"id":370,"href":"https:\/\/sites.ufca.edu.br\/levis\/index.php?rest_route=\/wp\/v2\/pages\/331\/revisions\/370"}],"wp:attachment":[{"href":"https:\/\/sites.ufca.edu.br\/levis\/index.php?rest_route=%2Fwp%2Fv2%2Fmedia&parent=331"}],"curies":[{"name":"wp","href":"https:\/\/api.w.org\/{rel}","templated":true}]}}