{"id":106,"date":"2021-03-28T11:01:04","date_gmt":"2021-03-28T14:01:04","guid":{"rendered":"https:\/\/sites.ufca.edu.br\/proji\/?page_id=106"},"modified":"2025-11-18T14:10:49","modified_gmt":"2025-11-18T17:10:49","slug":"linhas-de-pesquisa","status":"publish","type":"page","link":"https:\/\/sites.ufca.edu.br\/proji\/linhas-de-pesquisa\/","title":{"rendered":"Agenda"},"content":{"rendered":"\n<figure class=\"wp-block-table is-style-stripes\"><table><tbody><tr><th scope=\"col\">Data<\/th><th scope=\"col\">Texto<\/th><th scope=\"col\">Autoria<\/th><\/tr><tr><td>04\/10\/2024<\/td><td><a class=\"link\" href=\"https:\/\/drive.google.com\/file\/d\/17cMbjgpVi0yEb89mlxnw6IbaI3pPFvbk\/view?usp=sharing\" target=\"_blank\" rel=\"noopener noreferrer\">Intelig\u00eancias Artificiais(IAs) no jornalismo digital brasileiro: contexto hist\u00f3rico e processos inovadores<\/a><\/td><td>Mois\u00e9s Costa Pinto e Suzana Barbosa<\/td><\/tr><tr><td>18\/10\/2024<\/td><td><a class=\"link\" href=\"https:\/\/drive.google.com\/file\/d\/17cMbjgpVi0yEb89mlxnw6IbaI3pPFvbk\/view?usp=sharing\" target=\"_blank\" rel=\"noopener noreferrer\">ChatGPT e jornalismo: uma an\u00e1lise sist\u00eamica dos fundamentos e usos da tecnologia<\/a><\/td><td>Eduardo Pellanda, Andre Pase, Magda Cunha<\/td><\/tr><tr><td>01\/11\/2024<\/td><td><a class=\"link\" href=\"https:\/\/drive.google.com\/file\/d\/17cMbjgpVi0yEb89mlxnw6IbaI3pPFvbk\/view?usp=sharing\" target=\"_blank\" rel=\"noopener noreferrer\">Panorama mundial de regulamenta\u00e7\u00e3o das plataformas digitais: an\u00e1lise das leis, projetos e processos regulat\u00f3rios para as plataformas digitais e intelig\u00eancia artificial<\/a><\/td><td>Ma\u00edra Bittencourt<\/td><\/tr><tr><td>22\/11\/2024<\/td><td><a class=\"link\" href=\"https:\/\/drive.google.com\/file\/d\/1UBqBQHuf9IpSw-H_sSrzYYqoByO-c9Z_\/view?usp=sharing\" target=\"_blank\" rel=\"noopener noreferrer\">A ideologia da transforma\u00e7\u00e3o digital: automatismos, solucionismos e aliena\u00e7\u00e3o t\u00e9cnica<\/a><\/td><td>S\u00e9rgio Amadeu<\/td><\/tr><tr><td>31\/01\/2025<\/td><td>Jornalismo e Intelig\u00eancia Artificial podem caminhar juntos?<\/td><td>Kalynka Cruz e Lucia Santaella<\/td><\/tr><tr><td>14\/02\/2025<\/td><td><a href=\"https:\/\/drive.google.com\/file\/d\/156nJg142IUy7EKEiRBxfOQlIuqmumDj2\/view?usp=sharing\" data-type=\"URL\" data-id=\"https:\/\/drive.google.com\/file\/d\/156nJg142IUy7EKEiRBxfOQlIuqmumDj2\/view?usp=sharing\" target=\"_blank\" rel=\"noreferrer noopener\">Pesquisa aplicada em comunica\u00e7\u00e3o: o estranhamento da interdisciplinaridade que nos assombra<\/a><\/td><td>M\u00e1rcio Carneiro dos Santos<\/td><\/tr><tr><td>14\/03\/2025<\/td><td>O conceito de tecnologia (Cap\u00edtulo 4)<\/td><td>\u00c1lvaro Vieira Pinto<\/td><\/tr><tr><td>28\/03\/2025<\/td><td>Teoria do Drone<\/td><td>Gr\u00e9goire Chamayou<\/td><\/tr><tr><td>25\/04\/2025<\/td><td><a href=\"https:\/\/drive.google.com\/file\/d\/1-SJVKPvTshbaC_ueUxhql9_tXdvPASg5\/view?usp=sharing\" data-type=\"URL\" data-id=\"https:\/\/drive.google.com\/file\/d\/1-SJVKPvTshbaC_ueUxhql9_tXdvPASg5\/view?usp=sharing\" target=\"_blank\" rel=\"noreferrer noopener\">Mercado de trabalho jornal\u00edstico no Cariri: impactos da precariza\u00e7\u00e3o e reconfigura\u00e7\u00e3o profissional<\/a><\/td><td>Beatriz Mateus Ribeiro da Silva<\/td><\/tr><tr><td>09\/05\/2025<\/td><td><a href=\"https:\/\/repositorio.ufsc.br\/bitstream\/handle\/123456789\/250413\/PJOR0196-D.pdf?sequence=1&amp;isAllowed=y\" data-type=\"URL\" data-id=\"https:\/\/repositorio.ufsc.br\/bitstream\/handle\/123456789\/250413\/PJOR0196-D.pdf?sequence=1&amp;isAllowed=y\" target=\"_blank\" rel=\"noreferrer noopener\">Algoritmos e humanos, parceiros de reda\u00e7\u00e3o: a cobertura do portal G1 nas elei\u00e7\u00f5es municipais de 2020<\/a><\/td><td>Matheus Costa Nunes<\/td><\/tr><tr><td>13\/06\/2025<\/td><td><a href=\"https:\/\/www.tandfonline.com\/doi\/full\/10.1080\/21670811.2024.2431519\" data-type=\"URL\" data-id=\"https:\/\/www.tandfonline.com\/doi\/full\/10.1080\/21670811.2024.2431519\" target=\"_blank\" rel=\"noreferrer noopener\">Policies in Parallel? A Comparative Study of Journalistic AI Policies in 52 Global News Organisations<\/a><\/td><td>Kim Bj\u00f6rn Becker; Felix M. Simon; Christopher Crum<\/td><\/tr><tr><td>04\/07\/2025<\/td><td><a href=\"https:\/\/drive.google.com\/file\/d\/17WFKkkviLclOY2ZMaeQ4si3yVN5y9eet\/view?usp=sharing\" data-type=\"URL\" data-id=\"https:\/\/drive.google.com\/file\/d\/17WFKkkviLclOY2ZMaeQ4si3yVN5y9eet\/view?usp=sharing\" target=\"_blank\" rel=\"noreferrer noopener\">Aplica\u00e7\u00e3o da Intelig\u00eancia Artificial Generativa na verifica\u00e7\u00e3o de elementos caracter\u00edsticos do discurso sensacionalista em textos jornal\u00edsticos<\/a><\/td><td>Selton Angelim da Silva<\/td><\/tr><tr><td>01\/08\/2025<\/td><td><a href=\"https:\/\/lume.ufrgs.br\/handle\/10183\/295883\" data-type=\"URL\" data-id=\"https:\/\/lume.ufrgs.br\/handle\/10183\/295883\" target=\"_blank\" rel=\"noreferrer noopener\">&#8220;Bora monetizar!\u201d: trocas de engajamento e a busca coletiva por visibilidade no TikTok<\/a><\/td><td>Issaaf Karhawi e Willian Fernandes Araujo<\/td><\/tr><tr><td>15\/08\/2025<\/td><td><a href=\"https:\/\/bjr.sbpjor.org.br\/bjr\/article\/download\/1728\/1586\" data-type=\"URL\" data-id=\"https:\/\/bjr.sbpjor.org.br\/bjr\/article\/download\/1728\/1586\" target=\"_blank\" rel=\"noreferrer noopener\">IA Generativa e ve\u00edculos nativos digitais: um encontro poss\u00edvel?<\/a><\/td><td>Jo\u00e3o Pedro Malar e Elizabeth Saad<\/td><\/tr><tr><td>29\/08\/2025<\/td><td><a href=\"https:\/\/cursos.unipampa.edu.br\/cursos\/relacoespublicas\/files\/2021\/10\/e-book-comunicacao-sistemas-de-informacao-volume-i.pdf\" data-type=\"URL\" data-id=\"https:\/\/cursos.unipampa.edu.br\/cursos\/relacoespublicas\/files\/2021\/10\/e-book-comunicacao-sistemas-de-informacao-volume-i.pdf\" target=\"_blank\" rel=\"noreferrer noopener\">Por que precisamos de problemas?<\/a><\/td><td>M\u00e1rcio Carneiro dos Santos<\/td><\/tr><tr><td>03\/10\/2025<\/td><td><a href=\"https:\/\/dspace.sti.ufcg.edu.br\/handle\/riufcg\/44314\" data-type=\"URL\" data-id=\"https:\/\/dspace.sti.ufcg.edu.br\/handle\/riufcg\/44314\" target=\"_blank\" rel=\"noreferrer noopener\">Detec\u00e7\u00e3o autom\u00e1tica de memes preconceituosos em portugu\u00eas brasileiro<\/a><\/td><td>Hanna Fran\u00e7a Menezes<\/td><\/tr><tr><td>14\/11\/2025<\/td><td>Big Tech: a ascens\u00e3o dos dados e a morte da pol\u00edtica<\/td><td>Evgeny Morozov<\/td><\/tr><\/tbody><\/table><\/figure>\n\n\n\n<p><\/p>\n","protected":false},"excerpt":{"rendered":"<p>Data Texto Autoria 04\/10\/2024 Intelig\u00eancias Artificiais(IAs) no jornalismo digital brasileiro: contexto hist\u00f3rico e processos inovadores Mois\u00e9s Costa Pinto e Suzana Barbosa 18\/10\/2024 ChatGPT e jornalismo: uma an\u00e1lise sist\u00eamica dos fundamentos e usos da tecnologia Eduardo Pellanda, Andre Pase, Magda Cunha 01\/11\/2024 Panorama mundial de regulamenta\u00e7\u00e3o das plataformas digitais: an\u00e1lise das leis, projetos e processos regulat\u00f3rios [&hellip;]<\/p>\n","protected":false},"author":83,"featured_media":0,"parent":0,"menu_order":0,"comment_status":"closed","ping_status":"closed","template":"","meta":[],"_links":{"self":[{"href":"https:\/\/sites.ufca.edu.br\/proji\/wp-json\/wp\/v2\/pages\/106"}],"collection":[{"href":"https:\/\/sites.ufca.edu.br\/proji\/wp-json\/wp\/v2\/pages"}],"about":[{"href":"https:\/\/sites.ufca.edu.br\/proji\/wp-json\/wp\/v2\/types\/page"}],"author":[{"embeddable":true,"href":"https:\/\/sites.ufca.edu.br\/proji\/wp-json\/wp\/v2\/users\/83"}],"replies":[{"embeddable":true,"href":"https:\/\/sites.ufca.edu.br\/proji\/wp-json\/wp\/v2\/comments?post=106"}],"version-history":[{"count":5,"href":"https:\/\/sites.ufca.edu.br\/proji\/wp-json\/wp\/v2\/pages\/106\/revisions"}],"predecessor-version":[{"id":404,"href":"https:\/\/sites.ufca.edu.br\/proji\/wp-json\/wp\/v2\/pages\/106\/revisions\/404"}],"wp:attachment":[{"href":"https:\/\/sites.ufca.edu.br\/proji\/wp-json\/wp\/v2\/media?parent=106"}],"curies":[{"name":"wp","href":"https:\/\/api.w.org\/{rel}","templated":true}]}}