{"id":219,"date":"2023-11-16T17:05:46","date_gmt":"2023-11-16T20:05:46","guid":{"rendered":"https:\/\/sites.ufca.edu.br\/proji\/?page_id=219"},"modified":"2023-11-16T17:05:46","modified_gmt":"2023-11-16T20:05:46","slug":"pesquisas-atuais","status":"publish","type":"page","link":"https:\/\/sites.ufca.edu.br\/proji\/pesquisas-atuais\/","title":{"rendered":"Pesquisas atuais"},"content":{"rendered":"\n<p><strong><span style=\"color:#103d57\" class=\"has-inline-color\">Plataforma DataJor Cariri: acesso e qualidade da informa\u00e7\u00e3o p\u00fablica em munic\u00edpios do Cariri cearense e sua aplica\u00e7\u00e3o no Jornalismo de Dados<\/span><\/strong><\/p>\n\n\n\n<p><strong>Resumo:<\/strong> No intuito de conhecer a realidade local sobre dados p\u00fablicos e fomentar a pr\u00e1tica do jornalismo de dados no Cear\u00e1, este projeto de pesquisa cient\u00edfica e tecnol\u00f3gica busca mapear e analisar o acesso e a qualidade da informa\u00e7\u00e3o p\u00fablica das 29 prefeituras municipais da macrorregi\u00e3o do Cariri. A partir dos resultados encontrados, o projeto tem o objetivo de desenvolver uma plataforma on-line de jornalismo de dados, denominada \u201cDataJor Cariri\u201d.<\/p>\n\n\n\n<p><strong>In\u00edcio: <\/strong>Agosto\/2022<br><strong>T\u00e9rmino:<\/strong> Julho\/2024<\/p>\n\n\n\n<p><strong>Integrantes:<\/strong> <\/p>\n\n\n\n<p>Coordenador:<\/p>\n\n\n\n<ul><li>Ivan Satuf (coordenador) <\/li><\/ul>\n\n\n\n<p>Bolsistas (2023\/2024):<\/p>\n\n\n\n<ul><li>Danilo Oliveira Pereira (PIBIC\/UFCA)<\/li><li>Maria Beatriz Pereira Silva (PIBIC\/CNPq)<\/li><li>Sebasti\u00e3o Arrais (PIBIC\/CNPq)<\/li><\/ul>\n\n\n\n<p>Bolsistas (2022\/2023): <\/p>\n\n\n\n<ul><li>C\u00edcero Rafael da Silva (PIBIC\/CNPq)<\/li><li>Kl\u00e9bia Souza Silva (PIBIC\/UFCA)<\/li><\/ul>\n","protected":false},"excerpt":{"rendered":"<p>Plataforma DataJor Cariri: acesso e qualidade da informa\u00e7\u00e3o p\u00fablica em munic\u00edpios do Cariri cearense e sua aplica\u00e7\u00e3o no Jornalismo de Dados Resumo: No intuito de conhecer a realidade local sobre dados p\u00fablicos e fomentar a pr\u00e1tica do jornalismo de dados no Cear\u00e1, este projeto de pesquisa cient\u00edfica e tecnol\u00f3gica busca mapear e analisar o acesso [&hellip;]<\/p>\n","protected":false},"author":83,"featured_media":0,"parent":0,"menu_order":0,"comment_status":"closed","ping_status":"closed","template":"","meta":[],"_links":{"self":[{"href":"https:\/\/sites.ufca.edu.br\/proji\/wp-json\/wp\/v2\/pages\/219"}],"collection":[{"href":"https:\/\/sites.ufca.edu.br\/proji\/wp-json\/wp\/v2\/pages"}],"about":[{"href":"https:\/\/sites.ufca.edu.br\/proji\/wp-json\/wp\/v2\/types\/page"}],"author":[{"embeddable":true,"href":"https:\/\/sites.ufca.edu.br\/proji\/wp-json\/wp\/v2\/users\/83"}],"replies":[{"embeddable":true,"href":"https:\/\/sites.ufca.edu.br\/proji\/wp-json\/wp\/v2\/comments?post=219"}],"version-history":[{"count":4,"href":"https:\/\/sites.ufca.edu.br\/proji\/wp-json\/wp\/v2\/pages\/219\/revisions"}],"predecessor-version":[{"id":225,"href":"https:\/\/sites.ufca.edu.br\/proji\/wp-json\/wp\/v2\/pages\/219\/revisions\/225"}],"wp:attachment":[{"href":"https:\/\/sites.ufca.edu.br\/proji\/wp-json\/wp\/v2\/media?parent=219"}],"curies":[{"name":"wp","href":"https:\/\/api.w.org\/{rel}","templated":true}]}}