{"id":228,"date":"2023-11-16T18:39:18","date_gmt":"2023-11-16T21:39:18","guid":{"rendered":"https:\/\/sites.ufca.edu.br\/proji\/?page_id=228"},"modified":"2025-06-16T15:33:14","modified_gmt":"2025-06-16T18:33:14","slug":"apresentacao","status":"publish","type":"page","link":"https:\/\/sites.ufca.edu.br\/proji\/apresentacao\/","title":{"rendered":"Apresenta\u00e7\u00e3o"},"content":{"rendered":"\n<p>O Grupo de Pesquisa em Processos Jornal\u00edsticos e Inova\u00e7\u00e3o \u2013 PROJI \u2013 foi criado em mar\u00e7o de 2021 por docentes e servidores t\u00e9cnicos do curso de Jornalismo da Universidade Federal do Cariri (UFCA). O principal objetivo do grupo \u00e9 desenvolver pesquisas fundamentais e aplicadas sobre as transforma\u00e7\u00f5es contempor\u00e2neas nos processos jornal\u00edsticos com foco nas pr\u00e1ticas profissionais e nas tecnologias comunicacionais.<\/p>\n\n\n\n<p>As pesquisas se concentram nas novas fronteiras abertas por reconfigura\u00e7\u00f5es sociais e tecnol\u00f3gicas que afetam o campo do jornalismo. Interessam ao grupo, sobretudo, as zonas de interface com \u00e1reas do conhecimento que v\u00eam ganhando espa\u00e7o nos processos de produ\u00e7\u00e3o da not\u00edcia, como o design multiplataforma e a ci\u00eancia da computa\u00e7\u00e3o.<\/p>\n\n\n\n<p><\/p>\n\n\n\n<h3 id=\"page-title\">Linhas de Pesquisa<\/h3>\n\n\n\n<ul><li><strong>Tecnologias aplicadas ao jornalismo<\/strong>: desenvolvimento de pesquisa aplicada para analisar criticamente as tecnologias existentes e desenvolver produtos e processos inovadores no campo do jornalismo.<\/li><li><strong>Reconfigura\u00e7\u00f5es profissionais no jornalismo<\/strong>: desenvolvimento de pesquisas te\u00f3ricas e emp\u00edricas sobre os processos de prote\u00e7\u00e3o e expans\u00e3o das fronteiras que estabelecem as identidades profissionais da pr\u00e1tica jornal\u00edstica contempor\u00e2nea.<\/li><\/ul>\n\n\n\n<p><\/p>\n","protected":false},"excerpt":{"rendered":"<p>O Grupo de Pesquisa em Processos Jornal\u00edsticos e Inova\u00e7\u00e3o \u2013 PROJI \u2013 foi criado em mar\u00e7o de 2021 por docentes e servidores t\u00e9cnicos do curso de Jornalismo da Universidade Federal do Cariri (UFCA). O principal objetivo do grupo \u00e9 desenvolver pesquisas fundamentais e aplicadas sobre as transforma\u00e7\u00f5es contempor\u00e2neas nos processos jornal\u00edsticos com foco nas pr\u00e1ticas [&hellip;]<\/p>\n","protected":false},"author":83,"featured_media":0,"parent":0,"menu_order":0,"comment_status":"closed","ping_status":"closed","template":"","meta":[],"_links":{"self":[{"href":"https:\/\/sites.ufca.edu.br\/proji\/wp-json\/wp\/v2\/pages\/228"}],"collection":[{"href":"https:\/\/sites.ufca.edu.br\/proji\/wp-json\/wp\/v2\/pages"}],"about":[{"href":"https:\/\/sites.ufca.edu.br\/proji\/wp-json\/wp\/v2\/types\/page"}],"author":[{"embeddable":true,"href":"https:\/\/sites.ufca.edu.br\/proji\/wp-json\/wp\/v2\/users\/83"}],"replies":[{"embeddable":true,"href":"https:\/\/sites.ufca.edu.br\/proji\/wp-json\/wp\/v2\/comments?post=228"}],"version-history":[{"count":8,"href":"https:\/\/sites.ufca.edu.br\/proji\/wp-json\/wp\/v2\/pages\/228\/revisions"}],"predecessor-version":[{"id":310,"href":"https:\/\/sites.ufca.edu.br\/proji\/wp-json\/wp\/v2\/pages\/228\/revisions\/310"}],"wp:attachment":[{"href":"https:\/\/sites.ufca.edu.br\/proji\/wp-json\/wp\/v2\/media?parent=228"}],"curies":[{"name":"wp","href":"https:\/\/api.w.org\/{rel}","templated":true}]}}