{"id":326,"date":"2025-06-17T17:45:22","date_gmt":"2025-06-17T20:45:22","guid":{"rendered":"https:\/\/sites.ufca.edu.br\/proji\/?page_id=326"},"modified":"2026-01-20T18:56:35","modified_gmt":"2026-01-20T21:56:35","slug":"estudantes","status":"publish","type":"page","link":"https:\/\/sites.ufca.edu.br\/proji\/estudantes\/","title":{"rendered":"Estudantes"},"content":{"rendered":"\n<div class=\"wp-container-3 wp-block-columns\">\n<div class=\"wp-container-1 wp-block-column\">\n<figure class=\"wp-block-image size-large\" style=\"width: 100%;margin: 0;text-align: left\"><img src=\"https:\/\/sites.ufca.edu.br\/proji\/wp-content\/uploads\/sites\/165\/2025\/11\/vitor.png\" alt=\"\" style=\"width: 100%;height: 100%\" class=\"wp-image-346\"><\/figure>\n\n\n\n<h4>Vitor Emanuel Pereira Mariano<\/h4>\n\n\n\n<p>Estudante de Jornalismo na Universidade Federal do Cariri (UFCA) e integrante do Grupo de Pesquisa em Processos Jornal\u00edsticos e Inova\u00e7\u00e3o &#8211; PROJI.<\/p>\n\n\n\n<p><a rel=\"noreferrer noopener\" href=\"https:\/\/lattes.cnpq.br\/8812837363370999\" data-type=\"URL\" data-id=\"https:\/\/lattes.cnpq.br\/8812837363370999\" target=\"_blank\">Curr\u00edculo Lattes<\/a><\/p>\n<\/div>\n\n\n\n<div class=\"wp-container-2 wp-block-column\">\n<figure class=\"wp-block-image size-large\" style=\"width: 100%;margin: 0;text-align: left\"><img src=\"https:\/\/sites.ufca.edu.br\/proji\/wp-content\/uploads\/sites\/165\/2025\/11\/Camila.png\" alt=\"\" style=\"width: 100%;height: 100%\" class=\"wp-image-346\"><\/figure>\n\n\n\n<h4>Camila Lavine Barros Campos<\/h4>\n\n\n\n<p>Estudante de Jornalismo na Universidade Federal do Cariri (UFCA) e participante&nbsp;do Grupo de Pesquisa em Processos Jornal\u00edsticos e Inova\u00e7\u00e3o- PROJI.<\/p>\n\n\n\n<p><a rel=\"noreferrer noopener\" href=\"http:\/\/lattes.cnpq.br\/1464376188805142\" data-type=\"URL\" data-id=\"http:\/\/lattes.cnpq.br\/1464376188805142\" target=\"_blank\">Curr\u00edculo Lattes<\/a><\/p>\n<\/div>\n<\/div>\n\n\n\n<div class=\"wp-container-6 wp-block-columns\">\n<div class=\"wp-container-4 wp-block-column\">\n<figure class=\"wp-block-image size-large\" style=\"width: 100%;margin: 0;text-align: left\"><img src=\"https:\/\/sites.ufca.edu.br\/proji\/wp-content\/uploads\/sites\/165\/2025\/11\/MariaClara.png\" alt=\"\" style=\"width: 100%;height: 100%\" class=\"wp-image-346\"><\/figure>\n\n\n\n<h4>Maria Clara Lavor Costa&nbsp;<\/h4>\n\n\n\n<p>Estudante de Jornalismo na Universidade Federal do Cariri (UFCA) e participante do Grupo de Pesquisa em Processos Jornal\u00edsticos e Inova\u00e7\u00e3o-PROJI.<\/p>\n\n\n\n<p><a rel=\"noreferrer noopener\" href=\"http:\/\/lattes.cnpq.br\/6561158691988584\" target=\"_blank\">Curr\u00edculo Lattes<\/a><\/p>\n<\/div>\n\n\n\n<div class=\"wp-container-5 wp-block-column\">\n<figure class=\"wp-block-image size-large\" style=\"width: 100%;margin: 0;text-align: left\"><img src=\"https:\/\/sites.ufca.edu.br\/proji\/wp-content\/uploads\/sites\/165\/2025\/11\/Davi.png\" alt=\"\" style=\"width: 100%;height: 100%\" class=\"wp-image-346\"><\/figure>\n\n\n\n<h4>David Lucas de Oliveira Souza<\/h4>\n\n\n\n<p>Estudante de jornalismo e bolsista de inicia\u00e7\u00e3o cient\u00edfica pelo CNPq. Atua como pesquisador na \u00e1rea de intelig\u00eancia artificial e seus efeitos dentro da comunica\u00e7\u00e3o. Tem interesse por tecnologias, cinema e ind\u00fastria de jogos.<\/p>\n\n\n\n<p><a href=\"http:\/\/lattes.cnpq.br\/2413501773988518\" data-type=\"URL\" data-id=\"http:\/\/lattes.cnpq.br\/2413501773988518\" target=\"_blank\" rel=\"noreferrer noopener\">Curr\u00edculo Lattes<\/a><\/p>\n<\/div>\n<\/div>\n\n\n\n<div class=\"wp-container-9 wp-block-columns\">\n<div class=\"wp-container-7 wp-block-column\">\n<figure class=\"wp-block-image size-large\" style=\"width: 100%;margin: 0;text-align: left\"><img src=\"https:\/\/sites.ufca.edu.br\/proji\/wp-content\/uploads\/sites\/165\/2025\/11\/GUILHERME.png\" alt=\"\" style=\"width: 100%;height: 100%\" class=\"wp-image-346\"><\/figure>\n\n\n\n<h4><strong>Guilherme Vitorino Martins de Lima<\/strong><\/h4>\n\n\n\n<p>Estudante de Jornalismo na Universidade Federal do Cariri (UFCA) e integrante do Grupo de Pesquisa em Processos Jornal\u00edsticos e Inova\u00e7\u00e3o \u2013 PROJI.<\/p>\n\n\n\n<p><a href=\"http:\/\/lattes.cnpq.br\/7495509261670609\" data-type=\"URL\" data-id=\"http:\/\/lattes.cnpq.br\/7495509261670609\" target=\"_blank\" rel=\"noreferrer noopener\">Curr\u00edculo Lattes<\/a><\/p>\n<\/div>\n\n\n\n<div class=\"wp-container-8 wp-block-column\">\n<figure class=\"wp-block-image size-large\" style=\"width: 100%;margin: 0;text-align: left\"><img src=\"https:\/\/sites.ufca.edu.br\/proji\/wp-content\/uploads\/sites\/165\/2025\/11\/Lara.png\" alt=\"\" style=\"width: 100%;height: 100%\" class=\"wp-image-346\"><\/figure>\n\n\n\n<h4><strong>Lara Menezes Vasconcelos<\/strong><\/h4>\n\n\n\n<p>Estudante de Jornalismo na Universidade Federal do Cariri (UFCA) e participante&nbsp;do Grupo de Pesquisa em Processos Jornal\u00edsticos e Inova\u00e7\u00e3o- PROJI. Tem interesse em audiovisual, tecnologia e se encanta com o jornalismo.<\/p>\n\n\n\n<p><a href=\"http:\/\/lattes.cnpq.br\/0501040141101628\" target=\"_blank\" rel=\"noreferrer noopener\">Curr\u00edculo Lattes<\/a><\/p>\n<\/div>\n<\/div>\n\n\n\n<div class=\"wp-container-12 wp-block-columns\">\n<div class=\"wp-container-10 wp-block-column\">\n<figure class=\"wp-block-image size-large\" style=\"width: 100%;margin: 0;text-align: left\"><img src=\"https:\/\/sites.ufca.edu.br\/proji\/wp-content\/uploads\/sites\/165\/2025\/11\/Maria-Eduarda.png\" alt=\"\" style=\"width: 100%;height: 100%\" class=\"wp-image-346\"><\/figure>\n\n\n\n<h4>Maria Eduarda Galdino Viana<\/h4>\n\n\n\n<p>Estudante de Jornalismo na Universidade Federal do Cariri (UFCA) e participante&nbsp;do Grupo de Pesquisa em Processos Jornal\u00edsticos e Inova\u00e7\u00e3o- PROJI.<\/p>\n\n\n\n<p><a href=\"http:\/\/lattes.cnpq.br\/4532776995478736\" data-type=\"URL\" data-id=\"http:\/\/lattes.cnpq.br\/4532776995478736\" target=\"_blank\" rel=\"noreferrer noopener\">Curr\u00edculo Lattes<\/a><\/p>\n<\/div>\n\n\n\n<div class=\"wp-container-11 wp-block-column\">\n<figure class=\"wp-block-image size-large\" style=\"width: 100%;margin: 0;text-align: left\"><img src=\"https:\/\/sites.ufca.edu.br\/proji\/wp-content\/uploads\/sites\/165\/2026\/01\/Clara.jpg\" alt=\"\" style=\"width: 100%;height: 100%\" class=\"wp-image-346\"><\/figure>\n\n\n\n<h4>Clara Vit\u00f3ria Nogueira Tavares<\/h4>\n\n\n\n<p>Estudante de Jornalismo na Universidade Federal do Cariri (UFCA) e participante&nbsp;do Grupo de Pesquisa em Processos Jornal\u00edsticos e Inova\u00e7\u00e3o- PROJI.<\/p>\n\n\n\n<p><a href=\"http:\/\/lattes.cnpq.br\/9282844580360063\" data-type=\"URL\" data-id=\"http:\/\/lattes.cnpq.br\/9282844580360063\" target=\"_blank\" rel=\"noreferrer noopener\">Curr\u00edculo Lattes<\/a><\/p>\n<\/div>\n<\/div>\n\n\n\n<div class=\"wp-container-15 wp-block-columns\">\n<div class=\"wp-container-13 wp-block-column\">\n\n\n<h4>Jeliel Victor de Sousa Melo<\/h4>\n\n\n\n<p>Estudante de Jornalismo na Universidade Federal do Cariri (UFCA) e participante&nbsp;do Grupo de Pesquisa em Processos Jornal\u00edsticos e Inova\u00e7\u00e3o- PROJI.<\/p>\n\n\n\n<p><a href=\"http:\/\/lattes.cnpq.br\/6253709751492639\" data-type=\"URL\" data-id=\"http:\/\/lattes.cnpq.br\/6253709751492639\" target=\"_blank\" rel=\"noreferrer noopener\">Curr\u00edculo Lattes<\/a><\/p>\n<\/div>\n\n\n\n<div class=\"wp-container-14 wp-block-column\"><\/div>\n<\/div>\n","protected":false},"excerpt":{"rendered":"<p>Vitor Emanuel Pereira Mariano Estudante de Jornalismo na Universidade Federal do Cariri (UFCA) e integrante do Grupo de Pesquisa em Processos Jornal\u00edsticos e Inova\u00e7\u00e3o &#8211; PROJI. Curr\u00edculo Lattes Camila Lavine Barros Campos Estudante de Jornalismo na Universidade Federal do Cariri (UFCA) e participante&nbsp;do Grupo de Pesquisa em Processos Jornal\u00edsticos e Inova\u00e7\u00e3o- PROJI. Curr\u00edculo Lattes Maria [&hellip;]<\/p>\n","protected":false},"author":146,"featured_media":0,"parent":0,"menu_order":0,"comment_status":"closed","ping_status":"closed","template":"","meta":[],"_links":{"self":[{"href":"https:\/\/sites.ufca.edu.br\/proji\/wp-json\/wp\/v2\/pages\/326"}],"collection":[{"href":"https:\/\/sites.ufca.edu.br\/proji\/wp-json\/wp\/v2\/pages"}],"about":[{"href":"https:\/\/sites.ufca.edu.br\/proji\/wp-json\/wp\/v2\/types\/page"}],"author":[{"embeddable":true,"href":"https:\/\/sites.ufca.edu.br\/proji\/wp-json\/wp\/v2\/users\/146"}],"replies":[{"embeddable":true,"href":"https:\/\/sites.ufca.edu.br\/proji\/wp-json\/wp\/v2\/comments?post=326"}],"version-history":[{"count":15,"href":"https:\/\/sites.ufca.edu.br\/proji\/wp-json\/wp\/v2\/pages\/326\/revisions"}],"predecessor-version":[{"id":413,"href":"https:\/\/sites.ufca.edu.br\/proji\/wp-json\/wp\/v2\/pages\/326\/revisions\/413"}],"wp:attachment":[{"href":"https:\/\/sites.ufca.edu.br\/proji\/wp-json\/wp\/v2\/media?parent=326"}],"curies":[{"name":"wp","href":"https:\/\/api.w.org\/{rel}","templated":true}]}}