{"id":328,"date":"2025-06-17T17:45:42","date_gmt":"2025-06-17T20:45:42","guid":{"rendered":"https:\/\/sites.ufca.edu.br\/proji\/?page_id=328"},"modified":"2025-08-11T14:13:57","modified_gmt":"2025-08-11T17:13:57","slug":"pesquisadores","status":"publish","type":"page","link":"https:\/\/sites.ufca.edu.br\/proji\/pesquisadores\/","title":{"rendered":"Pesquisadores"},"content":{"rendered":"\n<div class=\"wp-container-7 wp-block-group\"><div class=\"wp-block-group__inner-container\">\n<div class=\"wp-container-3 wp-block-columns\">\n<div class=\"wp-container-1 wp-block-column\">\n<figure class=\"wp-block-image size-large\" style=\"width: 100%;margin: 0;text-align: left\">\n  <img loading=\"lazy\" width=\"768\" height=\"768\" src=\"https:\/\/sites.ufca.edu.br\/proji\/wp-content\/uploads\/sites\/165\/2025\/06\/Foto_Ivan-Satuf_DCOM-Ivan-Satuf-Rezende-2-768x768-1.jpg\" alt=\"\" style=\"width: 100%;height: auto\" class=\"wp-image-343\" srcset=\"https:\/\/sites.ufca.edu.br\/proji\/wp-content\/uploads\/sites\/165\/2025\/06\/Foto_Ivan-Satuf_DCOM-Ivan-Satuf-Rezende-2-768x768-1.jpg 768w, https:\/\/sites.ufca.edu.br\/proji\/wp-content\/uploads\/sites\/165\/2025\/06\/Foto_Ivan-Satuf_DCOM-Ivan-Satuf-Rezende-2-768x768-1-300x300.jpg 300w, https:\/\/sites.ufca.edu.br\/proji\/wp-content\/uploads\/sites\/165\/2025\/06\/Foto_Ivan-Satuf_DCOM-Ivan-Satuf-Rezende-2-768x768-1-150x150.jpg 150w\" sizes=\"(max-width: 768px) 100vw, 768px\" \/>\n<\/figure>\n\n\n\n<p><strong>Ivan Satuf<\/strong><\/p>\n\n\n\n<p>Atua na \u00e1rea de converg\u00eancia de m\u00eddias. Graduado em Jornalismo (PUC Minas), mestre em Comunica\u00e7\u00e3o Social (UFMG) e Doutor em Ci\u00eancias da Comunica\u00e7\u00e3o (UBI\/Portugal). Lidera o Grupo de Pesquisa em Processos Jornal\u00edsticos e Inova\u00e7\u00e3o \u2013 PROJI.<\/p>\n\n\n\n<p><a rel=\"noreferrer noopener\" href=\"http:\/\/lattes.cnpq.br\/9641261017664744\" target=\"_blank\">Curr\u00edculo Lattes<\/a><\/p>\n<\/div>\n\n\n\n<div class=\"wp-container-2 wp-block-column\">\n<figure class=\"wp-block-image size-large\" style=\"width: 100%;margin: 0;text-align: left\"><img loading=\"lazy\" width=\"670\" height=\"670\" src=\"https:\/\/sites.ufca.edu.br\/proji\/wp-content\/uploads\/sites\/165\/2025\/06\/Dio\u0301genes.jpeg\" alt=\"\" style=\"width: 100%;height: auto\" class=\"wp-image-344\" srcset=\"https:\/\/sites.ufca.edu.br\/proji\/wp-content\/uploads\/sites\/165\/2025\/06\/Dio\u0301genes.jpeg 670w, https:\/\/sites.ufca.edu.br\/proji\/wp-content\/uploads\/sites\/165\/2025\/06\/Dio\u0301genes-300x300.jpeg 300w, https:\/\/sites.ufca.edu.br\/proji\/wp-content\/uploads\/sites\/165\/2025\/06\/Dio\u0301genes-150x150.jpeg 150w\" sizes=\"(max-width: 670px) 100vw, 670px\" \/><\/figure>\n\n\n\n<p><strong>Di\u00f3genes D\u2019Arce Cardoso de Luna<\/strong><\/p>\n\n\n\n<p>Professor Adjunto, doutorando em Comunica\u00e7\u00e3o (Univ. Beira Interior \u2013 Portugal). Mestre em Comunica\u00e7\u00e3o (UFPE), graduado em Comunica\u00e7\u00e3o Social (UFPB). Pesquisa movimentos jornal\u00edsticos, programa\u00e7\u00e3o, an\u00e1lise de dados e Jornalismo de Dados. Interesses: Programa\u00e7\u00e3o, Jornalismo de Dados, Produ\u00e7\u00e3o de Not\u00edcias, Converg\u00eancia de M\u00eddias, Teorias de Jornalismo e Redes Sociais.<\/p>\n\n\n\n<p><a rel=\"noreferrer noopener\" href=\"http:\/\/lattes.cnpq.br\/3363281300028155\" target=\"_blank\">Curr\u00edculo Lattes<\/a><\/p>\n<\/div>\n<\/div>\n\n\n\n<div class=\"wp-container-6 wp-block-columns\">\n<div class=\"wp-container-4 wp-block-column\">\n<figure class=\"wp-block-image size-large\" style=\"width: 100%;margin: 0;text-align: left\"><img loading=\"lazy\" width=\"696\" height=\"696\" src=\"https:\/\/sites.ufca.edu.br\/proji\/wp-content\/uploads\/sites\/165\/2025\/06\/Hanna-Hanna-Franca-Menezes.jpeg\" alt=\"\" style=\"width: 100%;height: auto\" class=\"wp-image-346\" srcset=\"https:\/\/sites.ufca.edu.br\/proji\/wp-content\/uploads\/sites\/165\/2025\/06\/Hanna-Hanna-Franca-Menezes.jpeg 696w, https:\/\/sites.ufca.edu.br\/proji\/wp-content\/uploads\/sites\/165\/2025\/06\/Hanna-Hanna-Franca-Menezes-300x300.jpeg 300w, https:\/\/sites.ufca.edu.br\/proji\/wp-content\/uploads\/sites\/165\/2025\/06\/Hanna-Hanna-Franca-Menezes-150x150.jpeg 150w\" sizes=\"(max-width: 696px) 100vw, 696px\" \/><\/figure>\n\n\n\n<p><strong>Hanna Fran\u00e7a Menezes<\/strong><\/p>\n\n\n\n<p>Doutoranda em Ci\u00eancia da Computa\u00e7\u00e3o (UFCG), possui mestrado em Design (UFCG), especializa\u00e7\u00e3o em Web Design (FJN), gradua\u00e7\u00e3o em Sistemas de Informa\u00e7\u00e3o (FJN). Atua como T\u00e9cnica de Laborat\u00f3rio (Jornalismo Digital) na Universidade Federal do Cariri.<\/p>\n\n<p>Curr\u00edculo Lattes\n\n\n\n<p><a rel=\"noreferrer noopener\" href=\"http:\/\/lattes.cnpq.br\/5375830834404417\" target=\"_blank\">Curr\u00edculo Lattes<\/a><\/p>\n<\/div>\n\n\n\n<div class=\"wp-container-5 wp-block-column\">\n<figure class=\"wp-block-image size-large\" style=\"width: 100%;margin: 0;text-align: left\"><img loading=\"lazy\" width=\"561\" height=\"561\" src=\"https:\/\/sites.ufca.edu.br\/proji\/wp-content\/uploads\/sites\/165\/2025\/06\/1724929_10205562301605706_5878200289626517489_n.jpg\" alt=\"\" style=\"width: 100%;height: auto\" class=\"wp-image-347\" srcset=\"https:\/\/sites.ufca.edu.br\/proji\/wp-content\/uploads\/sites\/165\/2025\/06\/1724929_10205562301605706_5878200289626517489_n.jpg 561w, https:\/\/sites.ufca.edu.br\/proji\/wp-content\/uploads\/sites\/165\/2025\/06\/1724929_10205562301605706_5878200289626517489_n-300x300.jpg 300w, https:\/\/sites.ufca.edu.br\/proji\/wp-content\/uploads\/sites\/165\/2025\/06\/1724929_10205562301605706_5878200289626517489_n-150x150.jpg 150w\" sizes=\"(max-width: 561px) 100vw, 561px\" \/><\/figure>\n\n\n\n<p><strong>Paulo Anaximandro Tavares<\/strong> <\/p>\n\n\n\n<p>Bacharel em Sistemas de Informa\u00e7\u00e3o IFCE, com experi\u00eancia em Desenvolvimento Full Stack, Design Gr\u00e1fico, Web e Ilustra\u00e7\u00e3o. Experi\u00eancia internacional inclui participa\u00e7\u00e3o no Programa Ci\u00eancia sem Fronteiras na Universit\u00e0 la Sapienza di Roma e na Telecom S.p.A. em Turim, It\u00e1lia. <\/p>\n\n\n\n<p><a rel=\"noreferrer noopener\" href=\"http:\/\/lattes.cnpq.br\/4189847024461943\" target=\"_blank\">Curr\u00edculo Lattes<\/a><\/p>\n<\/div>\n<\/div>\n\n\n\n<p><\/p>\n\n\n\n<p><\/p>\n\n\n\n<p><\/p>\n\n\n\n<p><\/p>\n<\/div><\/div>\n","protected":false},"excerpt":{"rendered":"<p>Ivan Satuf Atua na \u00e1rea de converg\u00eancia de m\u00eddias. Graduado em Jornalismo (PUC Minas), mestre em Comunica\u00e7\u00e3o Social (UFMG) e Doutor em Ci\u00eancias da Comunica\u00e7\u00e3o (UBI\/Portugal). Lidera o Grupo de Pesquisa em Processos Jornal\u00edsticos e Inova\u00e7\u00e3o \u2013 PROJI. Curr\u00edculo Lattes Di\u00f3genes D\u2019Arce Cardoso de Luna Professor Adjunto, doutorando em Comunica\u00e7\u00e3o (Univ. Beira Interior \u2013 Portugal). [&hellip;]<\/p>\n","protected":false},"author":146,"featured_media":0,"parent":0,"menu_order":0,"comment_status":"closed","ping_status":"closed","template":"","meta":[],"_links":{"self":[{"href":"https:\/\/sites.ufca.edu.br\/proji\/wp-json\/wp\/v2\/pages\/328"}],"collection":[{"href":"https:\/\/sites.ufca.edu.br\/proji\/wp-json\/wp\/v2\/pages"}],"about":[{"href":"https:\/\/sites.ufca.edu.br\/proji\/wp-json\/wp\/v2\/types\/page"}],"author":[{"embeddable":true,"href":"https:\/\/sites.ufca.edu.br\/proji\/wp-json\/wp\/v2\/users\/146"}],"replies":[{"embeddable":true,"href":"https:\/\/sites.ufca.edu.br\/proji\/wp-json\/wp\/v2\/comments?post=328"}],"version-history":[{"count":4,"href":"https:\/\/sites.ufca.edu.br\/proji\/wp-json\/wp\/v2\/pages\/328\/revisions"}],"predecessor-version":[{"id":362,"href":"https:\/\/sites.ufca.edu.br\/proji\/wp-json\/wp\/v2\/pages\/328\/revisions\/362"}],"wp:attachment":[{"href":"https:\/\/sites.ufca.edu.br\/proji\/wp-json\/wp\/v2\/media?parent=328"}],"curies":[{"name":"wp","href":"https:\/\/api.w.org\/{rel}","templated":true}]}}