{"id":330,"date":"2025-06-17T17:46:17","date_gmt":"2025-06-17T20:46:17","guid":{"rendered":"https:\/\/sites.ufca.edu.br\/proji\/?page_id=330"},"modified":"2025-11-17T14:30:45","modified_gmt":"2025-11-17T17:30:45","slug":"egressos","status":"publish","type":"page","link":"https:\/\/sites.ufca.edu.br\/proji\/egressos\/","title":{"rendered":"Egressos"},"content":{"rendered":"\n<div class=\"wp-container-3 wp-block-columns\">\n<div class=\"wp-container-1 wp-block-column\">\n<h4>Amanda Nobre Dias (2021-2023)<\/h4>\n\n\n\n<p>Curr\u00edculo Lattes<\/p>\n<\/div>\n\n\n\n<div class=\"wp-container-2 wp-block-column\">\n<h4>Cicero Rafael da Silva (2021-2024)<\/h4>\n\n\n\n<p>Curr\u00edculo Lattes<\/p>\n<\/div>\n<\/div>\n\n\n\n<div class=\"wp-container-6 wp-block-columns\">\n<div class=\"wp-container-4 wp-block-column\">\n<h4>Danilo Oliveira Pereira (2022-2024)<\/h4>\n\n\n\n<p>Curr\u00edculo Lattes<\/p>\n<\/div>\n\n\n\n<div class=\"wp-container-5 wp-block-column\">\n<h4>Denilson Rodrigues de Sousa (2022-2024)<\/h4>\n\n\n\n<p>Curr\u00edculo Lattes<\/p>\n<\/div>\n<\/div>\n\n\n\n<div class=\"wp-container-9 wp-block-columns\">\n<div class=\"wp-container-7 wp-block-column\">\n<h4>Francisco Gean Rodrigues Bezerra (2021-2022)<\/h4>\n\n\n\n<p>Curr\u00edculo Lattes<\/p>\n<\/div>\n\n\n\n<div class=\"wp-container-8 wp-block-column\">\n<h4>Jo\u00e3o Batista Bezerra Neto (2024-2025)<\/h4>\n\n\n\n<p>Curr\u00edculo Lattes<\/p>\n<\/div>\n<\/div>\n\n\n\n<div class=\"wp-container-12 wp-block-columns\">\n<div class=\"wp-container-10 wp-block-column\">\n<h4>Kl\u00e9bia de Souza Silva (2022-2024)<\/h4>\n\n\n\n<p>Curr\u00edculo Lattes<\/p>\n<\/div>\n\n\n\n<div class=\"wp-container-11 wp-block-column\">\n<h4>Maria Beatriz Pereira Silva (2023-2024)<\/h4>\n\n\n\n<p>Curr\u00edculo Lattes<\/p>\n<\/div>\n<\/div>\n\n\n\n<div class=\"wp-container-15 wp-block-columns\">\n<div class=\"wp-container-13 wp-block-column\">\n<h4>Mar\u00edlia Medeiros Pereira (2021-2022)<\/h4>\n\n\n\n<p>Curr\u00edculo Lattes<\/p>\n<\/div>\n\n\n\n<div class=\"wp-container-14 wp-block-column\">\n<h4>Sebasti\u00e3o de Matos Arrais Neto (2023-2024)<\/h4>\n\n\n\n<p>Curr\u00edculo Lattes<\/p>\n<\/div>\n<\/div>\n","protected":false},"excerpt":{"rendered":"<p>Amanda Nobre Dias (2021-2023) Curr\u00edculo Lattes Cicero Rafael da Silva (2021-2024) Curr\u00edculo Lattes Danilo Oliveira Pereira (2022-2024) Curr\u00edculo Lattes Denilson Rodrigues de Sousa (2022-2024) Curr\u00edculo Lattes Francisco Gean Rodrigues Bezerra (2021-2022) Curr\u00edculo Lattes Jo\u00e3o Batista Bezerra Neto (2024-2025) Curr\u00edculo Lattes Kl\u00e9bia de Souza Silva (2022-2024) Curr\u00edculo Lattes Maria Beatriz Pereira Silva (2023-2024) Curr\u00edculo Lattes Mar\u00edlia [&hellip;]<\/p>\n","protected":false},"author":146,"featured_media":0,"parent":0,"menu_order":0,"comment_status":"closed","ping_status":"closed","template":"","meta":[],"_links":{"self":[{"href":"https:\/\/sites.ufca.edu.br\/proji\/wp-json\/wp\/v2\/pages\/330"}],"collection":[{"href":"https:\/\/sites.ufca.edu.br\/proji\/wp-json\/wp\/v2\/pages"}],"about":[{"href":"https:\/\/sites.ufca.edu.br\/proji\/wp-json\/wp\/v2\/types\/page"}],"author":[{"embeddable":true,"href":"https:\/\/sites.ufca.edu.br\/proji\/wp-json\/wp\/v2\/users\/146"}],"replies":[{"embeddable":true,"href":"https:\/\/sites.ufca.edu.br\/proji\/wp-json\/wp\/v2\/comments?post=330"}],"version-history":[{"count":3,"href":"https:\/\/sites.ufca.edu.br\/proji\/wp-json\/wp\/v2\/pages\/330\/revisions"}],"predecessor-version":[{"id":402,"href":"https:\/\/sites.ufca.edu.br\/proji\/wp-json\/wp\/v2\/pages\/330\/revisions\/402"}],"wp:attachment":[{"href":"https:\/\/sites.ufca.edu.br\/proji\/wp-json\/wp\/v2\/media?parent=330"}],"curies":[{"name":"wp","href":"https:\/\/api.w.org\/{rel}","templated":true}]}}