{"id":65,"date":"2023-03-31T16:15:01","date_gmt":"2023-03-31T19:15:01","guid":{"rendered":"https:\/\/sites.ufca.edu.br\/treinamento-portal\/?page_id=65"},"modified":"2024-10-30T09:11:42","modified_gmt":"2024-10-30T12:11:42","slug":"biblioteca-de-midia","status":"publish","type":"page","link":"https:\/\/sites.ufca.edu.br\/treinamento-portal\/portal\/biblioteca-de-midia\/","title":{"rendered":"Biblioteca de m\u00eddia"},"content":{"rendered":"\n<p class=\"has-lightgray-color has-blueheavenly-background-color has-text-color has-background\"><strong>Como trabalhar com a biblioteca de m\u00eddia:<\/strong><\/p>\n\n\n\n<ul><li>Para adicionar um ou mais arquivos de m\u00eddia \u00e9 preciso selecionar a op\u00e7\u00e3o &#8220;M\u00eddia&#8221;, localizada no menu lateral esquerdo. Em seguida, clique no bot\u00e3o &#8220;Adicionar nova&#8221;.<\/li><\/ul>\n\n\n\n<div class=\"wp-block-image\"><figure class=\"aligncenter size-large is-resized\"><img loading=\"lazy\" src=\"https:\/\/sites.ufca.edu.br\/treinamento-portal\/wp-content\/uploads\/sites\/183\/2023\/06\/imagem-1.png\" alt=\"\" class=\"wp-image-173\" width=\"532\" height=\"386\" srcset=\"https:\/\/sites.ufca.edu.br\/treinamento-portal\/wp-content\/uploads\/sites\/183\/2023\/06\/imagem-1.png 502w, https:\/\/sites.ufca.edu.br\/treinamento-portal\/wp-content\/uploads\/sites\/183\/2023\/06\/imagem-1-300x218.png 300w\" sizes=\"(max-width: 532px) 100vw, 532px\" \/><\/figure><\/div>\n\n\n\n<ul><li>Selecione o arquivo ao qual deseja fazer o upload.<\/li><\/ul>\n\n\n\n<div class=\"wp-block-image\"><figure class=\"aligncenter size-large is-resized\"><img loading=\"lazy\" src=\"http:\/\/sites.ufca.edu.br\/treinamento-portal\/wp-content\/uploads\/sites\/183\/2023\/06\/imagem2-3-1024x330.png\" alt=\"\" class=\"wp-image-175\" width=\"819\" height=\"263\" srcset=\"https:\/\/sites.ufca.edu.br\/treinamento-portal\/wp-content\/uploads\/sites\/183\/2023\/06\/imagem2-3-1024x330.png 1024w, https:\/\/sites.ufca.edu.br\/treinamento-portal\/wp-content\/uploads\/sites\/183\/2023\/06\/imagem2-3-300x97.png 300w, https:\/\/sites.ufca.edu.br\/treinamento-portal\/wp-content\/uploads\/sites\/183\/2023\/06\/imagem2-3-768x248.png 768w, https:\/\/sites.ufca.edu.br\/treinamento-portal\/wp-content\/uploads\/sites\/183\/2023\/06\/imagem2-3.png 1169w\" sizes=\"(max-width: 819px) 100vw, 819px\" \/><\/figure><\/div>\n\n\n\n<ul><li>Ap\u00f3s adicionar a m\u00eddia desejada, a mesma ser\u00e1 exibida na &#8220;biblioteca de m\u00eddia&#8221; do portal.<\/li><\/ul>\n\n\n\n<div class=\"wp-block-image\"><figure class=\"aligncenter size-large\"><img loading=\"lazy\" width=\"1024\" height=\"458\" src=\"https:\/\/sites.ufca.edu.br\/treinamento-portal\/wp-content\/uploads\/sites\/183\/2023\/06\/imagem3-1-1024x458.png\" alt=\"\" class=\"wp-image-176\" srcset=\"https:\/\/sites.ufca.edu.br\/treinamento-portal\/wp-content\/uploads\/sites\/183\/2023\/06\/imagem3-1-1024x458.png 1024w, https:\/\/sites.ufca.edu.br\/treinamento-portal\/wp-content\/uploads\/sites\/183\/2023\/06\/imagem3-1-300x134.png 300w, https:\/\/sites.ufca.edu.br\/treinamento-portal\/wp-content\/uploads\/sites\/183\/2023\/06\/imagem3-1-768x343.png 768w, https:\/\/sites.ufca.edu.br\/treinamento-portal\/wp-content\/uploads\/sites\/183\/2023\/06\/imagem3-1.png 1157w\" sizes=\"(max-width: 1024px) 100vw, 1024px\" \/><\/figure><\/div>\n\n\n\n<ul><li>Ao selecionar a imagem, s\u00e3o exibidos os campos para edi\u00e7\u00e3o de &#8220;Texto alternativo&#8221;, &#8220;T\u00edtulo&#8221;, &#8220;Legenda&#8221; e &#8220;Descri\u00e7\u00e3o&#8221;. Assim, conforme recomenda o <a href=\"https:\/\/emag.governoeletronico.gov.br\/\">Modelo de Acessibilidade em Governo Eletr\u00f4nico &#8211; eMAG<\/a>, deve-se inserir, pelo menos, um texto alternativo. O texto alternativo \u00e9 essencial para a experi\u00eancia no acesso da p\u00e1gina por pessoas com defici\u00eancia visual que fazem uso de leitores de tela. Uma boa dica est\u00e1 no <a href=\"https:\/\/www.gov.br\/governodigital\/pt-br\/acessibilidade-digital\/uso-correto-texto-alternativo.pdf\">tutorial sobre o uso correto de texto alternativo<\/a>. <\/li><\/ul>\n\n\n\n<figure class=\"wp-block-image size-large\"><img loading=\"lazy\" width=\"1024\" height=\"433\" src=\"http:\/\/sites.ufca.edu.br\/treinamento-portal\/wp-content\/uploads\/sites\/183\/2023\/06\/imagem4-3-1024x433.png\" alt=\"\" class=\"wp-image-179\" srcset=\"https:\/\/sites.ufca.edu.br\/treinamento-portal\/wp-content\/uploads\/sites\/183\/2023\/06\/imagem4-3-1024x433.png 1024w, https:\/\/sites.ufca.edu.br\/treinamento-portal\/wp-content\/uploads\/sites\/183\/2023\/06\/imagem4-3-300x127.png 300w, https:\/\/sites.ufca.edu.br\/treinamento-portal\/wp-content\/uploads\/sites\/183\/2023\/06\/imagem4-3-768x325.png 768w, https:\/\/sites.ufca.edu.br\/treinamento-portal\/wp-content\/uploads\/sites\/183\/2023\/06\/imagem4-3.png 1358w\" sizes=\"(max-width: 1024px) 100vw, 1024px\" \/><\/figure>\n\n\n\n<ul><li>Para mais detalhes sobre como utilizar a Biblioteca de m\u00eddia, assista o v\u00eddeo abaixo:<\/li><\/ul>\n\n\n\n<figure class=\"wp-block-video\"><video controls=\"\" src=\"https:\/\/sites.ufca.edu.br\/treinamento-portal\/wp-content\/uploads\/sites\/183\/2023\/06\/Galeria-de-imagens.mp4\"><\/video><\/figure>\n\n\n\n<p><\/p>\n","protected":false},"excerpt":{"rendered":"<p>Como trabalhar com a biblioteca de m\u00eddia: Para adicionar um ou mais arquivos de m\u00eddia \u00e9 preciso selecionar a op\u00e7\u00e3o &#8220;M\u00eddia&#8221;, localizada no menu lateral esquerdo. Em seguida, clique no bot\u00e3o &#8220;Adicionar nova&#8221;. Selecione o arquivo ao qual deseja fazer o upload. Ap\u00f3s adicionar a m\u00eddia desejada, a mesma ser\u00e1 exibida na &#8220;biblioteca de m\u00eddia&#8221; [&hellip;]<\/p>\n","protected":false},"author":243,"featured_media":0,"parent":9,"menu_order":0,"comment_status":"closed","ping_status":"closed","template":"","meta":[],"_links":{"self":[{"href":"https:\/\/sites.ufca.edu.br\/treinamento-portal\/wp-json\/wp\/v2\/pages\/65"}],"collection":[{"href":"https:\/\/sites.ufca.edu.br\/treinamento-portal\/wp-json\/wp\/v2\/pages"}],"about":[{"href":"https:\/\/sites.ufca.edu.br\/treinamento-portal\/wp-json\/wp\/v2\/types\/page"}],"author":[{"embeddable":true,"href":"https:\/\/sites.ufca.edu.br\/treinamento-portal\/wp-json\/wp\/v2\/users\/243"}],"replies":[{"embeddable":true,"href":"https:\/\/sites.ufca.edu.br\/treinamento-portal\/wp-json\/wp\/v2\/comments?post=65"}],"version-history":[{"count":14,"href":"https:\/\/sites.ufca.edu.br\/treinamento-portal\/wp-json\/wp\/v2\/pages\/65\/revisions"}],"predecessor-version":[{"id":350,"href":"https:\/\/sites.ufca.edu.br\/treinamento-portal\/wp-json\/wp\/v2\/pages\/65\/revisions\/350"}],"up":[{"embeddable":true,"href":"https:\/\/sites.ufca.edu.br\/treinamento-portal\/wp-json\/wp\/v2\/pages\/9"}],"wp:attachment":[{"href":"https:\/\/sites.ufca.edu.br\/treinamento-portal\/wp-json\/wp\/v2\/media?parent=65"}],"curies":[{"name":"wp","href":"https:\/\/api.w.org\/{rel}","templated":true}]}}