{"id":142,"date":"2021-12-01T10:28:08","date_gmt":"2021-12-01T13:28:08","guid":{"rendered":"https:\/\/sites.ufca.edu.br\/treinamento-sites\/?page_id=142"},"modified":"2023-06-28T10:25:00","modified_gmt":"2023-06-28T13:25:00","slug":"bloco-de-insercao-midia","status":"publish","type":"page","link":"https:\/\/sites.ufca.edu.br\/treinamento-sites\/editor-de-blocos\/exemplificando-blocos\/bloco-de-insercao-midia\/","title":{"rendered":"Bloco de Inser\u00e7\u00e3o: M\u00eddia"},"content":{"rendered":"\n<figure class=\"wp-block-image size-large\"><img loading=\"lazy\" width=\"335\" height=\"315\" src=\"https:\/\/sites.ufca.edu.br\/treinamento-sites\/wp-content\/uploads\/sites\/172\/2021\/12\/image-9.png\" alt=\"\" class=\"wp-image-446\" srcset=\"https:\/\/sites.ufca.edu.br\/treinamento-sites\/wp-content\/uploads\/sites\/172\/2021\/12\/image-9.png 335w, https:\/\/sites.ufca.edu.br\/treinamento-sites\/wp-content\/uploads\/sites\/172\/2021\/12\/image-9-300x282.png 300w\" sizes=\"(max-width: 335px) 100vw, 335px\" \/><\/figure>\n\n\n\n<h2>\u00cdndice<\/h2>\n\n\n\n<p><a href=\"#image\">Imagem (image)<\/a><br><a href=\"#gallery\">Galeria (gallery)<br><\/a><a href=\"#audio\">\u00c1udio (audio)<br><\/a><a href=\"#cover\">Capa (cover)<br><\/a><a href=\"#file\">Arquivo (file)<\/a><br><a href=\"#media-and-text\">M\u00eddia e texto (media and text)<\/a><br><a href=\"#video\">V\u00eddeo (video)<\/a><\/p>\n\n\n\n<h2 id=\"image\"><strong>Imagem (image)<\/strong><\/h2>\n\n\n\n<p>\u00c9 claro que em um blog n\u00e3o pode faltar as imagens, H\u00e1 coisas que n\u00e3o podem ser descritas por texto, ent\u00e3o uma foto espec\u00edfica seria essencial nesse caso. Para adicionar uma imagem voc\u00ea pode fazer o upload (carregar do seu computador) ou utilizar um link da internet. H\u00e1 outra op\u00e7\u00f5es tais como adicionar descri\u00e7\u00e3o da imagem, recorta-la, etc<\/p>\n\n\n\n<figure class=\"wp-block-image size-large\"><img loading=\"lazy\" width=\"1024\" height=\"823\" src=\"https:\/\/sites.ufca.edu.br\/treinamento-sites\/wp-content\/uploads\/sites\/172\/2021\/11\/adicionar-imagem-1024x823.jpg\" alt=\"\" class=\"wp-image-101\" srcset=\"https:\/\/sites.ufca.edu.br\/treinamento-sites\/wp-content\/uploads\/sites\/172\/2021\/11\/adicionar-imagem-1024x823.jpg 1024w, https:\/\/sites.ufca.edu.br\/treinamento-sites\/wp-content\/uploads\/sites\/172\/2021\/11\/adicionar-imagem-300x241.jpg 300w, https:\/\/sites.ufca.edu.br\/treinamento-sites\/wp-content\/uploads\/sites\/172\/2021\/11\/adicionar-imagem-768x617.jpg 768w, https:\/\/sites.ufca.edu.br\/treinamento-sites\/wp-content\/uploads\/sites\/172\/2021\/11\/adicionar-imagem-1536x1234.jpg 1536w, https:\/\/sites.ufca.edu.br\/treinamento-sites\/wp-content\/uploads\/sites\/172\/2021\/11\/adicionar-imagem-945x759.jpg 945w, https:\/\/sites.ufca.edu.br\/treinamento-sites\/wp-content\/uploads\/sites\/172\/2021\/11\/adicionar-imagem-600x482.jpg 600w, https:\/\/sites.ufca.edu.br\/treinamento-sites\/wp-content\/uploads\/sites\/172\/2021\/11\/adicionar-imagem.jpg 1920w\" sizes=\"(max-width: 1024px) 100vw, 1024px\" \/><figcaption>[A descri\u00e7\u00e3o \u00e9 opcional]<\/figcaption><\/figure>\n\n\n\n<h2 id=\"gallery\"><strong>Galeria (gallery)<\/strong><\/h2>\n\n\n\n<p>Adiciona um grupo de imagens.<\/p>\n\n\n\n<figure class=\"wp-container-2 wp-block-gallery-1 wp-block-gallery columns-3 is-cropped\"><ul class=\"blocks-gallery-grid\"><li class=\"blocks-gallery-item\"><figure><img loading=\"lazy\" width=\"1024\" height=\"680\" src=\"https:\/\/sites.ufca.edu.br\/treinamento-sites\/wp-content\/uploads\/sites\/172\/2021\/11\/cachorro-1024x680.jpg\" alt=\"\" data-id=\"102\" data-full-url=\"https:\/\/sites.ufca.edu.br\/treinamento-sites\/wp-content\/uploads\/sites\/172\/2021\/11\/cachorro.jpg\" data-link=\"https:\/\/sites.ufca.edu.br\/treinamento-sites\/?attachment_id=102\" class=\"wp-image-102\" srcset=\"https:\/\/sites.ufca.edu.br\/treinamento-sites\/wp-content\/uploads\/sites\/172\/2021\/11\/cachorro-1024x680.jpg 1024w, https:\/\/sites.ufca.edu.br\/treinamento-sites\/wp-content\/uploads\/sites\/172\/2021\/11\/cachorro-300x199.jpg 300w, https:\/\/sites.ufca.edu.br\/treinamento-sites\/wp-content\/uploads\/sites\/172\/2021\/11\/cachorro-768x510.jpg 768w, https:\/\/sites.ufca.edu.br\/treinamento-sites\/wp-content\/uploads\/sites\/172\/2021\/11\/cachorro-1536x1020.jpg 1536w, https:\/\/sites.ufca.edu.br\/treinamento-sites\/wp-content\/uploads\/sites\/172\/2021\/11\/cachorro-945x628.jpg 945w, https:\/\/sites.ufca.edu.br\/treinamento-sites\/wp-content\/uploads\/sites\/172\/2021\/11\/cachorro-600x398.jpg 600w, https:\/\/sites.ufca.edu.br\/treinamento-sites\/wp-content\/uploads\/sites\/172\/2021\/11\/cachorro.jpg 1920w\" sizes=\"(max-width: 1024px) 100vw, 1024px\" \/><\/figure><\/li><li class=\"blocks-gallery-item\"><figure><img loading=\"lazy\" width=\"1024\" height=\"683\" src=\"https:\/\/sites.ufca.edu.br\/treinamento-sites\/wp-content\/uploads\/sites\/172\/2021\/11\/gato-1024x683.jpg\" alt=\"\" data-id=\"103\" data-full-url=\"https:\/\/sites.ufca.edu.br\/treinamento-sites\/wp-content\/uploads\/sites\/172\/2021\/11\/gato.jpg\" data-link=\"https:\/\/sites.ufca.edu.br\/treinamento-sites\/?attachment_id=103\" class=\"wp-image-103\" srcset=\"https:\/\/sites.ufca.edu.br\/treinamento-sites\/wp-content\/uploads\/sites\/172\/2021\/11\/gato-1024x683.jpg 1024w, https:\/\/sites.ufca.edu.br\/treinamento-sites\/wp-content\/uploads\/sites\/172\/2021\/11\/gato-300x200.jpg 300w, https:\/\/sites.ufca.edu.br\/treinamento-sites\/wp-content\/uploads\/sites\/172\/2021\/11\/gato-768x512.jpg 768w, https:\/\/sites.ufca.edu.br\/treinamento-sites\/wp-content\/uploads\/sites\/172\/2021\/11\/gato-1536x1024.jpg 1536w, https:\/\/sites.ufca.edu.br\/treinamento-sites\/wp-content\/uploads\/sites\/172\/2021\/11\/gato-945x630.jpg 945w, https:\/\/sites.ufca.edu.br\/treinamento-sites\/wp-content\/uploads\/sites\/172\/2021\/11\/gato-600x400.jpg 600w, https:\/\/sites.ufca.edu.br\/treinamento-sites\/wp-content\/uploads\/sites\/172\/2021\/11\/gato.jpg 1920w\" sizes=\"(max-width: 1024px) 100vw, 1024px\" \/><\/figure><\/li><li class=\"blocks-gallery-item\"><figure><img loading=\"lazy\" width=\"1024\" height=\"683\" src=\"https:\/\/sites.ufca.edu.br\/treinamento-sites\/wp-content\/uploads\/sites\/172\/2021\/11\/rinoceronte-1024x683.jpg\" alt=\"\" data-id=\"104\" data-full-url=\"https:\/\/sites.ufca.edu.br\/treinamento-sites\/wp-content\/uploads\/sites\/172\/2021\/11\/rinoceronte.jpg\" data-link=\"https:\/\/sites.ufca.edu.br\/treinamento-sites\/?attachment_id=104\" class=\"wp-image-104\" srcset=\"https:\/\/sites.ufca.edu.br\/treinamento-sites\/wp-content\/uploads\/sites\/172\/2021\/11\/rinoceronte-1024x683.jpg 1024w, https:\/\/sites.ufca.edu.br\/treinamento-sites\/wp-content\/uploads\/sites\/172\/2021\/11\/rinoceronte-300x200.jpg 300w, https:\/\/sites.ufca.edu.br\/treinamento-sites\/wp-content\/uploads\/sites\/172\/2021\/11\/rinoceronte-768x512.jpg 768w, https:\/\/sites.ufca.edu.br\/treinamento-sites\/wp-content\/uploads\/sites\/172\/2021\/11\/rinoceronte-1536x1024.jpg 1536w, https:\/\/sites.ufca.edu.br\/treinamento-sites\/wp-content\/uploads\/sites\/172\/2021\/11\/rinoceronte-945x630.jpg 945w, https:\/\/sites.ufca.edu.br\/treinamento-sites\/wp-content\/uploads\/sites\/172\/2021\/11\/rinoceronte-600x400.jpg 600w, https:\/\/sites.ufca.edu.br\/treinamento-sites\/wp-content\/uploads\/sites\/172\/2021\/11\/rinoceronte.jpg 1920w\" sizes=\"(max-width: 1024px) 100vw, 1024px\" \/><\/figure><\/li><\/ul><figcaption class=\"blocks-gallery-caption\">Animais<\/figcaption><\/figure>\n\n\n\n<h2 id=\"audio\"><strong>\u00c1udio (audio)<\/strong><\/h2>\n\n\n\n<p>Adiciona algum som espec\u00edfico de sua prefer\u00eancia.<\/p>\n\n\n\n<figure class=\"wp-block-audio\"><audio controls src=\"https:\/\/sites.ufca.edu.br\/treinamento-sites\/wp-content\/uploads\/sites\/172\/2021\/11\/heavy-rain-daniel_simon.mp3\"><\/audio><figcaption>Descri\u00e7\u00e3o Opcional<\/figcaption><\/figure>\n\n\n\n<h2 id=\"cover\"><strong>Capa (cover)<\/strong><\/h2>\n\n\n\n<p>Adiciona uma imagem como capa. Voc\u00ea pode escrever um texto sobre a imagem.<\/p>\n\n\n\n<div class=\"wp-block-cover has-background-dim\" style=\"background-image:url(https:\/\/sites.ufca.edu.br\/treinamento-sites\/wp-content\/uploads\/sites\/172\/2021\/11\/bird-of-paradise-flower-gaaf3c9afe_1920.jpg);min-height:430px\"><div class=\"wp-block-cover__inner-container\">\n<p class=\"has-text-align-center has-large-font-size\">Capa: adicione algum t\u00edtulo aqui<\/p>\n<\/div><\/div>\n\n\n\n<h2 id=\"file\"><strong>Arquivo (file)<\/strong><\/h2>\n\n\n\n<p>Voc\u00ea pode disponibilizar um arquivo para que o leitor possa fazer o download.<\/p>\n\n\n\n<div class=\"wp-block-file\"><a href=\"blob:https:\/\/sites.ufca.edu.br\/f057cf4f-410e-447e-8fe6-761e72a56965\">Exemplo de arquivo para download<\/a><a href=\"blob:https:\/\/sites.ufca.edu.br\/f057cf4f-410e-447e-8fe6-761e72a56965\" class=\"wp-block-file__button\" download>Download<\/a><\/div>\n\n\n\n<h2 id=\"media-and-text\"><strong>M\u00eddia e texto (media and text)<\/strong><\/h2>\n\n\n\n<p>Adicione uma imagem&nbsp; com textos do lado. Pode haver v\u00e1rios par\u00e1grafos do lado com diferentes tipos de blocos.<\/p>\n\n\n\n<div class=\"wp-block-media-text alignwide is-stacked-on-mobile\"><figure class=\"wp-block-media-text__media\"><img loading=\"lazy\" width=\"1024\" height=\"819\" src=\"https:\/\/sites.ufca.edu.br\/treinamento-sites\/wp-content\/uploads\/sites\/172\/2021\/11\/arvores-floresta-1024x819.png\" alt=\"\" class=\"wp-image-109\" srcset=\"https:\/\/sites.ufca.edu.br\/treinamento-sites\/wp-content\/uploads\/sites\/172\/2021\/11\/arvores-floresta-1024x819.png 1024w, https:\/\/sites.ufca.edu.br\/treinamento-sites\/wp-content\/uploads\/sites\/172\/2021\/11\/arvores-floresta-300x240.png 300w, https:\/\/sites.ufca.edu.br\/treinamento-sites\/wp-content\/uploads\/sites\/172\/2021\/11\/arvores-floresta-768x614.png 768w, https:\/\/sites.ufca.edu.br\/treinamento-sites\/wp-content\/uploads\/sites\/172\/2021\/11\/arvores-floresta-1536x1229.png 1536w, https:\/\/sites.ufca.edu.br\/treinamento-sites\/wp-content\/uploads\/sites\/172\/2021\/11\/arvores-floresta-945x756.png 945w, https:\/\/sites.ufca.edu.br\/treinamento-sites\/wp-content\/uploads\/sites\/172\/2021\/11\/arvores-floresta-600x480.png 600w, https:\/\/sites.ufca.edu.br\/treinamento-sites\/wp-content\/uploads\/sites\/172\/2021\/11\/arvores-floresta.png 1920w\" sizes=\"(max-width: 1024px) 100vw, 1024px\" \/><\/figure><div class=\"wp-block-media-text__content\">\n<p class=\"has-large-font-size\">Escreva algo aqui.<\/p>\n\n\n\n<p>Pode colocar m\u00faltiplos blocos nesse bloco.<\/p>\n\n\n\n<p>Mais um par\u00e1grafo para exemplificar.<\/p>\n<\/div><\/div>\n\n\n\n<h2 id=\"video\"><strong>V\u00eddeo (video)<\/strong><\/h2>\n\n\n\n<p>Disponibiliza v\u00eddeos para o seu blog. Voc\u00ea pode fazer o Upload (cuidado para n\u00e3o exceder o tamanho permitido) ou utilizar um link externo (Youtube, por exemplo).<\/p>\n\n\n\n<p>Para realizar a adi\u00e7\u00e3o de um v\u00eddeo comum basta acessar a op\u00e7\u00e3o e selecionar o v\u00eddeo no seu computador ou biblioteca de m\u00eddia do wordpress.<\/p>\n\n\n\n<p>Para realizar a incorpora\u00e7\u00e3o de um v\u00eddeo do YouTube siga as instru\u00e7\u00f5es do v\u00eddeo abaixo.<\/p>\n\n\n\n<figure class=\"wp-block-video\"><video controls src=\"http:\/\/sites.ufca.edu.br\/treinamento-portal\/wp-content\/uploads\/sites\/183\/2023\/06\/video-incorporar-video.mp4\"><\/video><\/figure>\n\n\n\n<h2 id=\"video\"><strong>Curso completo em V\u00eddeo<\/strong><\/h2>\n\n\n\n<p>Para mais informa\u00e7\u00f5es assista esse pequeno curso sobre wordpress.<\/p>\n\n\n\n<figure class=\"wp-block-embed-youtube wp-block-embed is-type-video is-provider-youtube wp-embed-aspect-16-9 wp-has-aspect-ratio\"><div class=\"wp-block-embed__wrapper\">\n<iframe loading=\"lazy\" title=\"CURSO GR\u00c1TIS WORDPRESS EM 30 MINUTOS PARA INICIANTES\" width=\"676\" height=\"380\" src=\"https:\/\/www.youtube.com\/embed\/Svc8o0HZUDs?feature=oembed\" frameborder=\"0\" allow=\"accelerometer; autoplay; clipboard-write; encrypted-media; gyroscope; picture-in-picture; web-share\" allowfullscreen><\/iframe>\n<\/div><figcaption>V\u00eddeo r\u00e1pido para come\u00e7ar com o WordPress<\/figcaption><\/figure>\n\n\n\n<p><\/p>\n","protected":false},"excerpt":{"rendered":"<p>\u00cdndice Imagem (image)Galeria (gallery)\u00c1udio (audio)Capa (cover)Arquivo (file)M\u00eddia e texto (media and text)V\u00eddeo (video) Imagem (image) \u00c9 claro que em um blog n\u00e3o pode faltar as imagens, H\u00e1 coisas que n\u00e3o podem ser descritas por texto, ent\u00e3o uma foto espec\u00edfica seria&#8230; <a class=\"more-link\" href=\"https:\/\/sites.ufca.edu.br\/treinamento-sites\/editor-de-blocos\/exemplificando-blocos\/bloco-de-insercao-midia\/\">Continue Reading &rarr;<\/a><\/p>\n","protected":false},"author":211,"featured_media":0,"parent":88,"menu_order":0,"comment_status":"closed","ping_status":"closed","template":"","meta":[],"_links":{"self":[{"href":"https:\/\/sites.ufca.edu.br\/treinamento-sites\/wp-json\/wp\/v2\/pages\/142"}],"collection":[{"href":"https:\/\/sites.ufca.edu.br\/treinamento-sites\/wp-json\/wp\/v2\/pages"}],"about":[{"href":"https:\/\/sites.ufca.edu.br\/treinamento-sites\/wp-json\/wp\/v2\/types\/page"}],"author":[{"embeddable":true,"href":"https:\/\/sites.ufca.edu.br\/treinamento-sites\/wp-json\/wp\/v2\/users\/211"}],"replies":[{"embeddable":true,"href":"https:\/\/sites.ufca.edu.br\/treinamento-sites\/wp-json\/wp\/v2\/comments?post=142"}],"version-history":[{"count":9,"href":"https:\/\/sites.ufca.edu.br\/treinamento-sites\/wp-json\/wp\/v2\/pages\/142\/revisions"}],"predecessor-version":[{"id":683,"href":"https:\/\/sites.ufca.edu.br\/treinamento-sites\/wp-json\/wp\/v2\/pages\/142\/revisions\/683"}],"up":[{"embeddable":true,"href":"https:\/\/sites.ufca.edu.br\/treinamento-sites\/wp-json\/wp\/v2\/pages\/88"}],"wp:attachment":[{"href":"https:\/\/sites.ufca.edu.br\/treinamento-sites\/wp-json\/wp\/v2\/media?parent=142"}],"curies":[{"name":"wp","href":"https:\/\/api.w.org\/{rel}","templated":true}]}}