{"id":162,"date":"2021-12-01T11:44:30","date_gmt":"2021-12-01T14:44:30","guid":{"rendered":"https:\/\/sites.ufca.edu.br\/treinamento-sites\/?page_id=162"},"modified":"2021-12-14T12:51:33","modified_gmt":"2021-12-14T15:51:33","slug":"bloco-de-insercao-widgets","status":"publish","type":"page","link":"https:\/\/sites.ufca.edu.br\/treinamento-sites\/editor-de-blocos\/exemplificando-blocos\/bloco-de-insercao-widgets\/","title":{"rendered":"Bloco de Inser\u00e7\u00e3o: Widgets e Incorpora\u00e7\u00e3o (Embed)"},"content":{"rendered":"\n<figure class=\"wp-block-image size-large\"><img loading=\"lazy\" width=\"335\" height=\"386\" src=\"https:\/\/sites.ufca.edu.br\/treinamento-sites\/wp-content\/uploads\/sites\/172\/2021\/12\/image-11.png\" alt=\"\" class=\"wp-image-450\" srcset=\"https:\/\/sites.ufca.edu.br\/treinamento-sites\/wp-content\/uploads\/sites\/172\/2021\/12\/image-11.png 335w, https:\/\/sites.ufca.edu.br\/treinamento-sites\/wp-content\/uploads\/sites\/172\/2021\/12\/image-11-260x300.png 260w\" sizes=\"(max-width: 335px) 100vw, 335px\" \/><\/figure>\n\n\n\n<figure class=\"wp-block-image size-large\"><img loading=\"lazy\" width=\"329\" height=\"382\" src=\"https:\/\/sites.ufca.edu.br\/treinamento-sites\/wp-content\/uploads\/sites\/172\/2021\/12\/image-12.png\" alt=\"\" class=\"wp-image-451\" srcset=\"https:\/\/sites.ufca.edu.br\/treinamento-sites\/wp-content\/uploads\/sites\/172\/2021\/12\/image-12.png 329w, https:\/\/sites.ufca.edu.br\/treinamento-sites\/wp-content\/uploads\/sites\/172\/2021\/12\/image-12-258x300.png 258w\" sizes=\"(max-width: 329px) 100vw, 329px\" \/><\/figure>\n\n\n\n<h2>\u00cdndice<\/h2>\n\n\n\n<p><a href=\"#shortcode\">Shortcode<\/a><br><a href=\"#archive\">Arquivo (archive)<br><\/a><a href=\"#calendar\" data-type=\"internal\" data-id=\"#calendar\">Calend\u00e1rio (calendar)<br><\/a><a href=\"#categories\">Categorias (categories)<br><\/a><a href=\"#custom-html\" data-type=\"internal\" data-id=\"#custom-html\">HTML Customizado (custom HTML)<br><\/a><a href=\"#latest-comments\" data-type=\"internal\" data-id=\"#latest-comments\">\u00daltimos coment\u00e1rios (latest comments)<br><\/a><a href=\"#latest-posts\" data-type=\"internal\" data-id=\"#latest-posts\">\u00daltimos posts (latest posts)<br><\/a><a href=\"#rss\" data-type=\"internal\" data-id=\"#rss\">RSS<\/a><br><a href=\"#search\">Pesquisa (search)<br><\/a><a href=\"#social-icons\">\u00cdcones sociais (social icons)<br><\/a><a href=\"#tag-cloud\">Nuvem de tag (tag cloud)<br><\/a><a href=\"#embeds\">Incorpora\u00e7\u00e3o (Embeds)<\/a><\/p>\n\n\n\n<h2 id=\"shortcode\"><strong><strong>Shortcode<\/strong><\/strong><\/h2>\n\n\n\n<p>Com esse bloco voc\u00ea pode inserir elementos de outros sites no seu pr\u00f3prio. Por exemplo: imagine que voc\u00ea viu um v\u00eddeo muito bom no Youtube e deseja utiliz\u00e1-lo no seu site pois vai deix\u00e1-lo ainda mais completo. Pois bem, para fazer isso acesse o v\u00eddeo do Youtube, d\u00ea um clique com o bot\u00e3o direito do mouse sobre ele e clique na op\u00e7\u00e3o \u201ccopiar c\u00f3digo de incorpora\u00e7\u00e3o\u201d. No editor de c\u00f3digo selecione o bloco Shortcode. Cole dentro do bloco o c\u00f3digo de incorpora\u00e7\u00e3o. Pronto. Seu v\u00eddeo estar\u00e1 dispon\u00edvel no seu site quando voc\u00ea fizer a publica\u00e7\u00e3o.<\/p>\n\n\n\n<figure class=\"wp-block-video\"><video controls src=\"https:\/\/sites.ufca.edu.br\/treinamento-sites\/wp-content\/uploads\/sites\/172\/2021\/12\/como-utilizar-o-bloco-shortcode.webm\"><\/video><\/figure>\n\n\n\n<p>Exemplo de v\u00eddeo que pode ser usado no seu site: <\/p>\n\n\n<p><iframe loading=\"lazy\" width=\"853\" height=\"480\" src=\"https:\/\/www.youtube.com\/embed\/qJn7ZDZwyrk\" title=\"YouTube video player\" frameborder=\"0\" allow=\"accelerometer; autoplay; clipboard-write; encrypted-media; gyroscope; picture-in-picture\" allowfullscreen=\"\"><\/iframe><\/p>\n\n\n\n<h2 id=\"archive\"><strong>Arquivo (archive)<\/strong><\/h2>\n\n\n\n<p>Exiba um link para o leitor acessar seus posts de um m\u00eas espec\u00edfico. Exemplo:<\/p>\n\n\n\n<figure class=\"wp-block-image\"><img src=\"https:\/\/wordpress.org\/support\/files\/2019\/03\/monthly-archives-block1.png\" alt=\"Archives Block | WordPress.org\"\/><\/figure>\n\n\n\n<h2 id=\"calendar\"><strong>Calend\u00e1rio (calendar)<\/strong><\/h2>\n\n\n\n<p>Mostra um calend\u00e1rio que deixa vis\u00edvel ao leitor os dias que voc\u00ea criou posts. \u00c9 poss\u00edvel para o leitor acessar posts por dias espec\u00edficos.<\/p>\n\n\n\n<figure class=\"wp-block-image\"><img src=\"https:\/\/i1.wp.com\/wordpress.org\/support\/files\/2020\/04\/Screen-Shot-2020-04-28-at-9.44.31-AM.png?resize=670%2C340&amp;ssl=1\" alt=\"\"\/><figcaption>By wordpress.org<\/figcaption><\/figure>\n\n\n\n<h2 id=\"categories\"><strong>Categorias (categories)<\/strong><\/h2>\n\n\n\n<p>Mostra uma lista de categorias presentes no seu site. \u00c9 poss\u00edvel acessar os posts por tipo de categoria.<\/p>\n\n\n\n<figure class=\"wp-block-image\"><img src=\"https:\/\/i1.wp.com\/wordpress.org\/support\/files\/2019\/03\/categoriesblock.png?ssl=1\" alt=\"Categories Block | WordPress.org\"\/><\/figure>\n\n\n\n<h2 id=\"custom-html\"><strong>HTML Customizado (custom HTML)<\/strong><\/h2>\n\n\n\n<p>Esse bloco \u00e9 para usu\u00e1rios mais avan\u00e7ados. Com ele voc\u00ea pode escrever c\u00f3digo um HTML (Linguagem de Programa\u00e7\u00e3o) personalizado. Ou seja, \u00e9 um bloco que voc\u00ea pode expor o que quiser dentro dos limites do HTML. Exemplo:<\/p>\n\n\n\n<p><em><span style=\"text-decoration: underline;\">Edi\u00e7\u00e3o:<\/span><\/em><\/p>\n\n\n\n<figure class=\"wp-block-image size-large\"><img loading=\"lazy\" width=\"691\" height=\"134\" src=\"https:\/\/sites.ufca.edu.br\/treinamento-sites\/wp-content\/uploads\/sites\/172\/2021\/12\/image-15.png\" alt=\"\" class=\"wp-image-459\" srcset=\"https:\/\/sites.ufca.edu.br\/treinamento-sites\/wp-content\/uploads\/sites\/172\/2021\/12\/image-15.png 691w, https:\/\/sites.ufca.edu.br\/treinamento-sites\/wp-content\/uploads\/sites\/172\/2021\/12\/image-15-300x58.png 300w\" sizes=\"(max-width: 691px) 100vw, 691px\" \/><\/figure>\n\n\n\n<p><em><span style=\"text-decoration: underline;\">Resultado:<\/span><\/em><\/p>\n\n\n\n<div><p style=\"\nbackground-color: yellow;\nfont-size: 30px;\ntext-align: center;\n\">Mensagem<\/p><\/div>\n\n\n\n<h2 id=\"latest-comments\"><strong>\u00daltimos coment\u00e1rios (latest comments)<\/strong><\/h2>\n\n\n\n<p><strong>E<\/strong>xibe uma lista dos coment\u00e1rios mais recentes feitos nos posts.<\/p>\n\n\n\n<figure class=\"wp-block-image\"><img src=\"https:\/\/i0.wp.com\/wordpress.org\/support\/files\/2019\/03\/latest_comments_block.png?ssl=1\" alt=\"Latest Comments Block | WordPress.org\"\/><\/figure>\n\n\n\n<h2 id=\"latest-posts\"><strong>\u00daltimos posts (latest posts)<\/strong><\/h2>\n\n\n\n<p>Exibe uma lista dos posts mais recentes.<\/p>\n\n\n\n<figure class=\"wp-block-image\"><img src=\"https:\/\/en-support.files.wordpress.com\/2018\/12\/latest_posts_block.png?w=460\" alt=\"Latest Posts Block \u2013 WordPress.com Support\"\/><\/figure>\n\n\n\n<h2 id=\"rss\"><strong>RSS<\/strong><\/h2>\n\n\n\n<p>Com esse bloco voc\u00ea consegue incorporar no seu site, conte\u00fados e not\u00edcias de outros sites. Por exemplo, imagine que voc\u00ea queira que apare\u00e7a automaticamente as \u00faltimas not\u00edcias do Brasil no seu blog. Voc\u00ea procura por um site de not\u00edcias (Exemplo: BBC news Brasil em formato RSS). A seguir voc\u00ea procurar\u00e1 pelo link RSS e depois cola o link no bloco de RSS do seu site wordpress. Pronto!<\/p>\n\n\n\n<figure class=\"wp-block-video\"><video controls src=\"https:\/\/sites.ufca.edu.br\/treinamento-sites\/wp-content\/uploads\/sites\/172\/2021\/12\/como-utilizar-o-bloco-rss.webm\"><\/video><\/figure>\n\n\n\n<p>Bloco de RSS abaixo do site bbc.com<\/p>\n\n\n<ul class=\"wp-block-rss\"><li class='wp-block-rss__item'><div class='wp-block-rss__item-title'><a href='http:\/\/www.bbc.co.uk\/portuguese\/noticias\/2014\/09\/140924_guerra_medicos_salasocial_eleicoes2014_rs_cq.shtml'>Exame com &#039;Fora Dilma&#039; ilustra guerra entre governo e m\u00e9dicos<\/a><\/div><\/li><li class='wp-block-rss__item'><div class='wp-block-rss__item-title'><a href='http:\/\/www.bbc.co.uk\/portuguese\/noticias\/2014\/09\/140924_brasil_acordo_clima_lgb.shtml'>Brasil n\u00e3o assina acordo mundial para reduzir desmatamento<\/a><\/div><\/li><li class='wp-block-rss__item'><div class='wp-block-rss__item-title'><a href='http:\/\/www.bbc.co.uk\/portuguese\/noticias\/2014\/09\/140922_salasocial_eleicoes2014_foradilma_bh_rs.shtml'>Exame m\u00e9dico prega &#039;Fora Dilma&#039;; investiga\u00e7\u00e3o n\u00e3o deve apontar autor<\/a><\/div><\/li><li class='wp-block-rss__item'><div class='wp-block-rss__item-title'><a href='http:\/\/www.bbc.co.uk\/portuguese\/noticias\/2014\/09\/140923_nhs_sus_ms.shtml'>Desvalorizada no Brasil, sa\u00fade b\u00e1sica \u00e9 chave do sucesso de sistema brit\u00e2nico<\/a><\/div><\/li><li class='wp-block-rss__item'><div class='wp-block-rss__item-title'><a href='http:\/\/www.bbc.co.uk\/portuguese\/noticias\/2014\/09\/140922_medico_salasocial_eleicoes2014_canada_ac_cq.shtml'>&#039;Pobres e ricos t\u00eam tratamento id\u00eantico em sistema \u00fanico no Canad\u00e1&#039;, diz m\u00e9dico brasileiro<\/a><\/div><\/li><\/ul>\n\n\n<h2 class=\"search\" id=\"search\"><strong>Pesquisa (search)<\/strong><\/h2>\n\n\n\n<p>Ajuda os visitantes do site a procurar um conte\u00fado espec\u00edfico.<\/p>\n\n\n<form role=\"search\" method=\"get\" action=\"https:\/\/sites.ufca.edu.br\/treinamento-sites\/\" class=\"wp-block-search__button-outside wp-block-search__text-button wp-block-search\"><label for=\"wp-block-search__input-1\" class=\"wp-block-search__label\">N\u00e3o encontrou o que procurava?<\/label><div class=\"wp-block-search__inside-wrapper \" ><input type=\"search\" id=\"wp-block-search__input-1\" class=\"wp-block-search__input \" name=\"s\" value=\"\" placeholder=\"\"  required \/><button type=\"submit\" class=\"wp-block-search__button  \"  >Pesquisar<\/button><\/div><\/form>\n\n\n<p><\/p>\n\n\n\n<h2 class=\"social-icons\" id=\"social-icons\"><strong>\u00cdcones sociais (social icons)<\/strong><\/h2>\n\n\n\n<p>Exibe \u00edcones que cria links para suas redes sociais ou sites. Voc\u00ea tem diversos \u00edcones. Exemplos:<\/p>\n\n\n\n<ul class=\"wp-container-1 wp-block-social-links\"><li class=\"wp-social-link wp-social-link-wordpress wp-block-social-link\"><a href=\"https:\/\/wordpress.org\"  class=\"wp-block-social-link-anchor\"><svg width=\"24\" height=\"24\" viewBox=\"0 0 24 24\" version=\"1.1\" xmlns=\"http:\/\/www.w3.org\/2000\/svg\" aria-hidden=\"true\" focusable=\"false\"><path d=\"M12.158,12.786L9.46,20.625c0.806,0.237,1.657,0.366,2.54,0.366c1.047,0,2.051-0.181,2.986-0.51 c-0.024-0.038-0.046-0.079-0.065-0.124L12.158,12.786z M3.009,12c0,3.559,2.068,6.634,5.067,8.092L3.788,8.341 C3.289,9.459,3.009,10.696,3.009,12z M18.069,11.546c0-1.112-0.399-1.881-0.741-2.48c-0.456-0.741-0.883-1.368-0.883-2.109 c0-0.826,0.627-1.596,1.51-1.596c0.04,0,0.078,0.005,0.116,0.007C16.472,3.904,14.34,3.009,12,3.009 c-3.141,0-5.904,1.612-7.512,4.052c0.211,0.007,0.41,0.011,0.579,0.011c0.94,0,2.396-0.114,2.396-0.114 C7.947,6.93,8.004,7.642,7.52,7.699c0,0-0.487,0.057-1.029,0.085l3.274,9.739l1.968-5.901l-1.401-3.838 C9.848,7.756,9.389,7.699,9.389,7.699C8.904,7.67,8.961,6.93,9.446,6.958c0,0,1.484,0.114,2.368,0.114 c0.94,0,2.397-0.114,2.397-0.114c0.485-0.028,0.542,0.684,0.057,0.741c0,0-0.488,0.057-1.029,0.085l3.249,9.665l0.897-2.996 C17.841,13.284,18.069,12.316,18.069,11.546z M19.889,7.686c0.039,0.286,0.06,0.593,0.06,0.924c0,0.912-0.171,1.938-0.684,3.22 l-2.746,7.94c2.673-1.558,4.47-4.454,4.47-7.771C20.991,10.436,20.591,8.967,19.889,7.686z M12,22C6.486,22,2,17.514,2,12 C2,6.486,6.486,2,12,2c5.514,0,10,4.486,10,10C22,17.514,17.514,22,12,22z\"><\/path><\/svg><span class=\"wp-block-social-link-label screen-reader-text\">WordPress<\/span><\/a><\/li>\n\n<li class=\"wp-social-link wp-social-link-facebook wp-block-social-link\"><a href=\"https:\/\/sites.ufca.edu.br\/treinamento-sites\"  class=\"wp-block-social-link-anchor\"><svg width=\"24\" height=\"24\" viewBox=\"0 0 24 24\" version=\"1.1\" xmlns=\"http:\/\/www.w3.org\/2000\/svg\" aria-hidden=\"true\" focusable=\"false\"><path d=\"M12 2C6.5 2 2 6.5 2 12c0 5 3.7 9.1 8.4 9.9v-7H7.9V12h2.5V9.8c0-2.5 1.5-3.9 3.8-3.9 1.1 0 2.2.2 2.2.2v2.5h-1.3c-1.2 0-1.6.8-1.6 1.6V12h2.8l-.4 2.9h-2.3v7C18.3 21.1 22 17 22 12c0-5.5-4.5-10-10-10z\"><\/path><\/svg><span class=\"wp-block-social-link-label screen-reader-text\">Facebook<\/span><\/a><\/li>\n\n<li class=\"wp-social-link wp-social-link-twitter wp-block-social-link\"><a href=\"https:\/\/sites.ufca.edu.br\/treinamento-sites\"  class=\"wp-block-social-link-anchor\"><svg width=\"24\" height=\"24\" viewBox=\"0 0 24 24\" version=\"1.1\" xmlns=\"http:\/\/www.w3.org\/2000\/svg\" aria-hidden=\"true\" focusable=\"false\"><path d=\"M22.23,5.924c-0.736,0.326-1.527,0.547-2.357,0.646c0.847-0.508,1.498-1.312,1.804-2.27 c-0.793,0.47-1.671,0.812-2.606,0.996C18.324,4.498,17.257,4,16.077,4c-2.266,0-4.103,1.837-4.103,4.103 c0,0.322,0.036,0.635,0.106,0.935C8.67,8.867,5.647,7.234,3.623,4.751C3.27,5.357,3.067,6.062,3.067,6.814 c0,1.424,0.724,2.679,1.825,3.415c-0.673-0.021-1.305-0.206-1.859-0.513c0,0.017,0,0.034,0,0.052c0,1.988,1.414,3.647,3.292,4.023 c-0.344,0.094-0.707,0.144-1.081,0.144c-0.264,0-0.521-0.026-0.772-0.074c0.522,1.63,2.038,2.816,3.833,2.85 c-1.404,1.1-3.174,1.756-5.096,1.756c-0.331,0-0.658-0.019-0.979-0.057c1.816,1.164,3.973,1.843,6.29,1.843 c7.547,0,11.675-6.252,11.675-11.675c0-0.178-0.004-0.355-0.012-0.531C20.985,7.47,21.68,6.747,22.23,5.924z\"><\/path><\/svg><span class=\"wp-block-social-link-label screen-reader-text\">Twitter<\/span><\/a><\/li>\n\n<li class=\"wp-social-link wp-social-link-instagram wp-block-social-link\"><a href=\"https:\/\/sites.ufca.edu.br\/treinamento-sites\"  class=\"wp-block-social-link-anchor\"><svg width=\"24\" height=\"24\" viewBox=\"0 0 24 24\" version=\"1.1\" xmlns=\"http:\/\/www.w3.org\/2000\/svg\" aria-hidden=\"true\" focusable=\"false\"><path d=\"M12,4.622c2.403,0,2.688,0.009,3.637,0.052c0.877,0.04,1.354,0.187,1.671,0.31c0.42,0.163,0.72,0.358,1.035,0.673 c0.315,0.315,0.51,0.615,0.673,1.035c0.123,0.317,0.27,0.794,0.31,1.671c0.043,0.949,0.052,1.234,0.052,3.637 s-0.009,2.688-0.052,3.637c-0.04,0.877-0.187,1.354-0.31,1.671c-0.163,0.42-0.358,0.72-0.673,1.035 c-0.315,0.315-0.615,0.51-1.035,0.673c-0.317,0.123-0.794,0.27-1.671,0.31c-0.949,0.043-1.233,0.052-3.637,0.052 s-2.688-0.009-3.637-0.052c-0.877-0.04-1.354-0.187-1.671-0.31c-0.42-0.163-0.72-0.358-1.035-0.673 c-0.315-0.315-0.51-0.615-0.673-1.035c-0.123-0.317-0.27-0.794-0.31-1.671C4.631,14.688,4.622,14.403,4.622,12 s0.009-2.688,0.052-3.637c0.04-0.877,0.187-1.354,0.31-1.671c0.163-0.42,0.358-0.72,0.673-1.035 c0.315-0.315,0.615-0.51,1.035-0.673c0.317-0.123,0.794-0.27,1.671-0.31C9.312,4.631,9.597,4.622,12,4.622 M12,3 C9.556,3,9.249,3.01,8.289,3.054C7.331,3.098,6.677,3.25,6.105,3.472C5.513,3.702,5.011,4.01,4.511,4.511 c-0.5,0.5-0.808,1.002-1.038,1.594C3.25,6.677,3.098,7.331,3.054,8.289C3.01,9.249,3,9.556,3,12c0,2.444,0.01,2.751,0.054,3.711 c0.044,0.958,0.196,1.612,0.418,2.185c0.23,0.592,0.538,1.094,1.038,1.594c0.5,0.5,1.002,0.808,1.594,1.038 c0.572,0.222,1.227,0.375,2.185,0.418C9.249,20.99,9.556,21,12,21s2.751-0.01,3.711-0.054c0.958-0.044,1.612-0.196,2.185-0.418 c0.592-0.23,1.094-0.538,1.594-1.038c0.5-0.5,0.808-1.002,1.038-1.594c0.222-0.572,0.375-1.227,0.418-2.185 C20.99,14.751,21,14.444,21,12s-0.01-2.751-0.054-3.711c-0.044-0.958-0.196-1.612-0.418-2.185c-0.23-0.592-0.538-1.094-1.038-1.594 c-0.5-0.5-1.002-0.808-1.594-1.038c-0.572-0.222-1.227-0.375-2.185-0.418C14.751,3.01,14.444,3,12,3L12,3z M12,7.378 c-2.552,0-4.622,2.069-4.622,4.622S9.448,16.622,12,16.622s4.622-2.069,4.622-4.622S14.552,7.378,12,7.378z M12,15 c-1.657,0-3-1.343-3-3s1.343-3,3-3s3,1.343,3,3S13.657,15,12,15z M16.804,6.116c-0.596,0-1.08,0.484-1.08,1.08 s0.484,1.08,1.08,1.08c0.596,0,1.08-0.484,1.08-1.08S17.401,6.116,16.804,6.116z\"><\/path><\/svg><span class=\"wp-block-social-link-label screen-reader-text\">Instagram<\/span><\/a><\/li>\n\n<li class=\"wp-social-link wp-social-link-linkedin wp-block-social-link\"><a href=\"https:\/\/sites.ufca.edu.br\/treinamento-sites\"  class=\"wp-block-social-link-anchor\"><svg width=\"24\" height=\"24\" viewBox=\"0 0 24 24\" version=\"1.1\" xmlns=\"http:\/\/www.w3.org\/2000\/svg\" aria-hidden=\"true\" focusable=\"false\"><path d=\"M19.7,3H4.3C3.582,3,3,3.582,3,4.3v15.4C3,20.418,3.582,21,4.3,21h15.4c0.718,0,1.3-0.582,1.3-1.3V4.3 C21,3.582,20.418,3,19.7,3z M8.339,18.338H5.667v-8.59h2.672V18.338z M7.004,8.574c-0.857,0-1.549-0.694-1.549-1.548 c0-0.855,0.691-1.548,1.549-1.548c0.854,0,1.547,0.694,1.547,1.548C8.551,7.881,7.858,8.574,7.004,8.574z M18.339,18.338h-2.669 v-4.177c0-0.996-0.017-2.278-1.387-2.278c-1.389,0-1.601,1.086-1.601,2.206v4.249h-2.667v-8.59h2.559v1.174h0.037 c0.356-0.675,1.227-1.387,2.526-1.387c2.703,0,3.203,1.779,3.203,4.092V18.338z\"><\/path><\/svg><span class=\"wp-block-social-link-label screen-reader-text\">LinkedIn<\/span><\/a><\/li>\n\n<li class=\"wp-social-link wp-social-link-youtube wp-block-social-link\"><a href=\"https:\/\/sites.ufca.edu.br\/treinamento-sites\"  class=\"wp-block-social-link-anchor\"><svg width=\"24\" height=\"24\" viewBox=\"0 0 24 24\" version=\"1.1\" xmlns=\"http:\/\/www.w3.org\/2000\/svg\" aria-hidden=\"true\" focusable=\"false\"><path d=\"M21.8,8.001c0,0-0.195-1.378-0.795-1.985c-0.76-0.797-1.613-0.801-2.004-0.847c-2.799-0.202-6.997-0.202-6.997-0.202 h-0.009c0,0-4.198,0-6.997,0.202C4.608,5.216,3.756,5.22,2.995,6.016C2.395,6.623,2.2,8.001,2.2,8.001S2,9.62,2,11.238v1.517 c0,1.618,0.2,3.237,0.2,3.237s0.195,1.378,0.795,1.985c0.761,0.797,1.76,0.771,2.205,0.855c1.6,0.153,6.8,0.201,6.8,0.201 s4.203-0.006,7.001-0.209c0.391-0.047,1.243-0.051,2.004-0.847c0.6-0.607,0.795-1.985,0.795-1.985s0.2-1.618,0.2-3.237v-1.517 C22,9.62,21.8,8.001,21.8,8.001z M9.935,14.594l-0.001-5.62l5.404,2.82L9.935,14.594z\"><\/path><\/svg><span class=\"wp-block-social-link-label screen-reader-text\">YouTube<\/span><\/a><\/li>\n\n<li class=\"wp-social-link wp-social-link-spotify wp-block-social-link\"><a href=\"https:\/\/sites.ufca.edu.br\/treinamento-sites\/\"  class=\"wp-block-social-link-anchor\"><svg width=\"24\" height=\"24\" viewBox=\"0 0 24 24\" version=\"1.1\" xmlns=\"http:\/\/www.w3.org\/2000\/svg\" aria-hidden=\"true\" focusable=\"false\"><path d=\"M12,2C6.477,2,2,6.477,2,12c0,5.523,4.477,10,10,10c5.523,0,10-4.477,10-10C22,6.477,17.523,2,12,2 M16.586,16.424 c-0.18,0.295-0.563,0.387-0.857,0.207c-2.348-1.435-5.304-1.76-8.785-0.964c-0.335,0.077-0.67-0.133-0.746-0.469 c-0.077-0.335,0.132-0.67,0.469-0.746c3.809-0.871,7.077-0.496,9.713,1.115C16.673,15.746,16.766,16.13,16.586,16.424 M17.81,13.7 c-0.226,0.367-0.706,0.482-1.072,0.257c-2.687-1.652-6.785-2.131-9.965-1.166C6.36,12.917,5.925,12.684,5.8,12.273 C5.675,11.86,5.908,11.425,6.32,11.3c3.632-1.102,8.147-0.568,11.234,1.328C17.92,12.854,18.035,13.335,17.81,13.7 M17.915,10.865 c-3.223-1.914-8.54-2.09-11.618-1.156C5.804,9.859,5.281,9.58,5.131,9.086C4.982,8.591,5.26,8.069,5.755,7.919 c3.532-1.072,9.404-0.865,13.115,1.338c0.445,0.264,0.59,0.838,0.327,1.282C18.933,10.983,18.359,11.129,17.915,10.865\"><\/path><\/svg><span class=\"wp-block-social-link-label screen-reader-text\">Spotify<\/span><\/a><\/li><\/ul>\n\n\n\n<h2 class=\"tag-cloud\" id=\"tag-cloud\"><strong>Nuvem de tag (tag cloud)<\/strong><\/h2>\n\n\n\n<p>Uma nuvem com suas tags mais utilizadas.<\/p>\n\n\n\n<figure class=\"wp-block-image size-large\"><img loading=\"lazy\" width=\"353\" height=\"143\" src=\"https:\/\/sites.ufca.edu.br\/treinamento-sites\/wp-content\/uploads\/sites\/172\/2021\/12\/image.png\" alt=\"Tag Cloud Block | WordPress.org\" class=\"wp-image-303\" srcset=\"https:\/\/sites.ufca.edu.br\/treinamento-sites\/wp-content\/uploads\/sites\/172\/2021\/12\/image.png 353w, https:\/\/sites.ufca.edu.br\/treinamento-sites\/wp-content\/uploads\/sites\/172\/2021\/12\/image-300x122.png 300w\" sizes=\"(max-width: 353px) 100vw, 353px\" \/><\/figure>\n\n\n\n<h2 class=\"embeds\" id=\"embeds\"><strong>Incorpora\u00e7\u00e3o (Embeds)<\/strong><\/h2>\n\n\n\n<p>Incorpora\u00e7\u00e3o (embed): faz a utiliza\u00e7\u00e3o de v\u00eddeos, imagens, tweets, \u00e1udios e outros conte\u00fados de fontes externas. Para isso voc\u00ea precisa apenas utilizar o link da fonte externa.<\/p>\n\n\n\n<figure class=\"wp-block-video\"><video controls src=\"https:\/\/sites.ufca.edu.br\/treinamento-sites\/wp-content\/uploads\/sites\/172\/2021\/12\/como-utilizar-o-bloco-embed.webm\"><\/video><\/figure>\n\n\n\n<p>Exemplo de v\u00eddeo incorporado do Youtube:<\/p>\n\n\n\n<figure class=\"wp-block-embed-youtube wp-block-embed is-type-video is-provider-youtube wp-embed-aspect-16-9 wp-has-aspect-ratio\"><div class=\"wp-block-embed__wrapper\">\n<iframe loading=\"lazy\" title=\"Anvisa identifica caso positivo de covid em brasileiro que veio da \u00c1frica do Sul | CNN Domingo\" width=\"676\" height=\"380\" src=\"https:\/\/www.youtube.com\/embed\/0xMdHcLT1ME?feature=oembed\" frameborder=\"0\" allow=\"accelerometer; autoplay; clipboard-write; encrypted-media; gyroscope; picture-in-picture\" allowfullscreen><\/iframe>\n<\/div><figcaption>V\u00eddeo de not\u00edcia do Covid<\/figcaption><\/figure>\n\n\n\n<p>H\u00e1 v\u00e1rias op\u00e7\u00f5es para incorpora\u00e7\u00e3o de fontes externas. Abaixo temos uma lista delas:<\/p>\n\n\n\n<ul><li>Twitter<\/li><li>YouTube<\/li><li>Facebook<\/li><li>Instagram<\/li><li>WordPress<\/li><li>SoundCloud<\/li><li>Spotify<\/li><li>Flickr<\/li><li>Vimeo<\/li><li>Animoto<\/li><li>Cloudup<\/li><li>Crowd Signal<\/li><li>Dailymotion<\/li><li>Imgur<\/li><li>Issuu<\/li><li>Kickstarter<\/li><li>Meetup.com<\/li><li>Reddit<\/li><li>Slideshare<\/li><li>TikTok<\/li><li>TED<\/li><li>Tumblr<\/li><li>Amazon Kindle<\/li><li>Outros<\/li><\/ul>\n","protected":false},"excerpt":{"rendered":"<p>\u00cdndice ShortcodeArquivo (archive)Calend\u00e1rio (calendar)Categorias (categories)HTML Customizado (custom HTML)\u00daltimos coment\u00e1rios (latest comments)\u00daltimos posts (latest posts)RSSPesquisa (search)\u00cdcones sociais (social icons)Nuvem de tag (tag cloud)Incorpora\u00e7\u00e3o (Embeds) Shortcode Com esse bloco voc\u00ea pode inserir elementos de outros sites no seu pr\u00f3prio. Por exemplo: imagine&#8230; <a class=\"more-link\" href=\"https:\/\/sites.ufca.edu.br\/treinamento-sites\/editor-de-blocos\/exemplificando-blocos\/bloco-de-insercao-widgets\/\">Continue Reading &rarr;<\/a><\/p>\n","protected":false},"author":211,"featured_media":0,"parent":88,"menu_order":0,"comment_status":"closed","ping_status":"closed","template":"","meta":[],"_links":{"self":[{"href":"https:\/\/sites.ufca.edu.br\/treinamento-sites\/wp-json\/wp\/v2\/pages\/162"}],"collection":[{"href":"https:\/\/sites.ufca.edu.br\/treinamento-sites\/wp-json\/wp\/v2\/pages"}],"about":[{"href":"https:\/\/sites.ufca.edu.br\/treinamento-sites\/wp-json\/wp\/v2\/types\/page"}],"author":[{"embeddable":true,"href":"https:\/\/sites.ufca.edu.br\/treinamento-sites\/wp-json\/wp\/v2\/users\/211"}],"replies":[{"embeddable":true,"href":"https:\/\/sites.ufca.edu.br\/treinamento-sites\/wp-json\/wp\/v2\/comments?post=162"}],"version-history":[{"count":31,"href":"https:\/\/sites.ufca.edu.br\/treinamento-sites\/wp-json\/wp\/v2\/pages\/162\/revisions"}],"predecessor-version":[{"id":461,"href":"https:\/\/sites.ufca.edu.br\/treinamento-sites\/wp-json\/wp\/v2\/pages\/162\/revisions\/461"}],"up":[{"embeddable":true,"href":"https:\/\/sites.ufca.edu.br\/treinamento-sites\/wp-json\/wp\/v2\/pages\/88"}],"wp:attachment":[{"href":"https:\/\/sites.ufca.edu.br\/treinamento-sites\/wp-json\/wp\/v2\/media?parent=162"}],"curies":[{"name":"wp","href":"https:\/\/api.w.org\/{rel}","templated":true}]}}