{"id":2,"date":"2021-11-23T10:44:17","date_gmt":"2021-11-23T13:44:17","guid":{"rendered":"https:\/\/sites.ufca.edu.br\/treinamento-sites\/?page_id=2"},"modified":"2021-12-16T12:32:36","modified_gmt":"2021-12-16T15:32:36","slug":"pagina-exemplo","status":"publish","type":"page","link":"https:\/\/sites.ufca.edu.br\/treinamento-sites\/","title":{"rendered":"Treinamento: como utilizar o Sites UFCA"},"content":{"rendered":"\n<h2>Introdu\u00e7\u00e3o<\/h2>\n\n\n\n<p>O Sites UFCA foi desenvolvido utilizando o <a href=\"https:\/\/sites.ufca.edu.br\/treinamento-sites\/o-que-e-wordpress\/\">WordPress<\/a> (um gerenciador de conte\u00fado). Ou seja, voc\u00ea pode criar seus pr\u00f3prios sites sem precisar saber programa\u00e7\u00e3o.<\/p>\n\n\n\n<figure class=\"wp-block-image size-large is-resized\"><img loading=\"lazy\" src=\"https:\/\/sites.ufca.edu.br\/treinamento-sites\/wp-content\/uploads\/sites\/172\/2021\/11\/website-creation-1024x683.jpg\" alt=\"\" class=\"wp-image-16\" width=\"552\" height=\"367\" srcset=\"https:\/\/sites.ufca.edu.br\/treinamento-sites\/wp-content\/uploads\/sites\/172\/2021\/11\/website-creation-1024x683.jpg 1024w, https:\/\/sites.ufca.edu.br\/treinamento-sites\/wp-content\/uploads\/sites\/172\/2021\/11\/website-creation-300x200.jpg 300w, https:\/\/sites.ufca.edu.br\/treinamento-sites\/wp-content\/uploads\/sites\/172\/2021\/11\/website-creation-768x512.jpg 768w, https:\/\/sites.ufca.edu.br\/treinamento-sites\/wp-content\/uploads\/sites\/172\/2021\/11\/website-creation-1536x1024.jpg 1536w, https:\/\/sites.ufca.edu.br\/treinamento-sites\/wp-content\/uploads\/sites\/172\/2021\/11\/website-creation-945x630.jpg 945w, https:\/\/sites.ufca.edu.br\/treinamento-sites\/wp-content\/uploads\/sites\/172\/2021\/11\/website-creation-600x400.jpg 600w, https:\/\/sites.ufca.edu.br\/treinamento-sites\/wp-content\/uploads\/sites\/172\/2021\/11\/website-creation.jpg 1920w\" sizes=\"(max-width: 552px) 100vw, 552px\" \/><\/figure>\n\n\n\n<p>Atualmente o Sites UFCA conta com alguns <a href=\"https:\/\/sites.ufca.edu.br\/treinamento-sites\/o-que-sao-temas\/\">temas<\/a> para sites. Cada tema tem suas caracter\u00edsticas pr\u00f3prias, que se ad\u00e9qua \u00e0s necessidades do usu\u00e1rio.<\/p>\n\n\n\n<p>Nesse site voc\u00ea pode aprender como utilizar as principais funcionalidades do WordPress para criar seus sites ou blogs.<\/p>\n\n\n\n<p>Se voc\u00ea est\u00e1 se perguntando por onde come\u00e7ar, sugerimos que d\u00ea uma olhada em nossa p\u00e1gina de <strong><a href=\"https:\/\/sites.ufca.edu.br\/treinamento-sites\/pagina-exemplo\/primeiros-passos\/\">PRIMEIROS PASSOS<\/a><\/strong><\/p>\n\n\n\n<h2>Tabela de conte\u00fado do Treinamento Sites<\/h2>\n\n\n\n<ul id=\"menu-side-bar-do-site\"><li><a href=\"https:\/\/sites.ufca.edu.br\/treinamento-sites\/o-que-e-wordpress\/\">O que \u00e9 WordPress<\/a><\/li><li><a href=\"https:\/\/sites.ufca.edu.br\/treinamento-sites\/editor-de-blocos\/\">Editor de Blocos<\/a><ul><li><a href=\"https:\/\/sites.ufca.edu.br\/treinamento-sites\/editor-de-blocos\/exemplificando-blocos\/\">Elementos do Bloco de Inser\u00e7\u00e3o<\/a><ul><li><a href=\"https:\/\/sites.ufca.edu.br\/treinamento-sites\/editor-de-blocos\/blocos-de-insercao-texto\/\">Blocos de Inser\u00e7\u00e3o: Texto<\/a><\/li><li><a href=\"https:\/\/sites.ufca.edu.br\/treinamento-sites\/editor-de-blocos\/bloco-de-insercao-midia\/\">Bloco de Inser\u00e7\u00e3o: M\u00eddia<\/a><\/li><li><a href=\"https:\/\/sites.ufca.edu.br\/treinamento-sites\/editor-de-blocos\/bloco-de-insercao-design\/\">Bloco de Inser\u00e7\u00e3o: Design<\/a><\/li><li><a href=\"https:\/\/sites.ufca.edu.br\/treinamento-sites\/editor-de-blocos\/bloco-de-insercao-widgets\/\">Bloco de Inser\u00e7\u00e3o: Widgets e Incorpora\u00e7\u00e3o (Embed)<\/a><\/li><\/ul><\/li><\/ul><\/li><li><a href=\"https:\/\/sites.ufca.edu.br\/treinamento-sites\/painel-administrativo\/\">Painel Administrativo<\/a><ul><li>Posts<ul><li><a href=\"https:\/\/sites.ufca.edu.br\/treinamento-sites\/painel-administrativo\/como-gerenciar-categorias\/\">Como Gerenciar Categorias<\/a><\/li><li><a href=\"https:\/\/sites.ufca.edu.br\/treinamento-sites\/painel-administrativo\/como-gerenciar-tags\/\">Como Gerenciar Tags<\/a><\/li><\/ul><\/li><li>M\u00eddias<ul><li><a href=\"https:\/\/sites.ufca.edu.br\/treinamento-sites\/painel-administrativo\/como-gerenciar-biblioteca-de-midia\/\">Como Gerenciar Biblioteca de M\u00eddia<\/a><\/li><\/ul><\/li><li>P\u00e1ginas<ul><li><a href=\"https:\/\/sites.ufca.edu.br\/treinamento-sites\/painel-administrativo\/como-gerenciar-paginas\/\">Como Gerenciar P\u00e1ginas<\/a><ul><li><a href=\"https:\/\/sites.ufca.edu.br\/treinamento-sites\/painel-administrativo\/como-gerenciar-paginas\/o-que-e-uma-pagina-filha-subpagina\/\">O que \u00e9 uma p\u00e1gina filha (Subp\u00e1gina)?<\/a><\/li><\/ul><\/li><\/ul><\/li><li>Coment\u00e1rios<ul><li><a href=\"https:\/\/sites.ufca.edu.br\/treinamento-sites\/painel-administrativo\/como-gerenciar-comentarios\/\">Como Gerenciar Coment\u00e1rios<\/a><\/li><\/ul><\/li><\/ul><ul><li>Apar\u00eancia<ul><li><a href=\"https:\/\/sites.ufca.edu.br\/treinamento-sites\/o-que-sao-temas\/\">Temas<\/a><ul><li><a href=\"https:\/\/sites.ufca.edu.br\/treinamento-sites\/temas\/\">Temas Dispon\u00edveis<\/a><\/li><\/ul><\/li><li><a href=\"https:\/\/sites.ufca.edu.br\/treinamento-sites\/personalizar\">Personalizar<\/a><ul><li><a href=\"https:\/\/sites.ufca.edu.br\/treinamento-sites\/painel-administrativo\/personalizar\/elementos-de-personalizacao\/\">Elementos de Personaliza\u00e7\u00e3o<\/a><\/li><\/ul><\/li><li><a href=\"https:\/\/sites.ufca.edu.br\/treinamento-sites\/widgets\">Widgets<\/a><\/li><li><a href=\"https:\/\/sites.ufca.edu.br\/treinamento-sites\/cabecalho\">Cabe\u00e7alho<\/a><\/li><li><a href=\"https:\/\/sites.ufca.edu.br\/treinamento-sites\/fundo\">Fundo<\/a><\/li><\/ul><\/li><li><a href=\"https:\/\/sites.ufca.edu.br\/treinamento-sites\/painel-administrativo\/#plugins\">Plugins<\/a><\/li><li>Usu\u00e1rios<ul><li><a href=\"https:\/\/sites.ufca.edu.br\/treinamento-sites\/painel-administrativo\/como-gerenciar-usuarios\/\">Como Gerenciar Usu\u00e1rios<\/a><\/li><\/ul><\/li><li><a href=\"https:\/\/sites.ufca.edu.br\/treinamento-sites\/painel-administrativo\/#ferramentas\">Ferramentas<\/a><\/li><li>Configura\u00e7\u00f5es<ul><li><a href=\"https:\/\/sites.ufca.edu.br\/treinamento-sites\/painel-administrativo\/configure-seu-site\/\" data-type=\"URL\" data-id=\"https:\/\/sites.ufca.edu.br\/treinamento-sites\/painel-administrativo\/configure-seu-site\/\">Configure Seu Site<\/a><\/li><\/ul><\/li><\/ul><\/li><\/ul>\n","protected":false},"excerpt":{"rendered":"<p>Introdu\u00e7\u00e3o O Sites UFCA foi desenvolvido utilizando o WordPress (um gerenciador de conte\u00fado). Ou seja, voc\u00ea pode criar seus pr\u00f3prios sites sem precisar saber programa\u00e7\u00e3o. Atualmente o Sites UFCA conta com alguns temas para sites. Cada tema tem suas caracter\u00edsticas&#8230; <a class=\"more-link\" href=\"https:\/\/sites.ufca.edu.br\/treinamento-sites\/\">Continue Reading &rarr;<\/a><\/p>\n","protected":false},"author":211,"featured_media":0,"parent":0,"menu_order":0,"comment_status":"closed","ping_status":"open","template":"","meta":[],"_links":{"self":[{"href":"https:\/\/sites.ufca.edu.br\/treinamento-sites\/wp-json\/wp\/v2\/pages\/2"}],"collection":[{"href":"https:\/\/sites.ufca.edu.br\/treinamento-sites\/wp-json\/wp\/v2\/pages"}],"about":[{"href":"https:\/\/sites.ufca.edu.br\/treinamento-sites\/wp-json\/wp\/v2\/types\/page"}],"author":[{"embeddable":true,"href":"https:\/\/sites.ufca.edu.br\/treinamento-sites\/wp-json\/wp\/v2\/users\/211"}],"replies":[{"embeddable":true,"href":"https:\/\/sites.ufca.edu.br\/treinamento-sites\/wp-json\/wp\/v2\/comments?post=2"}],"version-history":[{"count":30,"href":"https:\/\/sites.ufca.edu.br\/treinamento-sites\/wp-json\/wp\/v2\/pages\/2\/revisions"}],"predecessor-version":[{"id":554,"href":"https:\/\/sites.ufca.edu.br\/treinamento-sites\/wp-json\/wp\/v2\/pages\/2\/revisions\/554"}],"wp:attachment":[{"href":"https:\/\/sites.ufca.edu.br\/treinamento-sites\/wp-json\/wp\/v2\/media?parent=2"}],"curies":[{"name":"wp","href":"https:\/\/api.w.org\/{rel}","templated":true}]}}