{"id":20,"date":"2021-11-23T12:34:47","date_gmt":"2021-11-23T15:34:47","guid":{"rendered":"https:\/\/sites.ufca.edu.br\/treinamento-sites\/?page_id=20"},"modified":"2023-06-22T15:20:21","modified_gmt":"2023-06-22T18:20:21","slug":"temas","status":"publish","type":"page","link":"https:\/\/sites.ufca.edu.br\/treinamento-sites\/painel-administrativo\/o-que-sao-temas\/temas\/","title":{"rendered":"Temas Dispon\u00edveis"},"content":{"rendered":"\n<p>Atualmente existem diversos temas no Sites UFCA. Cada tema cumpre um objetivo diferente. A seguir vamos passar por todos os temas dispon\u00edveis e mostrar um pouco de cada.<\/p>\n\n\n\n<p>Cada tema tem caracter\u00edstica de personaliza\u00e7\u00e3o diferente. Caso queira saber mais: <a href=\"https:\/\/sites.ufca.edu.br\/treinamento-sites\/elementos-de-personalizacao\/\">Veja a defini\u00e7\u00e3o de cada elemento de personaliza\u00e7\u00e3o.<\/a><\/p>\n\n\n\n<h2>Blog Alpha<\/h2>\n\n\n\n<div class=\"wp-block-image\"><figure class=\"aligncenter size-large\"><img loading=\"lazy\" width=\"374\" height=\"302\" src=\"https:\/\/sites.ufca.edu.br\/treinamento-sites\/wp-content\/uploads\/sites\/172\/2023\/06\/tema-icone-tutorial.png\" alt=\"\" class=\"wp-image-626\" srcset=\"https:\/\/sites.ufca.edu.br\/treinamento-sites\/wp-content\/uploads\/sites\/172\/2023\/06\/tema-icone-tutorial.png 374w, https:\/\/sites.ufca.edu.br\/treinamento-sites\/wp-content\/uploads\/sites\/172\/2023\/06\/tema-icone-tutorial-300x242.png 300w\" sizes=\"(max-width: 374px) 100vw, 374px\" \/><\/figure><\/div>\n\n\n\n<p>O Blog Alpha seria mais adequado para sites que t\u00eam muito volume de not\u00edcias, ou s\u00f3 discuss\u00e3o. A maioria dos sites entre nessa categoria<\/p>\n\n\n\n<p> Suas principais caracter\u00edsticas de personaliza\u00e7\u00e3o s\u00e3o:<\/p>\n\n\n\n<ul><li>Identidade do Site<\/li><li>Menus<\/li><li>Widgets<\/li><li>Homepage Settings<\/li><li>Avan\u00e7ado<\/li><li>Additional CSS<\/li><\/ul>\n\n\n\n<figure class=\"wp-block-image size-large\"><img loading=\"lazy\" width=\"823\" height=\"1024\" src=\"https:\/\/sites.ufca.edu.br\/treinamento-sites\/wp-content\/uploads\/sites\/172\/2021\/12\/tema-blog-alpha-completo-1-823x1024.png\" alt=\"\" class=\"wp-image-261\" srcset=\"https:\/\/sites.ufca.edu.br\/treinamento-sites\/wp-content\/uploads\/sites\/172\/2021\/12\/tema-blog-alpha-completo-1-823x1024.png 823w, https:\/\/sites.ufca.edu.br\/treinamento-sites\/wp-content\/uploads\/sites\/172\/2021\/12\/tema-blog-alpha-completo-1-241x300.png 241w, https:\/\/sites.ufca.edu.br\/treinamento-sites\/wp-content\/uploads\/sites\/172\/2021\/12\/tema-blog-alpha-completo-1-768x956.png 768w, https:\/\/sites.ufca.edu.br\/treinamento-sites\/wp-content\/uploads\/sites\/172\/2021\/12\/tema-blog-alpha-completo-1-600x747.png 600w, https:\/\/sites.ufca.edu.br\/treinamento-sites\/wp-content\/uploads\/sites\/172\/2021\/12\/tema-blog-alpha-completo-1.png 868w\" sizes=\"(max-width: 823px) 100vw, 823px\" \/><\/figure>\n\n\n\n<h2>Evento Alpha<\/h2>\n\n\n\n<div class=\"wp-block-image\"><figure class=\"aligncenter size-large\"><img loading=\"lazy\" width=\"373\" height=\"300\" src=\"https:\/\/sites.ufca.edu.br\/treinamento-sites\/wp-content\/uploads\/sites\/172\/2023\/06\/tema-icone-evento-alpha-tutorial.png\" alt=\"\" class=\"wp-image-627\" srcset=\"https:\/\/sites.ufca.edu.br\/treinamento-sites\/wp-content\/uploads\/sites\/172\/2023\/06\/tema-icone-evento-alpha-tutorial.png 373w, https:\/\/sites.ufca.edu.br\/treinamento-sites\/wp-content\/uploads\/sites\/172\/2023\/06\/tema-icone-evento-alpha-tutorial-300x241.png 300w\" sizes=\"(max-width: 373px) 100vw, 373px\" \/><\/figure><\/div>\n\n\n\n<p>O Evento Alpha, como o nome j\u00e1 diz, \u00e9 mais adequado para divulga\u00e7\u00e3o e apresenta\u00e7\u00e3o de eventos. \u00c9 muito utilizado para apresentar um projeto espec\u00edfico. Muito utilizado pelo pessoal do laborat\u00f3rio de jornalismo.<\/p>\n\n\n\n<p>Suas caracter\u00edsticas de personaliza\u00e7\u00e3o s\u00e3o:<\/p>\n\n\n\n<ul><li>Identidade do Site<\/li><li>Menus<\/li><li>Widgets<\/li><li>Homepage Settings<\/li><li>Avan\u00e7ado<\/li><li>Additional CSS<\/li><\/ul>\n\n\n\n<div class=\"wp-block-image\"><figure class=\"aligncenter size-large\"><img loading=\"lazy\" width=\"1024\" height=\"645\" src=\"https:\/\/sites.ufca.edu.br\/treinamento-sites\/wp-content\/uploads\/sites\/172\/2023\/06\/tema-site-com-evento-alpha-tutorial-1-1024x645.png\" alt=\"\" class=\"wp-image-629\" srcset=\"https:\/\/sites.ufca.edu.br\/treinamento-sites\/wp-content\/uploads\/sites\/172\/2023\/06\/tema-site-com-evento-alpha-tutorial-1-1024x645.png 1024w, https:\/\/sites.ufca.edu.br\/treinamento-sites\/wp-content\/uploads\/sites\/172\/2023\/06\/tema-site-com-evento-alpha-tutorial-1-300x189.png 300w, https:\/\/sites.ufca.edu.br\/treinamento-sites\/wp-content\/uploads\/sites\/172\/2023\/06\/tema-site-com-evento-alpha-tutorial-1-768x484.png 768w, https:\/\/sites.ufca.edu.br\/treinamento-sites\/wp-content\/uploads\/sites\/172\/2023\/06\/tema-site-com-evento-alpha-tutorial-1-600x378.png 600w, https:\/\/sites.ufca.edu.br\/treinamento-sites\/wp-content\/uploads\/sites\/172\/2023\/06\/tema-site-com-evento-alpha-tutorial-1-945x595.png 945w, https:\/\/sites.ufca.edu.br\/treinamento-sites\/wp-content\/uploads\/sites\/172\/2023\/06\/tema-site-com-evento-alpha-tutorial-1.png 1042w\" sizes=\"(max-width: 1024px) 100vw, 1024px\" \/><\/figure><\/div>\n\n\n\n<p><\/p>\n\n\n\n<h2>Institucional Kappa<\/h2>\n\n\n\n<div class=\"wp-block-image\"><figure class=\"aligncenter size-large\"><img loading=\"lazy\" width=\"368\" height=\"299\" src=\"https:\/\/sites.ufca.edu.br\/treinamento-sites\/wp-content\/uploads\/sites\/172\/2023\/06\/tema-icone-institucional-kappa-tutorial.png\" alt=\"\" class=\"wp-image-630\" srcset=\"https:\/\/sites.ufca.edu.br\/treinamento-sites\/wp-content\/uploads\/sites\/172\/2023\/06\/tema-icone-institucional-kappa-tutorial.png 368w, https:\/\/sites.ufca.edu.br\/treinamento-sites\/wp-content\/uploads\/sites\/172\/2023\/06\/tema-icone-institucional-kappa-tutorial-300x244.png 300w\" sizes=\"(max-width: 368px) 100vw, 368px\" \/><\/figure><\/div>\n\n\n\n<p>Suas caracter\u00edsticas de personaliza\u00e7\u00e3o s\u00e3o:<\/p>\n\n\n\n<ul><li>Identidade do Site<\/li><li>Imagem de Cabe\u00e7alho<\/li><li>Menus<\/li><li>Homepage Settings<\/li><li>Avan\u00e7ado<\/li><li>Op\u00e7\u00f5es de tema<\/li><li>Introdu\u00e7\u00e3o da P\u00e1gina Inicial<\/li><li>Additional CSS<\/li><\/ul>\n\n\n\n<figure class=\"wp-block-image size-large\"><img loading=\"lazy\" width=\"1024\" height=\"645\" src=\"https:\/\/sites.ufca.edu.br\/treinamento-sites\/wp-content\/uploads\/sites\/172\/2023\/06\/tema-site-com-institucional-kappa-tutorial-1024x645.png\" alt=\"\" class=\"wp-image-631\" srcset=\"https:\/\/sites.ufca.edu.br\/treinamento-sites\/wp-content\/uploads\/sites\/172\/2023\/06\/tema-site-com-institucional-kappa-tutorial-1024x645.png 1024w, https:\/\/sites.ufca.edu.br\/treinamento-sites\/wp-content\/uploads\/sites\/172\/2023\/06\/tema-site-com-institucional-kappa-tutorial-300x189.png 300w, https:\/\/sites.ufca.edu.br\/treinamento-sites\/wp-content\/uploads\/sites\/172\/2023\/06\/tema-site-com-institucional-kappa-tutorial-768x484.png 768w, https:\/\/sites.ufca.edu.br\/treinamento-sites\/wp-content\/uploads\/sites\/172\/2023\/06\/tema-site-com-institucional-kappa-tutorial-600x378.png 600w, https:\/\/sites.ufca.edu.br\/treinamento-sites\/wp-content\/uploads\/sites\/172\/2023\/06\/tema-site-com-institucional-kappa-tutorial-945x596.png 945w, https:\/\/sites.ufca.edu.br\/treinamento-sites\/wp-content\/uploads\/sites\/172\/2023\/06\/tema-site-com-institucional-kappa-tutorial.png 1044w\" sizes=\"(max-width: 1024px) 100vw, 1024px\" \/><\/figure>\n\n\n\n<h2>Lina<\/h2>\n\n\n\n<p>O tema Lina possui algumas funcionalidade que os outros temas n\u00e3o possem. Por exemplo, o Slide, onde mostra se mostra v\u00e1rias imagens em forma de &#8220;carrocel&#8221;.  <\/p>\n\n\n\n<p>Suas caracter\u00edsticas de personaliza\u00e7\u00e3o s\u00e3o:<\/p>\n\n\n\n<ul><li>Identidade do Site<\/li><li>Menus<\/li><li>Homepage Settings<\/li><li>Avan\u00e7ado<\/li><li>Additional CSS<\/li><\/ul>\n\n\n\n<figure class=\"wp-block-image size-large\"><img loading=\"lazy\" width=\"626\" height=\"1024\" src=\"https:\/\/sites.ufca.edu.br\/treinamento-sites\/wp-content\/uploads\/sites\/172\/2021\/12\/tema-lina-completo-626x1024.png\" alt=\"\" class=\"wp-image-264\" srcset=\"https:\/\/sites.ufca.edu.br\/treinamento-sites\/wp-content\/uploads\/sites\/172\/2021\/12\/tema-lina-completo-626x1024.png 626w, https:\/\/sites.ufca.edu.br\/treinamento-sites\/wp-content\/uploads\/sites\/172\/2021\/12\/tema-lina-completo-183x300.png 183w, https:\/\/sites.ufca.edu.br\/treinamento-sites\/wp-content\/uploads\/sites\/172\/2021\/12\/tema-lina-completo-768x1257.png 768w, https:\/\/sites.ufca.edu.br\/treinamento-sites\/wp-content\/uploads\/sites\/172\/2021\/12\/tema-lina-completo-939x1536.png 939w, https:\/\/sites.ufca.edu.br\/treinamento-sites\/wp-content\/uploads\/sites\/172\/2021\/12\/tema-lina-completo-945x1546.png 945w, https:\/\/sites.ufca.edu.br\/treinamento-sites\/wp-content\/uploads\/sites\/172\/2021\/12\/tema-lina-completo-600x982.png 600w, https:\/\/sites.ufca.edu.br\/treinamento-sites\/wp-content\/uploads\/sites\/172\/2021\/12\/tema-lina-completo.png 1053w\" sizes=\"(max-width: 626px) 100vw, 626px\" \/><\/figure>\n\n\n\n<h2>Neo<\/h2>\n\n\n\n<p>Suas caracter\u00edsticas de personaliza\u00e7\u00e3o s\u00e3o:<\/p>\n\n\n\n<ul><li>Identidade do Site<\/li><li>Cores<\/li><li>Imagem de fundo<\/li><li>Menus<\/li><li>Widget<\/li><li>Homepage Settings<\/li><li>Avan\u00e7ado<\/li><li>Postagens<\/li><li>P\u00e1ginas<\/li><li>Additional CSS<\/li><\/ul>\n\n\n\n<figure class=\"wp-block-image size-large\"><img loading=\"lazy\" width=\"767\" height=\"1024\" src=\"https:\/\/sites.ufca.edu.br\/treinamento-sites\/wp-content\/uploads\/sites\/172\/2021\/12\/tema-neo-completo-767x1024.png\" alt=\"\" class=\"wp-image-267\" srcset=\"https:\/\/sites.ufca.edu.br\/treinamento-sites\/wp-content\/uploads\/sites\/172\/2021\/12\/tema-neo-completo-767x1024.png 767w, https:\/\/sites.ufca.edu.br\/treinamento-sites\/wp-content\/uploads\/sites\/172\/2021\/12\/tema-neo-completo-225x300.png 225w, https:\/\/sites.ufca.edu.br\/treinamento-sites\/wp-content\/uploads\/sites\/172\/2021\/12\/tema-neo-completo-768x1025.png 768w, https:\/\/sites.ufca.edu.br\/treinamento-sites\/wp-content\/uploads\/sites\/172\/2021\/12\/tema-neo-completo-945x1262.png 945w, https:\/\/sites.ufca.edu.br\/treinamento-sites\/wp-content\/uploads\/sites\/172\/2021\/12\/tema-neo-completo-600x801.png 600w, https:\/\/sites.ufca.edu.br\/treinamento-sites\/wp-content\/uploads\/sites\/172\/2021\/12\/tema-neo-completo.png 1050w\" sizes=\"(max-width: 767px) 100vw, 767px\" \/><\/figure>\n\n\n\n<h2>Sites.ufca<\/h2>\n\n\n\n<p>Tema oficial do Sites UFCA. Ele foi desenvolvido para essa finalidade. Ele \u00e9 pouco utilizado por outros sites.<\/p>\n\n\n\n<p>Suas caracter\u00edsticas de personaliza\u00e7\u00e3o s\u00e3o:<\/p>\n\n\n\n<ul><li>Identidade do Site<\/li><li>Menus<\/li><li>Homepage Settings<\/li><li>Avan\u00e7ado<\/li><li>Additional CSS<\/li><\/ul>\n\n\n\n<figure class=\"wp-block-image size-large\"><img loading=\"lazy\" width=\"756\" height=\"1024\" src=\"https:\/\/sites.ufca.edu.br\/treinamento-sites\/wp-content\/uploads\/sites\/172\/2021\/12\/tema-sites-ufca-completo-756x1024.png\" alt=\"\" class=\"wp-image-268\" srcset=\"https:\/\/sites.ufca.edu.br\/treinamento-sites\/wp-content\/uploads\/sites\/172\/2021\/12\/tema-sites-ufca-completo-756x1024.png 756w, https:\/\/sites.ufca.edu.br\/treinamento-sites\/wp-content\/uploads\/sites\/172\/2021\/12\/tema-sites-ufca-completo-222x300.png 222w, https:\/\/sites.ufca.edu.br\/treinamento-sites\/wp-content\/uploads\/sites\/172\/2021\/12\/tema-sites-ufca-completo-768x1040.png 768w, https:\/\/sites.ufca.edu.br\/treinamento-sites\/wp-content\/uploads\/sites\/172\/2021\/12\/tema-sites-ufca-completo-945x1280.png 945w, https:\/\/sites.ufca.edu.br\/treinamento-sites\/wp-content\/uploads\/sites\/172\/2021\/12\/tema-sites-ufca-completo-600x813.png 600w, https:\/\/sites.ufca.edu.br\/treinamento-sites\/wp-content\/uploads\/sites\/172\/2021\/12\/tema-sites-ufca-completo.png 1050w\" sizes=\"(max-width: 756px) 100vw, 756px\" \/><\/figure>\n\n\n\n<h2>Baskerville<\/h2>\n\n\n\n<p>Um tema bastantes utilizando.<\/p>\n\n\n\n<p>Suas caracter\u00edsticas de personaliza\u00e7\u00e3o s\u00e3o:<\/p>\n\n\n\n<ul><li>Identidade do Site<\/li><li>Cores<\/li><li>Imagem de Cabe\u00e7alho<\/li><li>Imagem de Fundo<\/li><li>Menus<\/li><li>Widgets<\/li><li>Homepage Settings<\/li><li>Avan\u00e7ado<\/li><li>Additional CSS<\/li><\/ul>\n\n\n\n<figure class=\"wp-block-image size-large\"><img loading=\"lazy\" width=\"911\" height=\"1024\" src=\"https:\/\/sites.ufca.edu.br\/treinamento-sites\/wp-content\/uploads\/sites\/172\/2021\/12\/tema-baskerville-limpo-completo-1-911x1024.png\" alt=\"\" class=\"wp-image-525\" srcset=\"https:\/\/sites.ufca.edu.br\/treinamento-sites\/wp-content\/uploads\/sites\/172\/2021\/12\/tema-baskerville-limpo-completo-1-911x1024.png 911w, https:\/\/sites.ufca.edu.br\/treinamento-sites\/wp-content\/uploads\/sites\/172\/2021\/12\/tema-baskerville-limpo-completo-1-267x300.png 267w, https:\/\/sites.ufca.edu.br\/treinamento-sites\/wp-content\/uploads\/sites\/172\/2021\/12\/tema-baskerville-limpo-completo-1-768x863.png 768w, https:\/\/sites.ufca.edu.br\/treinamento-sites\/wp-content\/uploads\/sites\/172\/2021\/12\/tema-baskerville-limpo-completo-1.png 1049w\" sizes=\"(max-width: 911px) 100vw, 911px\" \/><\/figure>\n","protected":false},"excerpt":{"rendered":"<p>Atualmente existem diversos temas no Sites UFCA. Cada tema cumpre um objetivo diferente. A seguir vamos passar por todos os temas dispon\u00edveis e mostrar um pouco de cada. Cada tema tem caracter\u00edstica de personaliza\u00e7\u00e3o diferente. Caso queira saber mais: Veja&#8230; <a class=\"more-link\" href=\"https:\/\/sites.ufca.edu.br\/treinamento-sites\/painel-administrativo\/o-que-sao-temas\/temas\/\">Continue Reading &rarr;<\/a><\/p>\n","protected":false},"author":211,"featured_media":0,"parent":221,"menu_order":0,"comment_status":"closed","ping_status":"closed","template":"","meta":[],"_links":{"self":[{"href":"https:\/\/sites.ufca.edu.br\/treinamento-sites\/wp-json\/wp\/v2\/pages\/20"}],"collection":[{"href":"https:\/\/sites.ufca.edu.br\/treinamento-sites\/wp-json\/wp\/v2\/pages"}],"about":[{"href":"https:\/\/sites.ufca.edu.br\/treinamento-sites\/wp-json\/wp\/v2\/types\/page"}],"author":[{"embeddable":true,"href":"https:\/\/sites.ufca.edu.br\/treinamento-sites\/wp-json\/wp\/v2\/users\/211"}],"replies":[{"embeddable":true,"href":"https:\/\/sites.ufca.edu.br\/treinamento-sites\/wp-json\/wp\/v2\/comments?post=20"}],"version-history":[{"count":17,"href":"https:\/\/sites.ufca.edu.br\/treinamento-sites\/wp-json\/wp\/v2\/pages\/20\/revisions"}],"predecessor-version":[{"id":632,"href":"https:\/\/sites.ufca.edu.br\/treinamento-sites\/wp-json\/wp\/v2\/pages\/20\/revisions\/632"}],"up":[{"embeddable":true,"href":"https:\/\/sites.ufca.edu.br\/treinamento-sites\/wp-json\/wp\/v2\/pages\/221"}],"wp:attachment":[{"href":"https:\/\/sites.ufca.edu.br\/treinamento-sites\/wp-json\/wp\/v2\/media?parent=20"}],"curies":[{"name":"wp","href":"https:\/\/api.w.org\/{rel}","templated":true}]}}