{"id":201,"date":"2021-12-02T10:20:28","date_gmt":"2021-12-02T13:20:28","guid":{"rendered":"https:\/\/sites.ufca.edu.br\/treinamento-sites\/?page_id=201"},"modified":"2023-06-22T14:54:33","modified_gmt":"2023-06-22T17:54:33","slug":"como-gerenciar-tags","status":"publish","type":"page","link":"https:\/\/sites.ufca.edu.br\/treinamento-sites\/painel-administrativo\/como-gerenciar-tags\/","title":{"rendered":"Como Gerenciar Tags"},"content":{"rendered":"\n<p id=\"block-42aa61d4-195d-4529-9058-c3eb1a3ca2c5\">Paras adicionar novas tags \u00e9 preciso acessar no menu Posts &gt; Adicionar novo;<\/p>\n\n\n\n<p id=\"block-184b54ec-489e-4110-92b7-0aa0e691ced1\">No menu \u00e0 direita encontra-se a op\u00e7\u00e3o \u201cTags\u201d<\/p>\n\n\n\n<p id=\"block-869c6b07-9bc1-4c0f-8ac3-162f57d4596c\">Agora \u00e9 s\u00f3 digitar as tags que deseja, separando-as por v\u00edrgula ou a tecla enter.<\/p>\n\n\n\n<div class=\"wp-block-image\"><figure class=\"aligncenter size-large is-resized\"><img loading=\"lazy\" src=\"https:\/\/sites.ufca.edu.br\/treinamento-sites\/wp-content\/uploads\/sites\/172\/2023\/06\/tags-adicionar-tags-tutorial.png\" alt=\"\" class=\"wp-image-609\" width=\"347\" height=\"629\" srcset=\"https:\/\/sites.ufca.edu.br\/treinamento-sites\/wp-content\/uploads\/sites\/172\/2023\/06\/tags-adicionar-tags-tutorial.png 347w, https:\/\/sites.ufca.edu.br\/treinamento-sites\/wp-content\/uploads\/sites\/172\/2023\/06\/tags-adicionar-tags-tutorial-166x300.png 166w\" sizes=\"(max-width: 347px) 100vw, 347px\" \/><\/figure><\/div>\n\n\n\n<p id=\"block-2dd76cbb-41f5-4717-b1b7-378d90fabb6c\">\u00c9 poss\u00edvel tamb\u00e9m acessar diretamente a aba de Tags, que ser\u00e1 exibido desta forma:<\/p>\n\n\n\n<figure class=\"wp-block-image size-large\"><img loading=\"lazy\" width=\"1024\" height=\"431\" src=\"https:\/\/sites.ufca.edu.br\/treinamento-sites\/wp-content\/uploads\/sites\/172\/2023\/06\/tags-diretamente-tutorial-1024x431.png\" alt=\"\" class=\"wp-image-610\" srcset=\"https:\/\/sites.ufca.edu.br\/treinamento-sites\/wp-content\/uploads\/sites\/172\/2023\/06\/tags-diretamente-tutorial-1024x431.png 1024w, https:\/\/sites.ufca.edu.br\/treinamento-sites\/wp-content\/uploads\/sites\/172\/2023\/06\/tags-diretamente-tutorial-300x126.png 300w, https:\/\/sites.ufca.edu.br\/treinamento-sites\/wp-content\/uploads\/sites\/172\/2023\/06\/tags-diretamente-tutorial-768x323.png 768w, https:\/\/sites.ufca.edu.br\/treinamento-sites\/wp-content\/uploads\/sites\/172\/2023\/06\/tags-diretamente-tutorial-600x252.png 600w, https:\/\/sites.ufca.edu.br\/treinamento-sites\/wp-content\/uploads\/sites\/172\/2023\/06\/tags-diretamente-tutorial-945x397.png 945w, https:\/\/sites.ufca.edu.br\/treinamento-sites\/wp-content\/uploads\/sites\/172\/2023\/06\/tags-diretamente-tutorial.png 1348w\" sizes=\"(max-width: 1024px) 100vw, 1024px\" \/><\/figure>\n\n\n\n<p id=\"block-c6b26e04-3951-4fd7-8ba6-11ef5cc3fa84\">\u00c0 esquerda pode preencher os campos para adicionar uma nova tag e \u00e0 direita mostra as tags j\u00e1 existentes, juntamente com seus \u201cnome\u201d, \u201cDescri\u00e7\u00e3o\u201d, \u201cSlug\u201d e \u201cContagem\u201d.<\/p>\n","protected":false},"excerpt":{"rendered":"<p>Paras adicionar novas tags \u00e9 preciso acessar no menu Posts &gt; Adicionar novo; No menu \u00e0 direita encontra-se a op\u00e7\u00e3o \u201cTags\u201d Agora \u00e9 s\u00f3 digitar as tags que deseja, separando-as por v\u00edrgula ou a tecla enter. \u00c9 poss\u00edvel tamb\u00e9m acessar&#8230; <a class=\"more-link\" href=\"https:\/\/sites.ufca.edu.br\/treinamento-sites\/painel-administrativo\/como-gerenciar-tags\/\">Continue Reading &rarr;<\/a><\/p>\n","protected":false},"author":213,"featured_media":0,"parent":35,"menu_order":0,"comment_status":"closed","ping_status":"closed","template":"","meta":[],"_links":{"self":[{"href":"https:\/\/sites.ufca.edu.br\/treinamento-sites\/wp-json\/wp\/v2\/pages\/201"}],"collection":[{"href":"https:\/\/sites.ufca.edu.br\/treinamento-sites\/wp-json\/wp\/v2\/pages"}],"about":[{"href":"https:\/\/sites.ufca.edu.br\/treinamento-sites\/wp-json\/wp\/v2\/types\/page"}],"author":[{"embeddable":true,"href":"https:\/\/sites.ufca.edu.br\/treinamento-sites\/wp-json\/wp\/v2\/users\/213"}],"replies":[{"embeddable":true,"href":"https:\/\/sites.ufca.edu.br\/treinamento-sites\/wp-json\/wp\/v2\/comments?post=201"}],"version-history":[{"count":4,"href":"https:\/\/sites.ufca.edu.br\/treinamento-sites\/wp-json\/wp\/v2\/pages\/201\/revisions"}],"predecessor-version":[{"id":613,"href":"https:\/\/sites.ufca.edu.br\/treinamento-sites\/wp-json\/wp\/v2\/pages\/201\/revisions\/613"}],"up":[{"embeddable":true,"href":"https:\/\/sites.ufca.edu.br\/treinamento-sites\/wp-json\/wp\/v2\/pages\/35"}],"wp:attachment":[{"href":"https:\/\/sites.ufca.edu.br\/treinamento-sites\/wp-json\/wp\/v2\/media?parent=201"}],"curies":[{"name":"wp","href":"https:\/\/api.w.org\/{rel}","templated":true}]}}