{"id":205,"date":"2021-12-02T11:22:00","date_gmt":"2021-12-02T14:22:00","guid":{"rendered":"https:\/\/sites.ufca.edu.br\/treinamento-sites\/?page_id=205"},"modified":"2023-06-22T15:11:22","modified_gmt":"2023-06-22T18:11:22","slug":"como-gerenciar-comentarios","status":"publish","type":"page","link":"https:\/\/sites.ufca.edu.br\/treinamento-sites\/painel-administrativo\/como-gerenciar-comentarios\/","title":{"rendered":"Como Gerenciar Coment\u00e1rios"},"content":{"rendered":"\n<p>Ao acessar Menu -> coment\u00e1rios ser\u00e1 exibido a seguinte tela:<\/p>\n\n\n\n<div class=\"wp-block-image\"><figure class=\"aligncenter size-large\"><img loading=\"lazy\" width=\"1024\" height=\"444\" src=\"https:\/\/sites.ufca.edu.br\/treinamento-sites\/wp-content\/uploads\/sites\/172\/2023\/06\/comentarios-menu-tutorial-1-1024x444.png\" alt=\"\" class=\"wp-image-622\" srcset=\"https:\/\/sites.ufca.edu.br\/treinamento-sites\/wp-content\/uploads\/sites\/172\/2023\/06\/comentarios-menu-tutorial-1-1024x444.png 1024w, https:\/\/sites.ufca.edu.br\/treinamento-sites\/wp-content\/uploads\/sites\/172\/2023\/06\/comentarios-menu-tutorial-1-300x130.png 300w, https:\/\/sites.ufca.edu.br\/treinamento-sites\/wp-content\/uploads\/sites\/172\/2023\/06\/comentarios-menu-tutorial-1-768x333.png 768w, https:\/\/sites.ufca.edu.br\/treinamento-sites\/wp-content\/uploads\/sites\/172\/2023\/06\/comentarios-menu-tutorial-1-600x260.png 600w, https:\/\/sites.ufca.edu.br\/treinamento-sites\/wp-content\/uploads\/sites\/172\/2023\/06\/comentarios-menu-tutorial-1-945x410.png 945w, https:\/\/sites.ufca.edu.br\/treinamento-sites\/wp-content\/uploads\/sites\/172\/2023\/06\/comentarios-menu-tutorial-1.png 1361w\" sizes=\"(max-width: 1024px) 100vw, 1024px\" \/><\/figure><\/div>\n\n\n\n<p>Aqui \u00e9 poss\u00edvel gerenciar&nbsp; os coment\u00e1rios da sua p\u00e1gina. Os coment\u00e1rios podem ser filtrados&nbsp; em: \u201cTodos\u201d, \u201cMeus\u201d, \u201cPendentes\u201d, \u201cAprovados\u201d, \u201cSpam\u201d, \u201cLixo\u201d.<\/p>\n\n\n\n<p>Ao passar o\u00a0 cursor sobre o coment\u00e1rio s\u00e3o exibidas algumas a\u00e7\u00f5es que podem ser realizadas:<\/p>\n\n\n\n<div class=\"wp-block-image\"><figure class=\"aligncenter size-large\"><img loading=\"lazy\" width=\"1024\" height=\"358\" src=\"https:\/\/sites.ufca.edu.br\/treinamento-sites\/wp-content\/uploads\/sites\/172\/2023\/06\/comentarios-mouse-por-cima-tutorial-1024x358.png\" alt=\"\" class=\"wp-image-623\" srcset=\"https:\/\/sites.ufca.edu.br\/treinamento-sites\/wp-content\/uploads\/sites\/172\/2023\/06\/comentarios-mouse-por-cima-tutorial-1024x358.png 1024w, https:\/\/sites.ufca.edu.br\/treinamento-sites\/wp-content\/uploads\/sites\/172\/2023\/06\/comentarios-mouse-por-cima-tutorial-300x105.png 300w, https:\/\/sites.ufca.edu.br\/treinamento-sites\/wp-content\/uploads\/sites\/172\/2023\/06\/comentarios-mouse-por-cima-tutorial-768x268.png 768w, https:\/\/sites.ufca.edu.br\/treinamento-sites\/wp-content\/uploads\/sites\/172\/2023\/06\/comentarios-mouse-por-cima-tutorial-600x210.png 600w, https:\/\/sites.ufca.edu.br\/treinamento-sites\/wp-content\/uploads\/sites\/172\/2023\/06\/comentarios-mouse-por-cima-tutorial-945x330.png 945w, https:\/\/sites.ufca.edu.br\/treinamento-sites\/wp-content\/uploads\/sites\/172\/2023\/06\/comentarios-mouse-por-cima-tutorial.png 1193w\" sizes=\"(max-width: 1024px) 100vw, 1024px\" \/><\/figure><\/div>\n\n\n\n<p>Aqui \u00e9 poss\u00edvel responder o coment\u00e1rio, rejeit\u00e1-lo, fazer uma edi\u00e7\u00e3o r\u00e1pida, ou editar, bem como classific\u00e1-lo como spam ou lixeira.<\/p>\n\n\n\n<p>A edi\u00e7\u00e3o r\u00e1pida nos confere a seguinte ferramenta de\u00a0 edi\u00e7\u00e3o:<\/p>\n\n\n\n<div class=\"wp-block-image\"><figure class=\"aligncenter size-large\"><img loading=\"lazy\" width=\"1024\" height=\"419\" src=\"https:\/\/sites.ufca.edu.br\/treinamento-sites\/wp-content\/uploads\/sites\/172\/2023\/06\/comentarios-editacao-rapida-tutorial-1024x419.png\" alt=\"\" class=\"wp-image-624\" srcset=\"https:\/\/sites.ufca.edu.br\/treinamento-sites\/wp-content\/uploads\/sites\/172\/2023\/06\/comentarios-editacao-rapida-tutorial-1024x419.png 1024w, https:\/\/sites.ufca.edu.br\/treinamento-sites\/wp-content\/uploads\/sites\/172\/2023\/06\/comentarios-editacao-rapida-tutorial-300x123.png 300w, https:\/\/sites.ufca.edu.br\/treinamento-sites\/wp-content\/uploads\/sites\/172\/2023\/06\/comentarios-editacao-rapida-tutorial-768x314.png 768w, https:\/\/sites.ufca.edu.br\/treinamento-sites\/wp-content\/uploads\/sites\/172\/2023\/06\/comentarios-editacao-rapida-tutorial-600x246.png 600w, https:\/\/sites.ufca.edu.br\/treinamento-sites\/wp-content\/uploads\/sites\/172\/2023\/06\/comentarios-editacao-rapida-tutorial-945x387.png 945w, https:\/\/sites.ufca.edu.br\/treinamento-sites\/wp-content\/uploads\/sites\/172\/2023\/06\/comentarios-editacao-rapida-tutorial.png 1168w\" sizes=\"(max-width: 1024px) 100vw, 1024px\" \/><\/figure><\/div>\n\n\n\n<p>Aqui pode-se alterar o conte\u00fado do coment\u00e1rio bem como alterar o nome, e-mail e URL do&nbsp; autor&nbsp; do coment\u00e1rio. Salve as altera\u00e7\u00f5es ao clicar em \u201catualizar coment\u00e1rio\u201d.<\/p>\n\n\n\n<p>Em \u201cEditar\u201d temos as mesmas op\u00e7\u00f5es do item anterior em um layout diferente, al\u00e9m disso \u00e9 poss\u00edvel alterar a&nbsp; categoria do coment\u00e1rio, caso tenha sido&nbsp; aprovado podemos classific\u00e1-lo como spam&nbsp; ou mover para lixeira.<\/p>\n\n\n\n<p>Al\u00e9m disso \u00e9 poss\u00edvel fazer a\u00e7\u00f5es em massa em v\u00e1rios coment\u00e1rios, como excluir, mover para spam, aceitar ou rejeitar.<\/p>\n","protected":false},"excerpt":{"rendered":"<p>Ao acessar Menu -> coment\u00e1rios ser\u00e1 exibido a seguinte tela: Aqui \u00e9 poss\u00edvel gerenciar&nbsp; os coment\u00e1rios da sua p\u00e1gina. Os coment\u00e1rios podem ser filtrados&nbsp; em: \u201cTodos\u201d, \u201cMeus\u201d, \u201cPendentes\u201d, \u201cAprovados\u201d, \u201cSpam\u201d, \u201cLixo\u201d. Ao passar o\u00a0 cursor sobre o coment\u00e1rio s\u00e3o exibidas&#8230; <a class=\"more-link\" href=\"https:\/\/sites.ufca.edu.br\/treinamento-sites\/painel-administrativo\/como-gerenciar-comentarios\/\">Continue Reading &rarr;<\/a><\/p>\n","protected":false},"author":213,"featured_media":0,"parent":35,"menu_order":0,"comment_status":"closed","ping_status":"closed","template":"","meta":[],"_links":{"self":[{"href":"https:\/\/sites.ufca.edu.br\/treinamento-sites\/wp-json\/wp\/v2\/pages\/205"}],"collection":[{"href":"https:\/\/sites.ufca.edu.br\/treinamento-sites\/wp-json\/wp\/v2\/pages"}],"about":[{"href":"https:\/\/sites.ufca.edu.br\/treinamento-sites\/wp-json\/wp\/v2\/types\/page"}],"author":[{"embeddable":true,"href":"https:\/\/sites.ufca.edu.br\/treinamento-sites\/wp-json\/wp\/v2\/users\/213"}],"replies":[{"embeddable":true,"href":"https:\/\/sites.ufca.edu.br\/treinamento-sites\/wp-json\/wp\/v2\/comments?post=205"}],"version-history":[{"count":3,"href":"https:\/\/sites.ufca.edu.br\/treinamento-sites\/wp-json\/wp\/v2\/pages\/205\/revisions"}],"predecessor-version":[{"id":625,"href":"https:\/\/sites.ufca.edu.br\/treinamento-sites\/wp-json\/wp\/v2\/pages\/205\/revisions\/625"}],"up":[{"embeddable":true,"href":"https:\/\/sites.ufca.edu.br\/treinamento-sites\/wp-json\/wp\/v2\/pages\/35"}],"wp:attachment":[{"href":"https:\/\/sites.ufca.edu.br\/treinamento-sites\/wp-json\/wp\/v2\/media?parent=205"}],"curies":[{"name":"wp","href":"https:\/\/api.w.org\/{rel}","templated":true}]}}