{"id":207,"date":"2021-12-02T11:23:28","date_gmt":"2021-12-02T14:23:28","guid":{"rendered":"https:\/\/sites.ufca.edu.br\/treinamento-sites\/?page_id=207"},"modified":"2023-06-22T14:59:16","modified_gmt":"2023-06-22T17:59:16","slug":"como-gerenciar-paginas","status":"publish","type":"page","link":"https:\/\/sites.ufca.edu.br\/treinamento-sites\/painel-administrativo\/como-gerenciar-paginas\/","title":{"rendered":"Como Gerenciar P\u00e1ginas"},"content":{"rendered":"\n<p>Ao passar o mouse sobre essa op\u00e7\u00e3o no menu, veremos estas op\u00e7\u00f5es:<\/p>\n\n\n\n<div class=\"wp-block-image\"><figure class=\"aligncenter size-large is-resized\"><img loading=\"lazy\" src=\"https:\/\/sites.ufca.edu.br\/treinamento-sites\/wp-content\/uploads\/sites\/172\/2023\/06\/paginas-todas-as-paginas-tutorial.png\" alt=\"\" class=\"wp-image-594\" width=\"422\" height=\"318\" srcset=\"https:\/\/sites.ufca.edu.br\/treinamento-sites\/wp-content\/uploads\/sites\/172\/2023\/06\/paginas-todas-as-paginas-tutorial.png 422w, https:\/\/sites.ufca.edu.br\/treinamento-sites\/wp-content\/uploads\/sites\/172\/2023\/06\/paginas-todas-as-paginas-tutorial-300x226.png 300w\" sizes=\"(max-width: 422px) 100vw, 422px\" \/><\/figure><\/div>\n\n\n\n<p>Clicando em \u201cTodas as p\u00e1ginas\u201d voc\u00ea ser\u00e1 direcionado para a seguinte tela:<\/p>\n\n\n\n<div class=\"wp-block-image\"><figure class=\"aligncenter size-large is-resized\"><img loading=\"lazy\" src=\"https:\/\/sites.ufca.edu.br\/treinamento-sites\/wp-content\/uploads\/sites\/172\/2023\/06\/paginas-pagina-de-todas-as-paginas-tutorial-1024x534.png\" alt=\"\" class=\"wp-image-595\" width=\"580\" height=\"302\" srcset=\"https:\/\/sites.ufca.edu.br\/treinamento-sites\/wp-content\/uploads\/sites\/172\/2023\/06\/paginas-pagina-de-todas-as-paginas-tutorial-1024x534.png 1024w, https:\/\/sites.ufca.edu.br\/treinamento-sites\/wp-content\/uploads\/sites\/172\/2023\/06\/paginas-pagina-de-todas-as-paginas-tutorial-300x157.png 300w, https:\/\/sites.ufca.edu.br\/treinamento-sites\/wp-content\/uploads\/sites\/172\/2023\/06\/paginas-pagina-de-todas-as-paginas-tutorial-768x401.png 768w, https:\/\/sites.ufca.edu.br\/treinamento-sites\/wp-content\/uploads\/sites\/172\/2023\/06\/paginas-pagina-de-todas-as-paginas-tutorial-600x313.png 600w, https:\/\/sites.ufca.edu.br\/treinamento-sites\/wp-content\/uploads\/sites\/172\/2023\/06\/paginas-pagina-de-todas-as-paginas-tutorial-945x493.png 945w, https:\/\/sites.ufca.edu.br\/treinamento-sites\/wp-content\/uploads\/sites\/172\/2023\/06\/paginas-pagina-de-todas-as-paginas-tutorial.png 1190w\" sizes=\"(max-width: 580px) 100vw, 580px\" \/><\/figure><\/div>\n\n\n\n<p>Nesta sess\u00e3o podemos ver todos os posts publicados em seu site. Ser\u00e3o listados e divididos da seguinte forma: \u201cT\u00edtulo\u201d da p\u00e1gina, \u201cAutor\u201d, s\u00edmbolo de \u201cComent\u00e1rios\u201d e \u201cData\u201d de publica\u00e7\u00e3o.<\/p>\n\n\n\n<p>Ainda nesta p\u00e1gina podemos ver alguns filtros que podem ser aplicados, como as divis\u00f5es de \u201cTudo\u201d (mostram todos as p\u00e1ginas), \u201cMeus\u201d (mostram as p\u00e1ginas que voc\u00ea criou), \u201cPublicados\u201d (as p\u00e1ginas que j\u00e1 passaram por avalia\u00e7\u00e3o e est\u00e3o postadas no site) e \u201cLixo\u201d onde voc\u00ea pode ter acesso a p\u00e1ginas que foram exclu\u00eddas [AQUI VER SE EXISTE UM TEMPO QUE ELE FICA NESSA LIXEIRA]. Bem como tamb\u00e9m \u00e9 poss\u00edvel filtrar por data que foi publicada no filtro \u201cTodas as datas\u201d. \u00c9 poss\u00edvel fazer uma pesquisa por p\u00e1ginas tamb\u00e9m no canto direito superior.<\/p>\n\n\n\n<p>Al\u00e9m disso \u00e9 poss\u00edvel fazer uma s\u00e9rie de a\u00e7\u00f5es sobre p\u00e1ginas na se\u00e7\u00e3o \u201cBulk Actions\u201d (A\u00e7\u00e3o em Massa) veremos as seguintes op\u00e7\u00f5es:&nbsp;<\/p>\n\n\n\n<div class=\"wp-block-image\"><figure class=\"aligncenter size-large\"><img loading=\"lazy\" width=\"1024\" height=\"480\" src=\"https:\/\/sites.ufca.edu.br\/treinamento-sites\/wp-content\/uploads\/sites\/172\/2023\/06\/paginas-bulkaction-tutorial-1024x480.png\" alt=\"\" class=\"wp-image-596\" srcset=\"https:\/\/sites.ufca.edu.br\/treinamento-sites\/wp-content\/uploads\/sites\/172\/2023\/06\/paginas-bulkaction-tutorial-1024x480.png 1024w, https:\/\/sites.ufca.edu.br\/treinamento-sites\/wp-content\/uploads\/sites\/172\/2023\/06\/paginas-bulkaction-tutorial-300x141.png 300w, https:\/\/sites.ufca.edu.br\/treinamento-sites\/wp-content\/uploads\/sites\/172\/2023\/06\/paginas-bulkaction-tutorial-768x360.png 768w, https:\/\/sites.ufca.edu.br\/treinamento-sites\/wp-content\/uploads\/sites\/172\/2023\/06\/paginas-bulkaction-tutorial-600x281.png 600w, https:\/\/sites.ufca.edu.br\/treinamento-sites\/wp-content\/uploads\/sites\/172\/2023\/06\/paginas-bulkaction-tutorial-945x443.png 945w, https:\/\/sites.ufca.edu.br\/treinamento-sites\/wp-content\/uploads\/sites\/172\/2023\/06\/paginas-bulkaction-tutorial.png 1163w\" sizes=\"(max-width: 1024px) 100vw, 1024px\" \/><\/figure><\/div>\n\n\n\n<p>Aqui ap\u00f3s selecionar quais posts voc\u00ea quer aplicar uma determinada a\u00e7\u00e3o voc\u00ea clica em \u201cAplicar\u201d. Ent\u00e3o voc\u00ea poder\u00e1 excluir as m\u00faltiplas p\u00e1ginas selecionadas ou edit\u00e1-las. Ao edit\u00e1-las as seguintes op\u00e7\u00f5es surgir\u00e3o: <\/p>\n\n\n\n<div class=\"wp-block-image\"><figure class=\"aligncenter size-large\"><img loading=\"lazy\" width=\"1024\" height=\"454\" src=\"https:\/\/sites.ufca.edu.br\/treinamento-sites\/wp-content\/uploads\/sites\/172\/2023\/06\/paginas-editar-paginas-tutorial-1024x454.png\" alt=\"\" class=\"wp-image-597\" srcset=\"https:\/\/sites.ufca.edu.br\/treinamento-sites\/wp-content\/uploads\/sites\/172\/2023\/06\/paginas-editar-paginas-tutorial-1024x454.png 1024w, https:\/\/sites.ufca.edu.br\/treinamento-sites\/wp-content\/uploads\/sites\/172\/2023\/06\/paginas-editar-paginas-tutorial-300x133.png 300w, https:\/\/sites.ufca.edu.br\/treinamento-sites\/wp-content\/uploads\/sites\/172\/2023\/06\/paginas-editar-paginas-tutorial-768x341.png 768w, https:\/\/sites.ufca.edu.br\/treinamento-sites\/wp-content\/uploads\/sites\/172\/2023\/06\/paginas-editar-paginas-tutorial-600x266.png 600w, https:\/\/sites.ufca.edu.br\/treinamento-sites\/wp-content\/uploads\/sites\/172\/2023\/06\/paginas-editar-paginas-tutorial-945x419.png 945w, https:\/\/sites.ufca.edu.br\/treinamento-sites\/wp-content\/uploads\/sites\/172\/2023\/06\/paginas-editar-paginas-tutorial.png 1168w\" sizes=\"(max-width: 1024px) 100vw, 1024px\" \/><\/figure><\/div>\n\n\n\n<p>Aqui \u00e9 poss\u00edvel fazer algumas altera\u00e7\u00f5es como mudan\u00e7a do autor da p\u00e1gina, quem \u00e9 a p\u00e1gina m\u00e3e, mudar o modelo do template, habilitar ou desabilitar coment\u00e1rios nas p\u00e1ginas, tornar a p\u00e1gina p\u00fablica, privada, rascunho ou mand\u00e1-las para revis\u00e3o. Ap\u00f3s isso clique em atualizar para salvar as altera\u00e7\u00f5es feitas ou em cancelar caso n\u00e3o deseje fazer modifica\u00e7\u00f5es.<\/p>\n\n\n\n<p>Podemos tamb\u00e9m passar o cursor sobre cada uma dessas p\u00e1ginas e ter acesso a um menu \u201cr\u00e1pido\u201d, que nos d\u00e1 a op\u00e7\u00e3o de \u201cEditar\u201d (o conte\u00fado da p\u00e1gina), \u201cEdi\u00e7\u00e3o r\u00e1pida\u201d de algumas configura\u00e7\u00f5es como as da imagem anterior, \u201cLixeira\u201d para excluir a p\u00e1gina individualmente, ou \u201cVer\u201d para acess\u00e1-la em nosso site. Como mostra a seguir:<\/p>\n\n\n\n<div class=\"wp-block-image\"><figure class=\"aligncenter size-large is-resized\"><img loading=\"lazy\" src=\"https:\/\/sites.ufca.edu.br\/treinamento-sites\/wp-content\/uploads\/sites\/172\/2023\/06\/paginas-edicao-rapida-tutorial-1024x462.png\" alt=\"\" class=\"wp-image-599\" width=\"580\" height=\"261\" srcset=\"https:\/\/sites.ufca.edu.br\/treinamento-sites\/wp-content\/uploads\/sites\/172\/2023\/06\/paginas-edicao-rapida-tutorial-1024x462.png 1024w, https:\/\/sites.ufca.edu.br\/treinamento-sites\/wp-content\/uploads\/sites\/172\/2023\/06\/paginas-edicao-rapida-tutorial-300x135.png 300w, https:\/\/sites.ufca.edu.br\/treinamento-sites\/wp-content\/uploads\/sites\/172\/2023\/06\/paginas-edicao-rapida-tutorial-768x347.png 768w, https:\/\/sites.ufca.edu.br\/treinamento-sites\/wp-content\/uploads\/sites\/172\/2023\/06\/paginas-edicao-rapida-tutorial-600x271.png 600w, https:\/\/sites.ufca.edu.br\/treinamento-sites\/wp-content\/uploads\/sites\/172\/2023\/06\/paginas-edicao-rapida-tutorial-945x426.png 945w, https:\/\/sites.ufca.edu.br\/treinamento-sites\/wp-content\/uploads\/sites\/172\/2023\/06\/paginas-edicao-rapida-tutorial.png 1181w\" sizes=\"(max-width: 580px) 100vw, 580px\" \/><\/figure><\/div>\n\n\n\n<p>Exemplo ao clicar em \u201cEdi\u00e7\u00e3o R\u00e1pida\u201d:&nbsp;<\/p>\n\n\n\n<div class=\"wp-block-image\"><figure class=\"aligncenter size-large\"><img loading=\"lazy\" width=\"1024\" height=\"427\" src=\"https:\/\/sites.ufca.edu.br\/treinamento-sites\/wp-content\/uploads\/sites\/172\/2023\/06\/paginas-edicao-rapida-clicada-tutorial-1-1024x427.png\" alt=\"\" class=\"wp-image-601\" srcset=\"https:\/\/sites.ufca.edu.br\/treinamento-sites\/wp-content\/uploads\/sites\/172\/2023\/06\/paginas-edicao-rapida-clicada-tutorial-1-1024x427.png 1024w, https:\/\/sites.ufca.edu.br\/treinamento-sites\/wp-content\/uploads\/sites\/172\/2023\/06\/paginas-edicao-rapida-clicada-tutorial-1-300x125.png 300w, https:\/\/sites.ufca.edu.br\/treinamento-sites\/wp-content\/uploads\/sites\/172\/2023\/06\/paginas-edicao-rapida-clicada-tutorial-1-768x320.png 768w, https:\/\/sites.ufca.edu.br\/treinamento-sites\/wp-content\/uploads\/sites\/172\/2023\/06\/paginas-edicao-rapida-clicada-tutorial-1-600x250.png 600w, https:\/\/sites.ufca.edu.br\/treinamento-sites\/wp-content\/uploads\/sites\/172\/2023\/06\/paginas-edicao-rapida-clicada-tutorial-1-945x394.png 945w, https:\/\/sites.ufca.edu.br\/treinamento-sites\/wp-content\/uploads\/sites\/172\/2023\/06\/paginas-edicao-rapida-clicada-tutorial-1.png 1160w\" sizes=\"(max-width: 1024px) 100vw, 1024px\" \/><\/figure><\/div>\n\n\n\n<p>\u00c9 poss\u00edvel alterar os campos acima conforme seu objetivo. Atualizar para salvar as altera\u00e7\u00f5es e cancelar para sair sem modificar.<\/p>\n\n\n\n<p>Logo acima ao lado do t\u00edtulo &#8220;P\u00e1gina&#8221; podemos ver o bot\u00e3o de \u201cAdicionar Nova\u201d , aqui haver\u00e1 um redirecionamento para a aba de edi\u00e7\u00e3o do conte\u00fado da p\u00e1gina (similar aos posts):&nbsp;<\/p>\n\n\n\n<div class=\"wp-block-image\"><figure class=\"aligncenter size-large\"><img loading=\"lazy\" width=\"1024\" height=\"480\" src=\"https:\/\/sites.ufca.edu.br\/treinamento-sites\/wp-content\/uploads\/sites\/172\/2023\/06\/paginas-adicionar-pagina-tutorial-1024x480.png\" alt=\"\" class=\"wp-image-603\" srcset=\"https:\/\/sites.ufca.edu.br\/treinamento-sites\/wp-content\/uploads\/sites\/172\/2023\/06\/paginas-adicionar-pagina-tutorial-1024x480.png 1024w, https:\/\/sites.ufca.edu.br\/treinamento-sites\/wp-content\/uploads\/sites\/172\/2023\/06\/paginas-adicionar-pagina-tutorial-300x141.png 300w, https:\/\/sites.ufca.edu.br\/treinamento-sites\/wp-content\/uploads\/sites\/172\/2023\/06\/paginas-adicionar-pagina-tutorial-768x360.png 768w, https:\/\/sites.ufca.edu.br\/treinamento-sites\/wp-content\/uploads\/sites\/172\/2023\/06\/paginas-adicionar-pagina-tutorial-600x281.png 600w, https:\/\/sites.ufca.edu.br\/treinamento-sites\/wp-content\/uploads\/sites\/172\/2023\/06\/paginas-adicionar-pagina-tutorial-945x443.png 945w, https:\/\/sites.ufca.edu.br\/treinamento-sites\/wp-content\/uploads\/sites\/172\/2023\/06\/paginas-adicionar-pagina-tutorial.png 1374w\" sizes=\"(max-width: 1024px) 100vw, 1024px\" \/><\/figure><\/div>\n\n\n\n<div class=\"wp-container-4 wp-block-group\"><div class=\"wp-block-group__inner-container\">\n<div class=\"wp-container-3 wp-block-columns\">\n<div class=\"wp-container-1 wp-block-column\">\n<p>Aqui estaremos utilizando o editor em Blocos. O primeiro bloco \u00e9 o t\u00edtulo da p\u00e1gina e os blocos seguintes ser\u00e3o os conte\u00fados. \u00c9 poss\u00edvel adicionar conte\u00fado mais din\u00e2mico clicando no s\u00edmbolo ao lado da logo do wordpress no canto superior esquerdo:&nbsp;<\/p>\n\n\n\n<p>Aqui voc\u00ea ter\u00e1 acesso a uma gama de ferramentas para tornar suas p\u00e1ginas e posts mais atrativos temos [ou teremos] uma explica\u00e7\u00e3o mais detalhada do que cada ferramenta pode fazer, acesse o [<a href=\"https:\/\/sites.ufca.edu.br\/treinamento-sites\/editor-de-blocos\/exemplificando-blocos\/\" data-type=\"URL\" data-id=\"https:\/\/sites.ufca.edu.br\/treinamento-sites\/editor-de-blocos\/exemplificando-blocos\/\">link<\/a>]<\/p>\n\n\n\n<p>Al\u00e9m disso nas configura\u00e7\u00f5es (s\u00edmbolo da engrenagem no canto superior direito) temos basicamente as mesmas configura\u00e7\u00f5es para os posts, exceto que aqui n\u00e3o contamos com categorias nem tags.<\/p>\n\n\n\n<p>\u00c9 poss\u00edvel tamb\u00e9m pelo menu de barra superior salvar sua p\u00e1gina, pelo bot\u00e3o \u201cSave Draft\u201d, ver uma pr\u00e9via de como a p\u00e1gina ficar\u00e1 no seu site atrav\u00e9s de \u201cPreview\u201d e ap\u00f3s estar tudo nos conformes poder\u00e1 ser publicado atrav\u00e9s de \u201cPublish\u201d.<\/p>\n\n\n\n<p><\/p>\n<\/div>\n\n\n\n<div class=\"wp-container-2 wp-block-column\">\n<figure class=\"wp-block-image size-large is-resized\"><img loading=\"lazy\" src=\"https:\/\/sites.ufca.edu.br\/treinamento-sites\/wp-content\/uploads\/sites\/172\/2023\/06\/paginas-edicao-de-pagina-tutorial.png\" alt=\"\" class=\"wp-image-604\" width=\"309\" height=\"112\" srcset=\"https:\/\/sites.ufca.edu.br\/treinamento-sites\/wp-content\/uploads\/sites\/172\/2023\/06\/paginas-edicao-de-pagina-tutorial.png 713w, https:\/\/sites.ufca.edu.br\/treinamento-sites\/wp-content\/uploads\/sites\/172\/2023\/06\/paginas-edicao-de-pagina-tutorial-300x109.png 300w, https:\/\/sites.ufca.edu.br\/treinamento-sites\/wp-content\/uploads\/sites\/172\/2023\/06\/paginas-edicao-de-pagina-tutorial-600x218.png 600w\" sizes=\"(max-width: 309px) 100vw, 309px\" \/><\/figure>\n\n\n\n<figure class=\"wp-block-image size-large\"><img loading=\"lazy\" width=\"385\" height=\"421\" src=\"https:\/\/sites.ufca.edu.br\/treinamento-sites\/wp-content\/uploads\/sites\/172\/2023\/06\/paginas-blocos-tutorial.png\" alt=\"\" class=\"wp-image-605\" srcset=\"https:\/\/sites.ufca.edu.br\/treinamento-sites\/wp-content\/uploads\/sites\/172\/2023\/06\/paginas-blocos-tutorial.png 385w, https:\/\/sites.ufca.edu.br\/treinamento-sites\/wp-content\/uploads\/sites\/172\/2023\/06\/paginas-blocos-tutorial-274x300.png 274w\" sizes=\"(max-width: 385px) 100vw, 385px\" \/><\/figure>\n<\/div>\n<\/div>\n\n\n\n<p><\/p>\n<\/div><\/div>\n","protected":false},"excerpt":{"rendered":"<p>Ao passar o mouse sobre essa op\u00e7\u00e3o no menu, veremos estas op\u00e7\u00f5es: Clicando em \u201cTodas as p\u00e1ginas\u201d voc\u00ea ser\u00e1 direcionado para a seguinte tela: Nesta sess\u00e3o podemos ver todos os posts publicados em seu site. Ser\u00e3o listados e divididos da&#8230; <a class=\"more-link\" href=\"https:\/\/sites.ufca.edu.br\/treinamento-sites\/painel-administrativo\/como-gerenciar-paginas\/\">Continue Reading &rarr;<\/a><\/p>\n","protected":false},"author":213,"featured_media":0,"parent":35,"menu_order":0,"comment_status":"closed","ping_status":"closed","template":"","meta":[],"_links":{"self":[{"href":"https:\/\/sites.ufca.edu.br\/treinamento-sites\/wp-json\/wp\/v2\/pages\/207"}],"collection":[{"href":"https:\/\/sites.ufca.edu.br\/treinamento-sites\/wp-json\/wp\/v2\/pages"}],"about":[{"href":"https:\/\/sites.ufca.edu.br\/treinamento-sites\/wp-json\/wp\/v2\/types\/page"}],"author":[{"embeddable":true,"href":"https:\/\/sites.ufca.edu.br\/treinamento-sites\/wp-json\/wp\/v2\/users\/213"}],"replies":[{"embeddable":true,"href":"https:\/\/sites.ufca.edu.br\/treinamento-sites\/wp-json\/wp\/v2\/comments?post=207"}],"version-history":[{"count":4,"href":"https:\/\/sites.ufca.edu.br\/treinamento-sites\/wp-json\/wp\/v2\/pages\/207\/revisions"}],"predecessor-version":[{"id":616,"href":"https:\/\/sites.ufca.edu.br\/treinamento-sites\/wp-json\/wp\/v2\/pages\/207\/revisions\/616"}],"up":[{"embeddable":true,"href":"https:\/\/sites.ufca.edu.br\/treinamento-sites\/wp-json\/wp\/v2\/pages\/35"}],"wp:attachment":[{"href":"https:\/\/sites.ufca.edu.br\/treinamento-sites\/wp-json\/wp\/v2\/media?parent=207"}],"curies":[{"name":"wp","href":"https:\/\/api.w.org\/{rel}","templated":true}]}}