{"id":209,"date":"2021-12-02T11:24:46","date_gmt":"2021-12-02T14:24:46","guid":{"rendered":"https:\/\/sites.ufca.edu.br\/treinamento-sites\/?page_id=209"},"modified":"2021-12-02T11:24:46","modified_gmt":"2021-12-02T14:24:46","slug":"o-que-e-uma-pagina-filha-subpagina","status":"publish","type":"page","link":"https:\/\/sites.ufca.edu.br\/treinamento-sites\/painel-administrativo\/como-gerenciar-paginas\/o-que-e-uma-pagina-filha-subpagina\/","title":{"rendered":"O que \u00e9 uma p\u00e1gina filha (Subp\u00e1gina)?"},"content":{"rendered":"\n<p>No WordPress uma p\u00e1gina filha \u00e9 uma subp\u00e1gina de uma p\u00e1gina pai. Ou seja, \u00e9 um rela\u00e7\u00e3o de hierarquia que as p\u00e1ginas t\u00eam entre si. Da mesma forma que uma p\u00e1gina pode ter uma p\u00e1gina filha, esta \u00faltima tamb\u00e9m pode ter uma p\u00e1gina filha, e assim por diante.<\/p>\n\n\n\n<p>Exemplo de hierarquia de p\u00e1ginas. Suponha haver uma p\u00e1gina de &#8220;Transportes&#8221;. As p\u00e1ginas &#8220;Motos&#8221;, &#8220;Carros&#8221;, &#8220;Avi\u00f5es&#8221; seriam as p\u00e1ginas filhas.<\/p>\n\n\n\n<p>Os principais benef\u00edcios dessa pr\u00e1tica \u00e9 a organiza\u00e7\u00e3o das p\u00e1ginas, principalmente quando o site tem muitas p\u00e1ginas. Uma p\u00e1gina pai (mais ampla) e suas p\u00e1ginas filhas organizam melhor a estrutura e o layout do website.<\/p>\n\n\n\n<h2>Como fa\u00e7o para criar uma p\u00e1gina filha?<\/h2>\n\n\n\n<p>O primeiro requisito para a cria\u00e7\u00e3o da Subp\u00e1gina \u00e9 ter um p\u00e1gina normal (pois todo filho precis\u00e1 do seu pai rsrs).<\/p>\n\n\n\n<p>Caso j\u00e1 tenha em mente a p\u00e1gina pai, siga os seguintes passos:<\/p>\n\n\n\n<p><strong>Passo 1: <\/strong>Acesse o Painel Administrativo e Clique em P\u00e1ginas -&gt; Adicionar Nova<\/p>\n\n\n\n<figure class=\"wp-block-image size-large\"><img loading=\"lazy\" width=\"639\" height=\"671\" src=\"https:\/\/sites.ufca.edu.br\/treinamento-sites\/wp-content\/uploads\/sites\/172\/2021\/11\/01.png\" alt=\"\" class=\"wp-image-77\" srcset=\"https:\/\/sites.ufca.edu.br\/treinamento-sites\/wp-content\/uploads\/sites\/172\/2021\/11\/01.png 639w, https:\/\/sites.ufca.edu.br\/treinamento-sites\/wp-content\/uploads\/sites\/172\/2021\/11\/01-286x300.png 286w, https:\/\/sites.ufca.edu.br\/treinamento-sites\/wp-content\/uploads\/sites\/172\/2021\/11\/01-600x630.png 600w\" sizes=\"(max-width: 639px) 100vw, 639px\" \/><\/figure>\n\n\n\n<p>O Editor de Bloco ser\u00e1 aberto. Na parte direita da tela \u00e9 apresentado a barra lateral de configura\u00e7\u00f5es. <\/p>\n\n\n\n<p><strong>Passo 2: <\/strong>V\u00e1 em P\u00e1gina m\u00e3e e escolha uma p\u00e1gina para ser a p\u00e1gina mais ampla.<\/p>\n\n\n\n<figure class=\"wp-block-image size-large\"><img loading=\"lazy\" width=\"517\" height=\"688\" src=\"https:\/\/sites.ufca.edu.br\/treinamento-sites\/wp-content\/uploads\/sites\/172\/2021\/11\/02.png\" alt=\"\" class=\"wp-image-78\" srcset=\"https:\/\/sites.ufca.edu.br\/treinamento-sites\/wp-content\/uploads\/sites\/172\/2021\/11\/02.png 517w, https:\/\/sites.ufca.edu.br\/treinamento-sites\/wp-content\/uploads\/sites\/172\/2021\/11\/02-225x300.png 225w\" sizes=\"(max-width: 517px) 100vw, 517px\" \/><\/figure>\n\n\n\n<p>Pronto. Agora voc\u00ea tem uma p\u00e1gina filha.<\/p>\n","protected":false},"excerpt":{"rendered":"<p>No WordPress uma p\u00e1gina filha \u00e9 uma subp\u00e1gina de uma p\u00e1gina pai. Ou seja, \u00e9 um rela\u00e7\u00e3o de hierarquia que as p\u00e1ginas t\u00eam entre si. Da mesma forma que uma p\u00e1gina pode ter uma p\u00e1gina filha, esta \u00faltima tamb\u00e9m pode&#8230; <a class=\"more-link\" href=\"https:\/\/sites.ufca.edu.br\/treinamento-sites\/painel-administrativo\/como-gerenciar-paginas\/o-que-e-uma-pagina-filha-subpagina\/\">Continue Reading &rarr;<\/a><\/p>\n","protected":false},"author":211,"featured_media":0,"parent":207,"menu_order":0,"comment_status":"closed","ping_status":"closed","template":"","meta":[],"_links":{"self":[{"href":"https:\/\/sites.ufca.edu.br\/treinamento-sites\/wp-json\/wp\/v2\/pages\/209"}],"collection":[{"href":"https:\/\/sites.ufca.edu.br\/treinamento-sites\/wp-json\/wp\/v2\/pages"}],"about":[{"href":"https:\/\/sites.ufca.edu.br\/treinamento-sites\/wp-json\/wp\/v2\/types\/page"}],"author":[{"embeddable":true,"href":"https:\/\/sites.ufca.edu.br\/treinamento-sites\/wp-json\/wp\/v2\/users\/211"}],"replies":[{"embeddable":true,"href":"https:\/\/sites.ufca.edu.br\/treinamento-sites\/wp-json\/wp\/v2\/comments?post=209"}],"version-history":[{"count":1,"href":"https:\/\/sites.ufca.edu.br\/treinamento-sites\/wp-json\/wp\/v2\/pages\/209\/revisions"}],"predecessor-version":[{"id":210,"href":"https:\/\/sites.ufca.edu.br\/treinamento-sites\/wp-json\/wp\/v2\/pages\/209\/revisions\/210"}],"up":[{"embeddable":true,"href":"https:\/\/sites.ufca.edu.br\/treinamento-sites\/wp-json\/wp\/v2\/pages\/207"}],"wp:attachment":[{"href":"https:\/\/sites.ufca.edu.br\/treinamento-sites\/wp-json\/wp\/v2\/media?parent=209"}],"curies":[{"name":"wp","href":"https:\/\/api.w.org\/{rel}","templated":true}]}}