{"id":211,"date":"2021-12-02T11:27:24","date_gmt":"2021-12-02T14:27:24","guid":{"rendered":"https:\/\/sites.ufca.edu.br\/treinamento-sites\/?page_id=211"},"modified":"2023-06-22T15:26:48","modified_gmt":"2023-06-22T18:26:48","slug":"como-gerenciar-usuarios","status":"publish","type":"page","link":"https:\/\/sites.ufca.edu.br\/treinamento-sites\/painel-administrativo\/como-gerenciar-usuarios\/","title":{"rendered":"Como Gerenciar Usu\u00e1rios"},"content":{"rendered":"\n<p class=\"has-text-align-center\">Ao passar o cursor sobre este item no menu, veremos estas op\u00e7\u00f5es:<\/p>\n\n\n\n<div class=\"wp-block-image\"><figure class=\"aligncenter size-large\"><img loading=\"lazy\" width=\"350\" height=\"221\" src=\"https:\/\/sites.ufca.edu.br\/treinamento-sites\/wp-content\/uploads\/sites\/172\/2023\/06\/usuarios-menu-tutorial.png\" alt=\"\" class=\"wp-image-633\" srcset=\"https:\/\/sites.ufca.edu.br\/treinamento-sites\/wp-content\/uploads\/sites\/172\/2023\/06\/usuarios-menu-tutorial.png 350w, https:\/\/sites.ufca.edu.br\/treinamento-sites\/wp-content\/uploads\/sites\/172\/2023\/06\/usuarios-menu-tutorial-300x189.png 300w\" sizes=\"(max-width: 350px) 100vw, 350px\" \/><\/figure><\/div>\n\n\n\n<p>No primeiro Link podemos ver uma lista com todos os usu\u00e1rios cadastrados e associados \u00e0quele site. \u00c9 poss\u00edvel tamb\u00e9m diretamente criar um novo usu\u00e1rio no bot\u00e3o \u201cAdicionar Novo\u201d. E tamb\u00e9m exibir informa\u00e7\u00f5es do seu perfil bem como edit\u00e1-las.<\/p>\n\n\n\n<p>Ao clicar na op\u00e7\u00e3o \u201cTodos os Usu\u00e1rios\u201d voc\u00ea ser\u00e1 direcionado a uma p\u00e1gina com uma lista de todos os usu\u00e1rios. Nela tamb\u00e9m constam informa\u00e7\u00f5es como \u201cNome de usu\u00e1rio\u201d, Nome Pessoal, e-mail associado \u00e0quela conta, qual a fun\u00e7\u00e3o daquele usu\u00e1rio (podendo ser Editor, Administrador, Autor, Assinante ou colaborador) e quais posts est\u00e3o relacionados \u00e0quele usu\u00e1rio. Como mostra a seguir:<\/p>\n\n\n\n<figure class=\"wp-block-image size-large\"><img loading=\"lazy\" width=\"1024\" height=\"518\" src=\"https:\/\/sites.ufca.edu.br\/treinamento-sites\/wp-content\/uploads\/sites\/172\/2023\/06\/usuarios-tela-tutorial-1024x518.png\" alt=\"\" class=\"wp-image-635\" srcset=\"https:\/\/sites.ufca.edu.br\/treinamento-sites\/wp-content\/uploads\/sites\/172\/2023\/06\/usuarios-tela-tutorial-1024x518.png 1024w, https:\/\/sites.ufca.edu.br\/treinamento-sites\/wp-content\/uploads\/sites\/172\/2023\/06\/usuarios-tela-tutorial-300x152.png 300w, https:\/\/sites.ufca.edu.br\/treinamento-sites\/wp-content\/uploads\/sites\/172\/2023\/06\/usuarios-tela-tutorial-768x388.png 768w, https:\/\/sites.ufca.edu.br\/treinamento-sites\/wp-content\/uploads\/sites\/172\/2023\/06\/usuarios-tela-tutorial-600x303.png 600w, https:\/\/sites.ufca.edu.br\/treinamento-sites\/wp-content\/uploads\/sites\/172\/2023\/06\/usuarios-tela-tutorial-945x478.png 945w, https:\/\/sites.ufca.edu.br\/treinamento-sites\/wp-content\/uploads\/sites\/172\/2023\/06\/usuarios-tela-tutorial.png 1187w\" sizes=\"(max-width: 1024px) 100vw, 1024px\" \/><\/figure>\n\n\n\n<p>No menu Usu\u00e1rio \u00a0-> Adicionar Usu\u00e1rio voc\u00ea ver\u00e1 os seguintes campos a serem preenchidos:\u00a0<\/p>\n\n\n\n<figure class=\"wp-block-image size-large\"><img loading=\"lazy\" width=\"956\" height=\"617\" src=\"https:\/\/sites.ufca.edu.br\/treinamento-sites\/wp-content\/uploads\/sites\/172\/2023\/06\/usuarios-adicionar-novo-usuario-tutorial.png\" alt=\"\" class=\"wp-image-636\" srcset=\"https:\/\/sites.ufca.edu.br\/treinamento-sites\/wp-content\/uploads\/sites\/172\/2023\/06\/usuarios-adicionar-novo-usuario-tutorial.png 956w, https:\/\/sites.ufca.edu.br\/treinamento-sites\/wp-content\/uploads\/sites\/172\/2023\/06\/usuarios-adicionar-novo-usuario-tutorial-300x194.png 300w, https:\/\/sites.ufca.edu.br\/treinamento-sites\/wp-content\/uploads\/sites\/172\/2023\/06\/usuarios-adicionar-novo-usuario-tutorial-768x496.png 768w, https:\/\/sites.ufca.edu.br\/treinamento-sites\/wp-content\/uploads\/sites\/172\/2023\/06\/usuarios-adicionar-novo-usuario-tutorial-600x387.png 600w, https:\/\/sites.ufca.edu.br\/treinamento-sites\/wp-content\/uploads\/sites\/172\/2023\/06\/usuarios-adicionar-novo-usuario-tutorial-945x610.png 945w\" sizes=\"(max-width: 956px) 100vw, 956px\" \/><\/figure>\n\n\n\n<p>\u00c9 poss\u00edvel adicionar um usu\u00e1rio que j\u00e1 tenha conta na plataforma fornecendo seu e-mail ou nome de usu\u00e1rio, definindo qual sua fun\u00e7\u00e3o podendo marcar a caixa de di\u00e1logo onde n\u00e3o se torna necess\u00e1rio a confirma\u00e7\u00e3o via email. Concluindo a a\u00e7\u00e3o clicando no bot\u00e3o \u201cAdicionar Usu\u00e1rio Existente\u201d<\/p>\n\n\n\n<p>Como tamb\u00e9m \u00e9 poss\u00edvel criar um novo usu\u00e1rio fornecendo seu nome de usu\u00e1rio, email e fun\u00e7\u00e3o, assim como definir se \u00e9 necess\u00e1rio alguma confirma\u00e7\u00e3o via email. Finalizando ao clicar no bot\u00e3o \u201cAdicionar novo Usu\u00e1rio\u201d.<\/p>\n\n\n\n<p>Ao acessar seu perfil em Menu -&gt; Usu\u00e1rio -&gt; Perfil voc\u00ea ir\u00e1 se deparar com uma s\u00e9rie de informa\u00e7\u00f5es e op\u00e7\u00f5es de configura\u00e7\u00f5es destinadas ao seu perfil de usu\u00e1rio. Nele \u00e9 poss\u00edvel trocar a paleta de cores do WordPress, marcar ou desmarcar a op\u00e7\u00f5es de exibir a barra de ferramentas ao visitar o site (recomendo deixar marcada), qual a l\u00edngua padr\u00e3o do site. <\/p>\n\n\n\n<p>\u00c9 poss\u00edvel alterar o Nome e Sobrenome de exibi\u00e7\u00e3o do usu\u00e1rio&nbsp; (<strong>Um adendo que o nome de usu\u00e1rio n\u00e3o pode ser alterado<\/strong>), pode-se adicionar um apelido e escolher qual a forma de exibir-se publicamente (podendo utilizar o nome, sobrenome ou o apelido, ou ainda o nome de usu\u00e1rio). Bem como alterar algumas informa\u00e7\u00f5es de contato, alterando seu e-mail, associando algum site a sua conta, fornecendo o usu\u00e1rio do twitter se julgar necess\u00e1rio, descrever uma breve introdu\u00e7\u00e3o sobre si mesmo, alterar foto do perfil caso deseje, fazer gerenciamento de conta alterando a senha ou fazendo \u201clogout\u201d em m\u00faltiplos lugares caso tenha realizado mais de um login em diferentes ambientes. <\/p>\n\n\n\n<p>Por fim, \u00e9 poss\u00edvel marcar a op\u00e7\u00e3o de exibir seu e-mail para outras pessoas.<\/p>\n","protected":false},"excerpt":{"rendered":"<p>Ao passar o cursor sobre este item no menu, veremos estas op\u00e7\u00f5es: No primeiro Link podemos ver uma lista com todos os usu\u00e1rios cadastrados e associados \u00e0quele site. \u00c9 poss\u00edvel tamb\u00e9m diretamente criar um novo usu\u00e1rio no bot\u00e3o \u201cAdicionar Novo\u201d&#8230;. <a class=\"more-link\" href=\"https:\/\/sites.ufca.edu.br\/treinamento-sites\/painel-administrativo\/como-gerenciar-usuarios\/\">Continue Reading &rarr;<\/a><\/p>\n","protected":false},"author":213,"featured_media":0,"parent":35,"menu_order":0,"comment_status":"closed","ping_status":"closed","template":"","meta":[],"_links":{"self":[{"href":"https:\/\/sites.ufca.edu.br\/treinamento-sites\/wp-json\/wp\/v2\/pages\/211"}],"collection":[{"href":"https:\/\/sites.ufca.edu.br\/treinamento-sites\/wp-json\/wp\/v2\/pages"}],"about":[{"href":"https:\/\/sites.ufca.edu.br\/treinamento-sites\/wp-json\/wp\/v2\/types\/page"}],"author":[{"embeddable":true,"href":"https:\/\/sites.ufca.edu.br\/treinamento-sites\/wp-json\/wp\/v2\/users\/213"}],"replies":[{"embeddable":true,"href":"https:\/\/sites.ufca.edu.br\/treinamento-sites\/wp-json\/wp\/v2\/comments?post=211"}],"version-history":[{"count":4,"href":"https:\/\/sites.ufca.edu.br\/treinamento-sites\/wp-json\/wp\/v2\/pages\/211\/revisions"}],"predecessor-version":[{"id":637,"href":"https:\/\/sites.ufca.edu.br\/treinamento-sites\/wp-json\/wp\/v2\/pages\/211\/revisions\/637"}],"up":[{"embeddable":true,"href":"https:\/\/sites.ufca.edu.br\/treinamento-sites\/wp-json\/wp\/v2\/pages\/35"}],"wp:attachment":[{"href":"https:\/\/sites.ufca.edu.br\/treinamento-sites\/wp-json\/wp\/v2\/media?parent=211"}],"curies":[{"name":"wp","href":"https:\/\/api.w.org\/{rel}","templated":true}]}}