{"id":213,"date":"2021-12-02T11:28:52","date_gmt":"2021-12-02T14:28:52","guid":{"rendered":"https:\/\/sites.ufca.edu.br\/treinamento-sites\/?page_id=213"},"modified":"2023-06-22T14:58:39","modified_gmt":"2023-06-22T17:58:39","slug":"como-gerenciar-biblioteca-de-midia","status":"publish","type":"page","link":"https:\/\/sites.ufca.edu.br\/treinamento-sites\/painel-administrativo\/como-gerenciar-biblioteca-de-midia\/","title":{"rendered":"Como Gerenciar Biblioteca de M\u00eddia"},"content":{"rendered":"\n<p>Nesse espa\u00e7o voc\u00ea pode ver todas as imagens que j\u00e1 foram utilizadas no seu site.&nbsp;<\/p>\n\n\n\n<p>Novas m\u00eddias podem ser adicionadas no bot\u00e3o \u201cAdicionar nova\u201d<\/p>\n\n\n\n<div class=\"wp-block-image\"><figure class=\"aligncenter size-large\"><img loading=\"lazy\" width=\"502\" height=\"364\" src=\"https:\/\/sites.ufca.edu.br\/treinamento-sites\/wp-content\/uploads\/sites\/172\/2023\/06\/imagem-1.png\" alt=\"\" class=\"wp-image-578\" srcset=\"https:\/\/sites.ufca.edu.br\/treinamento-sites\/wp-content\/uploads\/sites\/172\/2023\/06\/imagem-1.png 502w, https:\/\/sites.ufca.edu.br\/treinamento-sites\/wp-content\/uploads\/sites\/172\/2023\/06\/imagem-1-300x218.png 300w\" sizes=\"(max-width: 502px) 100vw, 502px\" \/><\/figure><\/div>\n\n\n\n<p>ap\u00f3s serem selecionadas ser\u00e3o exibidas da seguinte maneira:<\/p>\n\n\n\n<div class=\"wp-block-image\"><figure class=\"aligncenter size-large\"><img loading=\"lazy\" width=\"1024\" height=\"333\" src=\"https:\/\/sites.ufca.edu.br\/treinamento-sites\/wp-content\/uploads\/sites\/172\/2023\/06\/midia-grade-tutorial-1024x333.png\" alt=\"\" class=\"wp-image-586\" srcset=\"https:\/\/sites.ufca.edu.br\/treinamento-sites\/wp-content\/uploads\/sites\/172\/2023\/06\/midia-grade-tutorial-1024x333.png 1024w, https:\/\/sites.ufca.edu.br\/treinamento-sites\/wp-content\/uploads\/sites\/172\/2023\/06\/midia-grade-tutorial-300x98.png 300w, https:\/\/sites.ufca.edu.br\/treinamento-sites\/wp-content\/uploads\/sites\/172\/2023\/06\/midia-grade-tutorial-768x250.png 768w, https:\/\/sites.ufca.edu.br\/treinamento-sites\/wp-content\/uploads\/sites\/172\/2023\/06\/midia-grade-tutorial-600x195.png 600w, https:\/\/sites.ufca.edu.br\/treinamento-sites\/wp-content\/uploads\/sites\/172\/2023\/06\/midia-grade-tutorial-945x308.png 945w, https:\/\/sites.ufca.edu.br\/treinamento-sites\/wp-content\/uploads\/sites\/172\/2023\/06\/midia-grade-tutorial.png 1155w\" sizes=\"(max-width: 1024px) 100vw, 1024px\" \/><\/figure><\/div>\n\n\n\n<p>Pode ser exibido em forma de lista ou de grade. \u00c9 poss\u00edvel pesquisar a imagem por nome. E tamb\u00e9m podem ser aplicados os seguintes filtros:&nbsp;<\/p>\n\n\n\n<figure class=\"wp-block-image size-large\"><img loading=\"lazy\" width=\"477\" height=\"79\" src=\"https:\/\/sites.ufca.edu.br\/treinamento-sites\/wp-content\/uploads\/sites\/172\/2023\/06\/midia-filtros-tutorial.png\" alt=\"\" class=\"wp-image-587\" srcset=\"https:\/\/sites.ufca.edu.br\/treinamento-sites\/wp-content\/uploads\/sites\/172\/2023\/06\/midia-filtros-tutorial.png 477w, https:\/\/sites.ufca.edu.br\/treinamento-sites\/wp-content\/uploads\/sites\/172\/2023\/06\/midia-filtros-tutorial-300x50.png 300w\" sizes=\"(max-width: 477px) 100vw, 477px\" \/><\/figure>\n\n\n\n<p id=\"block-ba4d6778-8552-493f-b449-ee19e83e5d4f\">\u201cN\u00e3o anexadas\u201d s\u00e3o aquelas imagens que ainda n\u00e3o foram utilizadas. \u201cMinhas\u201d s\u00e3o as imagens que o autor (voc\u00ea) fez upload. Caso sejam adicionados v\u00eddeos ele tamb\u00e9m exibe separa\u00e7\u00e3o entre \u201cimagem\u201d e \u201cv\u00eddeo\u201d. Bem como tamb\u00e9m tem um filtro por per\u00edodo.<\/p>\n\n\n\n<p>Em seguida temos um bot\u00e3o de \u201cA\u00e7\u00f5es em Massa\u201d onde voc\u00ea pode selecionar quantas m\u00eddias desejar para excluir simult\u00e2nea e permanentemente. A a\u00e7\u00e3o \u00e9 conclu\u00edda ap\u00f3s clicar no bot\u00e3o \u201cAplicar\u201d .<\/p>\n\n\n\n<p>Logo abaixo voc\u00ea ver\u00e1 as imagens existentes. Se estiver no modo lista estar\u00e1 dividido entre \u201carquivo\u201d (onde pode-se ver a miniatura da m\u00eddia), \u201cautor\u201d (pessoa que fez o upload da imagem), \u201cAnexado a\u201d (para saber se a imagem tem v\u00ednculo com algum post), Imagem de um bal\u00e3ozinho (que s\u00e3o os coment\u00e1rios nessas imagens) e a \u201cData\u201d de publica\u00e7\u00e3o da mesma.<\/p>\n\n\n\n<p>Voc\u00ea ainda pode passar o mouse sobre o arquivo e exclu\u00ed-lo manualmente,&nbsp; ver a imagem ou edit\u00e1-la:<\/p>\n\n\n\n<div class=\"wp-block-image\"><figure class=\"aligncenter size-large is-resized\"><img loading=\"lazy\" src=\"https:\/\/sites.ufca.edu.br\/treinamento-sites\/wp-content\/uploads\/sites\/172\/2023\/06\/midia-mouse-por-cima-tutorial-1024x477.png\" alt=\"\" class=\"wp-image-591\" width=\"580\" height=\"270\" srcset=\"https:\/\/sites.ufca.edu.br\/treinamento-sites\/wp-content\/uploads\/sites\/172\/2023\/06\/midia-mouse-por-cima-tutorial-1024x477.png 1024w, https:\/\/sites.ufca.edu.br\/treinamento-sites\/wp-content\/uploads\/sites\/172\/2023\/06\/midia-mouse-por-cima-tutorial-300x140.png 300w, https:\/\/sites.ufca.edu.br\/treinamento-sites\/wp-content\/uploads\/sites\/172\/2023\/06\/midia-mouse-por-cima-tutorial-768x358.png 768w, https:\/\/sites.ufca.edu.br\/treinamento-sites\/wp-content\/uploads\/sites\/172\/2023\/06\/midia-mouse-por-cima-tutorial-600x279.png 600w, https:\/\/sites.ufca.edu.br\/treinamento-sites\/wp-content\/uploads\/sites\/172\/2023\/06\/midia-mouse-por-cima-tutorial-945x440.png 945w, https:\/\/sites.ufca.edu.br\/treinamento-sites\/wp-content\/uploads\/sites\/172\/2023\/06\/midia-mouse-por-cima-tutorial.png 1168w\" sizes=\"(max-width: 580px) 100vw, 580px\" \/><\/figure><\/div>\n\n\n\n<p>Ao clicar em editar voc\u00ea ser\u00e1 direcionado \u00e0 seguinte p\u00e1gina:<\/p>\n\n\n\n<div class=\"wp-block-image\"><figure class=\"aligncenter size-large\"><img loading=\"lazy\" width=\"1024\" height=\"486\" src=\"https:\/\/sites.ufca.edu.br\/treinamento-sites\/wp-content\/uploads\/sites\/172\/2023\/06\/midia-editar-tutorial-1024x486.png\" alt=\"\" class=\"wp-image-589\" srcset=\"https:\/\/sites.ufca.edu.br\/treinamento-sites\/wp-content\/uploads\/sites\/172\/2023\/06\/midia-editar-tutorial-1024x486.png 1024w, https:\/\/sites.ufca.edu.br\/treinamento-sites\/wp-content\/uploads\/sites\/172\/2023\/06\/midia-editar-tutorial-300x142.png 300w, https:\/\/sites.ufca.edu.br\/treinamento-sites\/wp-content\/uploads\/sites\/172\/2023\/06\/midia-editar-tutorial-768x364.png 768w, https:\/\/sites.ufca.edu.br\/treinamento-sites\/wp-content\/uploads\/sites\/172\/2023\/06\/midia-editar-tutorial-600x285.png 600w, https:\/\/sites.ufca.edu.br\/treinamento-sites\/wp-content\/uploads\/sites\/172\/2023\/06\/midia-editar-tutorial-945x448.png 945w, https:\/\/sites.ufca.edu.br\/treinamento-sites\/wp-content\/uploads\/sites\/172\/2023\/06\/midia-editar-tutorial.png 1189w\" sizes=\"(max-width: 1024px) 100vw, 1024px\" \/><\/figure><\/div>\n\n\n\n<p>Nela voc\u00ea poder\u00e1 alterar o \u201cnome\u201d da imagem para facilitar durante alguma busca, voc\u00ea poder\u00e1 editar o link permanentemente desta imagem. Bem como preencher os campos de Texto alternativo, Legenda e Descri\u00e7\u00e3o.<\/p>\n\n\n\n<p>Logo abaixo voc\u00ea encontrar\u00e1 informa\u00e7\u00f5es gerais sobre a m\u00eddia.<\/p>\n\n\n\n<p>Ao clicar no bot\u00e3o \u201cAtualizar\u201d voc\u00ea salvar\u00e1 todas as altera\u00e7\u00f5es feitas.<\/p>\n","protected":false},"excerpt":{"rendered":"<p>Nesse espa\u00e7o voc\u00ea pode ver todas as imagens que j\u00e1 foram utilizadas no seu site.&nbsp; Novas m\u00eddias podem ser adicionadas no bot\u00e3o \u201cAdicionar nova\u201d ap\u00f3s serem selecionadas ser\u00e3o exibidas da seguinte maneira: Pode ser exibido em forma de lista ou&#8230; <a class=\"more-link\" href=\"https:\/\/sites.ufca.edu.br\/treinamento-sites\/painel-administrativo\/como-gerenciar-biblioteca-de-midia\/\">Continue Reading &rarr;<\/a><\/p>\n","protected":false},"author":213,"featured_media":0,"parent":35,"menu_order":0,"comment_status":"closed","ping_status":"closed","template":"","meta":[],"_links":{"self":[{"href":"https:\/\/sites.ufca.edu.br\/treinamento-sites\/wp-json\/wp\/v2\/pages\/213"}],"collection":[{"href":"https:\/\/sites.ufca.edu.br\/treinamento-sites\/wp-json\/wp\/v2\/pages"}],"about":[{"href":"https:\/\/sites.ufca.edu.br\/treinamento-sites\/wp-json\/wp\/v2\/types\/page"}],"author":[{"embeddable":true,"href":"https:\/\/sites.ufca.edu.br\/treinamento-sites\/wp-json\/wp\/v2\/users\/213"}],"replies":[{"embeddable":true,"href":"https:\/\/sites.ufca.edu.br\/treinamento-sites\/wp-json\/wp\/v2\/comments?post=213"}],"version-history":[{"count":4,"href":"https:\/\/sites.ufca.edu.br\/treinamento-sites\/wp-json\/wp\/v2\/pages\/213\/revisions"}],"predecessor-version":[{"id":614,"href":"https:\/\/sites.ufca.edu.br\/treinamento-sites\/wp-json\/wp\/v2\/pages\/213\/revisions\/614"}],"up":[{"embeddable":true,"href":"https:\/\/sites.ufca.edu.br\/treinamento-sites\/wp-json\/wp\/v2\/pages\/35"}],"wp:attachment":[{"href":"https:\/\/sites.ufca.edu.br\/treinamento-sites\/wp-json\/wp\/v2\/media?parent=213"}],"curies":[{"name":"wp","href":"https:\/\/api.w.org\/{rel}","templated":true}]}}