{"id":216,"date":"2021-12-02T11:32:43","date_gmt":"2021-12-02T14:32:43","guid":{"rendered":"https:\/\/sites.ufca.edu.br\/treinamento-sites\/?page_id=216"},"modified":"2023-06-22T14:01:52","modified_gmt":"2023-06-22T17:01:52","slug":"como-gerenciar-categorias","status":"publish","type":"page","link":"https:\/\/sites.ufca.edu.br\/treinamento-sites\/painel-administrativo\/como-gerenciar-categorias\/","title":{"rendered":"Como Gerenciar Categorias"},"content":{"rendered":"\n<p>Nesta se\u00e7\u00e3o \u00e9 poss\u00edvel criar novas categorias e excluir ou editar as existentes.<\/p>\n\n\n\n<figure class=\"wp-block-image size-large\"><img loading=\"lazy\" width=\"1024\" height=\"464\" src=\"https:\/\/sites.ufca.edu.br\/treinamento-sites\/wp-content\/uploads\/sites\/172\/2023\/06\/categoria-tutorial-1024x464.png\" alt=\"\" class=\"wp-image-576\" srcset=\"https:\/\/sites.ufca.edu.br\/treinamento-sites\/wp-content\/uploads\/sites\/172\/2023\/06\/categoria-tutorial-1024x464.png 1024w, https:\/\/sites.ufca.edu.br\/treinamento-sites\/wp-content\/uploads\/sites\/172\/2023\/06\/categoria-tutorial-300x136.png 300w, https:\/\/sites.ufca.edu.br\/treinamento-sites\/wp-content\/uploads\/sites\/172\/2023\/06\/categoria-tutorial-768x348.png 768w, https:\/\/sites.ufca.edu.br\/treinamento-sites\/wp-content\/uploads\/sites\/172\/2023\/06\/categoria-tutorial-600x272.png 600w, https:\/\/sites.ufca.edu.br\/treinamento-sites\/wp-content\/uploads\/sites\/172\/2023\/06\/categoria-tutorial-945x429.png 945w, https:\/\/sites.ufca.edu.br\/treinamento-sites\/wp-content\/uploads\/sites\/172\/2023\/06\/categoria-tutorial.png 1365w\" sizes=\"(max-width: 1024px) 100vw, 1024px\" \/><\/figure>\n\n\n\n<p>Na parte esquerda podemos adicionar uma nova categoria preenchendo os campos de \u201cnome\u201d, \u201cSlug\u201d (que \u00e9 uma vers\u00e3o amig\u00e1vel do URL), definir se existe uma hierarquia dessa categoria, uma breve \u201cdescri\u00e7\u00e3o\u201d e um bot\u00e3o para adicionar a nova categoria.<\/p>\n\n\n\n<p>Por padr\u00e3o o sites sempre tem a categoria \u201csem categoria\u201d que \u00e9 aplicada a todos os posts existentes.<\/p>\n\n\n\n<p>A tabela de categorias (encontra-se a direita) est\u00e1 dividida da seguinte forma: &#8220;Nome&#8221; do post criado, \u201cDescri\u00e7\u00e3o\u201d breve da categoria, \u201cSlug\u201d e quantidade de \u201cPosts\u201d associados \u00e0quela categoria.<\/p>\n","protected":false},"excerpt":{"rendered":"<p>Nesta se\u00e7\u00e3o \u00e9 poss\u00edvel criar novas categorias e excluir ou editar as existentes. Na parte esquerda podemos adicionar uma nova categoria preenchendo os campos de \u201cnome\u201d, \u201cSlug\u201d (que \u00e9 uma vers\u00e3o amig\u00e1vel do URL), definir se existe uma hierarquia dessa&#8230; <a class=\"more-link\" href=\"https:\/\/sites.ufca.edu.br\/treinamento-sites\/painel-administrativo\/como-gerenciar-categorias\/\">Continue Reading &rarr;<\/a><\/p>\n","protected":false},"author":213,"featured_media":0,"parent":35,"menu_order":0,"comment_status":"closed","ping_status":"closed","template":"","meta":[],"_links":{"self":[{"href":"https:\/\/sites.ufca.edu.br\/treinamento-sites\/wp-json\/wp\/v2\/pages\/216"}],"collection":[{"href":"https:\/\/sites.ufca.edu.br\/treinamento-sites\/wp-json\/wp\/v2\/pages"}],"about":[{"href":"https:\/\/sites.ufca.edu.br\/treinamento-sites\/wp-json\/wp\/v2\/types\/page"}],"author":[{"embeddable":true,"href":"https:\/\/sites.ufca.edu.br\/treinamento-sites\/wp-json\/wp\/v2\/users\/213"}],"replies":[{"embeddable":true,"href":"https:\/\/sites.ufca.edu.br\/treinamento-sites\/wp-json\/wp\/v2\/comments?post=216"}],"version-history":[{"count":2,"href":"https:\/\/sites.ufca.edu.br\/treinamento-sites\/wp-json\/wp\/v2\/pages\/216\/revisions"}],"predecessor-version":[{"id":577,"href":"https:\/\/sites.ufca.edu.br\/treinamento-sites\/wp-json\/wp\/v2\/pages\/216\/revisions\/577"}],"up":[{"embeddable":true,"href":"https:\/\/sites.ufca.edu.br\/treinamento-sites\/wp-json\/wp\/v2\/pages\/35"}],"wp:attachment":[{"href":"https:\/\/sites.ufca.edu.br\/treinamento-sites\/wp-json\/wp\/v2\/media?parent=216"}],"curies":[{"name":"wp","href":"https:\/\/api.w.org\/{rel}","templated":true}]}}