{"id":219,"date":"2021-12-02T11:34:14","date_gmt":"2021-12-02T14:34:14","guid":{"rendered":"https:\/\/sites.ufca.edu.br\/treinamento-sites\/?page_id=219"},"modified":"2021-12-14T12:26:45","modified_gmt":"2021-12-14T15:26:45","slug":"o-que-e-wordpress","status":"publish","type":"page","link":"https:\/\/sites.ufca.edu.br\/treinamento-sites\/o-que-e-wordpress\/","title":{"rendered":"O que \u00e9 WordPress"},"content":{"rendered":"\n<p>O\u00a0<strong>WordPress<\/strong>\u00a0\u00e9, basicamente, um CMS (Content Management System), que em portugu\u00eas significa Sistema de Gerenciamento de Conte\u00fado. Em outras palavras, \u00e9 um sistema usado para administrar sites, blogs, lojas virtuais, portais de not\u00edcia, \u00e1reas de membros e outros tipos de p\u00e1gina. \u00c9 um sistema livre e aberto de gest\u00e3o de conte\u00fado para internet, baseado em PHP com banco de dados MySQL, executado em um servidor interpretador.<\/p>\n\n\n\n<figure class=\"wp-block-image size-large\"><img loading=\"lazy\" width=\"1024\" height=\"683\" src=\"https:\/\/sites.ufca.edu.br\/treinamento-sites\/wp-content\/uploads\/sites\/172\/2021\/12\/wordpress-imagem-1024x683.jpg\" alt=\"\" class=\"wp-image-440\" srcset=\"https:\/\/sites.ufca.edu.br\/treinamento-sites\/wp-content\/uploads\/sites\/172\/2021\/12\/wordpress-imagem-1024x683.jpg 1024w, https:\/\/sites.ufca.edu.br\/treinamento-sites\/wp-content\/uploads\/sites\/172\/2021\/12\/wordpress-imagem-300x200.jpg 300w, https:\/\/sites.ufca.edu.br\/treinamento-sites\/wp-content\/uploads\/sites\/172\/2021\/12\/wordpress-imagem-768x512.jpg 768w, https:\/\/sites.ufca.edu.br\/treinamento-sites\/wp-content\/uploads\/sites\/172\/2021\/12\/wordpress-imagem-1536x1024.jpg 1536w, https:\/\/sites.ufca.edu.br\/treinamento-sites\/wp-content\/uploads\/sites\/172\/2021\/12\/wordpress-imagem-2048x1365.jpg 2048w\" sizes=\"(max-width: 1024px) 100vw, 1024px\" \/><figcaption>Photo by Souvik Banerjee on Unsplash<\/figcaption><\/figure>\n\n\n\n<p>O <a href=\"http:\/\/sites.ufca.edu.br\/\" data-type=\"URL\" data-id=\"http:\/\/sites.ufca.edu.br\/\">Sites UFCA<\/a> e o <a href=\"http:\/\/sites.ufca.edu.br\/treinamento-sites\">Treinamento Sites<\/a> s\u00e3o exemplos de sites desenvolvidos com WordPress.<\/p>\n","protected":false},"excerpt":{"rendered":"<p>O\u00a0WordPress\u00a0\u00e9, basicamente, um CMS (Content Management System), que em portugu\u00eas significa Sistema de Gerenciamento de Conte\u00fado. Em outras palavras, \u00e9 um sistema usado para administrar sites, blogs, lojas virtuais, portais de not\u00edcia, \u00e1reas de membros e outros tipos de p\u00e1gina&#8230;. <a class=\"more-link\" href=\"https:\/\/sites.ufca.edu.br\/treinamento-sites\/o-que-e-wordpress\/\">Continue Reading &rarr;<\/a><\/p>\n","protected":false},"author":211,"featured_media":0,"parent":0,"menu_order":0,"comment_status":"closed","ping_status":"closed","template":"","meta":[],"_links":{"self":[{"href":"https:\/\/sites.ufca.edu.br\/treinamento-sites\/wp-json\/wp\/v2\/pages\/219"}],"collection":[{"href":"https:\/\/sites.ufca.edu.br\/treinamento-sites\/wp-json\/wp\/v2\/pages"}],"about":[{"href":"https:\/\/sites.ufca.edu.br\/treinamento-sites\/wp-json\/wp\/v2\/types\/page"}],"author":[{"embeddable":true,"href":"https:\/\/sites.ufca.edu.br\/treinamento-sites\/wp-json\/wp\/v2\/users\/211"}],"replies":[{"embeddable":true,"href":"https:\/\/sites.ufca.edu.br\/treinamento-sites\/wp-json\/wp\/v2\/comments?post=219"}],"version-history":[{"count":3,"href":"https:\/\/sites.ufca.edu.br\/treinamento-sites\/wp-json\/wp\/v2\/pages\/219\/revisions"}],"predecessor-version":[{"id":441,"href":"https:\/\/sites.ufca.edu.br\/treinamento-sites\/wp-json\/wp\/v2\/pages\/219\/revisions\/441"}],"wp:attachment":[{"href":"https:\/\/sites.ufca.edu.br\/treinamento-sites\/wp-json\/wp\/v2\/media?parent=219"}],"curies":[{"name":"wp","href":"https:\/\/api.w.org\/{rel}","templated":true}]}}