{"id":221,"date":"2021-12-02T11:35:20","date_gmt":"2021-12-02T14:35:20","guid":{"rendered":"https:\/\/sites.ufca.edu.br\/treinamento-sites\/?page_id=221"},"modified":"2021-12-07T11:56:07","modified_gmt":"2021-12-07T14:56:07","slug":"o-que-sao-temas","status":"publish","type":"page","link":"https:\/\/sites.ufca.edu.br\/treinamento-sites\/painel-administrativo\/o-que-sao-temas\/","title":{"rendered":"Temas"},"content":{"rendered":"\n<p>O template (ou <strong>tema<\/strong>) determina como os elementos do seu site (menus, header, rodap\u00e9, textos, imagens, v\u00eddeos) ser\u00e3o apresentados para seus leitores ou clientes. Existem v\u00e1rias op\u00e7\u00f5es de temas. Voc\u00ea pode escolher aquela que cabe melhor nas suas necessidades ou que lhe agrade mais.<\/p>\n\n\n\n<figure class=\"wp-block-image size-large\"><img loading=\"lazy\" width=\"1024\" height=\"565\" src=\"https:\/\/sites.ufca.edu.br\/treinamento-sites\/wp-content\/uploads\/sites\/172\/2021\/12\/temas-sites-1024x565.png\" alt=\"\" class=\"wp-image-388\" srcset=\"https:\/\/sites.ufca.edu.br\/treinamento-sites\/wp-content\/uploads\/sites\/172\/2021\/12\/temas-sites-1024x565.png 1024w, https:\/\/sites.ufca.edu.br\/treinamento-sites\/wp-content\/uploads\/sites\/172\/2021\/12\/temas-sites-300x166.png 300w, https:\/\/sites.ufca.edu.br\/treinamento-sites\/wp-content\/uploads\/sites\/172\/2021\/12\/temas-sites-768x424.png 768w, https:\/\/sites.ufca.edu.br\/treinamento-sites\/wp-content\/uploads\/sites\/172\/2021\/12\/temas-sites.png 1353w\" sizes=\"(max-width: 1024px) 100vw, 1024px\" \/><figcaption>temas do sites<\/figcaption><\/figure>\n\n\n\n<p><\/p>\n\n\n\n<p>Dentre os temas dispon\u00edveis pelo Sites UFCA temos:<\/p>\n\n\n\n<ul><li>Baskerville<\/li><li>Blog Alpha<\/li><li>Evento Alpha<\/li><li>Institucional Kappa<\/li><li>Lina<\/li><li>Neo<\/li><li>Sites.ufca<\/li><\/ul>\n\n\n\n<p>Para saber mais sobre cada tema acesse: <a href=\"https:\/\/sites.ufca.edu.br\/treinamento-sites\/temas\/\">Temas<\/a><\/p>\n","protected":false},"excerpt":{"rendered":"<p>O template (ou tema) determina como os elementos do seu site (menus, header, rodap\u00e9, textos, imagens, v\u00eddeos) ser\u00e3o apresentados para seus leitores ou clientes. Existem v\u00e1rias op\u00e7\u00f5es de temas. Voc\u00ea pode escolher aquela que cabe melhor nas suas necessidades ou&#8230; <a class=\"more-link\" href=\"https:\/\/sites.ufca.edu.br\/treinamento-sites\/painel-administrativo\/o-que-sao-temas\/\">Continue Reading &rarr;<\/a><\/p>\n","protected":false},"author":211,"featured_media":0,"parent":35,"menu_order":0,"comment_status":"closed","ping_status":"closed","template":"","meta":[],"_links":{"self":[{"href":"https:\/\/sites.ufca.edu.br\/treinamento-sites\/wp-json\/wp\/v2\/pages\/221"}],"collection":[{"href":"https:\/\/sites.ufca.edu.br\/treinamento-sites\/wp-json\/wp\/v2\/pages"}],"about":[{"href":"https:\/\/sites.ufca.edu.br\/treinamento-sites\/wp-json\/wp\/v2\/types\/page"}],"author":[{"embeddable":true,"href":"https:\/\/sites.ufca.edu.br\/treinamento-sites\/wp-json\/wp\/v2\/users\/211"}],"replies":[{"embeddable":true,"href":"https:\/\/sites.ufca.edu.br\/treinamento-sites\/wp-json\/wp\/v2\/comments?post=221"}],"version-history":[{"count":3,"href":"https:\/\/sites.ufca.edu.br\/treinamento-sites\/wp-json\/wp\/v2\/pages\/221\/revisions"}],"predecessor-version":[{"id":390,"href":"https:\/\/sites.ufca.edu.br\/treinamento-sites\/wp-json\/wp\/v2\/pages\/221\/revisions\/390"}],"up":[{"embeddable":true,"href":"https:\/\/sites.ufca.edu.br\/treinamento-sites\/wp-json\/wp\/v2\/pages\/35"}],"wp:attachment":[{"href":"https:\/\/sites.ufca.edu.br\/treinamento-sites\/wp-json\/wp\/v2\/media?parent=221"}],"curies":[{"name":"wp","href":"https:\/\/api.w.org\/{rel}","templated":true}]}}