{"id":326,"date":"2021-12-03T13:14:35","date_gmt":"2021-12-03T16:14:35","guid":{"rendered":"https:\/\/sites.ufca.edu.br\/treinamento-sites\/?page_id=326"},"modified":"2021-12-16T11:19:09","modified_gmt":"2021-12-16T14:19:09","slug":"primeiros-passos","status":"publish","type":"page","link":"https:\/\/sites.ufca.edu.br\/treinamento-sites\/pagina-exemplo\/primeiros-passos\/","title":{"rendered":"PRIMEIROS PASSOS"},"content":{"rendered":"\n<div class=\"wp-block-image\"><figure class=\"alignright size-large is-resized\"><img loading=\"lazy\" src=\"https:\/\/sites.ufca.edu.br\/treinamento-sites\/wp-content\/uploads\/sites\/172\/2021\/12\/question-g610b86ac3_640.png\" alt=\"\" class=\"wp-image-305\" width=\"204\" height=\"204\" srcset=\"https:\/\/sites.ufca.edu.br\/treinamento-sites\/wp-content\/uploads\/sites\/172\/2021\/12\/question-g610b86ac3_640.png 640w, https:\/\/sites.ufca.edu.br\/treinamento-sites\/wp-content\/uploads\/sites\/172\/2021\/12\/question-g610b86ac3_640-300x300.png 300w, https:\/\/sites.ufca.edu.br\/treinamento-sites\/wp-content\/uploads\/sites\/172\/2021\/12\/question-g610b86ac3_640-150x150.png 150w, https:\/\/sites.ufca.edu.br\/treinamento-sites\/wp-content\/uploads\/sites\/172\/2021\/12\/question-g610b86ac3_640-600x600.png 600w\" sizes=\"(max-width: 204px) 100vw, 204px\" \/><\/figure><\/div>\n\n\n\n<p>Se voc\u00ea est\u00e1 aqui, provavelmente significa que voc\u00ea tem uma ideia (ou v\u00e1rias) para seu site, por\u00e9m surgem muitas d\u00favidas de como executar essas ideias. Abaixo iremos sugerir uma s\u00e9rie de conte\u00fados que pode te ajudar nesta jornada. Vem comigo!!<\/p>\n\n\n\n<p><\/p>\n\n\n\n<p>A primeira coisa que podemos considerar \u00e9 &#8220;<strong>Qual a finalidade do meu site?<\/strong>&#8220;<\/p>\n\n\n\n<p>Tendo essa quest\u00e3o em mente podemos fazer um direcionamento de escolhas que otimize nosso caminho at\u00e9 que seja atingido o nosso objetivo (A cria\u00e7\u00e3o do site).<\/p>\n\n\n\n<figure class=\"wp-block-image size-large is-resized\"><img loading=\"lazy\" src=\"https:\/\/sites.ufca.edu.br\/treinamento-sites\/wp-content\/uploads\/sites\/172\/2021\/12\/businessman-g8529e4d46_640.png\" alt=\"\" class=\"wp-image-316\" width=\"502\" height=\"340\" srcset=\"https:\/\/sites.ufca.edu.br\/treinamento-sites\/wp-content\/uploads\/sites\/172\/2021\/12\/businessman-g8529e4d46_640.png 640w, https:\/\/sites.ufca.edu.br\/treinamento-sites\/wp-content\/uploads\/sites\/172\/2021\/12\/businessman-g8529e4d46_640-300x203.png 300w, https:\/\/sites.ufca.edu.br\/treinamento-sites\/wp-content\/uploads\/sites\/172\/2021\/12\/businessman-g8529e4d46_640-600x407.png 600w\" sizes=\"(max-width: 502px) 100vw, 502px\" \/><\/figure>\n\n\n\n<p>Dito isto, voc\u00ea poder\u00e1 acessar nossa p\u00e1gina de <a href=\"https:\/\/sites.ufca.edu.br\/treinamento-sites\/temas\/\">Temas<\/a> onde detalhamos um pouco sobre o objetivo geral de cada tema e mostramos um pouco do seu layout e ent\u00e3o aquele que melhor se adequa ao esperado pode ser escolhido.<\/p>\n\n\n\n<figure class=\"wp-block-image size-large\"><img loading=\"lazy\" width=\"640\" height=\"384\" src=\"https:\/\/sites.ufca.edu.br\/treinamento-sites\/wp-content\/uploads\/sites\/172\/2021\/12\/idea-g21d265aad_640.jpg\" alt=\"\" class=\"wp-image-319\" srcset=\"https:\/\/sites.ufca.edu.br\/treinamento-sites\/wp-content\/uploads\/sites\/172\/2021\/12\/idea-g21d265aad_640.jpg 640w, https:\/\/sites.ufca.edu.br\/treinamento-sites\/wp-content\/uploads\/sites\/172\/2021\/12\/idea-g21d265aad_640-300x180.jpg 300w, https:\/\/sites.ufca.edu.br\/treinamento-sites\/wp-content\/uploads\/sites\/172\/2021\/12\/idea-g21d265aad_640-600x360.jpg 600w\" sizes=\"(max-width: 640px) 100vw, 640px\" \/><\/figure>\n\n\n\n<p>Agora pode ter surgido a d\u00favida &#8220;<strong>T\u00e1, j\u00e1 escolhi meu tema, agora como eu alimento o conte\u00fado do meu site?<\/strong>&#8220;<\/p>\n\n\n\n<p>Fique tranquilo(a), n\u00f3s podemos te ajudar! Voc\u00ea pode entender melhor sobre como criar um <a href=\"https:\/\/sites.ufca.edu.br\/treinamento-sites\/painel-administrativo\/#posts\">Post<\/a> ou <a href=\"https:\/\/sites.ufca.edu.br\/treinamento-sites\/painel-administrativo\/como-gerenciar-paginas\/\">P\u00e1gina<\/a> clicando nos links. <\/p>\n\n\n\n<figure class=\"wp-block-image size-large\"><img loading=\"lazy\" width=\"640\" height=\"426\" src=\"https:\/\/sites.ufca.edu.br\/treinamento-sites\/wp-content\/uploads\/sites\/172\/2021\/12\/wordpress-g780d8f338_640.jpg\" alt=\"\" class=\"wp-image-321\" srcset=\"https:\/\/sites.ufca.edu.br\/treinamento-sites\/wp-content\/uploads\/sites\/172\/2021\/12\/wordpress-g780d8f338_640.jpg 640w, https:\/\/sites.ufca.edu.br\/treinamento-sites\/wp-content\/uploads\/sites\/172\/2021\/12\/wordpress-g780d8f338_640-300x200.jpg 300w, https:\/\/sites.ufca.edu.br\/treinamento-sites\/wp-content\/uploads\/sites\/172\/2021\/12\/wordpress-g780d8f338_640-600x399.jpg 600w\" sizes=\"(max-width: 640px) 100vw, 640px\" \/><\/figure>\n\n\n\n<p>Caso voc\u00ea tenha outras d\u00favidas sobre como utilizar as ferramentas no Painel a esquerda temos um panorama geral de como cada uma funciona, voc\u00ea pode encontrar clicando no bot\u00e3o &#8220;PAINEL ADMINISTRATIVO&#8221;.<\/p>\n\n\n\n<div class=\"wp-container-1 wp-block-buttons alignright\">\n<div class=\"wp-block-button is-style-outline\"><a class=\"wp-block-button__link\" href=\"https:\/\/sites.ufca.edu.br\/treinamento-sites\/painel-administrativo\/\">Painel Administrativo<\/a><\/div>\n<\/div>\n\n\n\n<p>Ou no menu a esquerda, onde tamb\u00e9m \u00e9 poss\u00edvel pesquisar algum conte\u00fado  espec\u00edfico. <\/p>\n\n\n\n<h2>Extra<\/h2>\n\n\n\n<h3>Como personalizar seu site:<\/h3>\n\n\n\n<p>Aqui vai um v\u00eddeo r\u00e1pido sobre como voc\u00ea pode estar come\u00e7ando a personalizar seu site. Lembrando que as op\u00e7\u00f5es de personaliza\u00e7\u00e3o apresentadas no v\u00eddeo podem n\u00e3o estar dispon\u00edveis dependendo do tema.<\/p>\n\n\n\n<figure class=\"wp-block-video\"><video controls src=\"https:\/\/sites.ufca.edu.br\/treinamento-sites\/wp-content\/uploads\/sites\/172\/2021\/12\/personalizar-tema-forma-geral.webm\"><\/video><\/figure>\n\n\n\n<p><\/p>\n\n\n\n<p>Agradecemos  sua visita e esperamos ter ajudado  de alguma forma! Qualquer d\u00favida entre em contato conosco!<\/p>\n\n\n\n<figure class=\"wp-block-image size-large\"><img loading=\"lazy\" width=\"640\" height=\"423\" src=\"https:\/\/sites.ufca.edu.br\/treinamento-sites\/wp-content\/uploads\/sites\/172\/2021\/12\/wordpress-g003edd317_640.jpg\" alt=\"\" class=\"wp-image-322\" srcset=\"https:\/\/sites.ufca.edu.br\/treinamento-sites\/wp-content\/uploads\/sites\/172\/2021\/12\/wordpress-g003edd317_640.jpg 640w, https:\/\/sites.ufca.edu.br\/treinamento-sites\/wp-content\/uploads\/sites\/172\/2021\/12\/wordpress-g003edd317_640-300x198.jpg 300w, https:\/\/sites.ufca.edu.br\/treinamento-sites\/wp-content\/uploads\/sites\/172\/2021\/12\/wordpress-g003edd317_640-600x397.jpg 600w\" sizes=\"(max-width: 640px) 100vw, 640px\" \/><\/figure>\n","protected":false},"excerpt":{"rendered":"<p>Se voc\u00ea est\u00e1 aqui, provavelmente significa que voc\u00ea tem uma ideia (ou v\u00e1rias) para seu site, por\u00e9m surgem muitas d\u00favidas de como executar essas ideias. Abaixo iremos sugerir uma s\u00e9rie de conte\u00fados que pode te ajudar nesta jornada. Vem comigo!!&#8230; <a class=\"more-link\" href=\"https:\/\/sites.ufca.edu.br\/treinamento-sites\/pagina-exemplo\/primeiros-passos\/\">Continue Reading &rarr;<\/a><\/p>\n","protected":false},"author":213,"featured_media":0,"parent":2,"menu_order":0,"comment_status":"closed","ping_status":"closed","template":"","meta":[],"_links":{"self":[{"href":"https:\/\/sites.ufca.edu.br\/treinamento-sites\/wp-json\/wp\/v2\/pages\/326"}],"collection":[{"href":"https:\/\/sites.ufca.edu.br\/treinamento-sites\/wp-json\/wp\/v2\/pages"}],"about":[{"href":"https:\/\/sites.ufca.edu.br\/treinamento-sites\/wp-json\/wp\/v2\/types\/page"}],"author":[{"embeddable":true,"href":"https:\/\/sites.ufca.edu.br\/treinamento-sites\/wp-json\/wp\/v2\/users\/213"}],"replies":[{"embeddable":true,"href":"https:\/\/sites.ufca.edu.br\/treinamento-sites\/wp-json\/wp\/v2\/comments?post=326"}],"version-history":[{"count":8,"href":"https:\/\/sites.ufca.edu.br\/treinamento-sites\/wp-json\/wp\/v2\/pages\/326\/revisions"}],"predecessor-version":[{"id":528,"href":"https:\/\/sites.ufca.edu.br\/treinamento-sites\/wp-json\/wp\/v2\/pages\/326\/revisions\/528"}],"up":[{"embeddable":true,"href":"https:\/\/sites.ufca.edu.br\/treinamento-sites\/wp-json\/wp\/v2\/pages\/2"}],"wp:attachment":[{"href":"https:\/\/sites.ufca.edu.br\/treinamento-sites\/wp-json\/wp\/v2\/media?parent=326"}],"curies":[{"name":"wp","href":"https:\/\/api.w.org\/{rel}","templated":true}]}}