{"id":35,"date":"2021-11-24T12:38:54","date_gmt":"2021-11-24T15:38:54","guid":{"rendered":"https:\/\/sites.ufca.edu.br\/treinamento-sites\/?page_id=35"},"modified":"2023-06-22T17:02:59","modified_gmt":"2023-06-22T20:02:59","slug":"painel-administrativo","status":"publish","type":"page","link":"https:\/\/sites.ufca.edu.br\/treinamento-sites\/painel-administrativo\/","title":{"rendered":"Painel Administrativo"},"content":{"rendered":"\n<h2>\u00cdndice<\/h2>\n\n\n\n<p><a href=\"#painel\">Painel<\/a><br><a href=\"#posts\">Posts<\/a><br><a href=\"#midias\">M\u00eddias<\/a><br><a href=\"#paginas\">P\u00e1ginas<\/a><br><a href=\"#comentarios\">Coment\u00e1rios<\/a><br><a href=\"#contato\">Contato<\/a><br><a href=\"#aparencia\">Apar\u00eancia<\/a><br><a href=\"#plugins\">Plugins<\/a><br><a href=\"#usuarios\">Usu\u00e1rios<\/a><br><a href=\"#ferramentas\">Ferramentas<\/a><br><a href=\"#configuracoes\">Configura\u00e7\u00f5es<\/a><\/p>\n\n\n\n<h2 id=\"painel\">Painel<\/h2>\n\n\n\n<p>Na aba painel voc\u00ea pode ver informa\u00e7\u00f5es gerais de forma bem resumidas relacionadas ao seu site:&nbsp;<\/p>\n\n\n\n<p><em>Exemplos:<\/em><\/p>\n\n\n\n<div class=\"wp-block-image\"><figure class=\"aligncenter size-large\"><img loading=\"lazy\" width=\"433\" height=\"132\" src=\"https:\/\/sites.ufca.edu.br\/treinamento-sites\/wp-content\/uploads\/sites\/172\/2021\/12\/image-2.png\" alt=\"\" class=\"wp-image-334\" srcset=\"https:\/\/sites.ufca.edu.br\/treinamento-sites\/wp-content\/uploads\/sites\/172\/2021\/12\/image-2.png 433w, https:\/\/sites.ufca.edu.br\/treinamento-sites\/wp-content\/uploads\/sites\/172\/2021\/12\/image-2-300x91.png 300w\" sizes=\"(max-width: 433px) 100vw, 433px\" \/><\/figure><\/div>\n\n\n\n<p><strong>No campo \u201cAgora\u201d <\/strong>voc\u00ea pode ver a<strong> <\/strong>quantidade de posts, quantidade de p\u00e1ginas, quantidade de coment\u00e1rios. Bem como a vers\u00e3o do WordPress (e se o mesmo tem novas atualiza\u00e7\u00f5es).<\/p>\n\n\n\n<div class=\"wp-block-image\"><figure class=\"aligncenter size-large\"><img loading=\"lazy\" width=\"434\" height=\"127\" src=\"https:\/\/sites.ufca.edu.br\/treinamento-sites\/wp-content\/uploads\/sites\/172\/2021\/12\/image-3.png\" alt=\"\" class=\"wp-image-335\" srcset=\"https:\/\/sites.ufca.edu.br\/treinamento-sites\/wp-content\/uploads\/sites\/172\/2021\/12\/image-3.png 434w, https:\/\/sites.ufca.edu.br\/treinamento-sites\/wp-content\/uploads\/sites\/172\/2021\/12\/image-3-300x88.png 300w\" sizes=\"(max-width: 434px) 100vw, 434px\" \/><\/figure><\/div>\n\n\n\n<p>Aqui n\u00e3o \u00e9 exibido nada pois como vimos no campo anterior n\u00e3o temos nenhum post at\u00e9 o momento, todo conte\u00fado foi organizado em p\u00e1ginas.<\/p>\n\n\n\n<p><strong>No painel \u201cAtividade\u201d <\/strong>ser\u00e3o apresentadas as \u00faltimas publica\u00e7\u00f5es e coment\u00e1rios. <\/p>\n\n\n\n<div class=\"wp-block-image\"><figure class=\"aligncenter size-large\"><img loading=\"lazy\" width=\"426\" height=\"300\" src=\"https:\/\/sites.ufca.edu.br\/treinamento-sites\/wp-content\/uploads\/sites\/172\/2021\/12\/image-4.png\" alt=\"\" class=\"wp-image-338\" srcset=\"https:\/\/sites.ufca.edu.br\/treinamento-sites\/wp-content\/uploads\/sites\/172\/2021\/12\/image-4.png 426w, https:\/\/sites.ufca.edu.br\/treinamento-sites\/wp-content\/uploads\/sites\/172\/2021\/12\/image-4-300x211.png 300w\" sizes=\"(max-width: 426px) 100vw, 426px\" \/><\/figure><\/div>\n\n\n\n<p><strong>No painel \u201cRascunho r\u00e1pido\u201d <\/strong>voc\u00ea pode escrever um rascunho r\u00e1pido para um blog.<\/p>\n\n\n\n<h2 id=\"posts\">Posts&nbsp;<\/h2>\n\n\n\n<div class=\"wp-block-image\"><figure class=\"aligncenter size-large\"><img loading=\"lazy\" width=\"640\" height=\"426\" src=\"http:\/\/sites.ufca.edu.br\/treinamento-sites\/wp-content\/uploads\/sites\/172\/2021\/12\/wordpress-g88eb53c1d_640.jpg\" alt=\"\" class=\"wp-image-320\" srcset=\"https:\/\/sites.ufca.edu.br\/treinamento-sites\/wp-content\/uploads\/sites\/172\/2021\/12\/wordpress-g88eb53c1d_640.jpg 640w, https:\/\/sites.ufca.edu.br\/treinamento-sites\/wp-content\/uploads\/sites\/172\/2021\/12\/wordpress-g88eb53c1d_640-300x200.jpg 300w, https:\/\/sites.ufca.edu.br\/treinamento-sites\/wp-content\/uploads\/sites\/172\/2021\/12\/wordpress-g88eb53c1d_640-600x399.jpg 600w\" sizes=\"(max-width: 640px) 100vw, 640px\" \/><\/figure><\/div>\n\n\n\n<p><strong>Todos os Posts<\/strong><\/p>\n\n\n\n<p>Nessa parte voc\u00ea pode ver todos posts criados, assim como as informa\u00e7\u00f5es do autor, a categoria, as tags e data de publica\u00e7\u00e3o.<\/p>\n\n\n\n<p>\u00c9 poss\u00edvel tamb\u00e9m gerenci\u00e1-los: mover para a lixeira, edit\u00e1-los e visualiz\u00e1-los.<\/p>\n\n\n\n<p><strong>Categorias<\/strong> <\/p>\n\n\n\n<div class=\"wp-block-image\"><figure class=\"aligncenter size-large is-resized\"><a href=\"<a href='https:\/\/www.freepik.es\/vectores\/catalogo'&gt;Vector de Cat\u00e1logo creado por stories - www.freepik.es<\/a&gt;\"><img loading=\"lazy\" src=\"https:\/\/sites.ufca.edu.br\/treinamento-sites\/wp-content\/uploads\/sites\/172\/2021\/12\/3270977-1024x1024.jpg\" alt=\"\" class=\"wp-image-339\" width=\"580\" height=\"580\" srcset=\"https:\/\/sites.ufca.edu.br\/treinamento-sites\/wp-content\/uploads\/sites\/172\/2021\/12\/3270977-1024x1024.jpg 1024w, https:\/\/sites.ufca.edu.br\/treinamento-sites\/wp-content\/uploads\/sites\/172\/2021\/12\/3270977-300x300.jpg 300w, https:\/\/sites.ufca.edu.br\/treinamento-sites\/wp-content\/uploads\/sites\/172\/2021\/12\/3270977-150x150.jpg 150w, https:\/\/sites.ufca.edu.br\/treinamento-sites\/wp-content\/uploads\/sites\/172\/2021\/12\/3270977-768x768.jpg 768w, https:\/\/sites.ufca.edu.br\/treinamento-sites\/wp-content\/uploads\/sites\/172\/2021\/12\/3270977-1536x1536.jpg 1536w, https:\/\/sites.ufca.edu.br\/treinamento-sites\/wp-content\/uploads\/sites\/172\/2021\/12\/3270977-945x945.jpg 945w, https:\/\/sites.ufca.edu.br\/treinamento-sites\/wp-content\/uploads\/sites\/172\/2021\/12\/3270977-600x600.jpg 600w, https:\/\/sites.ufca.edu.br\/treinamento-sites\/wp-content\/uploads\/sites\/172\/2021\/12\/3270977.jpg 2000w\" sizes=\"(max-width: 580px) 100vw, 580px\" \/><\/a><\/figure><\/div>\n\n\n\n<p>Trabalham em conjunto aos posts. Servem para categorizar conte\u00fado ou criando diferentes \u00e1reas do blog. As categorias s\u00e3o associadas apenas aos posts, j\u00e1 que p\u00e1gina s\u00e3o conte\u00fados est\u00e1ticos.<\/p>\n\n\n\n<p>Para saber mais acesse: <a href=\"https:\/\/sites.ufca.edu.br\/treinamento-sites\/painel-administrativo\/como-gerenciar-categorias\/\">Como gerenciar categorias<\/a><\/p>\n\n\n\n<p><strong>Tags<\/strong><\/p>\n\n\n\n<div class=\"wp-block-image\"><figure class=\"aligncenter size-large is-resized\"><img loading=\"lazy\" src=\"https:\/\/sites.ufca.edu.br\/treinamento-sites\/wp-content\/uploads\/sites\/172\/2021\/12\/image-from-rawpixel-id-3932309-jpeg-1-1024x1024.jpg\" alt=\"\" class=\"wp-image-341\" width=\"356\" height=\"356\" srcset=\"https:\/\/sites.ufca.edu.br\/treinamento-sites\/wp-content\/uploads\/sites\/172\/2021\/12\/image-from-rawpixel-id-3932309-jpeg-1-1024x1024.jpg 1024w, https:\/\/sites.ufca.edu.br\/treinamento-sites\/wp-content\/uploads\/sites\/172\/2021\/12\/image-from-rawpixel-id-3932309-jpeg-1-300x300.jpg 300w, https:\/\/sites.ufca.edu.br\/treinamento-sites\/wp-content\/uploads\/sites\/172\/2021\/12\/image-from-rawpixel-id-3932309-jpeg-1-150x150.jpg 150w, https:\/\/sites.ufca.edu.br\/treinamento-sites\/wp-content\/uploads\/sites\/172\/2021\/12\/image-from-rawpixel-id-3932309-jpeg-1-768x768.jpg 768w, https:\/\/sites.ufca.edu.br\/treinamento-sites\/wp-content\/uploads\/sites\/172\/2021\/12\/image-from-rawpixel-id-3932309-jpeg-1-1536x1536.jpg 1536w, https:\/\/sites.ufca.edu.br\/treinamento-sites\/wp-content\/uploads\/sites\/172\/2021\/12\/image-from-rawpixel-id-3932309-jpeg-1-2048x2048.jpg 2048w, https:\/\/sites.ufca.edu.br\/treinamento-sites\/wp-content\/uploads\/sites\/172\/2021\/12\/image-from-rawpixel-id-3932309-jpeg-1-945x945.jpg 945w, https:\/\/sites.ufca.edu.br\/treinamento-sites\/wp-content\/uploads\/sites\/172\/2021\/12\/image-from-rawpixel-id-3932309-jpeg-1-600x600.jpg 600w\" sizes=\"(max-width: 356px) 100vw, 356px\" \/><figcaption>Image by&nbsp;<a rel=\"noreferrer noopener\" href=\"https:\/\/rawpixel.com\/\" target=\"_blank\"><strong>rawpixel.com<\/strong><\/a><\/figcaption><\/figure><\/div>\n\n\n\n<p>As tags possuem papel vital na organiza\u00e7\u00e3o de seus conte\u00fados e possuem impacto direto na experi\u00eancia do usu\u00e1rio. Assim como as categorias, as tags s\u00e3o parte da taxonomia do WordPress e servem para categorizar seus posts. Por\u00e9m s\u00e3o usadas de maneiras diferentes. Enquanto as categorias agrupam conte\u00fados de maneira mais ampla, as tags descrevem detalhes espec\u00edficos do conte\u00fado. Outra diferen\u00e7a \u00e9 que enquanto as categorias s\u00e3o obrigat\u00f3rias, as tags s\u00e3o opcionais.<\/p>\n\n\n\n<p>Para entender melhor como utilizar estas funcionalidades disponibilizamos conte\u00fado detalhado no seguinte link:  <a href=\"https:\/\/sites.ufca.edu.br\/treinamento-sites\/painel-administrativo\/como-gerenciar-tags\/\">Como gerenciar tags<\/a><\/p>\n\n\n\n<h2 id=\"midias\">M\u00eddias<\/h2>\n\n\n\n<figure class=\"wp-block-image size-large\"><img loading=\"lazy\" width=\"640\" height=\"426\" src=\"https:\/\/sites.ufca.edu.br\/treinamento-sites\/wp-content\/uploads\/sites\/172\/2021\/12\/icon-g5563e824b_640.png\" alt=\"\" class=\"wp-image-342\" srcset=\"https:\/\/sites.ufca.edu.br\/treinamento-sites\/wp-content\/uploads\/sites\/172\/2021\/12\/icon-g5563e824b_640.png 640w, https:\/\/sites.ufca.edu.br\/treinamento-sites\/wp-content\/uploads\/sites\/172\/2021\/12\/icon-g5563e824b_640-300x200.png 300w, https:\/\/sites.ufca.edu.br\/treinamento-sites\/wp-content\/uploads\/sites\/172\/2021\/12\/icon-g5563e824b_640-600x399.png 600w\" sizes=\"(max-width: 640px) 100vw, 640px\" \/><figcaption>Imagem de <a href=\"https:\/\/pixabay.com\/pt\/users\/geralt-9301\/?utm_source=link-attribution&amp;utm_medium=referral&amp;utm_campaign=image&amp;utm_content=2515316\">Gerd Altmann<\/a> por <a href=\"https:\/\/pixabay.com\/pt\/?utm_source=link-attribution&amp;utm_medium=referral&amp;utm_campaign=image&amp;utm_content=2515316\">Pixabay<\/a><\/figcaption><\/figure>\n\n\n\n<p>Neste ambiente ser\u00e1 poss\u00edvel fazer gerenciamento das m\u00eddias presentes no seu site, poder\u00e1 adicionar, editar, excluir as m\u00eddias que desejar. \u00c9 poss\u00edvel fazer algumas altera\u00e7\u00f5es para facilitar a busca por m\u00eddias neste espa\u00e7o.<\/p>\n\n\n\n<p>Para saber mais acesse: <a href=\"https:\/\/sites.ufca.edu.br\/treinamento-sites\/painel-administrativo\/como-gerenciar-biblioteca-de-midia\/\">Como gerenciar biblioteca de m\u00eddia<\/a><\/p>\n\n\n\n<h2 id=\"paginas\">P\u00e1ginas&nbsp;<\/h2>\n\n\n\n<figure class=\"wp-block-image size-large\"><img loading=\"lazy\" width=\"640\" height=\"480\" src=\"https:\/\/sites.ufca.edu.br\/treinamento-sites\/wp-content\/uploads\/sites\/172\/2021\/12\/fountain-pen-g475d1bf09_640.jpg\" alt=\"\" class=\"wp-image-348\" srcset=\"https:\/\/sites.ufca.edu.br\/treinamento-sites\/wp-content\/uploads\/sites\/172\/2021\/12\/fountain-pen-g475d1bf09_640.jpg 640w, https:\/\/sites.ufca.edu.br\/treinamento-sites\/wp-content\/uploads\/sites\/172\/2021\/12\/fountain-pen-g475d1bf09_640-300x225.jpg 300w, https:\/\/sites.ufca.edu.br\/treinamento-sites\/wp-content\/uploads\/sites\/172\/2021\/12\/fountain-pen-g475d1bf09_640-600x450.jpg 600w\" sizes=\"(max-width: 640px) 100vw, 640px\" \/><\/figure>\n\n\n\n<p>P\u00e1ginas podem ser entendidas como uma \u00e1rea do seu site em que se deseja exibir algum conte\u00fado. Este pode ser de qualquer tipo, entretanto as p\u00e1ginas mais comuns s\u00e3o \u201cP\u00e1gina Inicial\u201d, \u201cSobre\u201d e \u201cContato\u201d.<\/p>\n\n\n\n<p>Apesar de similares aos posts, as p\u00e1ginas normalmente n\u00e3o apresentam intera\u00e7\u00f5es de usu\u00e1rio como coment\u00e1rios, pois seu prop\u00f3sito principal \u00e9 apenas exibir um conte\u00fado. Tamb\u00e9m n\u00e3o permitem a atribui\u00e7\u00e3o de categorias nem tags.<\/p>\n\n\n\n<p>Para saber mais acesse: <a href=\"https:\/\/sites.ufca.edu.br\/treinamento-sites\/painel-administrativo\/como-gerenciar-paginas\/\">Como gerenciar P\u00e1ginas<\/a><\/p>\n\n\n\n<h2 id=\"comentarios\">Coment\u00e1rios&nbsp;<\/h2>\n\n\n\n<figure class=\"wp-block-image size-large\"><img loading=\"lazy\" width=\"640\" height=\"426\" src=\"https:\/\/sites.ufca.edu.br\/treinamento-sites\/wp-content\/uploads\/sites\/172\/2021\/12\/cms-g02cbf540e_640.jpg\" alt=\"\" class=\"wp-image-349\" srcset=\"https:\/\/sites.ufca.edu.br\/treinamento-sites\/wp-content\/uploads\/sites\/172\/2021\/12\/cms-g02cbf540e_640.jpg 640w, https:\/\/sites.ufca.edu.br\/treinamento-sites\/wp-content\/uploads\/sites\/172\/2021\/12\/cms-g02cbf540e_640-300x200.jpg 300w, https:\/\/sites.ufca.edu.br\/treinamento-sites\/wp-content\/uploads\/sites\/172\/2021\/12\/cms-g02cbf540e_640-600x399.jpg 600w\" sizes=\"(max-width: 640px) 100vw, 640px\" \/><\/figure>\n\n\n\n<p>Esta op\u00e7\u00e3o d\u00e1 acesso aos coment\u00e1rios feitos no site de maneira geral. Ficam listados da seguinte maneira: \u201cAutor\u201d do coment\u00e1rio, o conte\u00fado do&nbsp; \u201cComent\u00e1rio\u201d em si, \u201cIn response to \/ Em resposta\u201d ao post, p\u00e1gina ou m\u00eddia referente ao coment\u00e1rio e &#8220;Submitted on\u201d que \u00e9 a data em que foi feito o coment\u00e1rio.<\/p>\n\n\n\n<p>Para mais informa\u00e7\u00f5es acesse: <a href=\"https:\/\/sites.ufca.edu.br\/treinamento-sites\/como-gerenciar-comentarios\/\">Gerenciamento de coment\u00e1rios.<\/a><\/p>\n\n\n\n<div class=\"wp-block-image\"><figure class=\"alignright size-large is-resized\"><img loading=\"lazy\" src=\"https:\/\/sites.ufca.edu.br\/treinamento-sites\/wp-content\/uploads\/sites\/172\/2021\/12\/contact-us-g8ea69a7c2_640.jpg\" alt=\"\" class=\"wp-image-351\" width=\"321\" height=\"183\" srcset=\"https:\/\/sites.ufca.edu.br\/treinamento-sites\/wp-content\/uploads\/sites\/172\/2021\/12\/contact-us-g8ea69a7c2_640.jpg 640w, https:\/\/sites.ufca.edu.br\/treinamento-sites\/wp-content\/uploads\/sites\/172\/2021\/12\/contact-us-g8ea69a7c2_640-300x172.jpg 300w, https:\/\/sites.ufca.edu.br\/treinamento-sites\/wp-content\/uploads\/sites\/172\/2021\/12\/contact-us-g8ea69a7c2_640-600x343.jpg 600w\" sizes=\"(max-width: 321px) 100vw, 321px\" \/><\/figure><\/div>\n\n\n\n<h2 id=\"contato\">Contato&nbsp;<\/h2>\n\n\n\n<p>Neste t\u00f3pico voc\u00ea poder\u00e1 criar uma p\u00e1gina est\u00e1tica que contenham informa\u00e7\u00f5es sobre como entrar em contato com quem ger\u00eancia o site.<\/p>\n\n\n\n<p> Acesse nossa p\u00e1gina de contato para ver um exemplo:  <a href=\"https:\/\/sites.ufca.edu.br\/treinamento-sites\/contato\/\">Contato<\/a><\/p>\n\n\n\n<h2 id=\"aparencia\">Apar\u00eancia&nbsp;<\/h2>\n\n\n\n<figure class=\"wp-block-image size-large is-resized\"><img loading=\"lazy\" src=\"https:\/\/sites.ufca.edu.br\/treinamento-sites\/wp-content\/uploads\/sites\/172\/2021\/12\/image-5-1024x475.png\" alt=\"\" class=\"wp-image-353\" width=\"576\" height=\"267\" srcset=\"https:\/\/sites.ufca.edu.br\/treinamento-sites\/wp-content\/uploads\/sites\/172\/2021\/12\/image-5-1024x475.png 1024w, https:\/\/sites.ufca.edu.br\/treinamento-sites\/wp-content\/uploads\/sites\/172\/2021\/12\/image-5-300x139.png 300w, https:\/\/sites.ufca.edu.br\/treinamento-sites\/wp-content\/uploads\/sites\/172\/2021\/12\/image-5-768x356.png 768w, https:\/\/sites.ufca.edu.br\/treinamento-sites\/wp-content\/uploads\/sites\/172\/2021\/12\/image-5-1536x713.png 1536w, https:\/\/sites.ufca.edu.br\/treinamento-sites\/wp-content\/uploads\/sites\/172\/2021\/12\/image-5-945x438.png 945w, https:\/\/sites.ufca.edu.br\/treinamento-sites\/wp-content\/uploads\/sites\/172\/2021\/12\/image-5-600x278.png 600w, https:\/\/sites.ufca.edu.br\/treinamento-sites\/wp-content\/uploads\/sites\/172\/2021\/12\/image-5.png 1716w\" sizes=\"(max-width: 576px) 100vw, 576px\" \/><\/figure>\n\n\n\n<p>Neste t\u00f3pico s\u00e3o oferecidas&nbsp; v\u00e1rias op\u00e7\u00f5es de personaliza\u00e7\u00e3o que permitem que voc\u00ea deixe seu site do jeito que voc\u00ea quiser. \u00c9 poss\u00edvel alterar o tema, que muda todo layout do site, fazer altera\u00e7\u00f5es em menus, adicionar Widgets entre v\u00e1rias outras modifica\u00e7\u00f5es.<\/p>\n\n\n\n<p>Para saber melhor sobre,&nbsp; voc\u00ea pode acessar nosso post sobre o que cada funcionalidade lhe permite fazer para ent\u00e3o tomar as decis\u00f5es de qual a melhor maneira de deixar seu site a sua cara.<\/p>\n\n\n\n<p>Para mais informa\u00e7\u00f5es acesse: <a href=\"https:\/\/sites.ufca.edu.br\/treinamento-sites\/temas\/\">Temas<\/a><\/p>\n\n\n\n<h4>Veja tamb\u00e9m:<\/h4>\n\n\n\n<p><a href=\"https:\/\/sites.ufca.edu.br\/treinamento-sites\/temas\">Temas<\/a><br><a href=\"https:\/\/sites.ufca.edu.br\/treinamento-sites\/personalizar\">Personalizar<\/a><br><a href=\"https:\/\/sites.ufca.edu.br\/treinamento-sites\/widgets\">Widgets<\/a><br><a href=\"https:\/\/sites.ufca.edu.br\/treinamento-sites\/cabecalho\">Cabe\u00e7alho<\/a><br><a href=\"https:\/\/sites.ufca.edu.br\/treinamento-sites\/fundo\">Fundo<\/a><\/p>\n\n\n\n<h2>Menus<\/h2>\n\n\n\n<div class=\"wp-block-image\"><figure class=\"alignright size-large\"><img loading=\"lazy\" width=\"323\" height=\"186\" src=\"https:\/\/sites.ufca.edu.br\/treinamento-sites\/wp-content\/uploads\/sites\/172\/2021\/12\/image-38.png\" alt=\"\" class=\"wp-image-544\" srcset=\"https:\/\/sites.ufca.edu.br\/treinamento-sites\/wp-content\/uploads\/sites\/172\/2021\/12\/image-38.png 323w, https:\/\/sites.ufca.edu.br\/treinamento-sites\/wp-content\/uploads\/sites\/172\/2021\/12\/image-38-300x173.png 300w\" sizes=\"(max-width: 323px) 100vw, 323px\" \/><\/figure><\/div>\n\n\n\n<p>Ainda na parte de personaliza\u00e7\u00e3o, n\u00f3s tempos a op\u00e7\u00e3o de menus. Eles nos auxiliam na navega\u00e7\u00e3o pelo nosso Website, bem como disponibilizar um caminho r\u00e1pido a determinados conte\u00fados.<\/p>\n\n\n\n<p>Podem ser adicionados v\u00e1rios menus. Estes podem ser : <\/p>\n\n\n\n<ol><li><strong>Principal<\/strong> &#8211; um menu que te da acesso aos principais conte\u00fados presentes no seu site.<\/li><li><strong>Secund\u00e1rio<\/strong> &#8211; um menu auxiliar, geralmente  usado no topo ao lado da logo marca.<\/li><li><strong>Lateral<\/strong> &#8211; Utilizado nas barras later\u00e1is.<\/li><\/ol>\n\n\n\n<p>Existem outros tipos mas estes s\u00e3o os principais.<\/p>\n\n\n\n<p>Para  saber mais acesse <a href=\"https:\/\/sites.ufca.edu.br\/treinamento-sites\/painel-administrativo\/personalizar\/como-gerenciar-menus\/\">Como Gerenciar Menus<\/a>.<\/p>\n\n\n\n<h2 id=\"plugins\">Plugins&nbsp;<\/h2>\n\n\n\n<figure class=\"wp-block-image size-large\"><img loading=\"lazy\" width=\"640\" height=\"421\" src=\"https:\/\/sites.ufca.edu.br\/treinamento-sites\/wp-content\/uploads\/sites\/172\/2021\/12\/socket-gff812d118_640.png\" alt=\"\" class=\"wp-image-359\" srcset=\"https:\/\/sites.ufca.edu.br\/treinamento-sites\/wp-content\/uploads\/sites\/172\/2021\/12\/socket-gff812d118_640.png 640w, https:\/\/sites.ufca.edu.br\/treinamento-sites\/wp-content\/uploads\/sites\/172\/2021\/12\/socket-gff812d118_640-300x197.png 300w, https:\/\/sites.ufca.edu.br\/treinamento-sites\/wp-content\/uploads\/sites\/172\/2021\/12\/socket-gff812d118_640-600x395.png 600w\" sizes=\"(max-width: 640px) 100vw, 640px\" \/><\/figure>\n\n\n\n<p>De maneira resumida, um plugin \u00e9 uma extens\u00e3o que ir\u00e1 otimizar alguma funcionalidade do seu site ou adicionar novas. A grande facilidade aqui \u00e9 que voc\u00ea pode apenas &#8220;plugar&#8221; facilmente essas funcionalidades e quando n\u00e3o houver mais necessidade poder\u00e1 &#8220;desplugar&#8221; esses c\u00f3digos adicionais ao c\u00f3digo principal do site.<\/p>\n\n\n\n<p>Suas funcionalidades s\u00e3o das mais diversas e sempre \u00e9 necess\u00e1rio fazer uma an\u00e1lise de qual melhor plugin para o nincho do seu site. Abaixo disponibilizaremos um post mais detalhado sobre o que levar em considera\u00e7\u00e3o na hora de escolher um plugin, quais cuidados necess\u00e1rios e alguns plugins famosos e suas funcionalidades:<\/p>\n\n\n\n<p class=\"has-medium-pink-color has-text-color\"><em>[Dispon\u00edvel em breve]<\/em><\/p>\n\n\n\n<p>O conte\u00fado deste t\u00f3pico foi tomado por base a seguinte mat\u00e9ria <a href=\"https:\/\/www.hostinger.com.br\/tutoriais\/o-que-e-plugin\">O Que \u00e9 Plugin? Guia Completo para Iniciantes do WordPress<\/a>, l\u00e1 voc\u00ea poder\u00e1 ler a mat\u00e9ria na \u00edntegra de maneira mais detalhada do autor original.<\/p>\n\n\n\n<p><strong>Adicionar um plugin externo:<\/strong><\/p>\n\n\n\n<p>Para informa\u00e7\u00f5es de como adicionar um plugin para caso seja do interesse do mantedor do site adicionar algum plugin que n\u00e3o esta nos dispostos de maneira padr\u00e3o no sites, clique no link para acessar o tutorial completo: [<a href=\"https:\/\/sites.ufca.edu.br\/treinamento-sites\/procedimentos-para-solicitar-a-instalacao-de-plugins\/\">tutorial completo<\/a>].<\/p>\n\n\n\n<h2 id=\"usuarios\">Usu\u00e1rios<\/h2>\n\n\n\n<figure class=\"wp-block-image size-large\"><img loading=\"lazy\" width=\"640\" height=\"343\" src=\"https:\/\/sites.ufca.edu.br\/treinamento-sites\/wp-content\/uploads\/sites\/172\/2021\/12\/advisors-g417a7b163_640.png\" alt=\"\" class=\"wp-image-360\" srcset=\"https:\/\/sites.ufca.edu.br\/treinamento-sites\/wp-content\/uploads\/sites\/172\/2021\/12\/advisors-g417a7b163_640.png 640w, https:\/\/sites.ufca.edu.br\/treinamento-sites\/wp-content\/uploads\/sites\/172\/2021\/12\/advisors-g417a7b163_640-300x161.png 300w, https:\/\/sites.ufca.edu.br\/treinamento-sites\/wp-content\/uploads\/sites\/172\/2021\/12\/advisors-g417a7b163_640-600x322.png 600w\" sizes=\"(max-width: 640px) 100vw, 640px\" \/><\/figure>\n\n\n\n<p>Nesta se\u00e7\u00e3o faremos configura\u00e7\u00f5es a cerca dos usu\u00e1rios do site. Aqui podemos adicionar novos usu\u00e1rios, atribuir suas fun\u00e7\u00f5es, bem como ver a lista de usu\u00e1rio j\u00e1 existente e editar conforme o necess\u00e1rio.<\/p>\n\n\n\n<p>Para saber mais acesse: <a href=\"https:\/\/sites.ufca.edu.br\/treinamento-sites\/como-gerenciar-usuarios\/\">Como gerenciar Usu\u00e1rios<\/a><\/p>\n\n\n\n<h2 id=\"ferramentas\">Ferramentas<\/h2>\n\n\n\n<figure class=\"wp-block-image size-large\"><img loading=\"lazy\" width=\"640\" height=\"427\" src=\"https:\/\/sites.ufca.edu.br\/treinamento-sites\/wp-content\/uploads\/sites\/172\/2021\/12\/tools-g51ba3319c_640.jpg\" alt=\"\" class=\"wp-image-361\" srcset=\"https:\/\/sites.ufca.edu.br\/treinamento-sites\/wp-content\/uploads\/sites\/172\/2021\/12\/tools-g51ba3319c_640.jpg 640w, https:\/\/sites.ufca.edu.br\/treinamento-sites\/wp-content\/uploads\/sites\/172\/2021\/12\/tools-g51ba3319c_640-300x200.jpg 300w, https:\/\/sites.ufca.edu.br\/treinamento-sites\/wp-content\/uploads\/sites\/172\/2021\/12\/tools-g51ba3319c_640-600x400.jpg 600w\" sizes=\"(max-width: 640px) 100vw, 640px\" \/><\/figure>\n\n\n\n<p>Esta se\u00e7\u00e3o do menu refere-se a  algumas funcionalidades do seu site que ficaram dispon\u00edveis para serem configuradas. Aqui \u00e9 poss\u00edvel exportar dados do seu para outros sites, bem como fazer o caminho inverso atrav\u00e9s de importa\u00e7\u00e3o. <\/p>\n\n\n\n<p>\u00c9 neste ambiente tamb\u00e9m que voc\u00ea poder\u00e1 excluir seu site caso a finalidade do mesmo j\u00e1 tenha sido atingida e n\u00e3o ser\u00b4a mais continuada ou mantida por outra pessoa. Bem como mapear dom\u00ednios para o seu site.<\/p>\n\n\n\n<h2 id=\"configuracoes\">Configura\u00e7\u00f5es<\/h2>\n\n\n\n<p>As configura\u00e7\u00f5es do WordPress servem para voc\u00ea ajustar v\u00e1rias coisas relacionadas ao seu site.<\/p>\n\n\n\n<p>Para acessar basta ir em Configura\u00e7\u00f5es no Painel Administrativo.<\/p>\n\n\n\n<figure class=\"wp-block-image size-large\"><img loading=\"lazy\" width=\"395\" height=\"190\" src=\"https:\/\/sites.ufca.edu.br\/treinamento-sites\/wp-content\/uploads\/sites\/172\/2021\/12\/image-17.png\" alt=\"\" class=\"wp-image-466\" srcset=\"https:\/\/sites.ufca.edu.br\/treinamento-sites\/wp-content\/uploads\/sites\/172\/2021\/12\/image-17.png 395w, https:\/\/sites.ufca.edu.br\/treinamento-sites\/wp-content\/uploads\/sites\/172\/2021\/12\/image-17-300x144.png 300w\" sizes=\"(max-width: 395px) 100vw, 395px\" \/><figcaption>Acesse as configura\u00e7\u00f5es<\/figcaption><\/figure>\n\n\n\n<p><strong>Resumo das Configura\u00e7\u00f5es<\/strong><\/p>\n\n\n\n<p><strong>Geral<\/strong>: configura\u00e7\u00f5es gerais, tais como t\u00edtulo do site, descri\u00e7\u00e3o, etc.<br><strong>Escrita<\/strong>: formata\u00e7\u00e3o, categoria padr\u00e3o de posts, formato padr\u00e3o de posts.<br><strong>Leitura<\/strong>: o que aparecer\u00e1 na p\u00e1gina home do site, quantidade de posts que aparecem de<strong> <\/strong>uma vez, decidir mostrar todo o post ou s\u00f3 uma parte dele na exibi\u00e7\u00e3o dos posts dispon\u00edveis.<br><strong>Discuss\u00e3o<\/strong>: configura\u00e7\u00f5es padr\u00f5es dos posts, configurar coment\u00e1rios, evento para enviar e-mail, moderar coment\u00e1rios, etc.<br><strong>M\u00eddia<\/strong>: tamanhos padr\u00e3o das imagens inseridas no site.<br><strong>Links permanentes<\/strong>: escolher o formato dos links do site.<br><strong>Privacy<\/strong>: escolher uma p\u00e1gina de pol\u00edtica de privacidade.<\/p>\n\n\n\n<p>Para saber mais detalhes sobre as configura\u00e7\u00f5es acesse: <a href=\"https:\/\/sites.ufca.edu.br\/treinamento-sites\/configure-seu-site\/\" data-type=\"URL\" data-id=\"https:\/\/sites.ufca.edu.br\/treinamento-sites\/configure-seu-site\/\">Configure seu site<\/a><\/p>\n","protected":false},"excerpt":{"rendered":"<p>\u00cdndice PainelPostsM\u00eddiasP\u00e1ginasComent\u00e1riosContatoApar\u00eanciaPluginsUsu\u00e1riosFerramentasConfigura\u00e7\u00f5es Painel Na aba painel voc\u00ea pode ver informa\u00e7\u00f5es gerais de forma bem resumidas relacionadas ao seu site:&nbsp; Exemplos: No campo \u201cAgora\u201d voc\u00ea pode ver a quantidade de posts, quantidade de p\u00e1ginas, quantidade de coment\u00e1rios. Bem como a vers\u00e3o&#8230; <a class=\"more-link\" href=\"https:\/\/sites.ufca.edu.br\/treinamento-sites\/painel-administrativo\/\">Continue Reading &rarr;<\/a><\/p>\n","protected":false},"author":213,"featured_media":0,"parent":0,"menu_order":0,"comment_status":"closed","ping_status":"closed","template":"","meta":[],"_links":{"self":[{"href":"https:\/\/sites.ufca.edu.br\/treinamento-sites\/wp-json\/wp\/v2\/pages\/35"}],"collection":[{"href":"https:\/\/sites.ufca.edu.br\/treinamento-sites\/wp-json\/wp\/v2\/pages"}],"about":[{"href":"https:\/\/sites.ufca.edu.br\/treinamento-sites\/wp-json\/wp\/v2\/types\/page"}],"author":[{"embeddable":true,"href":"https:\/\/sites.ufca.edu.br\/treinamento-sites\/wp-json\/wp\/v2\/users\/213"}],"replies":[{"embeddable":true,"href":"https:\/\/sites.ufca.edu.br\/treinamento-sites\/wp-json\/wp\/v2\/comments?post=35"}],"version-history":[{"count":33,"href":"https:\/\/sites.ufca.edu.br\/treinamento-sites\/wp-json\/wp\/v2\/pages\/35\/revisions"}],"predecessor-version":[{"id":647,"href":"https:\/\/sites.ufca.edu.br\/treinamento-sites\/wp-json\/wp\/v2\/pages\/35\/revisions\/647"}],"wp:attachment":[{"href":"https:\/\/sites.ufca.edu.br\/treinamento-sites\/wp-json\/wp\/v2\/media?parent=35"}],"curies":[{"name":"wp","href":"https:\/\/api.w.org\/{rel}","templated":true}]}}