{"id":368,"date":"2021-12-07T11:45:11","date_gmt":"2021-12-07T14:45:11","guid":{"rendered":"https:\/\/sites.ufca.edu.br\/treinamento-sites\/?page_id=368"},"modified":"2021-12-07T11:49:10","modified_gmt":"2021-12-07T14:49:10","slug":"widgets","status":"publish","type":"page","link":"https:\/\/sites.ufca.edu.br\/treinamento-sites\/painel-administrativo\/widgets\/","title":{"rendered":"Widgets"},"content":{"rendered":"\n<p>Os <strong>Widgets <\/strong>do WordPress adicionam conte\u00fados e recursos para o seus Sidebars (menus laterais da p\u00e1gina). Com os Widgets voc\u00ea pode adicionar calend\u00e1rios, menus de navega\u00e7\u00e3o, imagens, coment\u00e1rios, etc. Tudo isso da forma como voc\u00ea desejar. S\u00e3o v\u00e1rias op\u00e7\u00f5es de Widgets e voc\u00ea pode ficar livre para escolhe-las. Al\u00e9m do Sidebar, alguns temas podem oferecer outros lugares para adicionar Widgets, como por exemplo no rodap\u00e9 do site.<\/p>\n\n\n\n<figure class=\"wp-block-image size-large\"><img loading=\"lazy\" width=\"1024\" height=\"427\" src=\"https:\/\/sites.ufca.edu.br\/treinamento-sites\/wp-content\/uploads\/sites\/172\/2021\/12\/widget-com-rodape-editado-1024x427.png\" alt=\"\" class=\"wp-image-380\" srcset=\"https:\/\/sites.ufca.edu.br\/treinamento-sites\/wp-content\/uploads\/sites\/172\/2021\/12\/widget-com-rodape-editado-1024x427.png 1024w, https:\/\/sites.ufca.edu.br\/treinamento-sites\/wp-content\/uploads\/sites\/172\/2021\/12\/widget-com-rodape-editado-300x125.png 300w, https:\/\/sites.ufca.edu.br\/treinamento-sites\/wp-content\/uploads\/sites\/172\/2021\/12\/widget-com-rodape-editado-768x320.png 768w, https:\/\/sites.ufca.edu.br\/treinamento-sites\/wp-content\/uploads\/sites\/172\/2021\/12\/widget-com-rodape-editado.png 1089w\" sizes=\"(max-width: 1024px) 100vw, 1024px\" \/><figcaption>Widgets no rodap\u00e9<\/figcaption><\/figure>\n\n\n\n<p><\/p>\n\n\n\n<figure class=\"wp-block-image size-large\"><img loading=\"lazy\" width=\"1024\" height=\"725\" src=\"https:\/\/sites.ufca.edu.br\/treinamento-sites\/wp-content\/uploads\/sites\/172\/2021\/12\/Widgets-na-lateral-1024x725.png\" alt=\"\" class=\"wp-image-385\" srcset=\"https:\/\/sites.ufca.edu.br\/treinamento-sites\/wp-content\/uploads\/sites\/172\/2021\/12\/Widgets-na-lateral-1024x725.png 1024w, https:\/\/sites.ufca.edu.br\/treinamento-sites\/wp-content\/uploads\/sites\/172\/2021\/12\/Widgets-na-lateral-300x212.png 300w, https:\/\/sites.ufca.edu.br\/treinamento-sites\/wp-content\/uploads\/sites\/172\/2021\/12\/Widgets-na-lateral-768x543.png 768w, https:\/\/sites.ufca.edu.br\/treinamento-sites\/wp-content\/uploads\/sites\/172\/2021\/12\/Widgets-na-lateral.png 1084w\" sizes=\"(max-width: 1024px) 100vw, 1024px\" \/><figcaption>Widgets na lateral<\/figcaption><\/figure>\n\n\n\n<h2>Como adicionar Widgets<\/h2>\n\n\n\n<p>A partir do seu Painel Administrativo acesse Apar\u00eancia > Widgets.<\/p>\n\n\n\n<figure class=\"wp-block-image size-large\"><img loading=\"lazy\" width=\"1024\" height=\"557\" src=\"https:\/\/sites.ufca.edu.br\/treinamento-sites\/wp-content\/uploads\/sites\/172\/2021\/12\/acessar-widgets-editado-1024x557.png\" alt=\"\" class=\"wp-image-382\" srcset=\"https:\/\/sites.ufca.edu.br\/treinamento-sites\/wp-content\/uploads\/sites\/172\/2021\/12\/acessar-widgets-editado-1024x557.png 1024w, https:\/\/sites.ufca.edu.br\/treinamento-sites\/wp-content\/uploads\/sites\/172\/2021\/12\/acessar-widgets-editado-300x163.png 300w, https:\/\/sites.ufca.edu.br\/treinamento-sites\/wp-content\/uploads\/sites\/172\/2021\/12\/acessar-widgets-editado-768x418.png 768w, https:\/\/sites.ufca.edu.br\/treinamento-sites\/wp-content\/uploads\/sites\/172\/2021\/12\/acessar-widgets-editado.png 1365w\" sizes=\"(max-width: 1024px) 100vw, 1024px\" \/><\/figure>\n\n\n\n<h4>Adicionando um Widgets<\/h4>\n\n\n\n<figure class=\"wp-block-video\"><video controls src=\"https:\/\/sites.ufca.edu.br\/treinamento-sites\/wp-content\/uploads\/sites\/172\/2021\/12\/widgets.webm\"><\/video><\/figure>\n","protected":false},"excerpt":{"rendered":"<p>Os Widgets do WordPress adicionam conte\u00fados e recursos para o seus Sidebars (menus laterais da p\u00e1gina). Com os Widgets voc\u00ea pode adicionar calend\u00e1rios, menus de navega\u00e7\u00e3o, imagens, coment\u00e1rios, etc. Tudo isso da forma como voc\u00ea desejar. S\u00e3o v\u00e1rias op\u00e7\u00f5es de&#8230; <a class=\"more-link\" href=\"https:\/\/sites.ufca.edu.br\/treinamento-sites\/painel-administrativo\/widgets\/\">Continue Reading &rarr;<\/a><\/p>\n","protected":false},"author":211,"featured_media":0,"parent":35,"menu_order":0,"comment_status":"closed","ping_status":"closed","template":"","meta":[],"_links":{"self":[{"href":"https:\/\/sites.ufca.edu.br\/treinamento-sites\/wp-json\/wp\/v2\/pages\/368"}],"collection":[{"href":"https:\/\/sites.ufca.edu.br\/treinamento-sites\/wp-json\/wp\/v2\/pages"}],"about":[{"href":"https:\/\/sites.ufca.edu.br\/treinamento-sites\/wp-json\/wp\/v2\/types\/page"}],"author":[{"embeddable":true,"href":"https:\/\/sites.ufca.edu.br\/treinamento-sites\/wp-json\/wp\/v2\/users\/211"}],"replies":[{"embeddable":true,"href":"https:\/\/sites.ufca.edu.br\/treinamento-sites\/wp-json\/wp\/v2\/comments?post=368"}],"version-history":[{"count":3,"href":"https:\/\/sites.ufca.edu.br\/treinamento-sites\/wp-json\/wp\/v2\/pages\/368\/revisions"}],"predecessor-version":[{"id":387,"href":"https:\/\/sites.ufca.edu.br\/treinamento-sites\/wp-json\/wp\/v2\/pages\/368\/revisions\/387"}],"up":[{"embeddable":true,"href":"https:\/\/sites.ufca.edu.br\/treinamento-sites\/wp-json\/wp\/v2\/pages\/35"}],"wp:attachment":[{"href":"https:\/\/sites.ufca.edu.br\/treinamento-sites\/wp-json\/wp\/v2\/media?parent=368"}],"curies":[{"name":"wp","href":"https:\/\/api.w.org\/{rel}","templated":true}]}}