{"id":391,"date":"2021-12-07T12:04:59","date_gmt":"2021-12-07T15:04:59","guid":{"rendered":"https:\/\/sites.ufca.edu.br\/treinamento-sites\/?page_id=391"},"modified":"2021-12-07T12:09:04","modified_gmt":"2021-12-07T15:09:04","slug":"personalizar","status":"publish","type":"page","link":"https:\/\/sites.ufca.edu.br\/treinamento-sites\/painel-administrativo\/personalizar\/","title":{"rendered":"Personalizar"},"content":{"rendered":"\n<p>\u00c9 poss\u00edvel personalizar os seus temas com v\u00e1rias op\u00e7\u00f5es diferentes. Para personalizar seu tema v\u00e1, a partir do Painel Administrativo, em Apar\u00eancia > Personalizar.<\/p>\n\n\n\n<figure class=\"wp-block-image size-large\"><img loading=\"lazy\" width=\"333\" height=\"199\" src=\"https:\/\/sites.ufca.edu.br\/treinamento-sites\/wp-content\/uploads\/sites\/172\/2021\/12\/acessar-personalizar-editado.png\" alt=\"\" class=\"wp-image-392\" srcset=\"https:\/\/sites.ufca.edu.br\/treinamento-sites\/wp-content\/uploads\/sites\/172\/2021\/12\/acessar-personalizar-editado.png 333w, https:\/\/sites.ufca.edu.br\/treinamento-sites\/wp-content\/uploads\/sites\/172\/2021\/12\/acessar-personalizar-editado-300x179.png 300w\" sizes=\"(max-width: 333px) 100vw, 333px\" \/><figcaption>Acesse personalizar<\/figcaption><\/figure>\n\n\n\n<p>Uma p\u00e1gina de edi\u00e7\u00e3o aparecer\u00e1 para que voc\u00ea possa fazer as personaliza\u00e7\u00f5es do seu tema:<\/p>\n\n\n\n<figure class=\"wp-block-image size-large\"><img loading=\"lazy\" width=\"1024\" height=\"579\" src=\"https:\/\/sites.ufca.edu.br\/treinamento-sites\/wp-content\/uploads\/sites\/172\/2021\/12\/image-6-1024x579.png\" alt=\"\" class=\"wp-image-393\" srcset=\"https:\/\/sites.ufca.edu.br\/treinamento-sites\/wp-content\/uploads\/sites\/172\/2021\/12\/image-6-1024x579.png 1024w, https:\/\/sites.ufca.edu.br\/treinamento-sites\/wp-content\/uploads\/sites\/172\/2021\/12\/image-6-300x170.png 300w, https:\/\/sites.ufca.edu.br\/treinamento-sites\/wp-content\/uploads\/sites\/172\/2021\/12\/image-6-768x434.png 768w, https:\/\/sites.ufca.edu.br\/treinamento-sites\/wp-content\/uploads\/sites\/172\/2021\/12\/image-6.png 1356w\" sizes=\"(max-width: 1024px) 100vw, 1024px\" \/><figcaption>Personaliza\u00e7\u00e3o do tema<\/figcaption><\/figure>\n\n\n\n<p>Como voc\u00ea pode ver, seu site aparecer\u00e1 juntamente com um menus lateral com v\u00e1rias op\u00e7\u00f5es para personaliza\u00e7\u00e3o.<\/p>\n\n\n\n<p>Veja um exemplo de como personalizar seu tema:<\/p>\n\n\n\n<figure class=\"wp-block-video\"><video controls src=\"https:\/\/sites.ufca.edu.br\/treinamento-sites\/wp-content\/uploads\/sites\/172\/2021\/12\/personalizar-tema-forma-geral-1.webm\"><\/video><\/figure>\n\n\n\n<p><\/p>\n\n\n\n<p>Cada tema tem diferentes op\u00e7\u00f5es de personaliza\u00e7\u00e3o.<\/p>\n\n\n\n<p>Para saber mais sobre cada tema acesse: <a href=\"https:\/\/sites.ufca.edu.br\/treinamento-sites\/painel-administrativo\/o-que-sao-temas\/temas\/\">Temas Dispon\u00edveis<\/a><\/p>\n\n\n\n<p>Para saber mais sobre o elementos de personaliza\u00e7\u00e3o acesse: <a href=\"https:\/\/sites.ufca.edu.br\/treinamento-sites\/painel-administrativo\/personalizar\/elementos-de-personalizacao\/\">Elementos de Personaliza\u00e7\u00e3o<\/a><\/p>\n","protected":false},"excerpt":{"rendered":"<p>\u00c9 poss\u00edvel personalizar os seus temas com v\u00e1rias op\u00e7\u00f5es diferentes. Para personalizar seu tema v\u00e1, a partir do Painel Administrativo, em Apar\u00eancia > Personalizar. Uma p\u00e1gina de edi\u00e7\u00e3o aparecer\u00e1 para que voc\u00ea possa fazer as personaliza\u00e7\u00f5es do seu tema: Como&#8230; <a class=\"more-link\" href=\"https:\/\/sites.ufca.edu.br\/treinamento-sites\/painel-administrativo\/personalizar\/\">Continue Reading &rarr;<\/a><\/p>\n","protected":false},"author":211,"featured_media":0,"parent":35,"menu_order":0,"comment_status":"closed","ping_status":"closed","template":"","meta":[],"_links":{"self":[{"href":"https:\/\/sites.ufca.edu.br\/treinamento-sites\/wp-json\/wp\/v2\/pages\/391"}],"collection":[{"href":"https:\/\/sites.ufca.edu.br\/treinamento-sites\/wp-json\/wp\/v2\/pages"}],"about":[{"href":"https:\/\/sites.ufca.edu.br\/treinamento-sites\/wp-json\/wp\/v2\/types\/page"}],"author":[{"embeddable":true,"href":"https:\/\/sites.ufca.edu.br\/treinamento-sites\/wp-json\/wp\/v2\/users\/211"}],"replies":[{"embeddable":true,"href":"https:\/\/sites.ufca.edu.br\/treinamento-sites\/wp-json\/wp\/v2\/comments?post=391"}],"version-history":[{"count":2,"href":"https:\/\/sites.ufca.edu.br\/treinamento-sites\/wp-json\/wp\/v2\/pages\/391\/revisions"}],"predecessor-version":[{"id":397,"href":"https:\/\/sites.ufca.edu.br\/treinamento-sites\/wp-json\/wp\/v2\/pages\/391\/revisions\/397"}],"up":[{"embeddable":true,"href":"https:\/\/sites.ufca.edu.br\/treinamento-sites\/wp-json\/wp\/v2\/pages\/35"}],"wp:attachment":[{"href":"https:\/\/sites.ufca.edu.br\/treinamento-sites\/wp-json\/wp\/v2\/media?parent=391"}],"curies":[{"name":"wp","href":"https:\/\/api.w.org\/{rel}","templated":true}]}}