{"id":398,"date":"2021-12-07T12:31:40","date_gmt":"2021-12-07T15:31:40","guid":{"rendered":"https:\/\/sites.ufca.edu.br\/treinamento-sites\/?page_id=398"},"modified":"2021-12-07T12:32:20","modified_gmt":"2021-12-07T15:32:20","slug":"cabecalho","status":"publish","type":"page","link":"https:\/\/sites.ufca.edu.br\/treinamento-sites\/painel-administrativo\/cabecalho\/","title":{"rendered":"Cabe\u00e7alho"},"content":{"rendered":"\n<p>\u00c9 poss\u00edvel adicionar uma imagem no cabe\u00e7alho. Para adiciona-la \u00e9 muito simples. Basta acessar, a partir do Painel Administrativo, a aba do cabe\u00e7alho: Apar\u00eancia &gt; Cabe\u00e7alho.<\/p>\n\n\n\n<figure class=\"wp-block-image size-large\"><img loading=\"lazy\" width=\"326\" height=\"193\" src=\"https:\/\/sites.ufca.edu.br\/treinamento-sites\/wp-content\/uploads\/sites\/172\/2021\/12\/acessar-cabecalho-editado.png\" alt=\"\" class=\"wp-image-399\" srcset=\"https:\/\/sites.ufca.edu.br\/treinamento-sites\/wp-content\/uploads\/sites\/172\/2021\/12\/acessar-cabecalho-editado.png 326w, https:\/\/sites.ufca.edu.br\/treinamento-sites\/wp-content\/uploads\/sites\/172\/2021\/12\/acessar-cabecalho-editado-300x178.png 300w\" sizes=\"(max-width: 326px) 100vw, 326px\" \/><figcaption>Acesse o cabe\u00e7alho<\/figcaption><\/figure>\n\n\n\n<p>Ao clicar, voc\u00ea ser\u00e1 redirecionado para o seu site, onde poder\u00e1 adicionar uma imagem ao cabe\u00e7alho:<\/p>\n\n\n\n<figure class=\"wp-block-image size-large\"><img loading=\"lazy\" width=\"1024\" height=\"581\" src=\"https:\/\/sites.ufca.edu.br\/treinamento-sites\/wp-content\/uploads\/sites\/172\/2021\/12\/adicionar-imagem-cabecalho-1024x581.png\" alt=\"\" class=\"wp-image-400\" srcset=\"https:\/\/sites.ufca.edu.br\/treinamento-sites\/wp-content\/uploads\/sites\/172\/2021\/12\/adicionar-imagem-cabecalho-1024x581.png 1024w, https:\/\/sites.ufca.edu.br\/treinamento-sites\/wp-content\/uploads\/sites\/172\/2021\/12\/adicionar-imagem-cabecalho-300x170.png 300w, https:\/\/sites.ufca.edu.br\/treinamento-sites\/wp-content\/uploads\/sites\/172\/2021\/12\/adicionar-imagem-cabecalho-768x436.png 768w, https:\/\/sites.ufca.edu.br\/treinamento-sites\/wp-content\/uploads\/sites\/172\/2021\/12\/adicionar-imagem-cabecalho.png 1351w\" sizes=\"(max-width: 1024px) 100vw, 1024px\" \/><figcaption>Adicione cabe\u00e7alho<\/figcaption><\/figure>\n\n\n\n<p>Veja a seguir como adicionar uma imagem ao cabe\u00e7alho:<\/p>\n\n\n\n<figure class=\"wp-block-video\"><video controls src=\"https:\/\/sites.ufca.edu.br\/treinamento-sites\/wp-content\/uploads\/sites\/172\/2021\/12\/adicionar-cabecalho.webm\"><\/video><\/figure>\n\n\n\n<p><\/p>\n","protected":false},"excerpt":{"rendered":"<p>\u00c9 poss\u00edvel adicionar uma imagem no cabe\u00e7alho. Para adiciona-la \u00e9 muito simples. Basta acessar, a partir do Painel Administrativo, a aba do cabe\u00e7alho: Apar\u00eancia &gt; Cabe\u00e7alho. Ao clicar, voc\u00ea ser\u00e1 redirecionado para o seu site, onde poder\u00e1 adicionar uma imagem&#8230; <a class=\"more-link\" href=\"https:\/\/sites.ufca.edu.br\/treinamento-sites\/painel-administrativo\/cabecalho\/\">Continue Reading &rarr;<\/a><\/p>\n","protected":false},"author":211,"featured_media":0,"parent":35,"menu_order":0,"comment_status":"closed","ping_status":"closed","template":"","meta":[],"_links":{"self":[{"href":"https:\/\/sites.ufca.edu.br\/treinamento-sites\/wp-json\/wp\/v2\/pages\/398"}],"collection":[{"href":"https:\/\/sites.ufca.edu.br\/treinamento-sites\/wp-json\/wp\/v2\/pages"}],"about":[{"href":"https:\/\/sites.ufca.edu.br\/treinamento-sites\/wp-json\/wp\/v2\/types\/page"}],"author":[{"embeddable":true,"href":"https:\/\/sites.ufca.edu.br\/treinamento-sites\/wp-json\/wp\/v2\/users\/211"}],"replies":[{"embeddable":true,"href":"https:\/\/sites.ufca.edu.br\/treinamento-sites\/wp-json\/wp\/v2\/comments?post=398"}],"version-history":[{"count":2,"href":"https:\/\/sites.ufca.edu.br\/treinamento-sites\/wp-json\/wp\/v2\/pages\/398\/revisions"}],"predecessor-version":[{"id":403,"href":"https:\/\/sites.ufca.edu.br\/treinamento-sites\/wp-json\/wp\/v2\/pages\/398\/revisions\/403"}],"up":[{"embeddable":true,"href":"https:\/\/sites.ufca.edu.br\/treinamento-sites\/wp-json\/wp\/v2\/pages\/35"}],"wp:attachment":[{"href":"https:\/\/sites.ufca.edu.br\/treinamento-sites\/wp-json\/wp\/v2\/media?parent=398"}],"curies":[{"name":"wp","href":"https:\/\/api.w.org\/{rel}","templated":true}]}}