{"id":439,"date":"2021-12-14T12:46:58","date_gmt":"2021-12-14T15:46:58","guid":{"rendered":"https:\/\/sites.ufca.edu.br\/treinamento-sites\/?page_id=439"},"modified":"2021-12-14T12:46:58","modified_gmt":"2021-12-14T15:46:58","slug":"protecao-de-conteudo","status":"publish","type":"page","link":"https:\/\/sites.ufca.edu.br\/treinamento-sites\/painel-administrativo\/como-gerenciar-paginas\/protecao-de-conteudo\/","title":{"rendered":"Prote\u00e7\u00e3o de Conte\u00fado"},"content":{"rendered":"\n<p>Dependendo do objetivo do seu site talvez seja interessante que nem todo conte\u00fado existente nele seja disponibilizado para o p\u00fablico em geral.<\/p>\n\n\n\n<p>Para isso, durante a cria\u00e7\u00e3o de posts ou p\u00e1ginas ser\u00e1 poss\u00edvel que voc\u00ea crie uma esp\u00e9cie de prote\u00e7\u00e3o deste conte\u00fado para que apenas uma parte restrita de usu\u00e1rios tenham acesso. <\/p>\n\n\n\n<div class=\"wp-block-image\"><figure class=\"alignright size-large\"><img loading=\"lazy\" width=\"306\" height=\"547\" src=\"https:\/\/sites.ufca.edu.br\/treinamento-sites\/wp-content\/uploads\/sites\/172\/2021\/12\/image-13.png\" alt=\"\" class=\"wp-image-453\" srcset=\"https:\/\/sites.ufca.edu.br\/treinamento-sites\/wp-content\/uploads\/sites\/172\/2021\/12\/image-13.png 306w, https:\/\/sites.ufca.edu.br\/treinamento-sites\/wp-content\/uploads\/sites\/172\/2021\/12\/image-13-168x300.png 168w\" sizes=\"(max-width: 306px) 100vw, 306px\" \/><\/figure><\/div>\n\n\n\n<p>No menu a direita, na se\u00e7\u00e3o &#8220;Document&#8221; voc\u00ea pode editar a op\u00e7\u00e3o visibilidade (&#8220;Visibility&#8221;).<\/p>\n\n\n\n<p>Nela voc\u00ea pode escolher dentre as op\u00e7\u00f5es:<\/p>\n\n\n\n<figure class=\"wp-block-image size-large\"><img loading=\"lazy\" width=\"250\" height=\"290\" src=\"https:\/\/sites.ufca.edu.br\/treinamento-sites\/wp-content\/uploads\/sites\/172\/2021\/12\/image-14.png\" alt=\"\" class=\"wp-image-455\"\/><\/figure>\n\n\n\n<p>Public: para que o conte\u00fado seja acessado por todos.<\/p>\n\n\n\n<p>Private: apenas administradores e editores do site ter\u00e3o acesso.<\/p>\n\n\n\n<p>Password Protected: coloca uma senha sobre determinado conte\u00fado para que apenas aqueles que possuam esta senha tenha acesso.<\/p>\n","protected":false},"excerpt":{"rendered":"<p>Dependendo do objetivo do seu site talvez seja interessante que nem todo conte\u00fado existente nele seja disponibilizado para o p\u00fablico em geral. Para isso, durante a cria\u00e7\u00e3o de posts ou p\u00e1ginas ser\u00e1 poss\u00edvel que voc\u00ea crie uma esp\u00e9cie de prote\u00e7\u00e3o&#8230; <a class=\"more-link\" href=\"https:\/\/sites.ufca.edu.br\/treinamento-sites\/painel-administrativo\/como-gerenciar-paginas\/protecao-de-conteudo\/\">Continue Reading &rarr;<\/a><\/p>\n","protected":false},"author":213,"featured_media":0,"parent":207,"menu_order":0,"comment_status":"closed","ping_status":"closed","template":"","meta":[],"_links":{"self":[{"href":"https:\/\/sites.ufca.edu.br\/treinamento-sites\/wp-json\/wp\/v2\/pages\/439"}],"collection":[{"href":"https:\/\/sites.ufca.edu.br\/treinamento-sites\/wp-json\/wp\/v2\/pages"}],"about":[{"href":"https:\/\/sites.ufca.edu.br\/treinamento-sites\/wp-json\/wp\/v2\/types\/page"}],"author":[{"embeddable":true,"href":"https:\/\/sites.ufca.edu.br\/treinamento-sites\/wp-json\/wp\/v2\/users\/213"}],"replies":[{"embeddable":true,"href":"https:\/\/sites.ufca.edu.br\/treinamento-sites\/wp-json\/wp\/v2\/comments?post=439"}],"version-history":[{"count":1,"href":"https:\/\/sites.ufca.edu.br\/treinamento-sites\/wp-json\/wp\/v2\/pages\/439\/revisions"}],"predecessor-version":[{"id":456,"href":"https:\/\/sites.ufca.edu.br\/treinamento-sites\/wp-json\/wp\/v2\/pages\/439\/revisions\/456"}],"up":[{"embeddable":true,"href":"https:\/\/sites.ufca.edu.br\/treinamento-sites\/wp-json\/wp\/v2\/pages\/207"}],"wp:attachment":[{"href":"https:\/\/sites.ufca.edu.br\/treinamento-sites\/wp-json\/wp\/v2\/media?parent=439"}],"curies":[{"name":"wp","href":"https:\/\/api.w.org\/{rel}","templated":true}]}}