{"id":530,"date":"2021-12-24T11:19:08","date_gmt":"2021-12-24T14:19:08","guid":{"rendered":"https:\/\/sites.ufca.edu.br\/treinamento-sites\/?page_id=530"},"modified":"2021-12-24T11:19:08","modified_gmt":"2021-12-24T14:19:08","slug":"como-gerenciar-menus","status":"publish","type":"page","link":"https:\/\/sites.ufca.edu.br\/treinamento-sites\/painel-administrativo\/personalizar\/como-gerenciar-menus\/","title":{"rendered":"Como  Gerenciar Menus"},"content":{"rendered":"\n<p>\u00c9 poss\u00edvel acess\u00e1-lo atrav\u00e9s do painel administrativo em apar\u00eancia -> menus<\/p>\n\n\n\n<div class=\"wp-block-image\"><figure class=\"aligncenter size-large\"><img loading=\"lazy\" width=\"323\" height=\"186\" src=\"https:\/\/sites.ufca.edu.br\/treinamento-sites\/wp-content\/uploads\/sites\/172\/2021\/12\/image-37.png\" alt=\"\" class=\"wp-image-543\" srcset=\"https:\/\/sites.ufca.edu.br\/treinamento-sites\/wp-content\/uploads\/sites\/172\/2021\/12\/image-37.png 323w, https:\/\/sites.ufca.edu.br\/treinamento-sites\/wp-content\/uploads\/sites\/172\/2021\/12\/image-37-300x173.png 300w\" sizes=\"(max-width: 323px) 100vw, 323px\" \/><\/figure><\/div>\n\n\n\n<p>Voc\u00ea ser\u00e1 direcionado para a seguinte p\u00e1gina:<\/p>\n\n\n\n<figure class=\"wp-block-image size-large\"><img loading=\"lazy\" width=\"792\" height=\"610\" src=\"https:\/\/sites.ufca.edu.br\/treinamento-sites\/wp-content\/uploads\/sites\/172\/2021\/12\/image-36.png\" alt=\"\" class=\"wp-image-533\" srcset=\"https:\/\/sites.ufca.edu.br\/treinamento-sites\/wp-content\/uploads\/sites\/172\/2021\/12\/image-36.png 792w, https:\/\/sites.ufca.edu.br\/treinamento-sites\/wp-content\/uploads\/sites\/172\/2021\/12\/image-36-300x231.png 300w, https:\/\/sites.ufca.edu.br\/treinamento-sites\/wp-content\/uploads\/sites\/172\/2021\/12\/image-36-768x592.png 768w\" sizes=\"(max-width: 792px) 100vw, 792px\" \/><\/figure>\n\n\n\n<p>A esquerda  podemos ver os itens de menu que podem ser  adicionados ao seu menu.     Eles podem ser do tipo p\u00e1gina, post, link personalizado ou ate mesmo categorias. Aqui  voc\u00ea far\u00e1 a sele\u00e7\u00e3o dos itens de menu que deseja adicionar ao seu menu principal (podendo ter outros tipos de menu tamb\u00e9m). <\/p>\n\n\n\n<p>Pode filtra-los pelas op\u00e7\u00f5es mais recentes, ver todos ou ainda pesquisar algum post, p\u00e1gina ou categoria espec\u00edfica.  Finalize clicando em Adicionar ao menu.<\/p>\n\n\n\n<p>O que nos leva a parte direita da figura. Em estrutura de menu daremos o nome ao nosso menu e definimos sua hierarquia de forma manual. Definindo os t\u00f3picos principais e seus subitens.  <\/p>\n\n\n\n<figure class=\"wp-block-image size-large\"><img loading=\"lazy\" width=\"1024\" height=\"139\" src=\"https:\/\/sites.ufca.edu.br\/treinamento-sites\/wp-content\/uploads\/sites\/172\/2021\/12\/image-40-1024x139.png\" alt=\"\" class=\"wp-image-546\" srcset=\"https:\/\/sites.ufca.edu.br\/treinamento-sites\/wp-content\/uploads\/sites\/172\/2021\/12\/image-40-1024x139.png 1024w, https:\/\/sites.ufca.edu.br\/treinamento-sites\/wp-content\/uploads\/sites\/172\/2021\/12\/image-40-300x41.png 300w, https:\/\/sites.ufca.edu.br\/treinamento-sites\/wp-content\/uploads\/sites\/172\/2021\/12\/image-40-768x104.png 768w, https:\/\/sites.ufca.edu.br\/treinamento-sites\/wp-content\/uploads\/sites\/172\/2021\/12\/image-40.png 1391w\" sizes=\"(max-width: 1024px) 100vw, 1024px\" \/><\/figure>\n\n\n\n<p>Algumas configura\u00e7\u00f5es  podem ser feitas como adicionar novas paginas de n\u00edvel superior automaticamente  (ainda se faz necess\u00e1rio organizar manualmente pois os subitens n\u00e3o s\u00e3o adicionados ao menu), definir aquele como menu principal ou como menu de links sociais. Aqui tamb\u00e9m  \u00e9 poss\u00edvel excluir o menu. E sempre lembre de salvar toda altera\u00e7\u00e3o que for feita.<\/p>\n\n\n\n<figure class=\"wp-block-image size-large\"><img loading=\"lazy\" width=\"877\" height=\"168\" src=\"https:\/\/sites.ufca.edu.br\/treinamento-sites\/wp-content\/uploads\/sites\/172\/2021\/12\/image-39.png\" alt=\"\" class=\"wp-image-545\" srcset=\"https:\/\/sites.ufca.edu.br\/treinamento-sites\/wp-content\/uploads\/sites\/172\/2021\/12\/image-39.png 877w, https:\/\/sites.ufca.edu.br\/treinamento-sites\/wp-content\/uploads\/sites\/172\/2021\/12\/image-39-300x57.png 300w, https:\/\/sites.ufca.edu.br\/treinamento-sites\/wp-content\/uploads\/sites\/172\/2021\/12\/image-39-768x147.png 768w\" sizes=\"(max-width: 877px) 100vw, 877px\" \/><\/figure>\n\n\n\n<p>Se for necess\u00e1rio, pode-se adicionar outros menus, como um menu lateral, menu secund\u00e1rio e outros. Aqui voc\u00ea seleciona qual menu voc\u00ea deseja editar ou criar um novo.<\/p>\n","protected":false},"excerpt":{"rendered":"<p>\u00c9 poss\u00edvel acess\u00e1-lo atrav\u00e9s do painel administrativo em apar\u00eancia -> menus Voc\u00ea ser\u00e1 direcionado para a seguinte p\u00e1gina: A esquerda podemos ver os itens de menu que podem ser adicionados ao seu menu. Eles podem ser do tipo p\u00e1gina, post,&#8230; <a class=\"more-link\" href=\"https:\/\/sites.ufca.edu.br\/treinamento-sites\/painel-administrativo\/personalizar\/como-gerenciar-menus\/\">Continue Reading &rarr;<\/a><\/p>\n","protected":false},"author":213,"featured_media":0,"parent":391,"menu_order":0,"comment_status":"closed","ping_status":"closed","template":"","meta":[],"_links":{"self":[{"href":"https:\/\/sites.ufca.edu.br\/treinamento-sites\/wp-json\/wp\/v2\/pages\/530"}],"collection":[{"href":"https:\/\/sites.ufca.edu.br\/treinamento-sites\/wp-json\/wp\/v2\/pages"}],"about":[{"href":"https:\/\/sites.ufca.edu.br\/treinamento-sites\/wp-json\/wp\/v2\/types\/page"}],"author":[{"embeddable":true,"href":"https:\/\/sites.ufca.edu.br\/treinamento-sites\/wp-json\/wp\/v2\/users\/213"}],"replies":[{"embeddable":true,"href":"https:\/\/sites.ufca.edu.br\/treinamento-sites\/wp-json\/wp\/v2\/comments?post=530"}],"version-history":[{"count":3,"href":"https:\/\/sites.ufca.edu.br\/treinamento-sites\/wp-json\/wp\/v2\/pages\/530\/revisions"}],"predecessor-version":[{"id":547,"href":"https:\/\/sites.ufca.edu.br\/treinamento-sites\/wp-json\/wp\/v2\/pages\/530\/revisions\/547"}],"up":[{"embeddable":true,"href":"https:\/\/sites.ufca.edu.br\/treinamento-sites\/wp-json\/wp\/v2\/pages\/391"}],"wp:attachment":[{"href":"https:\/\/sites.ufca.edu.br\/treinamento-sites\/wp-json\/wp\/v2\/media?parent=530"}],"curies":[{"name":"wp","href":"https:\/\/api.w.org\/{rel}","templated":true}]}}